{"id":1258,"date":"2019-07-03T15:56:23","date_gmt":"2019-07-03T15:56:23","guid":{"rendered":"http:\/\/myright.se\/?page_id=1258"},"modified":"2024-02-14T11:11:43","modified_gmt":"2024-02-14T10:11:43","slug":"we-work","status":"publish","type":"page","link":"http:\/\/myright.se\/en\/what-we-do\/we-work\/","title":{"rendered":"How we work"},"content":{"rendered":"<div data-elementor-type=\"wp-page\" data-elementor-id=\"1258\" class=\"elementor elementor-1258\" data-elementor-post-type=\"page\">\n\t\t\t\t\t\t<section class=\"elementor-section elementor-top-section elementor-element elementor-element-564c7a43 elementor-section-stretched elementor-section-boxed elementor-section-height-default elementor-section-height-default\" data-id=\"564c7a43\" data-element_type=\"section\" data-e-type=\"section\" data-settings=\"{&quot;stretch_section&quot;:&quot;section-stretched&quot;,&quot;background_background&quot;:&quot;classic&quot;}\">\n\t\t\t\t\t\t<div class=\"elementor-container elementor-column-gap-default\">\n\t\t\t\t\t<div class=\"elementor-column elementor-col-100 elementor-top-column elementor-element elementor-element-16b0d111\" data-id=\"16b0d111\" data-element_type=\"column\" data-e-type=\"column\">\n\t\t\t<div class=\"elementor-widget-wrap elementor-element-populated\">\n\t\t\t\t\t\t<div class=\"elementor-element elementor-element-35ce454b elementor-widget elementor-widget-breadcrumbs\" data-id=\"35ce454b\" data-element_type=\"widget\" data-e-type=\"widget\" data-widget_type=\"breadcrumbs.default\">\n\t\t\t\t<div class=\"elementor-widget-container\">\n\t\t\t\t\t<p id=\"breadcrumbs\"><span><span><a href=\"https:\/\/myright.se\/en\/\">Home<\/a><\/span><\/span><\/p>\t\t\t\t<\/div>\n\t\t\t\t<\/div>\n\t\t\t\t\t<\/div>\n\t\t<\/div>\n\t\t\t\t\t<\/div>\n\t\t<\/section>\n\t\t\t\t<section class=\"elementor-section elementor-top-section elementor-element elementor-element-d85db2e elementor-section-boxed elementor-section-height-default elementor-section-height-default\" data-id=\"d85db2e\" data-element_type=\"section\" data-e-type=\"section\" data-settings=\"{&quot;background_background&quot;:&quot;classic&quot;}\">\n\t\t\t\t\t\t<div class=\"elementor-container elementor-column-gap-default\">\n\t\t\t\t\t<div class=\"elementor-column elementor-col-100 elementor-top-column elementor-element elementor-element-b872f23\" data-id=\"b872f23\" data-element_type=\"column\" data-e-type=\"column\">\n\t\t\t<div class=\"elementor-widget-wrap elementor-element-populated\">\n\t\t\t\t\t\t<div class=\"elementor-element elementor-element-31e5a013 elementor-widget elementor-widget-heading\" data-id=\"31e5a013\" data-element_type=\"widget\" data-e-type=\"widget\" data-widget_type=\"heading.default\">\n\t\t\t\t<div class=\"elementor-widget-container\">\n\t\t\t\t\t<h1 class=\"elementor-heading-title elementor-size-default\">How MyRight work<\/h1>\t\t\t\t<\/div>\n\t\t\t\t<\/div>\n\t\t\t\t\t<\/div>\n\t\t<\/div>\n\t\t\t\t\t<\/div>\n\t\t<\/section>\n\t\t\t\t<section class=\"elementor-section elementor-top-section elementor-element elementor-element-2df4679c elementor-section-stretched elementor-section-boxed elementor-section-height-default elementor-section-height-default\" data-id=\"2df4679c\" data-element_type=\"section\" data-e-type=\"section\" data-settings=\"{&quot;stretch_section&quot;:&quot;section-stretched&quot;,&quot;background_background&quot;:&quot;classic&quot;}\">\n\t\t\t\t\t\t<div class=\"elementor-container elementor-column-gap-wider\">\n\t\t\t\t\t<div class=\"elementor-column elementor-col-50 elementor-top-column elementor-element elementor-element-7b855ac5\" data-id=\"7b855ac5\" data-element_type=\"column\" data-e-type=\"column\">\n\t\t\t<div class=\"elementor-widget-wrap elementor-element-populated\">\n\t\t\t\t\t\t<div class=\"elementor-element elementor-element-a669857 elementor-widget elementor-widget-text-editor\" data-id=\"a669857\" data-element_type=\"widget\" data-e-type=\"widget\" data-widget_type=\"text-editor.default\">\n\t\t\t\t<div class=\"elementor-widget-container\">\n\t\t\t\t\t\t\t\t\t<p><strong>MyRight works to ensure that people with disabilities around the world have access to their human rights and are able to live independently, free from poverty, in inclusive societies. Everything we do is based on a rights perspective and the UN Convention on the Rights of Persons with Disabilities.<\/strong><\/p>\t\t\t\t\t\t\t\t<\/div>\n\t\t\t\t<\/div>\n\t\t\t\t<div class=\"elementor-element elementor-element-58ca968 elementor-widget elementor-widget-heading\" data-id=\"58ca968\" data-element_type=\"widget\" data-e-type=\"widget\" data-widget_type=\"heading.default\">\n\t\t\t\t<div class=\"elementor-widget-container\">\n\t\t\t\t\t<h2 class=\"elementor-heading-title elementor-size-default\">Together we are strong<\/h2>\t\t\t\t<\/div>\n\t\t\t\t<\/div>\n\t\t\t\t<div class=\"elementor-element elementor-element-25a5e40 elementor-widget elementor-widget-text-editor\" data-id=\"25a5e40\" data-element_type=\"widget\" data-e-type=\"widget\" data-widget_type=\"text-editor.default\">\n\t\t\t\t<div class=\"elementor-widget-container\">\n\t\t\t\t\t\t\t\t\t<p>MyRight empowers individuals, including through education and access to care and aids. We also contribute to breaking the isolation many people with disabilities live in, and create platforms so people can meet <br \/>and strengthen each other.<\/p><p>We support and strengthen organisations. The organization gives individuals more knowledge and awareness of their rights. The organizations put forward demands and testimonies and monitor how the rights of people with disabilities are respected. They give those in power increased awareness so they can change laws and routines.<\/p><p>Through changes in attitudes and stigma locally, nationally, regionally and globally, poverty and vulnerability are reduced and more people with disabilities get <br \/>access to their human rights.<\/p>\t\t\t\t\t\t\t\t<\/div>\n\t\t\t\t<\/div>\n\t\t\t\t<div class=\"elementor-element elementor-element-e3dff5a elementor-widget elementor-widget-heading\" data-id=\"e3dff5a\" data-element_type=\"widget\" data-e-type=\"widget\" data-widget_type=\"heading.default\">\n\t\t\t\t<div class=\"elementor-widget-container\">\n\t\t\t\t\t<h2 class=\"elementor-heading-title elementor-size-default\">Target groups for our work<\/h2>\t\t\t\t<\/div>\n\t\t\t\t<\/div>\n\t\t\t\t<div class=\"elementor-element elementor-element-83a1d5b elementor-widget elementor-widget-text-editor\" data-id=\"83a1d5b\" data-element_type=\"widget\" data-e-type=\"widget\" data-widget_type=\"text-editor.default\">\n\t\t\t\t<div class=\"elementor-widget-container\">\n\t\t\t\t\t\t\t\t\t<p>The target group for MyRight's work is children, young people and adults with disabilities, and their relatives.\u00a0<span style=\"font-size: inherit; text-align: inherit; color: var( --e-global-color-primary ); font-family: var( --e-global-typography-text-font-family ), Sans-serif; font-weight: var( --e-global-typography-text-font-weight ); letter-spacing: -0.015em;\">Everything we do is aimed at monitoring and strengthening the rights of people with disabilities living in a context of poverty, and contributing to their increased access to their human rights.<\/span><\/p><p>MyRight supports functional rights organizations around the world. We have partnerships with larger and smaller organizations that bring together people with a specific disability, umbrella organizations that bring together several disability rights organizations in a country, and regional collaborations. Most of our development collaborations take place in partnership between Swedish functional law organizations and their counterparts in our countries of operation, but we collaborate with several different actors.<\/p>\t\t\t\t\t\t\t\t<\/div>\n\t\t\t\t<\/div>\n\t\t\t\t<div class=\"elementor-element elementor-element-fa7601a elementor-widget elementor-widget-heading\" data-id=\"fa7601a\" data-element_type=\"widget\" data-e-type=\"widget\" data-widget_type=\"heading.default\">\n\t\t\t\t<div class=\"elementor-widget-container\">\n\t\t\t\t\t<h2 class=\"elementor-heading-title elementor-size-default\">Theory of change and working methods<\/h2>\t\t\t\t<\/div>\n\t\t\t\t<\/div>\n\t\t\t\t<div class=\"elementor-element elementor-element-08c5bd1 elementor-widget elementor-widget-text-editor\" data-id=\"08c5bd1\" data-element_type=\"widget\" data-e-type=\"widget\" data-widget_type=\"text-editor.default\">\n\t\t\t\t<div class=\"elementor-widget-container\">\n\t\t\t\t\t\t\t\t\t<p>MyRights' work is organized around our theory of change, which describes how people with disabilities can move from exclusion to inclusion in society.\u00a0<span style=\"font-size: inherit; text-align: inherit; color: var( --e-global-color-primary ); font-family: var( --e-global-typography-text-font-family ), Sans-serif; font-weight: var( --e-global-typography-text-font-weight ); letter-spacing: -0.015em;\">The theory of change consists of three steps that are important for a person with a disability to be given good conditions to be included in society.<\/span><\/p><p>\u00a0<b>1. Increased empowerment <\/b><br \/>People with disabilities who are able to influence their own lives, exercise self-determination and be fully involved and aware of their rights are better able to participate in society and organize together with others.<br \/><b>2. Strong and competent functional rights organisations <\/b><br \/>Through viable, competent and legitimate functional rights organizations, the individual members have greater opportunities to jointly promote their rights and to <br \/>work for improved living conditions for themselves and others.<br \/><b>3. Increased participation in social development<\/b><br \/>With increased access to influence and decision-making processes, the opportunities for functional rights organizations to influence society's development through their work increase. <br \/>Examples of such instruments are international regulations and policies as well as the Convention on the Rights of Persons with Disabilities and the global sustainability goals of Agenda 2030, as well as national legislation and national policies.<\/p>\t\t\t\t\t\t\t\t<\/div>\n\t\t\t\t<\/div>\n\t\t\t\t\t<\/div>\n\t\t<\/div>\n\t\t\t\t<div class=\"elementor-column elementor-col-50 elementor-top-column elementor-element elementor-element-408a6f6\" data-id=\"408a6f6\" data-element_type=\"column\" data-e-type=\"column\">\n\t\t\t<div class=\"elementor-widget-wrap elementor-element-populated\">\n\t\t\t\t\t\t<div class=\"elementor-element elementor-element-697953f elementor-widget elementor-widget-heading\" data-id=\"697953f\" data-element_type=\"widget\" data-e-type=\"widget\" data-widget_type=\"heading.default\">\n\t\t\t\t<div class=\"elementor-widget-container\">\n\t\t\t\t\t<h2 class=\"elementor-heading-title elementor-size-default\">Strong organisations are the foundation for change<\/h2>\t\t\t\t<\/div>\n\t\t\t\t<\/div>\n\t\t\t\t<div class=\"elementor-element elementor-element-f11bbf0 elementor-widget elementor-widget-text-editor\" data-id=\"f11bbf0\" data-element_type=\"widget\" data-e-type=\"widget\" data-widget_type=\"text-editor.default\">\n\t\t\t\t<div class=\"elementor-widget-container\">\n\t\t\t\t\t\t\t\t\t<p>To be able to make their voices heard in the public debate requires strong organizations that can represent their members. When we know our rights and begin to believe that change is possible, that is when we dare to tell about our experiences and needs, make demands, participate and contribute.<\/p><p>We work to strengthen local organizations and drive development so that people with disabilities have greater access to their rights. Our development collaborations mean that people with disabilities organize themselves to strengthen each other and assert their human rights.<\/p><p>People with disabilities are among the most marginalized groups in society. Therefore, they often lack training, which leads to many disability organizations being relatively weak. Organizational development is a way of increasing the conditions for influencing and participating in the development of society.<\/p>\t\t\t\t\t\t\t\t<\/div>\n\t\t\t\t<\/div>\n\t\t\t\t<div class=\"elementor-element elementor-element-c58dbeb elementor-widget elementor-widget-heading\" data-id=\"c58dbeb\" data-element_type=\"widget\" data-e-type=\"widget\" data-widget_type=\"heading.default\">\n\t\t\t\t<div class=\"elementor-widget-container\">\n\t\t\t\t\t<h2 class=\"elementor-heading-title elementor-size-default\">Partnership<\/h2>\t\t\t\t<\/div>\n\t\t\t\t<\/div>\n\t\t\t\t<div class=\"elementor-element elementor-element-ba12b39 elementor-widget elementor-widget-text-editor\" data-id=\"ba12b39\" data-element_type=\"widget\" data-e-type=\"widget\" data-widget_type=\"text-editor.default\">\n\t\t\t\t<div class=\"elementor-widget-container\">\n\t\t\t\t\t\t\t\t\t<p>An important pillar of our development cooperation is the partnership, a partnership based on close cooperation and mutual trust between MyRight&#039;s member organizations and their sister organizations around the world.<\/p>\t\t\t\t\t\t\t\t<\/div>\n\t\t\t\t<\/div>\n\t\t\t\t<div class=\"elementor-element elementor-element-d523d89 elementor-widget elementor-widget-heading\" data-id=\"d523d89\" data-element_type=\"widget\" data-e-type=\"widget\" data-widget_type=\"heading.default\">\n\t\t\t\t<div class=\"elementor-widget-container\">\n\t\t\t\t\t<h2 class=\"elementor-heading-title elementor-size-default\">We work on a rights basis<\/h2>\t\t\t\t<\/div>\n\t\t\t\t<\/div>\n\t\t\t\t<div class=\"elementor-element elementor-element-497635c elementor-widget elementor-widget-text-editor\" data-id=\"497635c\" data-element_type=\"widget\" data-e-type=\"widget\" data-widget_type=\"text-editor.default\">\n\t\t\t\t<div class=\"elementor-widget-container\">\n\t\t\t\t\t\t\t\t\t<p>Our work is always based on people with disabilities living in poverty. They are the actors and it is their own experiences, needs and perspectives that lead the work.<\/p>\t\t\t\t\t\t\t\t<\/div>\n\t\t\t\t<\/div>\n\t\t\t\t<div class=\"elementor-element elementor-element-ff28fc0 elementor-widget elementor-widget-heading\" data-id=\"ff28fc0\" data-element_type=\"widget\" data-e-type=\"widget\" data-widget_type=\"heading.default\">\n\t\t\t\t<div class=\"elementor-widget-container\">\n\t\t\t\t\t<h2 class=\"elementor-heading-title elementor-size-default\">2030 Agenda<\/h2>\t\t\t\t<\/div>\n\t\t\t\t<\/div>\n\t\t\t\t<div class=\"elementor-element elementor-element-773a29a elementor-widget elementor-widget-text-editor\" data-id=\"773a29a\" data-element_type=\"widget\" data-e-type=\"widget\" data-widget_type=\"text-editor.default\">\n\t\t\t\t<div class=\"elementor-widget-container\">\n\t\t\t\t\t\t\t\t\t<p>The 17 global goals of the 2030 Agenda have both direct and <br \/>indirect links to our work to promote rights <br \/>for people with disabilities. One of the agenda's <br \/>motto is \u201dNo one should be left out\u201d, which is an important principle, not least in our advocacy work towards <br \/>other organisations - governmental and non-governmental.<\/p><p>People with disabilities are also directly mentioned in <br \/>several of the SDGs, including SDG 4 on quality education <br \/>quality and Goal 10 on reducing inequalities within and <br \/>between countries.<\/p>\t\t\t\t\t\t\t\t<\/div>\n\t\t\t\t<\/div>\n\t\t\t\t<div class=\"elementor-element elementor-element-ba46c8c elementor-widget elementor-widget-heading\" data-id=\"ba46c8c\" data-element_type=\"widget\" data-e-type=\"widget\" data-widget_type=\"heading.default\">\n\t\t\t\t<div class=\"elementor-widget-container\">\n\t\t\t\t\t<h2 class=\"elementor-heading-title elementor-size-default\">UN Convention on the Rights of Persons\nwith disability<\/h2>\t\t\t\t<\/div>\n\t\t\t\t<\/div>\n\t\t\t\t<div class=\"elementor-element elementor-element-5e21702 elementor-widget elementor-widget-text-editor\" data-id=\"5e21702\" data-element_type=\"widget\" data-e-type=\"widget\" data-widget_type=\"text-editor.default\">\n\t\t\t\t<div class=\"elementor-widget-container\">\n\t\t\t\t\t\t\t\t\t<p>The convention was created to clarify that people with disabilities have the right to live independently <br \/>life with self-determination and full participation and to participate in society on equal terms.<\/p><p>Among other things, the convention lays down three basic rights that the functional rights movements in MyRight's countries of operation repeatedly highlight as decisive: the right to education, livelihood and health<\/p>\t\t\t\t\t\t\t\t<\/div>\n\t\t\t\t<\/div>\n\t\t\t\t<div class=\"elementor-element elementor-element-a737b7d elementor-widget elementor-widget-heading\" data-id=\"a737b7d\" data-element_type=\"widget\" data-e-type=\"widget\" data-widget_type=\"heading.default\">\n\t\t\t\t<div class=\"elementor-widget-container\">\n\t\t\t\t\t<h2 class=\"elementor-heading-title elementor-size-default\">Gender equality<\/h2>\t\t\t\t<\/div>\n\t\t\t\t<\/div>\n\t\t\t\t<div class=\"elementor-element elementor-element-c0fca7b elementor-widget elementor-widget-text-editor\" data-id=\"c0fca7b\" data-element_type=\"widget\" data-e-type=\"widget\" data-widget_type=\"text-editor.default\">\n\t\t\t\t<div class=\"elementor-widget-container\">\n\t\t\t\t\t\t\t\t\t<p>All MyRight projects and programs have a comprehensive gender equality perspective. We work with and for women who themselves live with disabilities and women who are relatives of someone with disabilities.<\/p>\t\t\t\t\t\t\t\t<\/div>\n\t\t\t\t<\/div>\n\t\t\t\t<div class=\"elementor-element elementor-element-1e4a8f5 elementor-widget elementor-widget-spacer\" data-id=\"1e4a8f5\" data-element_type=\"widget\" data-e-type=\"widget\" data-widget_type=\"spacer.default\">\n\t\t\t\t<div class=\"elementor-widget-container\">\n\t\t\t\t\t\t\t<div class=\"elementor-spacer\">\n\t\t\t<div class=\"elementor-spacer-inner\"><\/div>\n\t\t<\/div>\n\t\t\t\t\t\t<\/div>\n\t\t\t\t<\/div>\n\t\t\t\t\t<\/div>\n\t\t<\/div>\n\t\t\t\t\t<\/div>\n\t\t<\/section>\n\t\t\t\t<\/div>","protected":false},"excerpt":{"rendered":"<p>S\u00e5 arbetar MyRight MyRight arbetar f\u00f6r att personer med funktionsneds\u00e4ttning runt om i v\u00e4rlden ska f\u00e5 tillg\u00e5ng till sina m\u00e4nskliga r\u00e4ttigheter och kunna leva sj\u00e4lvst\u00e4ndigt, fria fr\u00e5n fattigdom, i inkluderande samh\u00e4llen. Allt vi g\u00f6r utg\u00e5r fr\u00e5n ett r\u00e4ttighetsperspektiv och FN:s konvention om r\u00e4ttigheter f\u00f6r personer med funktionsneds\u00e4ttning. Tillsammans \u00e4r vi starka MyRight st\u00e4rker individer, bland [&hellip;]<\/p>\n","protected":false},"author":2,"featured_media":0,"parent":12,"menu_order":0,"comment_status":"closed","ping_status":"closed","template":"elementor_header_footer","meta":{"footnotes":""},"class_list":["post-1258","page","type-page","status-publish","hentry"],"yoast_head":"<!-- This site is optimized with the Yoast SEO plugin v27.4 - https:\/\/yoast.com\/product\/yoast-seo-wordpress\/ -->\n<title>S\u00e5 arbetar vi - MyRight<\/title>\n<meta name=\"robots\" content=\"index, follow, max-snippet:-1, max-image-preview:large, max-video-preview:-1\" \/>\n<link rel=\"canonical\" href=\"https:\/\/myright.se\/en\/what-we-do\/we-work\/\" \/>\n<meta property=\"og:locale\" content=\"en_GB\" \/>\n<meta property=\"og:type\" content=\"article\" \/>\n<meta property=\"og:title\" content=\"S\u00e5 arbetar vi - MyRight\" \/>\n<meta property=\"og:description\" content=\"S\u00e5 arbetar MyRight MyRight arbetar f\u00f6r att personer med funktionsneds\u00e4ttning runt om i v\u00e4rlden ska f\u00e5 tillg\u00e5ng till sina m\u00e4nskliga r\u00e4ttigheter och kunna leva sj\u00e4lvst\u00e4ndigt, fria fr\u00e5n fattigdom, i inkluderande samh\u00e4llen. Allt vi g\u00f6r utg\u00e5r fr\u00e5n ett r\u00e4ttighetsperspektiv och FN:s konvention om r\u00e4ttigheter f\u00f6r personer med funktionsneds\u00e4ttning. Tillsammans \u00e4r vi starka MyRight st\u00e4rker individer, bland [&hellip;]\" \/>\n<meta property=\"og:url\" content=\"https:\/\/myright.se\/en\/what-we-do\/we-work\/\" \/>\n<meta property=\"og:site_name\" content=\"MyRight\" \/>\n<meta property=\"article:modified_time\" content=\"2024-02-14T10:11:43+00:00\" \/>\n<meta name=\"twitter:card\" content=\"summary_large_image\" \/>\n<meta name=\"twitter:label1\" content=\"Estimated reading time\" \/>\n\t<meta name=\"twitter:data1\" content=\"4 minutes\" \/>\n<script type=\"application\/ld+json\" class=\"yoast-schema-graph\">{\"@context\":\"https:\\\/\\\/schema.org\",\"@graph\":[{\"@type\":\"WebPage\",\"@id\":\"https:\\\/\\\/myright.se\\\/vart-arbete\\\/sa-arbetar-vi\\\/\",\"url\":\"https:\\\/\\\/myright.se\\\/vart-arbete\\\/sa-arbetar-vi\\\/\",\"name\":\"S\u00e5 arbetar vi - MyRight\",\"isPartOf\":{\"@id\":\"https:\\\/\\\/myright.se\\\/#website\"},\"datePublished\":\"2019-07-03T15:56:23+00:00\",\"dateModified\":\"2024-02-14T10:11:43+00:00\",\"breadcrumb\":{\"@id\":\"https:\\\/\\\/myright.se\\\/vart-arbete\\\/sa-arbetar-vi\\\/#breadcrumb\"},\"inLanguage\":\"en-GB\",\"potentialAction\":[{\"@type\":\"ReadAction\",\"target\":[\"https:\\\/\\\/myright.se\\\/vart-arbete\\\/sa-arbetar-vi\\\/\"]}]},{\"@type\":\"BreadcrumbList\",\"@id\":\"https:\\\/\\\/myright.se\\\/vart-arbete\\\/sa-arbetar-vi\\\/#breadcrumb\",\"itemListElement\":[{\"@type\":\"ListItem\",\"position\":1,\"name\":\"Hem\",\"item\":\"https:\\\/\\\/myright.se\\\/\"},{\"@type\":\"ListItem\",\"position\":2,\"name\":\"V\u00e5rt arbete\",\"item\":\"https:\\\/\\\/myright.se\\\/vart-arbete\\\/\"},{\"@type\":\"ListItem\",\"position\":3,\"name\":\"S\u00e5 arbetar vi\"}]},{\"@type\":\"WebSite\",\"@id\":\"https:\\\/\\\/myright.se\\\/#website\",\"url\":\"https:\\\/\\\/myright.se\\\/\",\"name\":\"MyRight\",\"description\":\"\",\"publisher\":{\"@id\":\"https:\\\/\\\/myright.se\\\/#organization\"},\"potentialAction\":[{\"@type\":\"SearchAction\",\"target\":{\"@type\":\"EntryPoint\",\"urlTemplate\":\"https:\\\/\\\/myright.se\\\/?s={search_term_string}\"},\"query-input\":{\"@type\":\"PropertyValueSpecification\",\"valueRequired\":true,\"valueName\":\"search_term_string\"}}],\"inLanguage\":\"en-GB\"},{\"@type\":\"Organization\",\"@id\":\"https:\\\/\\\/myright.se\\\/#organization\",\"name\":\"MyRight\",\"url\":\"https:\\\/\\\/myright.se\\\/\",\"logo\":{\"@type\":\"ImageObject\",\"inLanguage\":\"en-GB\",\"@id\":\"https:\\\/\\\/myright.se\\\/#\\\/schema\\\/logo\\\/image\\\/\",\"url\":\"https:\\\/\\\/myright.se\\\/wp-content\\\/uploads\\\/2020\\\/02\\\/Myright_logo_no_text_bredvid.png\",\"contentUrl\":\"https:\\\/\\\/myright.se\\\/wp-content\\\/uploads\\\/2020\\\/02\\\/Myright_logo_no_text_bredvid.png\",\"width\":2751,\"height\":816,\"caption\":\"MyRight\"},\"image\":{\"@id\":\"https:\\\/\\\/myright.se\\\/#\\\/schema\\\/logo\\\/image\\\/\"}}]}<\/script>\n<!-- \/ Yoast SEO plugin. -->","yoast_head_json":{"title":"How we work - MyRight","robots":{"index":"index","follow":"follow","max-snippet":"max-snippet:-1","max-image-preview":"max-image-preview:large","max-video-preview":"max-video-preview:-1"},"canonical":"https:\/\/myright.se\/en\/what-we-do\/we-work\/","og_locale":"en_GB","og_type":"article","og_title":"S\u00e5 arbetar vi - MyRight","og_description":"S\u00e5 arbetar MyRight MyRight arbetar f\u00f6r att personer med funktionsneds\u00e4ttning runt om i v\u00e4rlden ska f\u00e5 tillg\u00e5ng till sina m\u00e4nskliga r\u00e4ttigheter och kunna leva sj\u00e4lvst\u00e4ndigt, fria fr\u00e5n fattigdom, i inkluderande samh\u00e4llen. Allt vi g\u00f6r utg\u00e5r fr\u00e5n ett r\u00e4ttighetsperspektiv och FN:s konvention om r\u00e4ttigheter f\u00f6r personer med funktionsneds\u00e4ttning. Tillsammans \u00e4r vi starka MyRight st\u00e4rker individer, bland [&hellip;]","og_url":"https:\/\/myright.se\/en\/what-we-do\/we-work\/","og_site_name":"MyRight","article_modified_time":"2024-02-14T10:11:43+00:00","twitter_card":"summary_large_image","twitter_misc":{"Estimated reading time":"4 minutes"},"schema":{"@context":"https:\/\/schema.org","@graph":[{"@type":"WebPage","@id":"https:\/\/myright.se\/vart-arbete\/sa-arbetar-vi\/","url":"https:\/\/myright.se\/vart-arbete\/sa-arbetar-vi\/","name":"How we work - MyRight","isPartOf":{"@id":"https:\/\/myright.se\/#website"},"datePublished":"2019-07-03T15:56:23+00:00","dateModified":"2024-02-14T10:11:43+00:00","breadcrumb":{"@id":"https:\/\/myright.se\/vart-arbete\/sa-arbetar-vi\/#breadcrumb"},"inLanguage":"en-GB","potentialAction":[{"@type":"ReadAction","target":["https:\/\/myright.se\/vart-arbete\/sa-arbetar-vi\/"]}]},{"@type":"BreadcrumbList","@id":"https:\/\/myright.se\/vart-arbete\/sa-arbetar-vi\/#breadcrumb","itemListElement":[{"@type":"ListItem","position":1,"name":"Hem","item":"https:\/\/myright.se\/"},{"@type":"ListItem","position":2,"name":"V\u00e5rt arbete","item":"https:\/\/myright.se\/vart-arbete\/"},{"@type":"ListItem","position":3,"name":"S\u00e5 arbetar vi"}]},{"@type":"WebSite","@id":"https:\/\/myright.se\/#website","url":"https:\/\/myright.se\/","name":"MyRight","description":"","publisher":{"@id":"https:\/\/myright.se\/#organization"},"potentialAction":[{"@type":"SearchAction","target":{"@type":"EntryPoint","urlTemplate":"https:\/\/myright.se\/?s={search_term_string}"},"query-input":{"@type":"PropertyValueSpecification","valueRequired":true,"valueName":"search_term_string"}}],"inLanguage":"en-GB"},{"@type":"Organization","@id":"https:\/\/myright.se\/#organization","name":"MyRight","url":"https:\/\/myright.se\/","logo":{"@type":"ImageObject","inLanguage":"en-GB","@id":"https:\/\/myright.se\/#\/schema\/logo\/image\/","url":"https:\/\/myright.se\/wp-content\/uploads\/2020\/02\/Myright_logo_no_text_bredvid.png","contentUrl":"https:\/\/myright.se\/wp-content\/uploads\/2020\/02\/Myright_logo_no_text_bredvid.png","width":2751,"height":816,"caption":"MyRight"},"image":{"@id":"https:\/\/myright.se\/#\/schema\/logo\/image\/"}}]}},"_links":{"self":[{"href":"http:\/\/myright.se\/en\/wp-json\/wp\/v2\/pages\/1258","targetHints":{"allow":["GET"]}}],"collection":[{"href":"http:\/\/myright.se\/en\/wp-json\/wp\/v2\/pages"}],"about":[{"href":"http:\/\/myright.se\/en\/wp-json\/wp\/v2\/types\/page"}],"author":[{"embeddable":true,"href":"http:\/\/myright.se\/en\/wp-json\/wp\/v2\/users\/2"}],"replies":[{"embeddable":true,"href":"http:\/\/myright.se\/en\/wp-json\/wp\/v2\/comments?post=1258"}],"version-history":[{"count":117,"href":"http:\/\/myright.se\/en\/wp-json\/wp\/v2\/pages\/1258\/revisions"}],"predecessor-version":[{"id":26272,"href":"http:\/\/myright.se\/en\/wp-json\/wp\/v2\/pages\/1258\/revisions\/26272"}],"up":[{"embeddable":true,"href":"http:\/\/myright.se\/en\/wp-json\/wp\/v2\/pages\/12"}],"wp:attachment":[{"href":"http:\/\/myright.se\/en\/wp-json\/wp\/v2\/media?parent=1258"}],"curies":[{"name":"wp","href":"https:\/\/api.w.org\/{rel}","templated":true}]}}