{"id":19343,"date":"2022-01-24T14:26:28","date_gmt":"2022-01-24T13:26:28","guid":{"rendered":"https:\/\/myright.se\/?page_id=19343"},"modified":"2025-10-06T07:35:50","modified_gmt":"2025-10-06T06:35:50","slug":"newsletter","status":"publish","type":"page","link":"http:\/\/myright.se\/en\/newsletter\/","title":{"rendered":"Get our newsletter"},"content":{"rendered":"\t\t<div data-elementor-type=\"wp-page\" data-elementor-id=\"19343\" class=\"elementor elementor-19343\" data-elementor-post-type=\"page\">\n\t\t\t\t\t\t<section class=\"elementor-section elementor-top-section elementor-element elementor-element-5bd5f1df elementor-section-stretched elementor-section-boxed elementor-section-height-default elementor-section-height-default\" data-id=\"5bd5f1df\" data-element_type=\"section\" data-e-type=\"section\" data-settings=\"{&quot;stretch_section&quot;:&quot;section-stretched&quot;,&quot;background_background&quot;:&quot;classic&quot;}\">\n\t\t\t\t\t\t<div class=\"elementor-container elementor-column-gap-default\">\n\t\t\t\t\t<div class=\"elementor-column elementor-col-100 elementor-top-column elementor-element elementor-element-abc7dd3\" data-id=\"abc7dd3\" data-element_type=\"column\" data-e-type=\"column\">\n\t\t\t<div class=\"elementor-widget-wrap elementor-element-populated\">\n\t\t\t\t\t\t<div class=\"elementor-element elementor-element-1aca348e elementor-align-left elementor-widget elementor-widget-breadcrumbs\" data-id=\"1aca348e\" data-element_type=\"widget\" data-e-type=\"widget\" data-widget_type=\"breadcrumbs.default\">\n\t\t\t\t<div class=\"elementor-widget-container\">\n\t\t\t\t\t<p id=\"breadcrumbs\"><span><span><a href=\"https:\/\/myright.se\/\">Hem<\/a><\/span><\/span><\/p>\t\t\t\t<\/div>\n\t\t\t\t<\/div>\n\t\t\t\t\t<\/div>\n\t\t<\/div>\n\t\t\t\t\t<\/div>\n\t\t<\/section>\n\t\t\t\t<section class=\"elementor-section elementor-top-section elementor-element elementor-element-5e9f269 elementor-section-boxed elementor-section-height-default elementor-section-height-default\" data-id=\"5e9f269\" data-element_type=\"section\" data-e-type=\"section\" data-settings=\"{&quot;background_background&quot;:&quot;classic&quot;}\">\n\t\t\t\t\t\t<div class=\"elementor-container elementor-column-gap-default\">\n\t\t\t\t\t<div class=\"elementor-column elementor-col-100 elementor-top-column elementor-element elementor-element-565a1b4\" data-id=\"565a1b4\" data-element_type=\"column\" data-e-type=\"column\">\n\t\t\t<div class=\"elementor-widget-wrap elementor-element-populated\">\n\t\t\t\t\t\t<div class=\"elementor-element elementor-element-eba00b1 elementor-widget elementor-widget-heading\" data-id=\"eba00b1\" data-element_type=\"widget\" data-e-type=\"widget\" data-widget_type=\"heading.default\">\n\t\t\t\t<div class=\"elementor-widget-container\">\n\t\t\t\t\t<h1 class=\"elementor-heading-title elementor-size-default\">H\u00e5ll dig uppdaterad med MyRights nyhetsbrev!<\/h1>\t\t\t\t<\/div>\n\t\t\t\t<\/div>\n\t\t\t\t<div class=\"elementor-element elementor-element-6174841 elementor-widget elementor-widget-text-editor\" data-id=\"6174841\" data-element_type=\"widget\" data-e-type=\"widget\" data-widget_type=\"text-editor.default\">\n\t\t\t\t<div class=\"elementor-widget-container\">\n\t\t\t\t\t\t\t\t\t<p>V\u00e5rt nyhetsbrev kommer en g\u00e5ng i m\u00e5naden och inneh\u00e5ller uppdateringar, nyheter och personliga ber\u00e4ttelser fr\u00e5n v\u00e5r verksamhet.\u00a0<\/p><p><span style=\"letter-spacing: -0.24px;\">Se till att du inte missar n\u00e5got!<\/span><\/p>\t\t\t\t\t\t\t\t<\/div>\n\t\t\t\t<\/div>\n\t\t\t\t<section class=\"elementor-section elementor-inner-section elementor-element elementor-element-71a0602 elementor-section-boxed elementor-section-height-default elementor-section-height-default\" data-id=\"71a0602\" data-element_type=\"section\" data-e-type=\"section\" data-settings=\"{&quot;background_background&quot;:&quot;classic&quot;}\">\n\t\t\t\t\t\t<div class=\"elementor-container elementor-column-gap-wider\">\n\t\t\t\t\t<div class=\"elementor-column elementor-col-16 elementor-inner-column elementor-element elementor-element-7d2c631\" data-id=\"7d2c631\" data-element_type=\"column\" data-e-type=\"column\" data-settings=\"{&quot;background_background&quot;:&quot;classic&quot;}\">\n\t\t\t<div class=\"elementor-widget-wrap\">\n\t\t\t\t\t\t\t<\/div>\n\t\t<\/div>\n\t\t\t\t<div class=\"elementor-column elementor-col-66 elementor-inner-column elementor-element elementor-element-c1804d4\" data-id=\"c1804d4\" data-element_type=\"column\" data-e-type=\"column\" data-settings=\"{&quot;background_background&quot;:&quot;classic&quot;}\">\n\t\t\t<div class=\"elementor-widget-wrap elementor-element-populated\">\n\t\t\t\t\t\t<div class=\"elementor-element elementor-element-b7b4ad1 elementor-widget elementor-widget-image\" data-id=\"b7b4ad1\" data-element_type=\"widget\" data-e-type=\"widget\" data-widget_type=\"image.default\">\n\t\t\t\t<div class=\"elementor-widget-container\">\n\t\t\t\t\t\t\t\t\t\t\t\t\t\t\t<img fetchpriority=\"high\" decoding=\"async\" width=\"600\" height=\"200\" src=\"https:\/\/myright.se\/wp-content\/uploads\/2023\/08\/Namnlos-design.png\" class=\"attachment-full size-full wp-image-23290\" alt=\"\" srcset=\"https:\/\/myright.se\/wp-content\/uploads\/2023\/08\/Namnlos-design.png 600w, https:\/\/myright.se\/wp-content\/uploads\/2023\/08\/Namnlos-design-300x100.png 300w, https:\/\/myright.se\/wp-content\/uploads\/2023\/08\/Namnlos-design-18x6.png 18w\" sizes=\"(max-width: 600px) 100vw, 600px\" \/>\t\t\t\t\t\t\t\t\t\t\t\t\t\t\t<\/div>\n\t\t\t\t<\/div>\n\t\t\t\t<div class=\"elementor-element elementor-element-b13b15f elementor-widget elementor-widget-html\" data-id=\"b13b15f\" data-element_type=\"widget\" data-e-type=\"widget\" data-widget_type=\"html.default\">\n\t\t\t\t<div class=\"elementor-widget-container\">\n\t\t\t\t\t<form method=\"post\" action=\"https:\/\/ui.ungpd.com\/Api\/Subscriptions\/8055ef88-0cdc-4a9b-9a61-96ee3fd90775\">\r\n<input type=\"hidden\" name=\"ListIds\" value=\"77350235-b2a0-4200-bc21-f4078694db0f\" id=\"listId77350235-b2a0-4200-bc21-f4078694db0f\" > <input type=\"hidden\" name=\"SubscriptionConfirmedUrl\" value=\"https:\/\/myright.se\/nyhetsbrev\/tack\/\">\r\n<input type=\"hidden\" name=\"DoubleOptIn[Issue][IssueId]\" value=\"c7c8a300-b577-49e5-a705-94e6b4430cd1\">\r\n<input type=\"hidden\" name=\"ConfirmationIssue[IssueId]\" value=\"3f67186e-0c86-418d-a484-48b0b8b90414\">\r\n<label for=\"contactEmail\">E-post:<\/label> <input type=\"email\" name=\"Contact[Email]\" id=\"contactEmail\" required \/><br\/>\r\n<label for=\"contactConsentText\"><input type=\"checkbox\" required name=\"ConsentText\" id=\"contactConsentText\" value=\"Jag samtycker till att ta emot MyRights nyhetsbrev i enlighet med integritetspolicyn. \" \/> Jag samtycker till att ta emot MyRights nyhetsbrev i enlighet med integritetspolicyn. <\/label><br\/>\r\n<input type=\"submit\" value=\"Anm\u00e4l\">\r\n<\/form>\r\n\t\t\t\t<\/div>\n\t\t\t\t<\/div>\n\t\t\t\t\t<\/div>\n\t\t<\/div>\n\t\t\t\t<div class=\"elementor-column elementor-col-16 elementor-inner-column elementor-element elementor-element-5797bec\" data-id=\"5797bec\" data-element_type=\"column\" data-e-type=\"column\" data-settings=\"{&quot;background_background&quot;:&quot;classic&quot;}\">\n\t\t\t<div class=\"elementor-widget-wrap\">\n\t\t\t\t\t\t\t<\/div>\n\t\t<\/div>\n\t\t\t\t\t<\/div>\n\t\t<\/section>\n\t\t\t\t\t<\/div>\n\t\t<\/div>\n\t\t\t\t\t<\/div>\n\t\t<\/section>\n\t\t\t\t<\/div>\n\t\t","protected":false},"excerpt":{"rendered":"<p>Stay up-to-date with the MyRights newsletter! Our newsletter is published once a month and contains updates, news and personal stories from our activities.  Make sure you don't miss anything! Email: I agree to receive the MyRight newsletter in accordance with the privacy policy.<\/p>","protected":false},"author":2,"featured_media":18048,"parent":0,"menu_order":0,"comment_status":"closed","ping_status":"closed","template":"","meta":{"footnotes":""},"class_list":["post-19343","page","type-page","status-publish","has-post-thumbnail","hentry"],"yoast_head":"<!-- This site is optimized with the Yoast SEO plugin v27.4 - https:\/\/yoast.com\/product\/yoast-seo-wordpress\/ -->\n<title>F\u00e5 v\u00e5rt nyhetsbrev - MyRight<\/title>\n<meta name=\"robots\" content=\"index, follow, max-snippet:-1, max-image-preview:large, max-video-preview:-1\" \/>\n<link rel=\"canonical\" href=\"https:\/\/myright.se\/en\/newsletter\/\" \/>\n<meta property=\"og:locale\" content=\"en_GB\" \/>\n<meta property=\"og:type\" content=\"article\" \/>\n<meta property=\"og:title\" content=\"F\u00e5 v\u00e5rt nyhetsbrev - MyRight\" \/>\n<meta property=\"og:description\" content=\"H\u00e5ll dig uppdaterad med MyRights nyhetsbrev! V\u00e5rt nyhetsbrev kommer en g\u00e5ng i m\u00e5naden och inneh\u00e5ller uppdateringar, nyheter och personliga ber\u00e4ttelser fr\u00e5n v\u00e5r verksamhet.\u00a0 Se till att du inte missar n\u00e5got! E-post: Jag samtycker till att ta emot MyRights nyhetsbrev i enlighet med integritetspolicyn.\" \/>\n<meta property=\"og:url\" content=\"https:\/\/myright.se\/en\/newsletter\/\" \/>\n<meta property=\"og:site_name\" content=\"MyRight\" \/>\n<meta property=\"article:modified_time\" content=\"2025-10-06T06:35:50+00:00\" \/>\n<meta property=\"og:image\" content=\"https:\/\/myright.se\/wp-content\/uploads\/2021\/11\/Daniel-Claudine-m-fl-5-scaled.jpg\" \/>\n\t<meta property=\"og:image:width\" content=\"2560\" \/>\n\t<meta property=\"og:image:height\" content=\"1920\" \/>\n\t<meta property=\"og:image:type\" content=\"image\/jpeg\" \/>\n<meta name=\"twitter:card\" content=\"summary_large_image\" \/>\n<meta name=\"twitter:label1\" content=\"Estimated reading time\" \/>\n\t<meta name=\"twitter:data1\" content=\"1 minute\" \/>\n<script type=\"application\/ld+json\" class=\"yoast-schema-graph\">{\"@context\":\"https:\\\/\\\/schema.org\",\"@graph\":[{\"@type\":\"WebPage\",\"@id\":\"https:\\\/\\\/myright.se\\\/nyhetsbrev\\\/\",\"url\":\"https:\\\/\\\/myright.se\\\/nyhetsbrev\\\/\",\"name\":\"F\u00e5 v\u00e5rt nyhetsbrev - MyRight\",\"isPartOf\":{\"@id\":\"https:\\\/\\\/myright.se\\\/#website\"},\"primaryImageOfPage\":{\"@id\":\"https:\\\/\\\/myright.se\\\/nyhetsbrev\\\/#primaryimage\"},\"image\":{\"@id\":\"https:\\\/\\\/myright.se\\\/nyhetsbrev\\\/#primaryimage\"},\"thumbnailUrl\":\"https:\\\/\\\/myright.se\\\/wp-content\\\/uploads\\\/2021\\\/11\\\/Daniel-Claudine-m-fl-5-scaled.jpg\",\"datePublished\":\"2022-01-24T13:26:28+00:00\",\"dateModified\":\"2025-10-06T06:35:50+00:00\",\"breadcrumb\":{\"@id\":\"https:\\\/\\\/myright.se\\\/nyhetsbrev\\\/#breadcrumb\"},\"inLanguage\":\"en-GB\",\"potentialAction\":[{\"@type\":\"ReadAction\",\"target\":[\"https:\\\/\\\/myright.se\\\/nyhetsbrev\\\/\"]}]},{\"@type\":\"ImageObject\",\"inLanguage\":\"en-GB\",\"@id\":\"https:\\\/\\\/myright.se\\\/nyhetsbrev\\\/#primaryimage\",\"url\":\"https:\\\/\\\/myright.se\\\/wp-content\\\/uploads\\\/2021\\\/11\\\/Daniel-Claudine-m-fl-5-scaled.jpg\",\"contentUrl\":\"https:\\\/\\\/myright.se\\\/wp-content\\\/uploads\\\/2021\\\/11\\\/Daniel-Claudine-m-fl-5-scaled.jpg\",\"width\":2560,\"height\":1920,\"caption\":\"barnh\u00e4nder l\u00e4ser braille\"},{\"@type\":\"BreadcrumbList\",\"@id\":\"https:\\\/\\\/myright.se\\\/nyhetsbrev\\\/#breadcrumb\",\"itemListElement\":[{\"@type\":\"ListItem\",\"position\":1,\"name\":\"Hem\",\"item\":\"https:\\\/\\\/myright.se\\\/\"},{\"@type\":\"ListItem\",\"position\":2,\"name\":\"F\u00e5 v\u00e5rt nyhetsbrev\"}]},{\"@type\":\"WebSite\",\"@id\":\"https:\\\/\\\/myright.se\\\/#website\",\"url\":\"https:\\\/\\\/myright.se\\\/\",\"name\":\"MyRight\",\"description\":\"\",\"publisher\":{\"@id\":\"https:\\\/\\\/myright.se\\\/#organization\"},\"potentialAction\":[{\"@type\":\"SearchAction\",\"target\":{\"@type\":\"EntryPoint\",\"urlTemplate\":\"https:\\\/\\\/myright.se\\\/?s={search_term_string}\"},\"query-input\":{\"@type\":\"PropertyValueSpecification\",\"valueRequired\":true,\"valueName\":\"search_term_string\"}}],\"inLanguage\":\"en-GB\"},{\"@type\":\"Organization\",\"@id\":\"https:\\\/\\\/myright.se\\\/#organization\",\"name\":\"MyRight\",\"url\":\"https:\\\/\\\/myright.se\\\/\",\"logo\":{\"@type\":\"ImageObject\",\"inLanguage\":\"en-GB\",\"@id\":\"https:\\\/\\\/myright.se\\\/#\\\/schema\\\/logo\\\/image\\\/\",\"url\":\"https:\\\/\\\/myright.se\\\/wp-content\\\/uploads\\\/2020\\\/02\\\/Myright_logo_no_text_bredvid.png\",\"contentUrl\":\"https:\\\/\\\/myright.se\\\/wp-content\\\/uploads\\\/2020\\\/02\\\/Myright_logo_no_text_bredvid.png\",\"width\":2751,\"height\":816,\"caption\":\"MyRight\"},\"image\":{\"@id\":\"https:\\\/\\\/myright.se\\\/#\\\/schema\\\/logo\\\/image\\\/\"}}]}<\/script>\n<!-- \/ Yoast SEO plugin. -->","yoast_head_json":{"title":"Get our newsletter - MyRight","robots":{"index":"index","follow":"follow","max-snippet":"max-snippet:-1","max-image-preview":"max-image-preview:large","max-video-preview":"max-video-preview:-1"},"canonical":"https:\/\/myright.se\/en\/newsletter\/","og_locale":"en_GB","og_type":"article","og_title":"F\u00e5 v\u00e5rt nyhetsbrev - MyRight","og_description":"H\u00e5ll dig uppdaterad med MyRights nyhetsbrev! V\u00e5rt nyhetsbrev kommer en g\u00e5ng i m\u00e5naden och inneh\u00e5ller uppdateringar, nyheter och personliga ber\u00e4ttelser fr\u00e5n v\u00e5r verksamhet.\u00a0 Se till att du inte missar n\u00e5got! E-post: Jag samtycker till att ta emot MyRights nyhetsbrev i enlighet med integritetspolicyn.","og_url":"https:\/\/myright.se\/en\/newsletter\/","og_site_name":"MyRight","article_modified_time":"2025-10-06T06:35:50+00:00","og_image":[{"width":2560,"height":1920,"url":"https:\/\/myright.se\/wp-content\/uploads\/2021\/11\/Daniel-Claudine-m-fl-5-scaled.jpg","type":"image\/jpeg"}],"twitter_card":"summary_large_image","twitter_misc":{"Estimated reading time":"1 minute"},"schema":{"@context":"https:\/\/schema.org","@graph":[{"@type":"WebPage","@id":"https:\/\/myright.se\/nyhetsbrev\/","url":"https:\/\/myright.se\/nyhetsbrev\/","name":"Get our newsletter - MyRight","isPartOf":{"@id":"https:\/\/myright.se\/#website"},"primaryImageOfPage":{"@id":"https:\/\/myright.se\/nyhetsbrev\/#primaryimage"},"image":{"@id":"https:\/\/myright.se\/nyhetsbrev\/#primaryimage"},"thumbnailUrl":"https:\/\/myright.se\/wp-content\/uploads\/2021\/11\/Daniel-Claudine-m-fl-5-scaled.jpg","datePublished":"2022-01-24T13:26:28+00:00","dateModified":"2025-10-06T06:35:50+00:00","breadcrumb":{"@id":"https:\/\/myright.se\/nyhetsbrev\/#breadcrumb"},"inLanguage":"en-GB","potentialAction":[{"@type":"ReadAction","target":["https:\/\/myright.se\/nyhetsbrev\/"]}]},{"@type":"ImageObject","inLanguage":"en-GB","@id":"https:\/\/myright.se\/nyhetsbrev\/#primaryimage","url":"https:\/\/myright.se\/wp-content\/uploads\/2021\/11\/Daniel-Claudine-m-fl-5-scaled.jpg","contentUrl":"https:\/\/myright.se\/wp-content\/uploads\/2021\/11\/Daniel-Claudine-m-fl-5-scaled.jpg","width":2560,"height":1920,"caption":"barnh\u00e4nder l\u00e4ser braille"},{"@type":"BreadcrumbList","@id":"https:\/\/myright.se\/nyhetsbrev\/#breadcrumb","itemListElement":[{"@type":"ListItem","position":1,"name":"Hem","item":"https:\/\/myright.se\/"},{"@type":"ListItem","position":2,"name":"F\u00e5 v\u00e5rt nyhetsbrev"}]},{"@type":"WebSite","@id":"https:\/\/myright.se\/#website","url":"https:\/\/myright.se\/","name":"MyRight","description":"","publisher":{"@id":"https:\/\/myright.se\/#organization"},"potentialAction":[{"@type":"SearchAction","target":{"@type":"EntryPoint","urlTemplate":"https:\/\/myright.se\/?s={search_term_string}"},"query-input":{"@type":"PropertyValueSpecification","valueRequired":true,"valueName":"search_term_string"}}],"inLanguage":"en-GB"},{"@type":"Organization","@id":"https:\/\/myright.se\/#organization","name":"MyRight","url":"https:\/\/myright.se\/","logo":{"@type":"ImageObject","inLanguage":"en-GB","@id":"https:\/\/myright.se\/#\/schema\/logo\/image\/","url":"https:\/\/myright.se\/wp-content\/uploads\/2020\/02\/Myright_logo_no_text_bredvid.png","contentUrl":"https:\/\/myright.se\/wp-content\/uploads\/2020\/02\/Myright_logo_no_text_bredvid.png","width":2751,"height":816,"caption":"MyRight"},"image":{"@id":"https:\/\/myright.se\/#\/schema\/logo\/image\/"}}]}},"_links":{"self":[{"href":"http:\/\/myright.se\/en\/wp-json\/wp\/v2\/pages\/19343","targetHints":{"allow":["GET"]}}],"collection":[{"href":"http:\/\/myright.se\/en\/wp-json\/wp\/v2\/pages"}],"about":[{"href":"http:\/\/myright.se\/en\/wp-json\/wp\/v2\/types\/page"}],"author":[{"embeddable":true,"href":"http:\/\/myright.se\/en\/wp-json\/wp\/v2\/users\/2"}],"replies":[{"embeddable":true,"href":"http:\/\/myright.se\/en\/wp-json\/wp\/v2\/comments?post=19343"}],"version-history":[{"count":67,"href":"http:\/\/myright.se\/en\/wp-json\/wp\/v2\/pages\/19343\/revisions"}],"predecessor-version":[{"id":29462,"href":"http:\/\/myright.se\/en\/wp-json\/wp\/v2\/pages\/19343\/revisions\/29462"}],"wp:featuredmedia":[{"embeddable":true,"href":"http:\/\/myright.se\/en\/wp-json\/wp\/v2\/media\/18048"}],"wp:attachment":[{"href":"http:\/\/myright.se\/en\/wp-json\/wp\/v2\/media?parent=19343"}],"curies":[{"name":"wp","href":"https:\/\/api.w.org\/{rel}","templated":true}]}}