{"id":19028,"date":"2022-01-04T11:31:27","date_gmt":"2022-01-04T10:31:27","guid":{"rendered":"https:\/\/myright.se\/?page_id=19028"},"modified":"2025-09-15T13:02:38","modified_gmt":"2025-09-15T12:02:38","slug":"poverty-and-disability","status":"publish","type":"page","link":"https:\/\/myright.se\/en\/what-we-do\/poverty-and-disability\/","title":{"rendered":"Poverty and disability"},"content":{"rendered":"<div data-elementor-type=\"wp-page\" data-elementor-id=\"19028\" class=\"elementor elementor-19028\" data-elementor-post-type=\"page\">\n\t\t\t\t\t\t<section class=\"elementor-section elementor-top-section elementor-element elementor-element-75715717 elementor-section-stretched elementor-section-boxed elementor-section-height-default elementor-section-height-default\" data-id=\"75715717\" data-element_type=\"section\" data-e-type=\"section\" data-settings=\"{&quot;stretch_section&quot;:&quot;section-stretched&quot;,&quot;background_background&quot;:&quot;classic&quot;}\">\n\t\t\t\t\t\t<div class=\"elementor-container elementor-column-gap-default\">\n\t\t\t\t\t<div class=\"elementor-column elementor-col-100 elementor-top-column elementor-element elementor-element-5d9c4a74\" data-id=\"5d9c4a74\" data-element_type=\"column\" data-e-type=\"column\">\n\t\t\t<div class=\"elementor-widget-wrap elementor-element-populated\">\n\t\t\t\t\t\t<div class=\"elementor-element elementor-element-775c9969 elementor-widget elementor-widget-breadcrumbs\" data-id=\"775c9969\" data-element_type=\"widget\" data-e-type=\"widget\" data-widget_type=\"breadcrumbs.default\">\n\t\t\t\t<div class=\"elementor-widget-container\">\n\t\t\t\t\t<p id=\"breadcrumbs\"><span><span><a href=\"https:\/\/myright.se\/en\/\">Home<\/a><\/span><\/span><\/p>\t\t\t\t<\/div>\n\t\t\t\t<\/div>\n\t\t\t\t\t<\/div>\n\t\t<\/div>\n\t\t\t\t\t<\/div>\n\t\t<\/section>\n\t\t\t\t<section class=\"elementor-section elementor-top-section elementor-element elementor-element-ccd74e0 elementor-section-boxed elementor-section-height-default elementor-section-height-default\" data-id=\"ccd74e0\" data-element_type=\"section\" data-e-type=\"section\" data-settings=\"{&quot;background_background&quot;:&quot;classic&quot;}\">\n\t\t\t\t\t\t<div class=\"elementor-container elementor-column-gap-default\">\n\t\t\t\t\t<div class=\"elementor-column elementor-col-50 elementor-top-column elementor-element elementor-element-dfb7901\" data-id=\"dfb7901\" data-element_type=\"column\" data-e-type=\"column\">\n\t\t\t<div class=\"elementor-widget-wrap elementor-element-populated\">\n\t\t\t\t\t\t<div class=\"elementor-element elementor-element-425d46a elementor-widget elementor-widget-heading\" data-id=\"425d46a\" data-element_type=\"widget\" data-e-type=\"widget\" data-widget_type=\"heading.default\">\n\t\t\t\t<div class=\"elementor-widget-container\">\n\t\t\t\t\t<h1 class=\"elementor-heading-title elementor-size-default\">Poverty and disability<\/h1>\t\t\t\t<\/div>\n\t\t\t\t<\/div>\n\t\t\t\t<div class=\"elementor-element elementor-element-30d1975 elementor-widget elementor-widget-image\" data-id=\"30d1975\" data-element_type=\"widget\" data-e-type=\"widget\" data-widget_type=\"image.default\">\n\t\t\t\t<div class=\"elementor-widget-container\">\n\t\t\t\t\t\t\t\t\t\t\t\t\t\t\t<img fetchpriority=\"high\" decoding=\"async\" width=\"1024\" height=\"682\" src=\"https:\/\/myright.se\/wp-content\/uploads\/2023\/10\/Samband_utan-bakgrund-1.png\" class=\"attachment-full size-full wp-image-23848\" alt=\"disability and poverty are linked\" srcset=\"https:\/\/myright.se\/wp-content\/uploads\/2023\/10\/Samband_utan-bakgrund-1.png 1024w, https:\/\/myright.se\/wp-content\/uploads\/2023\/10\/Samband_utan-bakgrund-1-300x200.png 300w, https:\/\/myright.se\/wp-content\/uploads\/2023\/10\/Samband_utan-bakgrund-1-768x512.png 768w, https:\/\/myright.se\/wp-content\/uploads\/2023\/10\/Samband_utan-bakgrund-1-18x12.png 18w, https:\/\/myright.se\/wp-content\/uploads\/2023\/10\/Samband_utan-bakgrund-1-600x400.png 600w\" sizes=\"(max-width: 1024px) 100vw, 1024px\" \/>\t\t\t\t\t\t\t\t\t\t\t\t\t\t\t<\/div>\n\t\t\t\t<\/div>\n\t\t\t\t<div class=\"elementor-element elementor-element-0888e8f elementor-widget elementor-widget-text-editor\" data-id=\"0888e8f\" data-element_type=\"widget\" data-e-type=\"widget\" data-widget_type=\"text-editor.default\">\n\t\t\t\t<div class=\"elementor-widget-container\">\n\t\t\t\t\t\t\t\t\t<p><strong>People with disabilities around the world are among the poorest in most societies and are subject to widespread discrimination at all levels of society. It&#039;s the worst for girls and women. <\/strong><\/p><p>All available studies show that people with disabilities continue to lag behind in all socio-economic measurements of health, education, hunger, prosperity and the opportunity for participation in society. People with disabilities are also particularly hard hit by climate change and pandemics.<\/p><p>Living with a disability often means that the person ends up in, or finds it difficult to get out of, poverty. Those who live in poverty and have a disability are often denied their human rights and often have very little opportunity to influence and decide over their own lives. When a person is discriminated against and excluded from both education and work, it becomes more difficult to get out of poverty and many are forced to become dependent on their relatives. Many people with disabilities in the world are also forced to live in isolation in institutions, completely deprived of dignity, opportunities and their human rights.\u00a0<\/p><p>Widespread poverty is a fundamental reason why persons with disabilities are not guaranteed their rights. Poverty also prevents people from making demands that give them access to care, aids, education and employment. Working with disability issues is therefore an effective way to increase participation and reduce poverty.<\/p>\t\t\t\t\t\t\t\t<\/div>\n\t\t\t\t<\/div>\n\t\t\t\t\t<\/div>\n\t\t<\/div>\n\t\t\t\t<div class=\"elementor-column elementor-col-50 elementor-top-column elementor-element elementor-element-527843e\" data-id=\"527843e\" data-element_type=\"column\" data-e-type=\"column\" data-settings=\"{&quot;background_background&quot;:&quot;classic&quot;}\">\n\t\t\t<div class=\"elementor-widget-wrap elementor-element-populated\">\n\t\t\t\t\t\t<div class=\"elementor-element elementor-element-7719143 elementor-widget elementor-widget-heading\" data-id=\"7719143\" data-element_type=\"widget\" data-e-type=\"widget\" data-widget_type=\"heading.default\">\n\t\t\t\t<div class=\"elementor-widget-container\">\n\t\t\t\t\t<h2 class=\"elementor-heading-title elementor-size-default\">The situation in the world<\/h2>\t\t\t\t<\/div>\n\t\t\t\t<\/div>\n\t\t\t\t<div class=\"elementor-element elementor-element-8067809 elementor-widget elementor-widget-text-editor\" data-id=\"8067809\" data-element_type=\"widget\" data-e-type=\"widget\" data-widget_type=\"text-editor.default\">\n\t\t\t\t<div class=\"elementor-widget-container\">\n\t\t\t\t\t\t\t\t\t<p><strong>15 percent<\/strong> of the world&#039;s population live with disabilities.<\/p><p><strong>80 percent<\/strong> of all people with disabilities live in poverty.<\/p><p><strong>1 of 5 <\/strong>of the world&#039;s poorest have a disability.<\/p><p>In low-income countries live <strong>more than one in five women<\/strong> with disability.<\/p><p><strong>1 in 20 children<\/strong> in the world live with disability.<\/p><p><strong>1 of 3 children<\/strong> with a disability do not go to school. In many groups, up to 9 out of 10 children and young people do not have the opportunity for education.<\/p><p>In many countries missing<strong> over half<\/strong> of people with disabilities access to care.<\/p><p>Girls and women with disabilities suffer from gender-related violence in <strong>ten times higher<\/strong> extent than girls and without disabilities.<\/p><p><strong>128 out of 195 countries in the world<\/strong> has through its statutes or laws restrictions that may restrict the right to vote for people with disabilities.<\/p>\t\t\t\t\t\t\t\t<\/div>\n\t\t\t\t<\/div>\n\t\t\t\t<div class=\"elementor-element elementor-element-61e94e8 elementor-widget-divider--view-line elementor-widget elementor-widget-divider\" data-id=\"61e94e8\" data-element_type=\"widget\" data-e-type=\"widget\" data-widget_type=\"divider.default\">\n\t\t\t\t<div class=\"elementor-widget-container\">\n\t\t\t\t\t\t\t<div class=\"elementor-divider\">\n\t\t\t<span class=\"elementor-divider-separator\">\n\t\t\t\t\t\t<\/span>\n\t\t<\/div>\n\t\t\t\t\t\t<\/div>\n\t\t\t\t<\/div>\n\t\t\t\t\t<\/div>\n\t\t<\/div>\n\t\t\t\t\t<\/div>\n\t\t<\/section>\n\t\t\t\t<section class=\"elementor-section elementor-top-section elementor-element elementor-element-b4f4869 elementor-section-boxed elementor-section-height-default elementor-section-height-default\" data-id=\"b4f4869\" data-element_type=\"section\" data-e-type=\"section\" data-settings=\"{&quot;background_background&quot;:&quot;classic&quot;}\">\n\t\t\t\t\t\t<div class=\"elementor-container elementor-column-gap-default\">\n\t\t\t\t\t<div class=\"elementor-column elementor-col-66 elementor-top-column elementor-element elementor-element-d7c6652\" data-id=\"d7c6652\" data-element_type=\"column\" data-e-type=\"column\">\n\t\t\t<div class=\"elementor-widget-wrap elementor-element-populated\">\n\t\t\t\t\t\t<div class=\"elementor-element elementor-element-9141057 elementor-widget elementor-widget-heading\" data-id=\"9141057\" data-element_type=\"widget\" data-e-type=\"widget\" data-widget_type=\"heading.default\">\n\t\t\t\t<div class=\"elementor-widget-container\">\n\t\t\t\t\t<h2 class=\"elementor-heading-title elementor-size-default\">Discriminated against in many areas<\/h2>\t\t\t\t<\/div>\n\t\t\t\t<\/div>\n\t\t\t\t<div class=\"elementor-element elementor-element-3ff836e elementor-widget elementor-widget-text-editor\" data-id=\"3ff836e\" data-element_type=\"widget\" data-e-type=\"widget\" data-widget_type=\"text-editor.default\">\n\t\t\t\t<div class=\"elementor-widget-container\">\n\t\t\t\t\t\t\t\t\t<p>Schools and workplaces are often inaccessible and remain closed to people with disabilities. It is very unusual for schools to adapt their premises or teaching so that children and young people with various disabilities can participate. The labor market is often largely closed to people with disabilities. The challenges for those who have succeeded in getting a job are many and various obstacles make it difficult to keep a job.<\/p><p>Many face major obstacles in health care and do not receive the care, medicine or aids they need. Crises and disasters hit people with disabilities harder and they are more exposed to violence and abuse than others. At the same time, they are often denied both care and help by the police and the judiciary. \u00a0<\/p><p>People with disabilities, and their families, are at significantly higher risk of economic and social injustice than others. In many countries there are no social security systems, then it is up to the families themselves to cover the shortcomings of society. It hits hardest on those who are already poor or living right on the brink of poverty.<\/p><p>It is common for relatives, often women, to be forced to leave gainful employment in order to care for a close relative with a disability.<\/p><p>Discrimination and injustice are often due to ignorance on the part of the environment. Ignorance can lead to the emergence of myths about people with disabilities, such as that disability is due to curses or that it is contagious. It can prevent people from getting the support they need.<\/p>\t\t\t\t\t\t\t\t<\/div>\n\t\t\t\t<\/div>\n\t\t\t\t\t<\/div>\n\t\t<\/div>\n\t\t\t\t<div class=\"elementor-column elementor-col-33 elementor-top-column elementor-element elementor-element-eeb89d0\" data-id=\"eeb89d0\" data-element_type=\"column\" data-e-type=\"column\" data-settings=\"{&quot;background_background&quot;:&quot;classic&quot;}\">\n\t\t\t<div class=\"elementor-widget-wrap\">\n\t\t\t\t\t\t\t<\/div>\n\t\t<\/div>\n\t\t\t\t\t<\/div>\n\t\t<\/section>\n\t\t\t\t<section class=\"elementor-section elementor-top-section elementor-element elementor-element-67bbb4c elementor-section-boxed elementor-section-height-default elementor-section-height-default\" data-id=\"67bbb4c\" data-element_type=\"section\" data-e-type=\"section\" data-settings=\"{&quot;background_background&quot;:&quot;classic&quot;}\">\n\t\t\t\t\t\t<div class=\"elementor-container elementor-column-gap-default\">\n\t\t\t\t\t<div class=\"elementor-column elementor-col-66 elementor-top-column elementor-element elementor-element-d86bb2a\" data-id=\"d86bb2a\" data-element_type=\"column\" data-e-type=\"column\">\n\t\t\t<div class=\"elementor-widget-wrap elementor-element-populated\">\n\t\t\t\t\t\t<div class=\"elementor-element elementor-element-edded42 cookieconsent-optin-marketing elementor-widget elementor-widget-video\" data-id=\"edded42\" data-element_type=\"widget\" data-e-type=\"widget\" data-settings=\"{&quot;youtube_url&quot;:&quot;https:\\\/\\\/www.youtube.com\\\/watch?v=weh0wYP34po&quot;,&quot;lazy_load&quot;:&quot;yes&quot;,&quot;video_type&quot;:&quot;youtube&quot;,&quot;controls&quot;:&quot;yes&quot;}\" data-widget_type=\"video.default\">\n\t\t\t\t<div class=\"elementor-widget-container\">\n\t\t\t\t\t\t\t<div class=\"elementor-wrapper elementor-open-inline\">\n\t\t\t<div class=\"elementor-video\"><\/div>\t\t<\/div>\n\t\t\t\t\t\t<\/div>\n\t\t\t\t<\/div>\n\t\t\t\t<div class=\"elementor-element elementor-element-5dc7270 elementor-widget elementor-widget-heading\" data-id=\"5dc7270\" data-element_type=\"widget\" data-e-type=\"widget\" data-widget_type=\"heading.default\">\n\t\t\t\t<div class=\"elementor-widget-container\">\n\t\t\t\t\t<h2 class=\"elementor-heading-title elementor-size-default\">Poverty causes disability<\/h2>\t\t\t\t<\/div>\n\t\t\t\t<\/div>\n\t\t\t\t<div class=\"elementor-element elementor-element-cd4415d elementor-widget elementor-widget-text-editor\" data-id=\"cd4415d\" data-element_type=\"widget\" data-e-type=\"widget\" data-widget_type=\"text-editor.default\">\n\t\t\t\t<div class=\"elementor-widget-container\">\n\t\t\t\t\t\t\t\t\t<p>People living in poverty are at greater risk of developing various types of disabilities. This is often due to malnutrition, poor medical care and lack of access to clean drinking water. For example, malnutrition and vitamin A deficiency can lead to blindness, which is estimated to cause between 250,000 and 500,000 children worldwide to lose their sight each year.<\/p><p>Living in poverty also often means living and working in dangerous and unsafe environments. Poorly built houses provide poorer protection in the event of natural disasters and conflicts, which in turn increases the risk of accidents with an increased risk of disability. \u00a0<\/p>\t\t\t\t\t\t\t\t<\/div>\n\t\t\t\t<\/div>\n\t\t\t\t\t<\/div>\n\t\t<\/div>\n\t\t\t\t<div class=\"elementor-column elementor-col-33 elementor-top-column elementor-element elementor-element-15b88d0\" data-id=\"15b88d0\" data-element_type=\"column\" data-e-type=\"column\" data-settings=\"{&quot;background_background&quot;:&quot;classic&quot;}\">\n\t\t\t<div class=\"elementor-widget-wrap\">\n\t\t\t\t\t\t\t<\/div>\n\t\t<\/div>\n\t\t\t\t\t<\/div>\n\t\t<\/section>\n\t\t\t\t<\/div>","protected":false},"excerpt":{"rendered":"<p>Fattigdom och funktionsneds\u00e4ttning Personer med funktionsneds\u00e4ttning runt om i v\u00e4rlden tillh\u00f6r de allra fattigaste i de flesta samh\u00e4llen och uts\u00e4tts f\u00f6r en omfattande diskriminering inom alla samh\u00e4llets niv\u00e5er. Allra v\u00e4rst \u00e4r det f\u00f6r flickor och kvinnor. Alla tillg\u00e4ngliga studier visar att personer med funktionsneds\u00e4ttning forts\u00e4tter ligga efter i alla socioekonomiska m\u00e4tningar \u00f6ver h\u00e4lsa, utbildning, hunger, [&hellip;]<\/p>\n","protected":false},"author":2,"featured_media":19006,"parent":12,"menu_order":0,"comment_status":"closed","ping_status":"closed","template":"","meta":{"footnotes":""},"class_list":["post-19028","page","type-page","status-publish","has-post-thumbnail","hentry"],"yoast_head":"<!-- This site is optimized with the Yoast SEO plugin v27.3 - https:\/\/yoast.com\/product\/yoast-seo-wordpress\/ -->\n<title>Fattigdom och funktionsneds\u00e4ttning - MyRight<\/title>\n<meta name=\"robots\" content=\"index, follow, max-snippet:-1, max-image-preview:large, max-video-preview:-1\" \/>\n<link rel=\"canonical\" href=\"https:\/\/myright.se\/en\/what-we-do\/poverty-and-disability\/\" \/>\n<meta property=\"og:locale\" content=\"en_GB\" \/>\n<meta property=\"og:type\" content=\"article\" \/>\n<meta property=\"og:title\" content=\"Fattigdom och funktionsneds\u00e4ttning - MyRight\" \/>\n<meta property=\"og:description\" content=\"Fattigdom och funktionsneds\u00e4ttning Personer med funktionsneds\u00e4ttning runt om i v\u00e4rlden tillh\u00f6r de allra fattigaste i de flesta samh\u00e4llen och uts\u00e4tts f\u00f6r en omfattande diskriminering inom alla samh\u00e4llets niv\u00e5er. Allra v\u00e4rst \u00e4r det f\u00f6r flickor och kvinnor. Alla tillg\u00e4ngliga studier visar att personer med funktionsneds\u00e4ttning forts\u00e4tter ligga efter i alla socioekonomiska m\u00e4tningar \u00f6ver h\u00e4lsa, utbildning, hunger, [&hellip;]\" \/>\n<meta property=\"og:url\" content=\"https:\/\/myright.se\/en\/what-we-do\/poverty-and-disability\/\" \/>\n<meta property=\"og:site_name\" content=\"MyRight\" \/>\n<meta property=\"article:modified_time\" content=\"2025-09-15T12:02:38+00:00\" \/>\n<meta property=\"og:image\" content=\"https:\/\/myright.se\/wp-content\/uploads\/2021\/12\/UN-A-disabled-youth-sitting-in-a-wheelchair-donated-by-the-UN-Volunteers-Nort-Darfur-Sudan-2012.jpg\" \/>\n\t<meta property=\"og:image:width\" content=\"1200\" \/>\n\t<meta property=\"og:image:height\" content=\"800\" \/>\n\t<meta property=\"og:image:type\" content=\"image\/jpeg\" \/>\n<meta name=\"twitter:card\" content=\"summary_large_image\" \/>\n<meta name=\"twitter:label1\" content=\"Estimated reading time\" \/>\n\t<meta name=\"twitter:data1\" content=\"4 minutes\" \/>\n<script type=\"application\/ld+json\" class=\"yoast-schema-graph\">{\"@context\":\"https:\\\/\\\/schema.org\",\"@graph\":[{\"@type\":\"WebPage\",\"@id\":\"https:\\\/\\\/myright.se\\\/vart-arbete\\\/fattigdom-och-funktionsnedsattning\\\/\",\"url\":\"https:\\\/\\\/myright.se\\\/vart-arbete\\\/fattigdom-och-funktionsnedsattning\\\/\",\"name\":\"Fattigdom och funktionsneds\u00e4ttning - MyRight\",\"isPartOf\":{\"@id\":\"https:\\\/\\\/myright.se\\\/#website\"},\"primaryImageOfPage\":{\"@id\":\"https:\\\/\\\/myright.se\\\/vart-arbete\\\/fattigdom-och-funktionsnedsattning\\\/#primaryimage\"},\"image\":{\"@id\":\"https:\\\/\\\/myright.se\\\/vart-arbete\\\/fattigdom-och-funktionsnedsattning\\\/#primaryimage\"},\"thumbnailUrl\":\"https:\\\/\\\/myright.se\\\/wp-content\\\/uploads\\\/2021\\\/12\\\/UN-A-disabled-youth-sitting-in-a-wheelchair-donated-by-the-UN-Volunteers-Nort-Darfur-Sudan-2012.jpg\",\"datePublished\":\"2022-01-04T10:31:27+00:00\",\"dateModified\":\"2025-09-15T12:02:38+00:00\",\"breadcrumb\":{\"@id\":\"https:\\\/\\\/myright.se\\\/vart-arbete\\\/fattigdom-och-funktionsnedsattning\\\/#breadcrumb\"},\"inLanguage\":\"en-GB\",\"potentialAction\":[{\"@type\":\"ReadAction\",\"target\":[\"https:\\\/\\\/myright.se\\\/vart-arbete\\\/fattigdom-och-funktionsnedsattning\\\/\"]}]},{\"@type\":\"ImageObject\",\"inLanguage\":\"en-GB\",\"@id\":\"https:\\\/\\\/myright.se\\\/vart-arbete\\\/fattigdom-och-funktionsnedsattning\\\/#primaryimage\",\"url\":\"https:\\\/\\\/myright.se\\\/wp-content\\\/uploads\\\/2021\\\/12\\\/UN-A-disabled-youth-sitting-in-a-wheelchair-donated-by-the-UN-Volunteers-Nort-Darfur-Sudan-2012.jpg\",\"contentUrl\":\"https:\\\/\\\/myright.se\\\/wp-content\\\/uploads\\\/2021\\\/12\\\/UN-A-disabled-youth-sitting-in-a-wheelchair-donated-by-the-UN-Volunteers-Nort-Darfur-Sudan-2012.jpg\",\"width\":1200,\"height\":800,\"caption\":\"en ung flicka sitter i en rullstol i ett flyktingl\u00e4ger\"},{\"@type\":\"BreadcrumbList\",\"@id\":\"https:\\\/\\\/myright.se\\\/vart-arbete\\\/fattigdom-och-funktionsnedsattning\\\/#breadcrumb\",\"itemListElement\":[{\"@type\":\"ListItem\",\"position\":1,\"name\":\"Hem\",\"item\":\"https:\\\/\\\/myright.se\\\/\"},{\"@type\":\"ListItem\",\"position\":2,\"name\":\"V\u00e5rt arbete\",\"item\":\"https:\\\/\\\/myright.se\\\/vart-arbete\\\/\"},{\"@type\":\"ListItem\",\"position\":3,\"name\":\"Fattigdom och funktionsneds\u00e4ttning\"}]},{\"@type\":\"WebSite\",\"@id\":\"https:\\\/\\\/myright.se\\\/#website\",\"url\":\"https:\\\/\\\/myright.se\\\/\",\"name\":\"MyRight\",\"description\":\"\",\"publisher\":{\"@id\":\"https:\\\/\\\/myright.se\\\/#organization\"},\"potentialAction\":[{\"@type\":\"SearchAction\",\"target\":{\"@type\":\"EntryPoint\",\"urlTemplate\":\"https:\\\/\\\/myright.se\\\/?s={search_term_string}\"},\"query-input\":{\"@type\":\"PropertyValueSpecification\",\"valueRequired\":true,\"valueName\":\"search_term_string\"}}],\"inLanguage\":\"en-GB\"},{\"@type\":\"Organization\",\"@id\":\"https:\\\/\\\/myright.se\\\/#organization\",\"name\":\"MyRight\",\"url\":\"https:\\\/\\\/myright.se\\\/\",\"logo\":{\"@type\":\"ImageObject\",\"inLanguage\":\"en-GB\",\"@id\":\"https:\\\/\\\/myright.se\\\/#\\\/schema\\\/logo\\\/image\\\/\",\"url\":\"https:\\\/\\\/myright.se\\\/wp-content\\\/uploads\\\/2020\\\/02\\\/Myright_logo_no_text_bredvid.png\",\"contentUrl\":\"https:\\\/\\\/myright.se\\\/wp-content\\\/uploads\\\/2020\\\/02\\\/Myright_logo_no_text_bredvid.png\",\"width\":2751,\"height\":816,\"caption\":\"MyRight\"},\"image\":{\"@id\":\"https:\\\/\\\/myright.se\\\/#\\\/schema\\\/logo\\\/image\\\/\"}}]}<\/script>\n<!-- \/ Yoast SEO plugin. -->","yoast_head_json":{"title":"Poverty and Disability - MyRight","robots":{"index":"index","follow":"follow","max-snippet":"max-snippet:-1","max-image-preview":"max-image-preview:large","max-video-preview":"max-video-preview:-1"},"canonical":"https:\/\/myright.se\/en\/what-we-do\/poverty-and-disability\/","og_locale":"en_GB","og_type":"article","og_title":"Fattigdom och funktionsneds\u00e4ttning - MyRight","og_description":"Fattigdom och funktionsneds\u00e4ttning Personer med funktionsneds\u00e4ttning runt om i v\u00e4rlden tillh\u00f6r de allra fattigaste i de flesta samh\u00e4llen och uts\u00e4tts f\u00f6r en omfattande diskriminering inom alla samh\u00e4llets niv\u00e5er. Allra v\u00e4rst \u00e4r det f\u00f6r flickor och kvinnor. Alla tillg\u00e4ngliga studier visar att personer med funktionsneds\u00e4ttning forts\u00e4tter ligga efter i alla socioekonomiska m\u00e4tningar \u00f6ver h\u00e4lsa, utbildning, hunger, [&hellip;]","og_url":"https:\/\/myright.se\/en\/what-we-do\/poverty-and-disability\/","og_site_name":"MyRight","article_modified_time":"2025-09-15T12:02:38+00:00","og_image":[{"width":1200,"height":800,"url":"https:\/\/myright.se\/wp-content\/uploads\/2021\/12\/UN-A-disabled-youth-sitting-in-a-wheelchair-donated-by-the-UN-Volunteers-Nort-Darfur-Sudan-2012.jpg","type":"image\/jpeg"}],"twitter_card":"summary_large_image","twitter_misc":{"Estimated reading time":"4 minutes"},"schema":{"@context":"https:\/\/schema.org","@graph":[{"@type":"WebPage","@id":"https:\/\/myright.se\/vart-arbete\/fattigdom-och-funktionsnedsattning\/","url":"https:\/\/myright.se\/vart-arbete\/fattigdom-och-funktionsnedsattning\/","name":"Poverty and Disability - MyRight","isPartOf":{"@id":"https:\/\/myright.se\/#website"},"primaryImageOfPage":{"@id":"https:\/\/myright.se\/vart-arbete\/fattigdom-och-funktionsnedsattning\/#primaryimage"},"image":{"@id":"https:\/\/myright.se\/vart-arbete\/fattigdom-och-funktionsnedsattning\/#primaryimage"},"thumbnailUrl":"https:\/\/myright.se\/wp-content\/uploads\/2021\/12\/UN-A-disabled-youth-sitting-in-a-wheelchair-donated-by-the-UN-Volunteers-Nort-Darfur-Sudan-2012.jpg","datePublished":"2022-01-04T10:31:27+00:00","dateModified":"2025-09-15T12:02:38+00:00","breadcrumb":{"@id":"https:\/\/myright.se\/vart-arbete\/fattigdom-och-funktionsnedsattning\/#breadcrumb"},"inLanguage":"en-GB","potentialAction":[{"@type":"ReadAction","target":["https:\/\/myright.se\/vart-arbete\/fattigdom-och-funktionsnedsattning\/"]}]},{"@type":"ImageObject","inLanguage":"en-GB","@id":"https:\/\/myright.se\/vart-arbete\/fattigdom-och-funktionsnedsattning\/#primaryimage","url":"https:\/\/myright.se\/wp-content\/uploads\/2021\/12\/UN-A-disabled-youth-sitting-in-a-wheelchair-donated-by-the-UN-Volunteers-Nort-Darfur-Sudan-2012.jpg","contentUrl":"https:\/\/myright.se\/wp-content\/uploads\/2021\/12\/UN-A-disabled-youth-sitting-in-a-wheelchair-donated-by-the-UN-Volunteers-Nort-Darfur-Sudan-2012.jpg","width":1200,"height":800,"caption":"en ung flicka sitter i en rullstol i ett flyktingl\u00e4ger"},{"@type":"BreadcrumbList","@id":"https:\/\/myright.se\/vart-arbete\/fattigdom-och-funktionsnedsattning\/#breadcrumb","itemListElement":[{"@type":"ListItem","position":1,"name":"Hem","item":"https:\/\/myright.se\/"},{"@type":"ListItem","position":2,"name":"V\u00e5rt arbete","item":"https:\/\/myright.se\/vart-arbete\/"},{"@type":"ListItem","position":3,"name":"Fattigdom och funktionsneds\u00e4ttning"}]},{"@type":"WebSite","@id":"https:\/\/myright.se\/#website","url":"https:\/\/myright.se\/","name":"MyRight","description":"","publisher":{"@id":"https:\/\/myright.se\/#organization"},"potentialAction":[{"@type":"SearchAction","target":{"@type":"EntryPoint","urlTemplate":"https:\/\/myright.se\/?s={search_term_string}"},"query-input":{"@type":"PropertyValueSpecification","valueRequired":true,"valueName":"search_term_string"}}],"inLanguage":"en-GB"},{"@type":"Organization","@id":"https:\/\/myright.se\/#organization","name":"MyRight","url":"https:\/\/myright.se\/","logo":{"@type":"ImageObject","inLanguage":"en-GB","@id":"https:\/\/myright.se\/#\/schema\/logo\/image\/","url":"https:\/\/myright.se\/wp-content\/uploads\/2020\/02\/Myright_logo_no_text_bredvid.png","contentUrl":"https:\/\/myright.se\/wp-content\/uploads\/2020\/02\/Myright_logo_no_text_bredvid.png","width":2751,"height":816,"caption":"MyRight"},"image":{"@id":"https:\/\/myright.se\/#\/schema\/logo\/image\/"}}]}},"_links":{"self":[{"href":"https:\/\/myright.se\/en\/wp-json\/wp\/v2\/pages\/19028","targetHints":{"allow":["GET"]}}],"collection":[{"href":"https:\/\/myright.se\/en\/wp-json\/wp\/v2\/pages"}],"about":[{"href":"https:\/\/myright.se\/en\/wp-json\/wp\/v2\/types\/page"}],"author":[{"embeddable":true,"href":"https:\/\/myright.se\/en\/wp-json\/wp\/v2\/users\/2"}],"replies":[{"embeddable":true,"href":"https:\/\/myright.se\/en\/wp-json\/wp\/v2\/comments?post=19028"}],"version-history":[{"count":91,"href":"https:\/\/myright.se\/en\/wp-json\/wp\/v2\/pages\/19028\/revisions"}],"predecessor-version":[{"id":29385,"href":"https:\/\/myright.se\/en\/wp-json\/wp\/v2\/pages\/19028\/revisions\/29385"}],"up":[{"embeddable":true,"href":"https:\/\/myright.se\/en\/wp-json\/wp\/v2\/pages\/12"}],"wp:featuredmedia":[{"embeddable":true,"href":"https:\/\/myright.se\/en\/wp-json\/wp\/v2\/media\/19006"}],"wp:attachment":[{"href":"https:\/\/myright.se\/en\/wp-json\/wp\/v2\/media?parent=19028"}],"curies":[{"name":"wp","href":"https:\/\/api.w.org\/{rel}","templated":true}]}}