{"id":21216,"date":"2022-12-13T14:24:42","date_gmt":"2022-12-13T13:24:42","guid":{"rendered":"https:\/\/myright.se\/?page_id=21216"},"modified":"2022-12-14T10:36:54","modified_gmt":"2022-12-14T09:36:54","slug":"load-on-myright","status":"publish","type":"page","link":"https:\/\/myright.se\/en\/lath-load\/load-on-myright\/","title":{"rendered":"Easy to read about MyRight"},"content":{"rendered":"\t\t<div data-elementor-type=\"wp-page\" data-elementor-id=\"21216\" class=\"elementor elementor-21216\" data-elementor-post-type=\"page\">\n\t\t\t\t\t\t<section class=\"elementor-section elementor-top-section elementor-element elementor-element-1c11324 elementor-section-full_width elementor-section-stretched elementor-section-height-default elementor-section-height-default\" data-id=\"1c11324\" data-element_type=\"section\" data-e-type=\"section\" data-settings=\"{&quot;stretch_section&quot;:&quot;section-stretched&quot;,&quot;background_background&quot;:&quot;classic&quot;}\">\n\t\t\t\t\t\t<div class=\"elementor-container elementor-column-gap-default\">\n\t\t\t\t\t<div class=\"elementor-column elementor-col-100 elementor-top-column elementor-element elementor-element-23bbfad\" data-id=\"23bbfad\" data-element_type=\"column\" data-e-type=\"column\">\n\t\t\t<div class=\"elementor-widget-wrap elementor-element-populated\">\n\t\t\t\t\t\t<div class=\"elementor-element elementor-element-edabc5a elementor-widget elementor-widget-breadcrumbs\" data-id=\"edabc5a\" data-element_type=\"widget\" data-e-type=\"widget\" data-widget_type=\"breadcrumbs.default\">\n\t\t\t\t<div class=\"elementor-widget-container\">\n\t\t\t\t\t<p id=\"breadcrumbs\"><span><span><a href=\"https:\/\/myright.se\/\">Hem<\/a><\/span><\/span><\/p>\t\t\t\t<\/div>\n\t\t\t\t<\/div>\n\t\t\t\t\t<\/div>\n\t\t<\/div>\n\t\t\t\t\t<\/div>\n\t\t<\/section>\n\t\t\t\t<section class=\"elementor-section elementor-top-section elementor-element elementor-element-f91da2d elementor-section-stretched elementor-section-boxed elementor-section-height-default elementor-section-height-default\" data-id=\"f91da2d\" data-element_type=\"section\" data-e-type=\"section\" data-settings=\"{&quot;stretch_section&quot;:&quot;section-stretched&quot;,&quot;background_background&quot;:&quot;classic&quot;}\">\n\t\t\t\t\t\t<div class=\"elementor-container elementor-column-gap-wider\">\n\t\t\t\t\t<div class=\"elementor-column elementor-col-66 elementor-top-column elementor-element elementor-element-6a77bea\" data-id=\"6a77bea\" data-element_type=\"column\" data-e-type=\"column\">\n\t\t\t<div class=\"elementor-widget-wrap elementor-element-populated\">\n\t\t\t\t\t\t<div class=\"elementor-element elementor-element-2f19ddd elementor-widget elementor-widget-text-editor\" data-id=\"2f19ddd\" data-element_type=\"widget\" data-e-type=\"widget\" data-widget_type=\"text-editor.default\">\n\t\t\t\t<div class=\"elementor-widget-container\">\n\t\t\t\t\t\t\t\t\t<h2><strong>Om MyRight <\/strong><\/h2><p>MyRight \u00e4r en svensk organisation.<\/p><p>MyRight vill att alla m\u00e4nniskor i v\u00e4rlden<br \/>som har en funktionsneds\u00e4ttning<br \/>ska slippa vara fattiga.<br \/>Och att de ska f\u00e5 leva ett bra liv.<\/p><p>MyRight vill att m\u00e4nniskor med funktionsneds\u00e4ttning ska <br \/>f\u00e5 best\u00e4mma mer \u00f6ver sina egna liv.<\/p><h2><a name=\"_Toc113021146\"><\/a><strong>MyRight jobbar i de h\u00e4r l\u00e4nderna<\/strong><\/h2><p>Bolivia<br \/>Nicaragua<br \/>Ghana<br \/>Namibia<br \/>Rwanda<br \/>Tanzania<br \/>Sverige<br \/>Bosnien-Hercegovina<br \/>Nepal<br \/>Sri Lanka<\/p><h2><a name=\"_Toc113021147\"><\/a><strong>MyRights medlemsorganisationer<\/strong><\/h2><p>Det \u00e4r bara organisationer som kan vara medlemmar i MyRight.<\/p><p>MyRight har 18 medlemsorganisationer.<\/p><p>De har tillsammans 220 tusen medlemmar.<\/p><p><strong>Det h\u00e4r \u00e4r MyRights medlemsorganisationer:<\/strong><\/p><ul><li><a href=\"http:\/\/www.astmaoallergiforbundet.se\/\" target=\"_blank\" rel=\"noopener\">Astma- och Allergif\u00f6rbundet<\/a><\/li><li><a href=\"http:\/\/www.autism.se\/\" target=\"_blank\" rel=\"noopener\">Autism Sverige<\/a><\/li><li><a href=\"http:\/\/www.dhr.se\/\">DHR \u2013 Delaktighet, Handlingskraft, R\u00f6relsefrihet<\/a><\/li><li><a href=\"http:\/\/www.fbis.se\/\">FBiS \u2013 F\u00f6rbundet Bl\u00f6darsjuka i Sverige<\/a><\/li><li><a href=\"http:\/\/www.fsdb.org\/\">FSDB \u2013 F\u00f6rbundet Sveriges D\u00f6vblinda<\/a><\/li><li><a href=\"http:\/\/www.fub.se\/\">Riksf\u00f6rbundet FUB<br \/><\/a><\/li><li><a href=\"http:\/\/ungarorelsehindrade.se\/\">F\u00f6rbundet Unga R\u00f6relsehindrade<\/a><\/li><li><a href=\"https:\/\/www.grunden.org\/\">Riksf\u00f6rbundet Grunden<br \/><\/a><\/li><li><a href=\"http:\/\/www.hjart-lung.se\/\">Riksf\u00f6rbundet Hj\u00e4rtLung<br \/><\/a><\/li><li><a href=\"https:\/\/hrf.se\/\">HRF \u2013 H\u00f6rselskadades Riksf\u00f6rbund<\/a><a href=\"http:\/\/www.hrf.se\/\"><br \/><\/a><\/li><li><a href=\"http:\/\/www.rbu.se\/\">RBU \u2013 Riksf\u00f6rbundet f\u00f6r R\u00f6relsehindrade Barn och Ungdomar<\/a><\/li><li><a href=\"http:\/\/www.reumatikerforbundet.org\/\">Reumatikerf\u00f6rbundet<\/a><\/li><li><a href=\"http:\/\/www.rsmh.se\/\">RSMH \u2013 Riksf\u00f6rbundet f\u00f6r Social och Mental H\u00e4lsa<br \/><\/a><\/li><li><a href=\"http:\/\/www.sdr.org\/\">SDR \u2013 Sveriges D\u00f6vas Riksf\u00f6rbund<\/a><\/li><li><a href=\"http:\/\/www.srfriks.org\/\">SRF \u2013 Synskadades Riksf\u00f6rbund<\/a><\/li><li><a href=\"http:\/\/stil.se\/\">STIL \u2013 Stiftarna av Independent Living i Sverige<br \/><\/a><\/li><li><a href=\"http:\/\/www.uh.se\/\">UH \u2013 Unga H\u00f6rselskadade<\/a><a href=\"http:\/\/ungarorelsehindrade.se\/\"><br \/><\/a><\/li><li><a href=\"https:\/\/ungsyn.se\/\">US \u2013 Riksorganisationen Unga med synneds\u00e4ttning<\/a><\/li><\/ul><h3><strong>Vill din organisation bli medlem?<\/strong><\/h3><p>\u00c4r du med i en svensk organisation<br \/>som hj\u00e4lper personer med funktionsneds\u00e4ttning?<\/p><p>Mejla <a href=\"mailto:info@myright.se\">info@myright.se<\/a> om ni vill bli medlemmar i MyRight.<\/p>\t\t\t\t\t\t\t\t<\/div>\n\t\t\t\t<\/div>\n\t\t\t\t\t<\/div>\n\t\t<\/div>\n\t\t\t\t<div class=\"elementor-column elementor-col-33 elementor-top-column elementor-element elementor-element-9c1e5d5\" data-id=\"9c1e5d5\" data-element_type=\"column\" data-e-type=\"column\">\n\t\t\t<div class=\"elementor-widget-wrap elementor-element-populated\">\n\t\t\t\t\t\t<div class=\"elementor-element elementor-element-277b79f elementor-toc--minimized-on-tablet elementor-widget elementor-widget-table-of-contents\" data-id=\"277b79f\" data-element_type=\"widget\" data-e-type=\"widget\" data-settings=\"{&quot;exclude_headings_by_selector&quot;:[],&quot;headings_by_tags&quot;:[&quot;h2&quot;,&quot;h3&quot;],&quot;marker_view&quot;:&quot;numbers&quot;,&quot;no_headings_message&quot;:&quot;Inga rubriker hittades p\\u00e5 denna sida.&quot;,&quot;minimize_box&quot;:&quot;yes&quot;,&quot;minimized_on&quot;:&quot;tablet&quot;,&quot;hierarchical_view&quot;:&quot;yes&quot;,&quot;min_height&quot;:{&quot;unit&quot;:&quot;px&quot;,&quot;size&quot;:&quot;&quot;,&quot;sizes&quot;:[]},&quot;min_height_tablet&quot;:{&quot;unit&quot;:&quot;px&quot;,&quot;size&quot;:&quot;&quot;,&quot;sizes&quot;:[]},&quot;min_height_mobile&quot;:{&quot;unit&quot;:&quot;px&quot;,&quot;size&quot;:&quot;&quot;,&quot;sizes&quot;:[]}}\" data-widget_type=\"table-of-contents.default\">\n\t\t\t\t<div class=\"elementor-widget-container\">\n\t\t\t\t\t\t\t\t\t<div class=\"elementor-toc__header\">\n\t\t\t\t\t\t<h4 class=\"elementor-toc__header-title\">\n\t\t\t\tInneh\u00e5llsf\u00f6rteckning\t\t\t<\/h4>\n\t\t\t\t\t\t\t\t\t\t<div class=\"elementor-toc__toggle-button elementor-toc__toggle-button--expand\" role=\"button\" tabindex=\"0\" aria-controls=\"elementor-toc__277b79f\" aria-expanded=\"true\" aria-label=\"\u00d6ppna inneh\u00e5llsf\u00f6rteckningen\"><i aria-hidden=\"true\" class=\"fas fa-chevron-down\"><\/i><\/div>\n\t\t\t\t<div class=\"elementor-toc__toggle-button elementor-toc__toggle-button--collapse\" role=\"button\" tabindex=\"0\" aria-controls=\"elementor-toc__277b79f\" aria-expanded=\"true\" aria-label=\"St\u00e4ng inneh\u00e5llsf\u00f6rteckning\"><i aria-hidden=\"true\" class=\"fas fa-chevron-up\"><\/i><\/div>\n\t\t\t\t\t<\/div>\n\t\t\t\t<div id=\"elementor-toc__277b79f\" class=\"elementor-toc__body\">\n\t\t\t<div class=\"elementor-toc__spinner-container\">\n\t\t\t\t<i class=\"elementor-toc__spinner eicon-animation-spin eicon-loading\" aria-hidden=\"true\"><\/i>\t\t\t<\/div>\n\t\t<\/div>\n\t\t\t\t\t\t<\/div>\n\t\t\t\t<\/div>\n\t\t\t\t<div class=\"elementor-element elementor-element-3be7b17 elementor-widget elementor-widget-spacer\" data-id=\"3be7b17\" data-element_type=\"widget\" data-e-type=\"widget\" data-widget_type=\"spacer.default\">\n\t\t\t\t<div class=\"elementor-widget-container\">\n\t\t\t\t\t\t\t<div class=\"elementor-spacer\">\n\t\t\t<div class=\"elementor-spacer-inner\"><\/div>\n\t\t<\/div>\n\t\t\t\t\t\t<\/div>\n\t\t\t\t<\/div>\n\t\t\t\t\t<\/div>\n\t\t<\/div>\n\t\t\t\t\t<\/div>\n\t\t<\/section>\n\t\t\t\t<\/div>\n\t\t","protected":false},"excerpt":{"rendered":"<p>Om MyRight MyRight \u00e4r en svensk organisation. MyRight vill att alla m\u00e4nniskor i v\u00e4rlden som har en funktionsneds\u00e4ttning ska slippa vara fattiga. Och att de ska f\u00e5 leva ett bra liv. MyRight vill att m\u00e4nniskor med funktionsneds\u00e4ttning ska f\u00e5 best\u00e4mma mer \u00f6ver sina egna liv. MyRight jobbar i de h\u00e4r l\u00e4nderna Bolivia Nicaragua Ghana Namibia [&hellip;]<\/p>\n","protected":false},"author":2,"featured_media":21217,"parent":21206,"menu_order":0,"comment_status":"closed","ping_status":"closed","template":"","meta":{"footnotes":""},"class_list":["post-21216","page","type-page","status-publish","has-post-thumbnail","hentry"],"yoast_head":"<!-- This site is optimized with the Yoast SEO plugin v27.4 - https:\/\/yoast.com\/product\/yoast-seo-wordpress\/ -->\n<title>L\u00e4ttl\u00e4st om MyRight - MyRight<\/title>\n<meta name=\"robots\" content=\"index, follow, max-snippet:-1, max-image-preview:large, max-video-preview:-1\" \/>\n<link rel=\"canonical\" href=\"https:\/\/myright.se\/en\/lath-load\/load-on-myright\/\" \/>\n<meta property=\"og:locale\" content=\"en_GB\" \/>\n<meta property=\"og:type\" content=\"article\" \/>\n<meta property=\"og:title\" content=\"L\u00e4ttl\u00e4st om MyRight - MyRight\" \/>\n<meta property=\"og:description\" content=\"Om MyRight MyRight \u00e4r en svensk organisation. MyRight vill att alla m\u00e4nniskor i v\u00e4rlden som har en funktionsneds\u00e4ttning ska slippa vara fattiga. Och att de ska f\u00e5 leva ett bra liv. MyRight vill att m\u00e4nniskor med funktionsneds\u00e4ttning ska f\u00e5 best\u00e4mma mer \u00f6ver sina egna liv. MyRight jobbar i de h\u00e4r l\u00e4nderna Bolivia Nicaragua Ghana Namibia [&hellip;]\" \/>\n<meta property=\"og:url\" content=\"https:\/\/myright.se\/en\/lath-load\/load-on-myright\/\" \/>\n<meta property=\"og:site_name\" content=\"MyRight\" \/>\n<meta property=\"article:modified_time\" content=\"2022-12-14T09:36:54+00:00\" \/>\n<meta property=\"og:image\" content=\"https:\/\/myright.se\/wp-content\/uploads\/2022\/12\/LATTLAST-1.png\" \/>\n\t<meta property=\"og:image:width\" content=\"1200\" \/>\n\t<meta property=\"og:image:height\" content=\"628\" \/>\n\t<meta property=\"og:image:type\" content=\"image\/png\" \/>\n<meta name=\"twitter:card\" content=\"summary_large_image\" \/>\n<meta name=\"twitter:label1\" content=\"Estimated reading time\" \/>\n\t<meta name=\"twitter:data1\" content=\"1 minute\" \/>\n<script type=\"application\/ld+json\" class=\"yoast-schema-graph\">{\"@context\":\"https:\\\/\\\/schema.org\",\"@graph\":[{\"@type\":\"WebPage\",\"@id\":\"https:\\\/\\\/myright.se\\\/lattlast\\\/lattlast-om-myright\\\/\",\"url\":\"https:\\\/\\\/myright.se\\\/lattlast\\\/lattlast-om-myright\\\/\",\"name\":\"L\u00e4ttl\u00e4st om MyRight - MyRight\",\"isPartOf\":{\"@id\":\"https:\\\/\\\/myright.se\\\/#website\"},\"primaryImageOfPage\":{\"@id\":\"https:\\\/\\\/myright.se\\\/lattlast\\\/lattlast-om-myright\\\/#primaryimage\"},\"image\":{\"@id\":\"https:\\\/\\\/myright.se\\\/lattlast\\\/lattlast-om-myright\\\/#primaryimage\"},\"thumbnailUrl\":\"https:\\\/\\\/myright.se\\\/wp-content\\\/uploads\\\/2022\\\/12\\\/LATTLAST-1.png\",\"datePublished\":\"2022-12-13T13:24:42+00:00\",\"dateModified\":\"2022-12-14T09:36:54+00:00\",\"breadcrumb\":{\"@id\":\"https:\\\/\\\/myright.se\\\/lattlast\\\/lattlast-om-myright\\\/#breadcrumb\"},\"inLanguage\":\"en-GB\",\"potentialAction\":[{\"@type\":\"ReadAction\",\"target\":[\"https:\\\/\\\/myright.se\\\/lattlast\\\/lattlast-om-myright\\\/\"]}]},{\"@type\":\"ImageObject\",\"inLanguage\":\"en-GB\",\"@id\":\"https:\\\/\\\/myright.se\\\/lattlast\\\/lattlast-om-myright\\\/#primaryimage\",\"url\":\"https:\\\/\\\/myright.se\\\/wp-content\\\/uploads\\\/2022\\\/12\\\/LATTLAST-1.png\",\"contentUrl\":\"https:\\\/\\\/myright.se\\\/wp-content\\\/uploads\\\/2022\\\/12\\\/LATTLAST-1.png\",\"width\":1200,\"height\":628,\"caption\":\"l\u00e4ttl\u00e4st om myright\"},{\"@type\":\"BreadcrumbList\",\"@id\":\"https:\\\/\\\/myright.se\\\/lattlast\\\/lattlast-om-myright\\\/#breadcrumb\",\"itemListElement\":[{\"@type\":\"ListItem\",\"position\":1,\"name\":\"Hem\",\"item\":\"https:\\\/\\\/myright.se\\\/\"},{\"@type\":\"ListItem\",\"position\":2,\"name\":\"L\u00e4ttl\u00e4st\",\"item\":\"https:\\\/\\\/myright.se\\\/lattlast\\\/\"},{\"@type\":\"ListItem\",\"position\":3,\"name\":\"L\u00e4ttl\u00e4st om MyRight\"}]},{\"@type\":\"WebSite\",\"@id\":\"https:\\\/\\\/myright.se\\\/#website\",\"url\":\"https:\\\/\\\/myright.se\\\/\",\"name\":\"MyRight\",\"description\":\"\",\"publisher\":{\"@id\":\"https:\\\/\\\/myright.se\\\/#organization\"},\"potentialAction\":[{\"@type\":\"SearchAction\",\"target\":{\"@type\":\"EntryPoint\",\"urlTemplate\":\"https:\\\/\\\/myright.se\\\/?s={search_term_string}\"},\"query-input\":{\"@type\":\"PropertyValueSpecification\",\"valueRequired\":true,\"valueName\":\"search_term_string\"}}],\"inLanguage\":\"en-GB\"},{\"@type\":\"Organization\",\"@id\":\"https:\\\/\\\/myright.se\\\/#organization\",\"name\":\"MyRight\",\"url\":\"https:\\\/\\\/myright.se\\\/\",\"logo\":{\"@type\":\"ImageObject\",\"inLanguage\":\"en-GB\",\"@id\":\"https:\\\/\\\/myright.se\\\/#\\\/schema\\\/logo\\\/image\\\/\",\"url\":\"https:\\\/\\\/myright.se\\\/wp-content\\\/uploads\\\/2020\\\/02\\\/Myright_logo_no_text_bredvid.png\",\"contentUrl\":\"https:\\\/\\\/myright.se\\\/wp-content\\\/uploads\\\/2020\\\/02\\\/Myright_logo_no_text_bredvid.png\",\"width\":2751,\"height\":816,\"caption\":\"MyRight\"},\"image\":{\"@id\":\"https:\\\/\\\/myright.se\\\/#\\\/schema\\\/logo\\\/image\\\/\"}}]}<\/script>\n<!-- \/ Yoast SEO plugin. -->","yoast_head_json":{"title":"Easy to read about MyRight - MyRight","robots":{"index":"index","follow":"follow","max-snippet":"max-snippet:-1","max-image-preview":"max-image-preview:large","max-video-preview":"max-video-preview:-1"},"canonical":"https:\/\/myright.se\/en\/lath-load\/load-on-myright\/","og_locale":"en_GB","og_type":"article","og_title":"L\u00e4ttl\u00e4st om MyRight - MyRight","og_description":"Om MyRight MyRight \u00e4r en svensk organisation. MyRight vill att alla m\u00e4nniskor i v\u00e4rlden som har en funktionsneds\u00e4ttning ska slippa vara fattiga. Och att de ska f\u00e5 leva ett bra liv. MyRight vill att m\u00e4nniskor med funktionsneds\u00e4ttning ska f\u00e5 best\u00e4mma mer \u00f6ver sina egna liv. MyRight jobbar i de h\u00e4r l\u00e4nderna Bolivia Nicaragua Ghana Namibia [&hellip;]","og_url":"https:\/\/myright.se\/en\/lath-load\/load-on-myright\/","og_site_name":"MyRight","article_modified_time":"2022-12-14T09:36:54+00:00","og_image":[{"width":1200,"height":628,"url":"https:\/\/myright.se\/wp-content\/uploads\/2022\/12\/LATTLAST-1.png","type":"image\/png"}],"twitter_card":"summary_large_image","twitter_misc":{"Estimated reading time":"1 minute"},"schema":{"@context":"https:\/\/schema.org","@graph":[{"@type":"WebPage","@id":"https:\/\/myright.se\/lattlast\/lattlast-om-myright\/","url":"https:\/\/myright.se\/lattlast\/lattlast-om-myright\/","name":"Easy to read about MyRight - MyRight","isPartOf":{"@id":"https:\/\/myright.se\/#website"},"primaryImageOfPage":{"@id":"https:\/\/myright.se\/lattlast\/lattlast-om-myright\/#primaryimage"},"image":{"@id":"https:\/\/myright.se\/lattlast\/lattlast-om-myright\/#primaryimage"},"thumbnailUrl":"https:\/\/myright.se\/wp-content\/uploads\/2022\/12\/LATTLAST-1.png","datePublished":"2022-12-13T13:24:42+00:00","dateModified":"2022-12-14T09:36:54+00:00","breadcrumb":{"@id":"https:\/\/myright.se\/lattlast\/lattlast-om-myright\/#breadcrumb"},"inLanguage":"en-GB","potentialAction":[{"@type":"ReadAction","target":["https:\/\/myright.se\/lattlast\/lattlast-om-myright\/"]}]},{"@type":"ImageObject","inLanguage":"en-GB","@id":"https:\/\/myright.se\/lattlast\/lattlast-om-myright\/#primaryimage","url":"https:\/\/myright.se\/wp-content\/uploads\/2022\/12\/LATTLAST-1.png","contentUrl":"https:\/\/myright.se\/wp-content\/uploads\/2022\/12\/LATTLAST-1.png","width":1200,"height":628,"caption":"l\u00e4ttl\u00e4st om myright"},{"@type":"BreadcrumbList","@id":"https:\/\/myright.se\/lattlast\/lattlast-om-myright\/#breadcrumb","itemListElement":[{"@type":"ListItem","position":1,"name":"Hem","item":"https:\/\/myright.se\/"},{"@type":"ListItem","position":2,"name":"L\u00e4ttl\u00e4st","item":"https:\/\/myright.se\/lattlast\/"},{"@type":"ListItem","position":3,"name":"L\u00e4ttl\u00e4st om MyRight"}]},{"@type":"WebSite","@id":"https:\/\/myright.se\/#website","url":"https:\/\/myright.se\/","name":"MyRight","description":"","publisher":{"@id":"https:\/\/myright.se\/#organization"},"potentialAction":[{"@type":"SearchAction","target":{"@type":"EntryPoint","urlTemplate":"https:\/\/myright.se\/?s={search_term_string}"},"query-input":{"@type":"PropertyValueSpecification","valueRequired":true,"valueName":"search_term_string"}}],"inLanguage":"en-GB"},{"@type":"Organization","@id":"https:\/\/myright.se\/#organization","name":"MyRight","url":"https:\/\/myright.se\/","logo":{"@type":"ImageObject","inLanguage":"en-GB","@id":"https:\/\/myright.se\/#\/schema\/logo\/image\/","url":"https:\/\/myright.se\/wp-content\/uploads\/2020\/02\/Myright_logo_no_text_bredvid.png","contentUrl":"https:\/\/myright.se\/wp-content\/uploads\/2020\/02\/Myright_logo_no_text_bredvid.png","width":2751,"height":816,"caption":"MyRight"},"image":{"@id":"https:\/\/myright.se\/#\/schema\/logo\/image\/"}}]}},"_links":{"self":[{"href":"https:\/\/myright.se\/en\/wp-json\/wp\/v2\/pages\/21216","targetHints":{"allow":["GET"]}}],"collection":[{"href":"https:\/\/myright.se\/en\/wp-json\/wp\/v2\/pages"}],"about":[{"href":"https:\/\/myright.se\/en\/wp-json\/wp\/v2\/types\/page"}],"author":[{"embeddable":true,"href":"https:\/\/myright.se\/en\/wp-json\/wp\/v2\/users\/2"}],"replies":[{"embeddable":true,"href":"https:\/\/myright.se\/en\/wp-json\/wp\/v2\/comments?post=21216"}],"version-history":[{"count":19,"href":"https:\/\/myright.se\/en\/wp-json\/wp\/v2\/pages\/21216\/revisions"}],"predecessor-version":[{"id":21308,"href":"https:\/\/myright.se\/en\/wp-json\/wp\/v2\/pages\/21216\/revisions\/21308"}],"up":[{"embeddable":true,"href":"https:\/\/myright.se\/en\/wp-json\/wp\/v2\/pages\/21206"}],"wp:featuredmedia":[{"embeddable":true,"href":"https:\/\/myright.se\/en\/wp-json\/wp\/v2\/media\/21217"}],"wp:attachment":[{"href":"https:\/\/myright.se\/en\/wp-json\/wp\/v2\/media?parent=21216"}],"curies":[{"name":"wp","href":"https:\/\/api.w.org\/{rel}","templated":true}]}}