{"id":21233,"date":"2022-12-13T15:03:35","date_gmt":"2022-12-13T14:03:35","guid":{"rendered":"https:\/\/myright.se\/?page_id=21233"},"modified":"2022-12-14T10:37:08","modified_gmt":"2022-12-14T09:37:08","slug":"lastly-i-work-with-copyright","status":"publish","type":"page","link":"https:\/\/myright.se\/en\/lath-load\/lastly-i-work-with-copyright\/","title":{"rendered":"Easy to read, that&#039;s how MyRight works"},"content":{"rendered":"\t\t<div data-elementor-type=\"wp-page\" data-elementor-id=\"21233\" class=\"elementor elementor-21233\" data-elementor-post-type=\"page\">\n\t\t\t\t\t\t<section class=\"elementor-section elementor-top-section elementor-element elementor-element-3b96e56 elementor-section-full_width elementor-section-stretched elementor-section-height-default elementor-section-height-default\" data-id=\"3b96e56\" data-element_type=\"section\" data-e-type=\"section\" data-settings=\"{&quot;stretch_section&quot;:&quot;section-stretched&quot;,&quot;background_background&quot;:&quot;classic&quot;}\">\n\t\t\t\t\t\t<div class=\"elementor-container elementor-column-gap-default\">\n\t\t\t\t\t<div class=\"elementor-column elementor-col-100 elementor-top-column elementor-element elementor-element-57f61f4\" data-id=\"57f61f4\" data-element_type=\"column\" data-e-type=\"column\">\n\t\t\t<div class=\"elementor-widget-wrap elementor-element-populated\">\n\t\t\t\t\t\t<div class=\"elementor-element elementor-element-ba1e1ba elementor-widget elementor-widget-breadcrumbs\" data-id=\"ba1e1ba\" data-element_type=\"widget\" data-e-type=\"widget\" data-widget_type=\"breadcrumbs.default\">\n\t\t\t\t<div class=\"elementor-widget-container\">\n\t\t\t\t\t<p id=\"breadcrumbs\"><span><span><a href=\"https:\/\/myright.se\/\">Hem<\/a><\/span><\/span><\/p>\t\t\t\t<\/div>\n\t\t\t\t<\/div>\n\t\t\t\t\t<\/div>\n\t\t<\/div>\n\t\t\t\t\t<\/div>\n\t\t<\/section>\n\t\t\t\t<section class=\"elementor-section elementor-top-section elementor-element elementor-element-e5d12a2 elementor-section-stretched elementor-section-boxed elementor-section-height-default elementor-section-height-default\" data-id=\"e5d12a2\" data-element_type=\"section\" data-e-type=\"section\" data-settings=\"{&quot;stretch_section&quot;:&quot;section-stretched&quot;,&quot;background_background&quot;:&quot;classic&quot;}\">\n\t\t\t\t\t\t<div class=\"elementor-container elementor-column-gap-wider\">\n\t\t\t\t\t<div class=\"elementor-column elementor-col-66 elementor-top-column elementor-element elementor-element-2ef3050\" data-id=\"2ef3050\" data-element_type=\"column\" data-e-type=\"column\">\n\t\t\t<div class=\"elementor-widget-wrap elementor-element-populated\">\n\t\t\t\t\t\t<div class=\"elementor-element elementor-element-188837a elementor-widget elementor-widget-text-editor\" data-id=\"188837a\" data-element_type=\"widget\" data-e-type=\"widget\" data-widget_type=\"text-editor.default\">\n\t\t\t\t<div class=\"elementor-widget-container\">\n\t\t\t\t\t\t\t\t\t<h2><strong>S\u00e5 h\u00e4r jobbar MyRight<\/strong><\/h2><p>Ingen ska beh\u00f6va vara fattig\u00a0\u00a0<br \/>eller k\u00e4nna sig utanf\u00f6r.<br \/>MyRight arbetar<br \/>f\u00f6r att livet ska bli b\u00e4ttre<br \/>f\u00f6r personer med funktionsneds\u00e4ttning.<br \/>Var de \u00e4n bor.<\/p><p>Vi arbetar i alla v\u00e4rldsdelar och mest<br \/>i fattiga l\u00e4nder.<br \/><br \/>MyRight hj\u00e4lper organisationer och<br \/>m\u00e4nniskor med funktionsneds\u00e4ttning<br \/>i fattiga l\u00e4nder<br \/>att f\u00f6rst\u00e5 sina r\u00e4ttigheter<br \/>och s\u00e4ga vad de beh\u00f6ver.<\/p><p>MyRight vill att fler m\u00e4nniskor<br \/>l\u00e4r sig om m\u00e4nskliga r\u00e4ttigheter<br \/>f\u00f6r personer med funktionsneds\u00e4ttning.<\/p><p>MyRight arbetar med <br \/>lagar och politik<br \/>som kan g\u00f6ra samh\u00e4llet b\u00e4ttre<br \/>f\u00f6r personer med funktionsneds\u00e4ttning.<\/p><p>Vi vill att fler ska veta<br \/>hur det \u00e4r att ha en funktionsneds\u00e4ttning<br \/>i ett fattigt land.<br \/>Och att fler ska arbeta f\u00f6r att det ska bli r\u00e4ttvist f\u00f6r alla.<br \/>D\u00e4rf\u00f6r ber\u00e4ttar vi om det vi har<br \/>sett och l\u00e4rt oss f\u00f6r politiker i Sverige.<br \/>Vi ber\u00e4ttar ocks\u00e5 f\u00f6r andra som jobbar<br \/>med att g\u00f6ra det b\u00e4ttre och mer r\u00e4ttvist i v\u00e4rlden.<\/p><h2><strong>MyRight jobbar tillsammans med andra<\/strong><\/h2><p>Det finns organisationer i andra l\u00e4nder<br \/>som hj\u00e4lper personer med funktionsneds\u00e4ttning.<br \/>MyRight samarbetar med dom.\u00a0<\/p><p>Vi ger st\u00f6d och utbildning till organisationerna.<br \/>Vi i Sverige l\u00e4r oss mycket av dom.<\/p><p>Det \u00e4r viktigt att det finns organisationer<br \/>f\u00f6r personer med funktionsneds\u00e4ttning.<br \/>D\u00e5 kan fler leva bra liv utan fattigdom.<\/p><p>G\u00f6ran Alfredsson \u00e4r ordf\u00f6rande f\u00f6r MyRight.<br \/>Han s\u00e4ger:<\/p><p>\u201dVi i MyRight vill visa<br \/>hur viktigt det \u00e4r att ha bra organisationer<br \/>f\u00f6r oss med funktionsneds\u00e4ttning.<br \/>D\u00e5 kan vi f\u00e5 mer makt \u00f6ver v\u00e5ra egna liv.<br \/>Starka organisationer g\u00f6r oss mer sj\u00e4lvst\u00e4ndiga,<br \/>fria och delaktiga.<br \/>Det g\u00e4ller i Sverige och i hela v\u00e4rlden.\u201d<\/p><h2><strong>MyRight arbetar f\u00f6r m\u00e4nskliga r\u00e4ttigheter <\/strong><\/h2><p>Alla har r\u00e4tt att f\u00e5 best\u00e4mma \u00f6ver sig sj\u00e4lv.<br \/>En person med funktionsneds\u00e4ttning ska f\u00e5<br \/>best\u00e4mma \u00f6ver sitt eget liv.<\/p><p>N\u00e4r personer med funktionsneds\u00e4ttning f\u00e5r<br \/>g\u00e5 i skolan,<br \/>f\u00e5r r\u00f6sta och<br \/>f\u00e5r best\u00e4mma \u00f6ver sina egna liv<br \/>blir de mindre fattiga.<\/p><p>Alla l\u00e4nder m\u00e5ste skydda de som bor d\u00e4r.<br \/>Och se till att alla m\u00e4nniskor m\u00e5r bra.<br \/>Och f\u00e5r s\u00e4ga vad de tycker.<\/p>\t\t\t\t\t\t\t\t<\/div>\n\t\t\t\t<\/div>\n\t\t\t\t\t<\/div>\n\t\t<\/div>\n\t\t\t\t<div class=\"elementor-column elementor-col-33 elementor-top-column elementor-element elementor-element-066fe06\" data-id=\"066fe06\" data-element_type=\"column\" data-e-type=\"column\">\n\t\t\t<div class=\"elementor-widget-wrap elementor-element-populated\">\n\t\t\t\t\t\t<div class=\"elementor-element elementor-element-9544fd1 elementor-toc--minimized-on-tablet elementor-widget elementor-widget-table-of-contents\" data-id=\"9544fd1\" data-element_type=\"widget\" data-e-type=\"widget\" data-settings=\"{&quot;exclude_headings_by_selector&quot;:[],&quot;headings_by_tags&quot;:[&quot;h2&quot;],&quot;marker_view&quot;:&quot;numbers&quot;,&quot;no_headings_message&quot;:&quot;Inga rubriker hittades p\\u00e5 denna sida.&quot;,&quot;minimize_box&quot;:&quot;yes&quot;,&quot;minimized_on&quot;:&quot;tablet&quot;,&quot;hierarchical_view&quot;:&quot;yes&quot;,&quot;min_height&quot;:{&quot;unit&quot;:&quot;px&quot;,&quot;size&quot;:&quot;&quot;,&quot;sizes&quot;:[]},&quot;min_height_tablet&quot;:{&quot;unit&quot;:&quot;px&quot;,&quot;size&quot;:&quot;&quot;,&quot;sizes&quot;:[]},&quot;min_height_mobile&quot;:{&quot;unit&quot;:&quot;px&quot;,&quot;size&quot;:&quot;&quot;,&quot;sizes&quot;:[]}}\" data-widget_type=\"table-of-contents.default\">\n\t\t\t\t<div class=\"elementor-widget-container\">\n\t\t\t\t\t\t\t\t\t<div class=\"elementor-toc__header\">\n\t\t\t\t\t\t<h4 class=\"elementor-toc__header-title\">\n\t\t\t\tInneh\u00e5llsf\u00f6rteckning\t\t\t<\/h4>\n\t\t\t\t\t\t\t\t\t\t<div class=\"elementor-toc__toggle-button elementor-toc__toggle-button--expand\" role=\"button\" tabindex=\"0\" aria-controls=\"elementor-toc__9544fd1\" aria-expanded=\"true\" aria-label=\"\u00d6ppna inneh\u00e5llsf\u00f6rteckningen\"><i aria-hidden=\"true\" class=\"fas fa-chevron-down\"><\/i><\/div>\n\t\t\t\t<div class=\"elementor-toc__toggle-button elementor-toc__toggle-button--collapse\" role=\"button\" tabindex=\"0\" aria-controls=\"elementor-toc__9544fd1\" aria-expanded=\"true\" aria-label=\"St\u00e4ng inneh\u00e5llsf\u00f6rteckning\"><i aria-hidden=\"true\" class=\"fas fa-chevron-up\"><\/i><\/div>\n\t\t\t\t\t<\/div>\n\t\t\t\t<div id=\"elementor-toc__9544fd1\" class=\"elementor-toc__body\">\n\t\t\t<div class=\"elementor-toc__spinner-container\">\n\t\t\t\t<i class=\"elementor-toc__spinner eicon-animation-spin eicon-loading\" aria-hidden=\"true\"><\/i>\t\t\t<\/div>\n\t\t<\/div>\n\t\t\t\t\t\t<\/div>\n\t\t\t\t<\/div>\n\t\t\t\t<div class=\"elementor-element elementor-element-fe5596d elementor-widget elementor-widget-spacer\" data-id=\"fe5596d\" data-element_type=\"widget\" data-e-type=\"widget\" data-widget_type=\"spacer.default\">\n\t\t\t\t<div class=\"elementor-widget-container\">\n\t\t\t\t\t\t\t<div class=\"elementor-spacer\">\n\t\t\t<div class=\"elementor-spacer-inner\"><\/div>\n\t\t<\/div>\n\t\t\t\t\t\t<\/div>\n\t\t\t\t<\/div>\n\t\t\t\t\t<\/div>\n\t\t<\/div>\n\t\t\t\t\t<\/div>\n\t\t<\/section>\n\t\t\t\t<\/div>\n\t\t","protected":false},"excerpt":{"rendered":"<p>S\u00e5 h\u00e4r jobbar MyRight Ingen ska beh\u00f6va vara fattig&nbsp;&nbsp; eller k\u00e4nna sig utanf\u00f6r. MyRight arbetar f\u00f6r att livet ska bli b\u00e4ttre f\u00f6r personer med funktionsneds\u00e4ttning. Var de \u00e4n bor. Vi arbetar i alla v\u00e4rldsdelar och mest i fattiga l\u00e4nder. MyRight hj\u00e4lper organisationer och m\u00e4nniskor med funktionsneds\u00e4ttning i fattiga l\u00e4nder att f\u00f6rst\u00e5 sina r\u00e4ttigheter och s\u00e4ga [&hellip;]<\/p>\n","protected":false},"author":2,"featured_media":21235,"parent":21206,"menu_order":0,"comment_status":"closed","ping_status":"closed","template":"","meta":{"footnotes":""},"class_list":["post-21233","page","type-page","status-publish","has-post-thumbnail","hentry"],"yoast_head":"<!-- This site is optimized with the Yoast SEO plugin v27.4 - https:\/\/yoast.com\/product\/yoast-seo-wordpress\/ -->\n<title>L\u00e4ttl\u00e4st s\u00e5 jobbar MyRight - MyRight<\/title>\n<meta name=\"robots\" content=\"index, follow, max-snippet:-1, max-image-preview:large, max-video-preview:-1\" \/>\n<link rel=\"canonical\" href=\"https:\/\/myright.se\/en\/lath-load\/lastly-i-work-with-copyright\/\" \/>\n<meta property=\"og:locale\" content=\"en_GB\" \/>\n<meta property=\"og:type\" content=\"article\" \/>\n<meta property=\"og:title\" content=\"L\u00e4ttl\u00e4st s\u00e5 jobbar MyRight - MyRight\" \/>\n<meta property=\"og:description\" content=\"S\u00e5 h\u00e4r jobbar MyRight Ingen ska beh\u00f6va vara fattig&nbsp;&nbsp; eller k\u00e4nna sig utanf\u00f6r. MyRight arbetar f\u00f6r att livet ska bli b\u00e4ttre f\u00f6r personer med funktionsneds\u00e4ttning. Var de \u00e4n bor. Vi arbetar i alla v\u00e4rldsdelar och mest i fattiga l\u00e4nder. MyRight hj\u00e4lper organisationer och m\u00e4nniskor med funktionsneds\u00e4ttning i fattiga l\u00e4nder att f\u00f6rst\u00e5 sina r\u00e4ttigheter och s\u00e4ga [&hellip;]\" \/>\n<meta property=\"og:url\" content=\"https:\/\/myright.se\/en\/lath-load\/lastly-i-work-with-copyright\/\" \/>\n<meta property=\"og:site_name\" content=\"MyRight\" \/>\n<meta property=\"article:modified_time\" content=\"2022-12-14T09:37:08+00:00\" \/>\n<meta property=\"og:image\" content=\"https:\/\/myright.se\/wp-content\/uploads\/2022\/12\/LATTLAST-2-1.png\" \/>\n\t<meta property=\"og:image:width\" content=\"1200\" \/>\n\t<meta property=\"og:image:height\" content=\"628\" \/>\n\t<meta property=\"og:image:type\" content=\"image\/png\" \/>\n<meta name=\"twitter:card\" content=\"summary_large_image\" \/>\n<meta name=\"twitter:label1\" content=\"Estimated reading time\" \/>\n\t<meta name=\"twitter:data1\" content=\"2 minutes\" \/>\n<script type=\"application\/ld+json\" class=\"yoast-schema-graph\">{\"@context\":\"https:\\\/\\\/schema.org\",\"@graph\":[{\"@type\":\"WebPage\",\"@id\":\"https:\\\/\\\/myright.se\\\/lattlast\\\/lattlast-sa-jobbar-myright\\\/\",\"url\":\"https:\\\/\\\/myright.se\\\/lattlast\\\/lattlast-sa-jobbar-myright\\\/\",\"name\":\"L\u00e4ttl\u00e4st s\u00e5 jobbar MyRight - MyRight\",\"isPartOf\":{\"@id\":\"https:\\\/\\\/myright.se\\\/#website\"},\"primaryImageOfPage\":{\"@id\":\"https:\\\/\\\/myright.se\\\/lattlast\\\/lattlast-sa-jobbar-myright\\\/#primaryimage\"},\"image\":{\"@id\":\"https:\\\/\\\/myright.se\\\/lattlast\\\/lattlast-sa-jobbar-myright\\\/#primaryimage\"},\"thumbnailUrl\":\"https:\\\/\\\/myright.se\\\/wp-content\\\/uploads\\\/2022\\\/12\\\/LATTLAST-2-1.png\",\"datePublished\":\"2022-12-13T14:03:35+00:00\",\"dateModified\":\"2022-12-14T09:37:08+00:00\",\"breadcrumb\":{\"@id\":\"https:\\\/\\\/myright.se\\\/lattlast\\\/lattlast-sa-jobbar-myright\\\/#breadcrumb\"},\"inLanguage\":\"en-GB\",\"potentialAction\":[{\"@type\":\"ReadAction\",\"target\":[\"https:\\\/\\\/myright.se\\\/lattlast\\\/lattlast-sa-jobbar-myright\\\/\"]}]},{\"@type\":\"ImageObject\",\"inLanguage\":\"en-GB\",\"@id\":\"https:\\\/\\\/myright.se\\\/lattlast\\\/lattlast-sa-jobbar-myright\\\/#primaryimage\",\"url\":\"https:\\\/\\\/myright.se\\\/wp-content\\\/uploads\\\/2022\\\/12\\\/LATTLAST-2-1.png\",\"contentUrl\":\"https:\\\/\\\/myright.se\\\/wp-content\\\/uploads\\\/2022\\\/12\\\/LATTLAST-2-1.png\",\"width\":1200,\"height\":628,\"caption\":\"l\u00e4ttl\u00e4st s\u00e5 jobbar myright\"},{\"@type\":\"BreadcrumbList\",\"@id\":\"https:\\\/\\\/myright.se\\\/lattlast\\\/lattlast-sa-jobbar-myright\\\/#breadcrumb\",\"itemListElement\":[{\"@type\":\"ListItem\",\"position\":1,\"name\":\"Hem\",\"item\":\"https:\\\/\\\/myright.se\\\/\"},{\"@type\":\"ListItem\",\"position\":2,\"name\":\"L\u00e4ttl\u00e4st\",\"item\":\"https:\\\/\\\/myright.se\\\/lattlast\\\/\"},{\"@type\":\"ListItem\",\"position\":3,\"name\":\"L\u00e4ttl\u00e4st s\u00e5 jobbar MyRight\"}]},{\"@type\":\"WebSite\",\"@id\":\"https:\\\/\\\/myright.se\\\/#website\",\"url\":\"https:\\\/\\\/myright.se\\\/\",\"name\":\"MyRight\",\"description\":\"\",\"publisher\":{\"@id\":\"https:\\\/\\\/myright.se\\\/#organization\"},\"potentialAction\":[{\"@type\":\"SearchAction\",\"target\":{\"@type\":\"EntryPoint\",\"urlTemplate\":\"https:\\\/\\\/myright.se\\\/?s={search_term_string}\"},\"query-input\":{\"@type\":\"PropertyValueSpecification\",\"valueRequired\":true,\"valueName\":\"search_term_string\"}}],\"inLanguage\":\"en-GB\"},{\"@type\":\"Organization\",\"@id\":\"https:\\\/\\\/myright.se\\\/#organization\",\"name\":\"MyRight\",\"url\":\"https:\\\/\\\/myright.se\\\/\",\"logo\":{\"@type\":\"ImageObject\",\"inLanguage\":\"en-GB\",\"@id\":\"https:\\\/\\\/myright.se\\\/#\\\/schema\\\/logo\\\/image\\\/\",\"url\":\"https:\\\/\\\/myright.se\\\/wp-content\\\/uploads\\\/2020\\\/02\\\/Myright_logo_no_text_bredvid.png\",\"contentUrl\":\"https:\\\/\\\/myright.se\\\/wp-content\\\/uploads\\\/2020\\\/02\\\/Myright_logo_no_text_bredvid.png\",\"width\":2751,\"height\":816,\"caption\":\"MyRight\"},\"image\":{\"@id\":\"https:\\\/\\\/myright.se\\\/#\\\/schema\\\/logo\\\/image\\\/\"}}]}<\/script>\n<!-- \/ Yoast SEO plugin. -->","yoast_head_json":{"title":"Easy to read, this is how MyRight works - MyRight","robots":{"index":"index","follow":"follow","max-snippet":"max-snippet:-1","max-image-preview":"max-image-preview:large","max-video-preview":"max-video-preview:-1"},"canonical":"https:\/\/myright.se\/en\/lath-load\/lastly-i-work-with-copyright\/","og_locale":"en_GB","og_type":"article","og_title":"L\u00e4ttl\u00e4st s\u00e5 jobbar MyRight - MyRight","og_description":"S\u00e5 h\u00e4r jobbar MyRight Ingen ska beh\u00f6va vara fattig&nbsp;&nbsp; eller k\u00e4nna sig utanf\u00f6r. MyRight arbetar f\u00f6r att livet ska bli b\u00e4ttre f\u00f6r personer med funktionsneds\u00e4ttning. Var de \u00e4n bor. Vi arbetar i alla v\u00e4rldsdelar och mest i fattiga l\u00e4nder. MyRight hj\u00e4lper organisationer och m\u00e4nniskor med funktionsneds\u00e4ttning i fattiga l\u00e4nder att f\u00f6rst\u00e5 sina r\u00e4ttigheter och s\u00e4ga [&hellip;]","og_url":"https:\/\/myright.se\/en\/lath-load\/lastly-i-work-with-copyright\/","og_site_name":"MyRight","article_modified_time":"2022-12-14T09:37:08+00:00","og_image":[{"width":1200,"height":628,"url":"https:\/\/myright.se\/wp-content\/uploads\/2022\/12\/LATTLAST-2-1.png","type":"image\/png"}],"twitter_card":"summary_large_image","twitter_misc":{"Estimated reading time":"2 minutes"},"schema":{"@context":"https:\/\/schema.org","@graph":[{"@type":"WebPage","@id":"https:\/\/myright.se\/lattlast\/lattlast-sa-jobbar-myright\/","url":"https:\/\/myright.se\/lattlast\/lattlast-sa-jobbar-myright\/","name":"Easy to read, this is how MyRight works - MyRight","isPartOf":{"@id":"https:\/\/myright.se\/#website"},"primaryImageOfPage":{"@id":"https:\/\/myright.se\/lattlast\/lattlast-sa-jobbar-myright\/#primaryimage"},"image":{"@id":"https:\/\/myright.se\/lattlast\/lattlast-sa-jobbar-myright\/#primaryimage"},"thumbnailUrl":"https:\/\/myright.se\/wp-content\/uploads\/2022\/12\/LATTLAST-2-1.png","datePublished":"2022-12-13T14:03:35+00:00","dateModified":"2022-12-14T09:37:08+00:00","breadcrumb":{"@id":"https:\/\/myright.se\/lattlast\/lattlast-sa-jobbar-myright\/#breadcrumb"},"inLanguage":"en-GB","potentialAction":[{"@type":"ReadAction","target":["https:\/\/myright.se\/lattlast\/lattlast-sa-jobbar-myright\/"]}]},{"@type":"ImageObject","inLanguage":"en-GB","@id":"https:\/\/myright.se\/lattlast\/lattlast-sa-jobbar-myright\/#primaryimage","url":"https:\/\/myright.se\/wp-content\/uploads\/2022\/12\/LATTLAST-2-1.png","contentUrl":"https:\/\/myright.se\/wp-content\/uploads\/2022\/12\/LATTLAST-2-1.png","width":1200,"height":628,"caption":"l\u00e4ttl\u00e4st s\u00e5 jobbar myright"},{"@type":"BreadcrumbList","@id":"https:\/\/myright.se\/lattlast\/lattlast-sa-jobbar-myright\/#breadcrumb","itemListElement":[{"@type":"ListItem","position":1,"name":"Hem","item":"https:\/\/myright.se\/"},{"@type":"ListItem","position":2,"name":"L\u00e4ttl\u00e4st","item":"https:\/\/myright.se\/lattlast\/"},{"@type":"ListItem","position":3,"name":"L\u00e4ttl\u00e4st s\u00e5 jobbar MyRight"}]},{"@type":"WebSite","@id":"https:\/\/myright.se\/#website","url":"https:\/\/myright.se\/","name":"MyRight","description":"","publisher":{"@id":"https:\/\/myright.se\/#organization"},"potentialAction":[{"@type":"SearchAction","target":{"@type":"EntryPoint","urlTemplate":"https:\/\/myright.se\/?s={search_term_string}"},"query-input":{"@type":"PropertyValueSpecification","valueRequired":true,"valueName":"search_term_string"}}],"inLanguage":"en-GB"},{"@type":"Organization","@id":"https:\/\/myright.se\/#organization","name":"MyRight","url":"https:\/\/myright.se\/","logo":{"@type":"ImageObject","inLanguage":"en-GB","@id":"https:\/\/myright.se\/#\/schema\/logo\/image\/","url":"https:\/\/myright.se\/wp-content\/uploads\/2020\/02\/Myright_logo_no_text_bredvid.png","contentUrl":"https:\/\/myright.se\/wp-content\/uploads\/2020\/02\/Myright_logo_no_text_bredvid.png","width":2751,"height":816,"caption":"MyRight"},"image":{"@id":"https:\/\/myright.se\/#\/schema\/logo\/image\/"}}]}},"_links":{"self":[{"href":"https:\/\/myright.se\/en\/wp-json\/wp\/v2\/pages\/21233","targetHints":{"allow":["GET"]}}],"collection":[{"href":"https:\/\/myright.se\/en\/wp-json\/wp\/v2\/pages"}],"about":[{"href":"https:\/\/myright.se\/en\/wp-json\/wp\/v2\/types\/page"}],"author":[{"embeddable":true,"href":"https:\/\/myright.se\/en\/wp-json\/wp\/v2\/users\/2"}],"replies":[{"embeddable":true,"href":"https:\/\/myright.se\/en\/wp-json\/wp\/v2\/comments?post=21233"}],"version-history":[{"count":12,"href":"https:\/\/myright.se\/en\/wp-json\/wp\/v2\/pages\/21233\/revisions"}],"predecessor-version":[{"id":21309,"href":"https:\/\/myright.se\/en\/wp-json\/wp\/v2\/pages\/21233\/revisions\/21309"}],"up":[{"embeddable":true,"href":"https:\/\/myright.se\/en\/wp-json\/wp\/v2\/pages\/21206"}],"wp:featuredmedia":[{"embeddable":true,"href":"https:\/\/myright.se\/en\/wp-json\/wp\/v2\/media\/21235"}],"wp:attachment":[{"href":"https:\/\/myright.se\/en\/wp-json\/wp\/v2\/media?parent=21233"}],"curies":[{"name":"wp","href":"https:\/\/api.w.org\/{rel}","templated":true}]}}