{"id":23804,"date":"2023-10-04T14:09:13","date_gmt":"2023-10-04T13:09:13","guid":{"rendered":"https:\/\/myright.se\/?page_id=23804"},"modified":"2024-02-14T11:04:10","modified_gmt":"2024-02-14T10:04:10","slug":"neck-and-srhr","status":"publish","type":"page","link":"https:\/\/myright.se\/en\/what-we-do\/neck-and-srhr\/","title":{"rendered":"Health and SRHR"},"content":{"rendered":"<div data-elementor-type=\"wp-page\" data-elementor-id=\"23804\" class=\"elementor elementor-23804\" data-elementor-post-type=\"page\">\n\t\t\t\t\t\t<section class=\"elementor-section elementor-top-section elementor-element elementor-element-75715717 elementor-section-stretched elementor-section-boxed elementor-section-height-default elementor-section-height-default\" data-id=\"75715717\" data-element_type=\"section\" data-e-type=\"section\" data-settings=\"{&quot;stretch_section&quot;:&quot;section-stretched&quot;,&quot;background_background&quot;:&quot;classic&quot;}\">\n\t\t\t\t\t\t<div class=\"elementor-container elementor-column-gap-default\">\n\t\t\t\t\t<div class=\"elementor-column elementor-col-100 elementor-top-column elementor-element elementor-element-5d9c4a74\" data-id=\"5d9c4a74\" data-element_type=\"column\" data-e-type=\"column\">\n\t\t\t<div class=\"elementor-widget-wrap elementor-element-populated\">\n\t\t\t\t\t\t<div class=\"elementor-element elementor-element-775c9969 elementor-widget elementor-widget-breadcrumbs\" data-id=\"775c9969\" data-element_type=\"widget\" data-e-type=\"widget\" data-widget_type=\"breadcrumbs.default\">\n\t\t\t\t<div class=\"elementor-widget-container\">\n\t\t\t\t\t<p id=\"breadcrumbs\"><span><span><a href=\"https:\/\/myright.se\/en\/\">Home<\/a><\/span><\/span><\/p>\t\t\t\t<\/div>\n\t\t\t\t<\/div>\n\t\t\t\t\t<\/div>\n\t\t<\/div>\n\t\t\t\t\t<\/div>\n\t\t<\/section>\n\t\t\t\t<section class=\"elementor-section elementor-top-section elementor-element elementor-element-ccd74e0 elementor-section-boxed elementor-section-height-default elementor-section-height-default\" data-id=\"ccd74e0\" data-element_type=\"section\" data-e-type=\"section\" data-settings=\"{&quot;background_background&quot;:&quot;classic&quot;}\">\n\t\t\t\t\t\t<div class=\"elementor-container elementor-column-gap-default\">\n\t\t\t\t\t<div class=\"elementor-column elementor-col-50 elementor-top-column elementor-element elementor-element-dfb7901\" data-id=\"dfb7901\" data-element_type=\"column\" data-e-type=\"column\">\n\t\t\t<div class=\"elementor-widget-wrap elementor-element-populated\">\n\t\t\t\t\t\t<div class=\"elementor-element elementor-element-425d46a elementor-widget elementor-widget-heading\" data-id=\"425d46a\" data-element_type=\"widget\" data-e-type=\"widget\" data-widget_type=\"heading.default\">\n\t\t\t\t<div class=\"elementor-widget-container\">\n\t\t\t\t\t<h1 class=\"elementor-heading-title elementor-size-default\">Greater need but poorer access to care<\/h1>\t\t\t\t<\/div>\n\t\t\t\t<\/div>\n\t\t\t\t<div class=\"elementor-element elementor-element-0888e8f elementor-widget elementor-widget-text-editor\" data-id=\"0888e8f\" data-element_type=\"widget\" data-e-type=\"widget\" data-widget_type=\"text-editor.default\">\n\t\t\t\t<div class=\"elementor-widget-container\">\n\t\t\t\t\t\t\t\t\t<p>Despite the fact that people with disabilities often have a greater need for good health care, they receive less of the care offered to the rest of the population. In several countries, more than half of all people with disabilities lack access to care, and in many cases the obstacles are even greater for women with disabilities.<\/p><p>A recurring problem is that care facilities are often not accessible to people with disabilities. People with disabilities report four times as often that they were treated badly, and three times as often that they were denied care.<\/p><p>People with disabilities, especially girls and women with disabilities, have less access to sexual information and services regarding sexual and reproductive health than other women. They are denied the right to make their own well-thought-out decisions about sexual relations, contraception and other forms of reproductive health care. This is particularly clear in the case of girls with intellectual disabilities. This means that girls and women run a higher risk of suffering from sexually transmitted diseases as well as unwanted pregnancies.<\/p><p>The UN highlights a comparison between five different countries that shows that pregnant women with disabilities to a greater extent than others are forced to give birth without the help of a professional midwife. This is due to the fact that these women are generally poorer, but also due to negative attitudes towards these women in healthcare.<\/p>\t\t\t\t\t\t\t\t<\/div>\n\t\t\t\t<\/div>\n\t\t\t\t<div class=\"elementor-element elementor-element-00797cb elementor-widget elementor-widget-heading\" data-id=\"00797cb\" data-element_type=\"widget\" data-e-type=\"widget\" data-widget_type=\"heading.default\">\n\t\t\t\t<div class=\"elementor-widget-container\">\n\t\t\t\t\t<h2 class=\"elementor-heading-title elementor-size-default\">The right over one's own body and sexuality<\/h2>\t\t\t\t<\/div>\n\t\t\t\t<\/div>\n\t\t\t\t<div class=\"elementor-element elementor-element-6f77603 elementor-widget elementor-widget-text-editor\" data-id=\"6f77603\" data-element_type=\"widget\" data-e-type=\"widget\" data-widget_type=\"text-editor.default\">\n\t\t\t\t<div class=\"elementor-widget-container\">\n\t\t\t\t\t\t\t\t\t<p>Everyone has the right to know their rights and receive accurate information related to sexuality and health. Many people with disabilities do not have access to any sexual information and are discriminated against in maternity and health care. Information is rarely available in formats accessible to people who are deaf, hard of hearing, blind or visually impaired. Premises are rarely adapted for those with reduced mobility and wheelchair users. People with intellectual disabilities are often completely excluded from information about body and sexuality and rights connected to it. It is also common for people with disabilities to be seen as asexual and therefore deliberately excluded from sexual education, information and support.<\/p>\t\t\t\t\t\t\t\t<\/div>\n\t\t\t\t<\/div>\n\t\t\t\t<div class=\"elementor-element elementor-element-97106d1 elementor-cta--skin-classic elementor-animated-content elementor-bg-transform elementor-bg-transform-zoom-in elementor-widget elementor-widget-call-to-action\" data-id=\"97106d1\" data-element_type=\"widget\" data-e-type=\"widget\" data-widget_type=\"call-to-action.default\">\n\t\t\t\t<div class=\"elementor-widget-container\">\n\t\t\t\t\t\t\t<div class=\"elementor-cta\">\n\t\t\t\t\t<div class=\"elementor-cta__bg-wrapper\">\n\t\t\t\t<div class=\"elementor-cta__bg elementor-bg\" style=\"background-image: url(https:\/\/myright.se\/wp-content\/uploads\/2022\/03\/O8C8875-1024x682.jpg);\" role=\"img\" aria-label=\"Sada stands with a white cane on a mountain in the background you can see greenery and the sky is yellow from the sunset. Sada has a white tshirt and a black shawl around his head.\"><\/div>\n\t\t\t\t<div class=\"elementor-cta__bg-overlay\"><\/div>\n\t\t\t<\/div>\n\t\t\t\t\t\t\t<div class=\"elementor-cta__content\">\n\t\t\t\t\n\t\t\t\t\t\t\t\t\t<h2 class=\"elementor-cta__title elementor-cta__content-item elementor-content-item\">\n\t\t\t\t\t\tSexual and Reproductive Health and Rights (SRHR)\t\t\t\t\t<\/h2>\n\t\t\t\t\n\t\t\t\t\t\t\t\t\t<div class=\"elementor-cta__description elementor-cta__content-item elementor-content-item\">\n\t\t\t\t\t\tAll people, regardless of disability, have the right to decide over their body and sexuality.\t\t\t\t\t<\/div>\n\t\t\t\t\n\t\t\t\t\t\t\t\t\t<div class=\"elementor-cta__button-wrapper elementor-cta__content-item elementor-content-item\">\n\t\t\t\t\t<a class=\"elementor-cta__button elementor-button elementor-size-\" href=\"https:\/\/myright.se\/en\/control-over-their-body-and-sexuality\/\">\n\t\t\t\t\t\tRead more\t\t\t\t\t<\/a>\n\t\t\t\t\t<\/div>\n\t\t\t\t\t\t\t<\/div>\n\t\t\t\t\t\t<\/div>\n\t\t\t\t\t\t<\/div>\n\t\t\t\t<\/div>\n\t\t\t\t\t<\/div>\n\t\t<\/div>\n\t\t\t\t<div class=\"elementor-column elementor-col-50 elementor-top-column elementor-element elementor-element-527843e\" data-id=\"527843e\" data-element_type=\"column\" data-e-type=\"column\" data-settings=\"{&quot;background_background&quot;:&quot;classic&quot;}\">\n\t\t\t<div class=\"elementor-widget-wrap elementor-element-populated\">\n\t\t\t\t\t\t<div class=\"elementor-element elementor-element-7719143 elementor-widget elementor-widget-heading\" data-id=\"7719143\" data-element_type=\"widget\" data-e-type=\"widget\" data-widget_type=\"heading.default\">\n\t\t\t\t<div class=\"elementor-widget-container\">\n\t\t\t\t\t<h2 class=\"elementor-heading-title elementor-size-default\">Briefly<\/h2>\t\t\t\t<\/div>\n\t\t\t\t<\/div>\n\t\t\t\t<div class=\"elementor-element elementor-element-8067809 elementor-widget elementor-widget-text-editor\" data-id=\"8067809\" data-element_type=\"widget\" data-e-type=\"widget\" data-widget_type=\"text-editor.default\">\n\t\t\t\t<div class=\"elementor-widget-container\">\n\t\t\t\t\t\t\t\t\t<div class=\"elementor-element elementor-element-0d702a1 elementor-widget elementor-widget-text-editor\" data-id=\"0d702a1\" data-element_type=\"widget\" data-widget_type=\"text-editor.default\"><div class=\"elementor-widget-container\"><ul><li>People with disabilities often do not have access to sexual information and are discriminated against in maternity and health care.<\/li><li>People with disabilities are sometimes regarded as asexual and are thus deliberately excluded from sexual education and support.<\/li><li>The lack of rights and access to care increases poverty and the risks of unsafe abortions and lack of maternal care.<\/li><li>People with disabilities have less access to contraceptives, safe abortions, and support in connection with pregnancy and childbirth.<\/li><li>People with disabilities have less access to care and face barriers within the health care system, resulting in discrimination and non-attendance of care.<\/li><li>People with disabilities are at a higher risk of violence and sexual abuse, especially children and young women with intellectual disabilities.<\/li><\/ul><\/div><\/div>\t\t\t\t\t\t\t\t<\/div>\n\t\t\t\t<\/div>\n\t\t\t\t\t<\/div>\n\t\t<\/div>\n\t\t\t\t\t<\/div>\n\t\t<\/section>\n\t\t\t\t<\/div>","protected":false},"excerpt":{"rendered":"<p>St\u00f6rre behov men s\u00e4mre tillg\u00e5ng till v\u00e5rd Trots att personer med funktionsneds\u00e4ttning ofta har st\u00f6rre behov av god h\u00e4lsov\u00e5rd f\u00e5r de i mindre grad ta del av den v\u00e5rd som erbjuds den \u00f6vriga befolkningen. I flera l\u00e4nder saknar \u00f6ver h\u00e4lften av alla med funktionsneds\u00e4ttning tillg\u00e5ng till v\u00e5rd och hindren \u00e4r i m\u00e5nga fall \u00e4nnu fler [&hellip;]<\/p>\n","protected":false},"author":2,"featured_media":12502,"parent":12,"menu_order":0,"comment_status":"closed","ping_status":"closed","template":"","meta":{"footnotes":""},"class_list":["post-23804","page","type-page","status-publish","has-post-thumbnail","hentry"],"yoast_head":"<!-- This site is optimized with the Yoast SEO plugin v27.4 - https:\/\/yoast.com\/product\/yoast-seo-wordpress\/ -->\n<title>H\u00e4lsa och SRHR - MyRight<\/title>\n<meta name=\"robots\" content=\"index, follow, max-snippet:-1, max-image-preview:large, max-video-preview:-1\" \/>\n<link rel=\"canonical\" href=\"https:\/\/myright.se\/en\/what-we-do\/neck-and-srhr\/\" \/>\n<meta property=\"og:locale\" content=\"en_GB\" \/>\n<meta property=\"og:type\" content=\"article\" \/>\n<meta property=\"og:title\" content=\"H\u00e4lsa och SRHR - MyRight\" \/>\n<meta property=\"og:description\" content=\"St\u00f6rre behov men s\u00e4mre tillg\u00e5ng till v\u00e5rd Trots att personer med funktionsneds\u00e4ttning ofta har st\u00f6rre behov av god h\u00e4lsov\u00e5rd f\u00e5r de i mindre grad ta del av den v\u00e5rd som erbjuds den \u00f6vriga befolkningen. I flera l\u00e4nder saknar \u00f6ver h\u00e4lften av alla med funktionsneds\u00e4ttning tillg\u00e5ng till v\u00e5rd och hindren \u00e4r i m\u00e5nga fall \u00e4nnu fler [&hellip;]\" \/>\n<meta property=\"og:url\" content=\"https:\/\/myright.se\/en\/what-we-do\/neck-and-srhr\/\" \/>\n<meta property=\"og:site_name\" content=\"MyRight\" \/>\n<meta property=\"article:modified_time\" content=\"2024-02-14T10:04:10+00:00\" \/>\n<meta property=\"og:image\" content=\"https:\/\/myright.se\/wp-content\/uploads\/2020\/02\/TUSPO3.jpg\" \/>\n\t<meta property=\"og:image:width\" content=\"800\" \/>\n\t<meta property=\"og:image:height\" content=\"533\" \/>\n\t<meta property=\"og:image:type\" content=\"image\/jpeg\" \/>\n<meta name=\"twitter:card\" content=\"summary_large_image\" \/>\n<meta name=\"twitter:label1\" content=\"Estimated reading time\" \/>\n\t<meta name=\"twitter:data1\" content=\"3 minutes\" \/>\n<script type=\"application\/ld+json\" class=\"yoast-schema-graph\">{\"@context\":\"https:\\\/\\\/schema.org\",\"@graph\":[{\"@type\":\"WebPage\",\"@id\":\"https:\\\/\\\/myright.se\\\/vart-arbete\\\/halsa-och-srhr\\\/\",\"url\":\"https:\\\/\\\/myright.se\\\/vart-arbete\\\/halsa-och-srhr\\\/\",\"name\":\"H\u00e4lsa och SRHR - MyRight\",\"isPartOf\":{\"@id\":\"https:\\\/\\\/myright.se\\\/#website\"},\"primaryImageOfPage\":{\"@id\":\"https:\\\/\\\/myright.se\\\/vart-arbete\\\/halsa-och-srhr\\\/#primaryimage\"},\"image\":{\"@id\":\"https:\\\/\\\/myright.se\\\/vart-arbete\\\/halsa-och-srhr\\\/#primaryimage\"},\"thumbnailUrl\":\"https:\\\/\\\/myright.se\\\/wp-content\\\/uploads\\\/2020\\\/02\\\/TUSPO3.jpg\",\"datePublished\":\"2023-10-04T13:09:13+00:00\",\"dateModified\":\"2024-02-14T10:04:10+00:00\",\"breadcrumb\":{\"@id\":\"https:\\\/\\\/myright.se\\\/vart-arbete\\\/halsa-och-srhr\\\/#breadcrumb\"},\"inLanguage\":\"en-GB\",\"potentialAction\":[{\"@type\":\"ReadAction\",\"target\":[\"https:\\\/\\\/myright.se\\\/vart-arbete\\\/halsa-och-srhr\\\/\"]}]},{\"@type\":\"ImageObject\",\"inLanguage\":\"en-GB\",\"@id\":\"https:\\\/\\\/myright.se\\\/vart-arbete\\\/halsa-och-srhr\\\/#primaryimage\",\"url\":\"https:\\\/\\\/myright.se\\\/wp-content\\\/uploads\\\/2020\\\/02\\\/TUSPO3.jpg\",\"contentUrl\":\"https:\\\/\\\/myright.se\\\/wp-content\\\/uploads\\\/2020\\\/02\\\/TUSPO3.jpg\",\"width\":800,\"height\":533,\"caption\":\"Flera personer st\u00e5r i en ring och h\u00e5ller varandra i handen.\"},{\"@type\":\"BreadcrumbList\",\"@id\":\"https:\\\/\\\/myright.se\\\/vart-arbete\\\/halsa-och-srhr\\\/#breadcrumb\",\"itemListElement\":[{\"@type\":\"ListItem\",\"position\":1,\"name\":\"Hem\",\"item\":\"https:\\\/\\\/myright.se\\\/\"},{\"@type\":\"ListItem\",\"position\":2,\"name\":\"V\u00e5rt arbete\",\"item\":\"https:\\\/\\\/myright.se\\\/vart-arbete\\\/\"},{\"@type\":\"ListItem\",\"position\":3,\"name\":\"H\u00e4lsa och SRHR\"}]},{\"@type\":\"WebSite\",\"@id\":\"https:\\\/\\\/myright.se\\\/#website\",\"url\":\"https:\\\/\\\/myright.se\\\/\",\"name\":\"MyRight\",\"description\":\"\",\"publisher\":{\"@id\":\"https:\\\/\\\/myright.se\\\/#organization\"},\"potentialAction\":[{\"@type\":\"SearchAction\",\"target\":{\"@type\":\"EntryPoint\",\"urlTemplate\":\"https:\\\/\\\/myright.se\\\/?s={search_term_string}\"},\"query-input\":{\"@type\":\"PropertyValueSpecification\",\"valueRequired\":true,\"valueName\":\"search_term_string\"}}],\"inLanguage\":\"en-GB\"},{\"@type\":\"Organization\",\"@id\":\"https:\\\/\\\/myright.se\\\/#organization\",\"name\":\"MyRight\",\"url\":\"https:\\\/\\\/myright.se\\\/\",\"logo\":{\"@type\":\"ImageObject\",\"inLanguage\":\"en-GB\",\"@id\":\"https:\\\/\\\/myright.se\\\/#\\\/schema\\\/logo\\\/image\\\/\",\"url\":\"https:\\\/\\\/myright.se\\\/wp-content\\\/uploads\\\/2020\\\/02\\\/Myright_logo_no_text_bredvid.png\",\"contentUrl\":\"https:\\\/\\\/myright.se\\\/wp-content\\\/uploads\\\/2020\\\/02\\\/Myright_logo_no_text_bredvid.png\",\"width\":2751,\"height\":816,\"caption\":\"MyRight\"},\"image\":{\"@id\":\"https:\\\/\\\/myright.se\\\/#\\\/schema\\\/logo\\\/image\\\/\"}}]}<\/script>\n<!-- \/ Yoast SEO plugin. -->","yoast_head_json":{"title":"Health and SRHR - MyRight","robots":{"index":"index","follow":"follow","max-snippet":"max-snippet:-1","max-image-preview":"max-image-preview:large","max-video-preview":"max-video-preview:-1"},"canonical":"https:\/\/myright.se\/en\/what-we-do\/neck-and-srhr\/","og_locale":"en_GB","og_type":"article","og_title":"H\u00e4lsa och SRHR - MyRight","og_description":"St\u00f6rre behov men s\u00e4mre tillg\u00e5ng till v\u00e5rd Trots att personer med funktionsneds\u00e4ttning ofta har st\u00f6rre behov av god h\u00e4lsov\u00e5rd f\u00e5r de i mindre grad ta del av den v\u00e5rd som erbjuds den \u00f6vriga befolkningen. I flera l\u00e4nder saknar \u00f6ver h\u00e4lften av alla med funktionsneds\u00e4ttning tillg\u00e5ng till v\u00e5rd och hindren \u00e4r i m\u00e5nga fall \u00e4nnu fler [&hellip;]","og_url":"https:\/\/myright.se\/en\/what-we-do\/neck-and-srhr\/","og_site_name":"MyRight","article_modified_time":"2024-02-14T10:04:10+00:00","og_image":[{"width":800,"height":533,"url":"https:\/\/myright.se\/wp-content\/uploads\/2020\/02\/TUSPO3.jpg","type":"image\/jpeg"}],"twitter_card":"summary_large_image","twitter_misc":{"Estimated reading time":"3 minutes"},"schema":{"@context":"https:\/\/schema.org","@graph":[{"@type":"WebPage","@id":"https:\/\/myright.se\/vart-arbete\/halsa-och-srhr\/","url":"https:\/\/myright.se\/vart-arbete\/halsa-och-srhr\/","name":"Health and SRHR - MyRight","isPartOf":{"@id":"https:\/\/myright.se\/#website"},"primaryImageOfPage":{"@id":"https:\/\/myright.se\/vart-arbete\/halsa-och-srhr\/#primaryimage"},"image":{"@id":"https:\/\/myright.se\/vart-arbete\/halsa-och-srhr\/#primaryimage"},"thumbnailUrl":"https:\/\/myright.se\/wp-content\/uploads\/2020\/02\/TUSPO3.jpg","datePublished":"2023-10-04T13:09:13+00:00","dateModified":"2024-02-14T10:04:10+00:00","breadcrumb":{"@id":"https:\/\/myright.se\/vart-arbete\/halsa-och-srhr\/#breadcrumb"},"inLanguage":"en-GB","potentialAction":[{"@type":"ReadAction","target":["https:\/\/myright.se\/vart-arbete\/halsa-och-srhr\/"]}]},{"@type":"ImageObject","inLanguage":"en-GB","@id":"https:\/\/myright.se\/vart-arbete\/halsa-och-srhr\/#primaryimage","url":"https:\/\/myright.se\/wp-content\/uploads\/2020\/02\/TUSPO3.jpg","contentUrl":"https:\/\/myright.se\/wp-content\/uploads\/2020\/02\/TUSPO3.jpg","width":800,"height":533,"caption":"Flera personer st\u00e5r i en ring och h\u00e5ller varandra i handen."},{"@type":"BreadcrumbList","@id":"https:\/\/myright.se\/vart-arbete\/halsa-och-srhr\/#breadcrumb","itemListElement":[{"@type":"ListItem","position":1,"name":"Hem","item":"https:\/\/myright.se\/"},{"@type":"ListItem","position":2,"name":"V\u00e5rt arbete","item":"https:\/\/myright.se\/vart-arbete\/"},{"@type":"ListItem","position":3,"name":"H\u00e4lsa och SRHR"}]},{"@type":"WebSite","@id":"https:\/\/myright.se\/#website","url":"https:\/\/myright.se\/","name":"MyRight","description":"","publisher":{"@id":"https:\/\/myright.se\/#organization"},"potentialAction":[{"@type":"SearchAction","target":{"@type":"EntryPoint","urlTemplate":"https:\/\/myright.se\/?s={search_term_string}"},"query-input":{"@type":"PropertyValueSpecification","valueRequired":true,"valueName":"search_term_string"}}],"inLanguage":"en-GB"},{"@type":"Organization","@id":"https:\/\/myright.se\/#organization","name":"MyRight","url":"https:\/\/myright.se\/","logo":{"@type":"ImageObject","inLanguage":"en-GB","@id":"https:\/\/myright.se\/#\/schema\/logo\/image\/","url":"https:\/\/myright.se\/wp-content\/uploads\/2020\/02\/Myright_logo_no_text_bredvid.png","contentUrl":"https:\/\/myright.se\/wp-content\/uploads\/2020\/02\/Myright_logo_no_text_bredvid.png","width":2751,"height":816,"caption":"MyRight"},"image":{"@id":"https:\/\/myright.se\/#\/schema\/logo\/image\/"}}]}},"_links":{"self":[{"href":"https:\/\/myright.se\/en\/wp-json\/wp\/v2\/pages\/23804","targetHints":{"allow":["GET"]}}],"collection":[{"href":"https:\/\/myright.se\/en\/wp-json\/wp\/v2\/pages"}],"about":[{"href":"https:\/\/myright.se\/en\/wp-json\/wp\/v2\/types\/page"}],"author":[{"embeddable":true,"href":"https:\/\/myright.se\/en\/wp-json\/wp\/v2\/users\/2"}],"replies":[{"embeddable":true,"href":"https:\/\/myright.se\/en\/wp-json\/wp\/v2\/comments?post=23804"}],"version-history":[{"count":16,"href":"https:\/\/myright.se\/en\/wp-json\/wp\/v2\/pages\/23804\/revisions"}],"predecessor-version":[{"id":26254,"href":"https:\/\/myright.se\/en\/wp-json\/wp\/v2\/pages\/23804\/revisions\/26254"}],"up":[{"embeddable":true,"href":"https:\/\/myright.se\/en\/wp-json\/wp\/v2\/pages\/12"}],"wp:featuredmedia":[{"embeddable":true,"href":"https:\/\/myright.se\/en\/wp-json\/wp\/v2\/media\/12502"}],"wp:attachment":[{"href":"https:\/\/myright.se\/en\/wp-json\/wp\/v2\/media?parent=23804"}],"curies":[{"name":"wp","href":"https:\/\/api.w.org\/{rel}","templated":true}]}}