{"id":24246,"date":"2023-11-13T14:23:36","date_gmt":"2023-11-13T13:23:36","guid":{"rendered":"https:\/\/myright.se\/?page_id=24246"},"modified":"2026-02-23T12:39:12","modified_gmt":"2026-02-23T11:39:12","slug":"engagera-dig","status":"publish","type":"page","link":"https:\/\/myright.se\/en\/engagera-dig\/","title":{"rendered":"Get involved"},"content":{"rendered":"\t\t<div data-elementor-type=\"wp-page\" data-elementor-id=\"24246\" class=\"elementor elementor-24246\" data-elementor-post-type=\"page\">\n\t\t\t\t\t\t<section class=\"elementor-section elementor-top-section elementor-element elementor-element-5912e5a elementor-section-boxed elementor-section-height-default elementor-section-height-default\" data-id=\"5912e5a\" data-element_type=\"section\" data-e-type=\"section\" data-settings=\"{&quot;background_background&quot;:&quot;classic&quot;}\">\n\t\t\t\t\t\t<div class=\"elementor-container elementor-column-gap-default\">\n\t\t\t\t\t<div class=\"elementor-column elementor-col-100 elementor-top-column elementor-element elementor-element-c17da12\" data-id=\"c17da12\" data-element_type=\"column\" data-e-type=\"column\">\n\t\t\t<div class=\"elementor-widget-wrap elementor-element-populated\">\n\t\t\t\t\t\t<div class=\"elementor-element elementor-element-a3bc454 elementor-widget elementor-widget-heading\" data-id=\"a3bc454\" data-element_type=\"widget\" data-e-type=\"widget\" data-widget_type=\"heading.default\">\n\t\t\t\t<div class=\"elementor-widget-container\">\n\t\t\t\t\t<h1 class=\"elementor-heading-title elementor-size-default\">Engagera dig - f\u00f6r en global funkisr\u00f6relse!<\/h1>\t\t\t\t<\/div>\n\t\t\t\t<\/div>\n\t\t\t\t<div class=\"elementor-element elementor-element-2f01b82 elementor-widget__width-initial elementor-widget elementor-widget-text-editor\" data-id=\"2f01b82\" data-element_type=\"widget\" data-e-type=\"widget\" data-widget_type=\"text-editor.default\">\n\t\t\t\t<div class=\"elementor-widget-container\">\n\t\t\t\t\t\t\t\t\t<div class=\"flex-1 overflow-hidden\"><div class=\"react-scroll-to-bottom--css-hyqed-79elbk h-full\"><div class=\"react-scroll-to-bottom--css-hyqed-1n7m0yu\"><div class=\"flex flex-col text-sm gizmo:pb-9 dark:bg-gray-800 gizmo:dark:bg-transparent\"><div class=\"w-full text-token-text-primary border-b border-black\/10 gizmo:border-0 dark:border-gray-900\/50 gizmo:dark:border-0 bg-gray-50 gizmo:bg-transparent dark:bg-[#444654] gizmo:dark:bg-transparent\" data-testid=\"conversation-turn-7\"><div class=\"p-4 gizmo:py-2 justify-center text-base md:gap-6 md:py-6 m-auto\"><div class=\"flex flex-1 gap-4 text-base mx-auto md:gap-6 gizmo:gap-3 gizmo:md:px-5 gizmo:lg:px-1 gizmo:xl:px-5 md:max-w-2xl lg:max-w-[38rem] gizmo:md:max-w-3xl gizmo:lg:max-w-[40rem] gizmo:xl:max-w-[48rem] xl:max-w-3xl } group final-completion\"><div class=\"relative flex w-[calc(100%-50px)] flex-col gizmo:w-full lg:w-[calc(100%-115px)] agent-turn\"><div class=\"flex-col gap-1 md:gap-3\"><div class=\"flex flex-grow flex-col max-w-full gap-3 gizmo:gap-0\"><div class=\"min-h-[20px] text-message flex flex-col items-start gap-3 whitespace-pre-wrap break-words [.text-message+&amp;]:mt-5 overflow-x-auto\" data-message-author-role=\"assistant\" data-message-id=\"59df9879-a8f2-4907-848b-31109a26ead4\"><div class=\"markdown prose w-full break-words dark:prose-invert light\"><p>Det finns m\u00e5nga s\u00e4tt att engagera sig i MyRight. <br \/>V\u00e4lkommen att k\u00e4mpa f\u00f6r globala funktionsr\u00e4ttsfr\u00e5gor!<\/p><\/div><\/div><\/div><\/div><\/div><\/div><\/div><\/div><\/div><\/div><\/div><\/div>\t\t\t\t\t\t\t\t<\/div>\n\t\t\t\t<\/div>\n\t\t\t\t\t<\/div>\n\t\t<\/div>\n\t\t\t\t\t<\/div>\n\t\t<\/section>\n\t\t\t\t<section class=\"elementor-section elementor-top-section elementor-element elementor-element-6fe6a90 elementor-section-boxed elementor-section-height-default elementor-section-height-default\" data-id=\"6fe6a90\" data-element_type=\"section\" data-e-type=\"section\" data-settings=\"{&quot;background_background&quot;:&quot;classic&quot;}\">\n\t\t\t\t\t\t<div class=\"elementor-container elementor-column-gap-no\">\n\t\t\t\t\t<div class=\"elementor-column elementor-col-50 elementor-top-column elementor-element elementor-element-766a648\" data-id=\"766a648\" data-element_type=\"column\" data-e-type=\"column\">\n\t\t\t<div class=\"elementor-widget-wrap elementor-element-populated\">\n\t\t\t\t\t\t<div class=\"elementor-element elementor-element-2b36930 elementor-widget elementor-widget-image\" data-id=\"2b36930\" data-element_type=\"widget\" data-e-type=\"widget\" data-widget_type=\"image.default\">\n\t\t\t\t<div class=\"elementor-widget-container\">\n\t\t\t\t\t\t\t\t\t\t\t\t\t\t\t<img fetchpriority=\"high\" decoding=\"async\" width=\"580\" height=\"387\" src=\"https:\/\/myright.se\/wp-content\/uploads\/2025\/06\/Klimatkris.jpg\" class=\"attachment-large size-large wp-image-29039\" alt=\"P\u00e5 bilden syns en man som skjutsar en annan i cykeltaxi i Indien. Men p\u00e5 grund av midjeh\u00f6gt vatten p\u00e5 gatan g\u00e5r det inte att cykla s\u00e5 f\u00f6raren har f\u00e5tt stiga av och leder cykeln.\" srcset=\"https:\/\/myright.se\/wp-content\/uploads\/2025\/06\/Klimatkris.jpg 640w, https:\/\/myright.se\/wp-content\/uploads\/2025\/06\/Klimatkris-300x200.jpg 300w, https:\/\/myright.se\/wp-content\/uploads\/2025\/06\/Klimatkris-18x12.jpg 18w, https:\/\/myright.se\/wp-content\/uploads\/2025\/06\/Klimatkris-600x400.jpg 600w\" sizes=\"(max-width: 580px) 100vw, 580px\" \/>\t\t\t\t\t\t\t\t\t\t\t\t\t\t\t<\/div>\n\t\t\t\t<\/div>\n\t\t\t\t\t<\/div>\n\t\t<\/div>\n\t\t\t\t<div class=\"elementor-column elementor-col-50 elementor-top-column elementor-element elementor-element-7a89f44 jok-outline\" data-id=\"7a89f44\" data-element_type=\"column\" data-e-type=\"column\" data-settings=\"{&quot;background_background&quot;:&quot;classic&quot;}\" tabindex=\"0\">\n\t\t\t<div class=\"elementor-widget-wrap elementor-element-populated\">\n\t\t\t\t\t\t<div class=\"elementor-element elementor-element-e9fbfb7 elementor-widget elementor-widget-heading\" data-id=\"e9fbfb7\" data-element_type=\"widget\" data-e-type=\"widget\" data-widget_type=\"heading.default\">\n\t\t\t\t<div class=\"elementor-widget-container\">\n\t\t\t\t\t<h2 class=\"elementor-heading-title elementor-size-default\">Klimatr\u00e4ttvisa <br>\nf\u00f6r alla!<\/h2>\t\t\t\t<\/div>\n\t\t\t\t<\/div>\n\t\t\t\t<div class=\"elementor-element elementor-element-9f00b55 elementor-widget elementor-widget-text-editor\" data-id=\"9f00b55\" data-element_type=\"widget\" data-e-type=\"widget\" data-widget_type=\"text-editor.default\">\n\t\t\t\t<div class=\"elementor-widget-container\">\n\t\t\t\t\t\t\t\t\t<p>Ett projekt som st\u00e4rker unga med funktionsneds\u00e4ttning att delta i klimatr\u00f6relsen.<\/p>\t\t\t\t\t\t\t\t<\/div>\n\t\t\t\t<\/div>\n\t\t\t\t<div class=\"elementor-element elementor-element-354fe25 elementor-align-center elementor-widget elementor-widget-button\" data-id=\"354fe25\" data-element_type=\"widget\" data-e-type=\"widget\" data-widget_type=\"button.default\">\n\t\t\t\t<div class=\"elementor-widget-container\">\n\t\t\t\t\t\t\t\t\t<div class=\"elementor-button-wrapper\">\n\t\t\t\t\t<a class=\"elementor-button elementor-button-link elementor-size-sm\" href=\"https:\/\/myright.se\/klimatrattvisa\/\">\n\t\t\t\t\t\t<span class=\"elementor-button-content-wrapper\">\n\t\t\t\t\t\t\t\t\t<span class=\"elementor-button-text\">L\u00e4s mer<\/span>\n\t\t\t\t\t<\/span>\n\t\t\t\t\t<\/a>\n\t\t\t\t<\/div>\n\t\t\t\t\t\t\t\t<\/div>\n\t\t\t\t<\/div>\n\t\t\t\t\t<\/div>\n\t\t<\/div>\n\t\t\t\t\t<\/div>\n\t\t<\/section>\n\t\t\t\t<section class=\"elementor-section elementor-top-section elementor-element elementor-element-cfa512e elementor-section-boxed elementor-section-height-default elementor-section-height-default\" data-id=\"cfa512e\" data-element_type=\"section\" data-e-type=\"section\" data-settings=\"{&quot;background_background&quot;:&quot;classic&quot;}\">\n\t\t\t\t\t\t<div class=\"elementor-container elementor-column-gap-no\">\n\t\t\t\t\t<div class=\"elementor-column elementor-col-50 elementor-top-column elementor-element elementor-element-334b53e jok-outline\" data-id=\"334b53e\" data-element_type=\"column\" data-e-type=\"column\" data-settings=\"{&quot;background_background&quot;:&quot;classic&quot;}\" tabindex=\"0\">\n\t\t\t<div class=\"elementor-widget-wrap elementor-element-populated\">\n\t\t\t\t\t\t<div class=\"elementor-element elementor-element-982c0a5 elementor-widget elementor-widget-heading\" data-id=\"982c0a5\" data-element_type=\"widget\" data-e-type=\"widget\" data-widget_type=\"heading.default\">\n\t\t\t\t<div class=\"elementor-widget-container\">\n\t\t\t\t\t<h2 class=\"elementor-heading-title elementor-size-default\">Tips f\u00f6r dig <br>\nsom vill engagera dig <br>\ni globala funktionsr\u00e4ttsfr\u00e5gor<\/h2>\t\t\t\t<\/div>\n\t\t\t\t<\/div>\n\t\t\t\t<div class=\"elementor-element elementor-element-8c88417 elementor-align-center elementor-widget elementor-widget-button\" data-id=\"8c88417\" data-element_type=\"widget\" data-e-type=\"widget\" data-widget_type=\"button.default\">\n\t\t\t\t<div class=\"elementor-widget-container\">\n\t\t\t\t\t\t\t\t\t<div class=\"elementor-button-wrapper\">\n\t\t\t\t\t<a class=\"elementor-button elementor-button-link elementor-size-sm\" href=\"https:\/\/myright.se\/engagera-dig\/tips\/\">\n\t\t\t\t\t\t<span class=\"elementor-button-content-wrapper\">\n\t\t\t\t\t\t\t\t\t<span class=\"elementor-button-text\">L\u00e4s mer<\/span>\n\t\t\t\t\t<\/span>\n\t\t\t\t\t<\/a>\n\t\t\t\t<\/div>\n\t\t\t\t\t\t\t\t<\/div>\n\t\t\t\t<\/div>\n\t\t\t\t\t<\/div>\n\t\t<\/div>\n\t\t\t\t<div class=\"elementor-column elementor-col-50 elementor-top-column elementor-element elementor-element-f79bdd1\" data-id=\"f79bdd1\" data-element_type=\"column\" data-e-type=\"column\">\n\t\t\t<div class=\"elementor-widget-wrap elementor-element-populated\">\n\t\t\t\t\t\t<div class=\"elementor-element elementor-element-1fb36fe elementor-widget elementor-widget-image\" data-id=\"1fb36fe\" data-element_type=\"widget\" data-e-type=\"widget\" data-widget_type=\"image.default\">\n\t\t\t\t<div class=\"elementor-widget-container\">\n\t\t\t\t\t\t\t\t\t\t\t\t\t\t\t<img decoding=\"async\" width=\"580\" height=\"387\" src=\"https:\/\/myright.se\/wp-content\/uploads\/2024\/01\/Konferens-Selma-Plancic-och-Anita-Deliomerovic-3-1024x683.jpg\" class=\"attachment-large size-large wp-image-25917\" alt=\"Tv\u00e5 tjejer som sitter i varsin rullstol. De h\u00e5ller varandra i h\u00e4nderna.\" srcset=\"https:\/\/myright.se\/wp-content\/uploads\/2024\/01\/Konferens-Selma-Plancic-och-Anita-Deliomerovic-3-1024x683.jpg 1024w, https:\/\/myright.se\/wp-content\/uploads\/2024\/01\/Konferens-Selma-Plancic-och-Anita-Deliomerovic-3-300x200.jpg 300w, https:\/\/myright.se\/wp-content\/uploads\/2024\/01\/Konferens-Selma-Plancic-och-Anita-Deliomerovic-3-768x512.jpg 768w, https:\/\/myright.se\/wp-content\/uploads\/2024\/01\/Konferens-Selma-Plancic-och-Anita-Deliomerovic-3-1536x1024.jpg 1536w, https:\/\/myright.se\/wp-content\/uploads\/2024\/01\/Konferens-Selma-Plancic-och-Anita-Deliomerovic-3-2048x1365.jpg 2048w, https:\/\/myright.se\/wp-content\/uploads\/2024\/01\/Konferens-Selma-Plancic-och-Anita-Deliomerovic-3-18x12.jpg 18w, https:\/\/myright.se\/wp-content\/uploads\/2024\/01\/Konferens-Selma-Plancic-och-Anita-Deliomerovic-3-1200x800.jpg 1200w, https:\/\/myright.se\/wp-content\/uploads\/2024\/01\/Konferens-Selma-Plancic-och-Anita-Deliomerovic-3-1980x1320.jpg 1980w, https:\/\/myright.se\/wp-content\/uploads\/2024\/01\/Konferens-Selma-Plancic-och-Anita-Deliomerovic-3-600x400.jpg 600w\" sizes=\"(max-width: 580px) 100vw, 580px\" \/>\t\t\t\t\t\t\t\t\t\t\t\t\t\t\t<\/div>\n\t\t\t\t<\/div>\n\t\t\t\t\t<\/div>\n\t\t<\/div>\n\t\t\t\t\t<\/div>\n\t\t<\/section>\n\t\t\t\t<section class=\"elementor-section elementor-top-section elementor-element elementor-element-d9052a6 elementor-section-boxed elementor-section-height-default elementor-section-height-default\" data-id=\"d9052a6\" data-element_type=\"section\" data-e-type=\"section\" data-settings=\"{&quot;background_background&quot;:&quot;classic&quot;}\">\n\t\t\t\t\t\t<div class=\"elementor-container elementor-column-gap-no\">\n\t\t\t\t\t<div class=\"elementor-column elementor-col-50 elementor-top-column elementor-element elementor-element-f62156f\" data-id=\"f62156f\" data-element_type=\"column\" data-e-type=\"column\">\n\t\t\t<div class=\"elementor-widget-wrap elementor-element-populated\">\n\t\t\t\t\t\t<div class=\"elementor-element elementor-element-e2ae4c5 elementor-widget elementor-widget-image\" data-id=\"e2ae4c5\" data-element_type=\"widget\" data-e-type=\"widget\" data-widget_type=\"image.default\">\n\t\t\t\t<div class=\"elementor-widget-container\">\n\t\t\t\t\t\t\t\t\t\t\t\t\t\t\t<img decoding=\"async\" width=\"2560\" height=\"1707\" src=\"https:\/\/myright.se\/wp-content\/uploads\/2026\/02\/O8C7501-scaled.jpg\" class=\"attachment-full size-full wp-image-30798\" alt=\"\" srcset=\"https:\/\/myright.se\/wp-content\/uploads\/2026\/02\/O8C7501-scaled.jpg 2560w, https:\/\/myright.se\/wp-content\/uploads\/2026\/02\/O8C7501-300x200.jpg 300w, https:\/\/myright.se\/wp-content\/uploads\/2026\/02\/O8C7501-1024x683.jpg 1024w, https:\/\/myright.se\/wp-content\/uploads\/2026\/02\/O8C7501-768x512.jpg 768w, https:\/\/myright.se\/wp-content\/uploads\/2026\/02\/O8C7501-1536x1024.jpg 1536w, https:\/\/myright.se\/wp-content\/uploads\/2026\/02\/O8C7501-2048x1365.jpg 2048w, https:\/\/myright.se\/wp-content\/uploads\/2026\/02\/O8C7501-18x12.jpg 18w, https:\/\/myright.se\/wp-content\/uploads\/2026\/02\/O8C7501-1200x800.jpg 1200w, https:\/\/myright.se\/wp-content\/uploads\/2026\/02\/O8C7501-1980x1320.jpg 1980w, https:\/\/myright.se\/wp-content\/uploads\/2026\/02\/O8C7501-600x400.jpg 600w\" sizes=\"(max-width: 2560px) 100vw, 2560px\" \/>\t\t\t\t\t\t\t\t\t\t\t\t\t\t\t<\/div>\n\t\t\t\t<\/div>\n\t\t\t\t\t<\/div>\n\t\t<\/div>\n\t\t\t\t<div class=\"elementor-column elementor-col-50 elementor-top-column elementor-element elementor-element-31a4f58 jok-outline\" data-id=\"31a4f58\" data-element_type=\"column\" data-e-type=\"column\" data-settings=\"{&quot;background_background&quot;:&quot;classic&quot;}\" tabindex=\"0\">\n\t\t\t<div class=\"elementor-widget-wrap elementor-element-populated\">\n\t\t\t\t\t\t<div class=\"elementor-element elementor-element-7e304e6 elementor-widget elementor-widget-heading\" data-id=\"7e304e6\" data-element_type=\"widget\" data-e-type=\"widget\" data-widget_type=\"heading.default\">\n\t\t\t\t<div class=\"elementor-widget-container\">\n\t\t\t\t\t<h2 class=\"elementor-heading-title elementor-size-default\">Informationsmaterial<\/h2>\t\t\t\t<\/div>\n\t\t\t\t<\/div>\n\t\t\t\t<div class=\"elementor-element elementor-element-4b45780 elementor-widget elementor-widget-text-editor\" data-id=\"4b45780\" data-element_type=\"widget\" data-e-type=\"widget\" data-widget_type=\"text-editor.default\">\n\t\t\t\t<div class=\"elementor-widget-container\">\n\t\t\t\t\t\t\t\t\t<p>Utforska MyRights informationsmaterial \u2013 filmer, rapporter och broschyrer om v\u00e5rt arbete f\u00f6r r\u00e4ttigheter och inkludering.<\/p>\t\t\t\t\t\t\t\t<\/div>\n\t\t\t\t<\/div>\n\t\t\t\t<div class=\"elementor-element elementor-element-3d53772 elementor-align-center elementor-widget elementor-widget-button\" data-id=\"3d53772\" data-element_type=\"widget\" data-e-type=\"widget\" data-widget_type=\"button.default\">\n\t\t\t\t<div class=\"elementor-widget-container\">\n\t\t\t\t\t\t\t\t\t<div class=\"elementor-button-wrapper\">\n\t\t\t\t\t<a class=\"elementor-button elementor-button-link elementor-size-sm\" href=\"https:\/\/myright.se\/informationsmaterial\/\">\n\t\t\t\t\t\t<span class=\"elementor-button-content-wrapper\">\n\t\t\t\t\t\t\t\t\t<span class=\"elementor-button-text\">L\u00e4s mer<\/span>\n\t\t\t\t\t<\/span>\n\t\t\t\t\t<\/a>\n\t\t\t\t<\/div>\n\t\t\t\t\t\t\t\t<\/div>\n\t\t\t\t<\/div>\n\t\t\t\t\t<\/div>\n\t\t<\/div>\n\t\t\t\t\t<\/div>\n\t\t<\/section>\n\t\t\t\t<\/div>\n\t\t","protected":false},"excerpt":{"rendered":"<p>Engagera dig &#8211; f\u00f6r en global funkisr\u00f6relse! Det finns m\u00e5nga s\u00e4tt att engagera sig i MyRight. V\u00e4lkommen att k\u00e4mpa f\u00f6r globala funktionsr\u00e4ttsfr\u00e5gor! Klimatr\u00e4ttvisa f\u00f6r alla! Ett projekt som st\u00e4rker unga med funktionsneds\u00e4ttning att delta i klimatr\u00f6relsen. L\u00e4s mer Tips f\u00f6r dig som vill engagera dig i globala funktionsr\u00e4ttsfr\u00e5gor L\u00e4s mer Informationsmaterial Utforska MyRights informationsmaterial \u2013 [&hellip;]<\/p>\n","protected":false},"author":2,"featured_media":17742,"parent":0,"menu_order":0,"comment_status":"closed","ping_status":"closed","template":"","meta":{"footnotes":""},"class_list":["post-24246","page","type-page","status-publish","has-post-thumbnail","hentry"],"yoast_head":"<!-- This site is optimized with the Yoast SEO plugin v27.4 - https:\/\/yoast.com\/product\/yoast-seo-wordpress\/ -->\n<title>Engagera dig - MyRight<\/title>\n<meta name=\"robots\" content=\"index, follow, max-snippet:-1, max-image-preview:large, max-video-preview:-1\" \/>\n<link rel=\"canonical\" href=\"https:\/\/myright.se\/en\/engagera-dig\/\" \/>\n<meta property=\"og:locale\" content=\"en_GB\" \/>\n<meta property=\"og:type\" content=\"article\" \/>\n<meta property=\"og:title\" content=\"Engagera dig f\u00f6r globala funkisfr\u00e5gor\" \/>\n<meta property=\"og:description\" content=\"Engagera dig &#8211; f\u00f6r en global funkisr\u00f6relse! Det finns m\u00e5nga s\u00e4tt att engagera sig i MyRight. V\u00e4lkommen att k\u00e4mpa f\u00f6r globala funktionsr\u00e4ttsfr\u00e5gor! Klimatr\u00e4ttvisa f\u00f6r alla! Ett projekt som st\u00e4rker unga med funktionsneds\u00e4ttning att delta i klimatr\u00f6relsen. L\u00e4s mer Tips f\u00f6r dig som vill engagera dig i globala funktionsr\u00e4ttsfr\u00e5gor L\u00e4s mer Informationsmaterial Utforska MyRights informationsmaterial \u2013 [&hellip;]\" \/>\n<meta property=\"og:url\" content=\"https:\/\/myright.se\/en\/engagera-dig\/\" \/>\n<meta property=\"og:site_name\" content=\"MyRight\" \/>\n<meta property=\"article:modified_time\" content=\"2026-02-23T11:39:12+00:00\" \/>\n<meta property=\"og:image\" content=\"https:\/\/myright.se\/wp-content\/uploads\/2021\/10\/FD_nothingwithoutusetta-e1507017545491.jpg\" \/>\n\t<meta property=\"og:image:width\" content=\"2523\" \/>\n\t<meta property=\"og:image:height\" content=\"1911\" \/>\n\t<meta property=\"og:image:type\" content=\"image\/jpeg\" \/>\n<meta name=\"twitter:card\" content=\"summary_large_image\" \/>\n<meta name=\"twitter:label1\" content=\"Estimated reading time\" \/>\n\t<meta name=\"twitter:data1\" content=\"1 minute\" \/>\n<script type=\"application\/ld+json\" class=\"yoast-schema-graph\">{\"@context\":\"https:\\\/\\\/schema.org\",\"@graph\":[{\"@type\":\"WebPage\",\"@id\":\"https:\\\/\\\/myright.se\\\/engagera-dig\\\/\",\"url\":\"https:\\\/\\\/myright.se\\\/engagera-dig\\\/\",\"name\":\"Engagera dig - MyRight\",\"isPartOf\":{\"@id\":\"https:\\\/\\\/myright.se\\\/#website\"},\"primaryImageOfPage\":{\"@id\":\"https:\\\/\\\/myright.se\\\/engagera-dig\\\/#primaryimage\"},\"image\":{\"@id\":\"https:\\\/\\\/myright.se\\\/engagera-dig\\\/#primaryimage\"},\"thumbnailUrl\":\"https:\\\/\\\/myright.se\\\/wp-content\\\/uploads\\\/2021\\\/10\\\/FD_nothingwithoutusetta-e1507017545491.jpg\",\"datePublished\":\"2023-11-13T13:23:36+00:00\",\"dateModified\":\"2026-02-23T11:39:12+00:00\",\"breadcrumb\":{\"@id\":\"https:\\\/\\\/myright.se\\\/engagera-dig\\\/#breadcrumb\"},\"inLanguage\":\"en-GB\",\"potentialAction\":[{\"@type\":\"ReadAction\",\"target\":[\"https:\\\/\\\/myright.se\\\/engagera-dig\\\/\"]}]},{\"@type\":\"ImageObject\",\"inLanguage\":\"en-GB\",\"@id\":\"https:\\\/\\\/myright.se\\\/engagera-dig\\\/#primaryimage\",\"url\":\"https:\\\/\\\/myright.se\\\/wp-content\\\/uploads\\\/2021\\\/10\\\/FD_nothingwithoutusetta-e1507017545491.jpg\",\"contentUrl\":\"https:\\\/\\\/myright.se\\\/wp-content\\\/uploads\\\/2021\\\/10\\\/FD_nothingwithoutusetta-e1507017545491.jpg\",\"width\":2523,\"height\":1911},{\"@type\":\"BreadcrumbList\",\"@id\":\"https:\\\/\\\/myright.se\\\/engagera-dig\\\/#breadcrumb\",\"itemListElement\":[{\"@type\":\"ListItem\",\"position\":1,\"name\":\"Hem\",\"item\":\"https:\\\/\\\/myright.se\\\/\"},{\"@type\":\"ListItem\",\"position\":2,\"name\":\"Engagera dig\"}]},{\"@type\":\"WebSite\",\"@id\":\"https:\\\/\\\/myright.se\\\/#website\",\"url\":\"https:\\\/\\\/myright.se\\\/\",\"name\":\"MyRight\",\"description\":\"\",\"publisher\":{\"@id\":\"https:\\\/\\\/myright.se\\\/#organization\"},\"potentialAction\":[{\"@type\":\"SearchAction\",\"target\":{\"@type\":\"EntryPoint\",\"urlTemplate\":\"https:\\\/\\\/myright.se\\\/?s={search_term_string}\"},\"query-input\":{\"@type\":\"PropertyValueSpecification\",\"valueRequired\":true,\"valueName\":\"search_term_string\"}}],\"inLanguage\":\"en-GB\"},{\"@type\":\"Organization\",\"@id\":\"https:\\\/\\\/myright.se\\\/#organization\",\"name\":\"MyRight\",\"url\":\"https:\\\/\\\/myright.se\\\/\",\"logo\":{\"@type\":\"ImageObject\",\"inLanguage\":\"en-GB\",\"@id\":\"https:\\\/\\\/myright.se\\\/#\\\/schema\\\/logo\\\/image\\\/\",\"url\":\"https:\\\/\\\/myright.se\\\/wp-content\\\/uploads\\\/2020\\\/02\\\/Myright_logo_no_text_bredvid.png\",\"contentUrl\":\"https:\\\/\\\/myright.se\\\/wp-content\\\/uploads\\\/2020\\\/02\\\/Myright_logo_no_text_bredvid.png\",\"width\":2751,\"height\":816,\"caption\":\"MyRight\"},\"image\":{\"@id\":\"https:\\\/\\\/myright.se\\\/#\\\/schema\\\/logo\\\/image\\\/\"}}]}<\/script>\n<!-- \/ Yoast SEO plugin. -->","yoast_head_json":{"title":"Engagera dig - MyRight","robots":{"index":"index","follow":"follow","max-snippet":"max-snippet:-1","max-image-preview":"max-image-preview:large","max-video-preview":"max-video-preview:-1"},"canonical":"https:\/\/myright.se\/en\/engagera-dig\/","og_locale":"en_GB","og_type":"article","og_title":"Engagera dig f\u00f6r globala funkisfr\u00e5gor","og_description":"Engagera dig &#8211; f\u00f6r en global funkisr\u00f6relse! Det finns m\u00e5nga s\u00e4tt att engagera sig i MyRight. V\u00e4lkommen att k\u00e4mpa f\u00f6r globala funktionsr\u00e4ttsfr\u00e5gor! Klimatr\u00e4ttvisa f\u00f6r alla! Ett projekt som st\u00e4rker unga med funktionsneds\u00e4ttning att delta i klimatr\u00f6relsen. L\u00e4s mer Tips f\u00f6r dig som vill engagera dig i globala funktionsr\u00e4ttsfr\u00e5gor L\u00e4s mer Informationsmaterial Utforska MyRights informationsmaterial \u2013 [&hellip;]","og_url":"https:\/\/myright.se\/en\/engagera-dig\/","og_site_name":"MyRight","article_modified_time":"2026-02-23T11:39:12+00:00","og_image":[{"width":2523,"height":1911,"url":"https:\/\/myright.se\/wp-content\/uploads\/2021\/10\/FD_nothingwithoutusetta-e1507017545491.jpg","type":"image\/jpeg"}],"twitter_card":"summary_large_image","twitter_misc":{"Estimated reading time":"1 minute"},"schema":{"@context":"https:\/\/schema.org","@graph":[{"@type":"WebPage","@id":"https:\/\/myright.se\/engagera-dig\/","url":"https:\/\/myright.se\/engagera-dig\/","name":"Engagera dig - MyRight","isPartOf":{"@id":"https:\/\/myright.se\/#website"},"primaryImageOfPage":{"@id":"https:\/\/myright.se\/engagera-dig\/#primaryimage"},"image":{"@id":"https:\/\/myright.se\/engagera-dig\/#primaryimage"},"thumbnailUrl":"https:\/\/myright.se\/wp-content\/uploads\/2021\/10\/FD_nothingwithoutusetta-e1507017545491.jpg","datePublished":"2023-11-13T13:23:36+00:00","dateModified":"2026-02-23T11:39:12+00:00","breadcrumb":{"@id":"https:\/\/myright.se\/engagera-dig\/#breadcrumb"},"inLanguage":"en-GB","potentialAction":[{"@type":"ReadAction","target":["https:\/\/myright.se\/engagera-dig\/"]}]},{"@type":"ImageObject","inLanguage":"en-GB","@id":"https:\/\/myright.se\/engagera-dig\/#primaryimage","url":"https:\/\/myright.se\/wp-content\/uploads\/2021\/10\/FD_nothingwithoutusetta-e1507017545491.jpg","contentUrl":"https:\/\/myright.se\/wp-content\/uploads\/2021\/10\/FD_nothingwithoutusetta-e1507017545491.jpg","width":2523,"height":1911},{"@type":"BreadcrumbList","@id":"https:\/\/myright.se\/engagera-dig\/#breadcrumb","itemListElement":[{"@type":"ListItem","position":1,"name":"Hem","item":"https:\/\/myright.se\/"},{"@type":"ListItem","position":2,"name":"Engagera dig"}]},{"@type":"WebSite","@id":"https:\/\/myright.se\/#website","url":"https:\/\/myright.se\/","name":"MyRight","description":"","publisher":{"@id":"https:\/\/myright.se\/#organization"},"potentialAction":[{"@type":"SearchAction","target":{"@type":"EntryPoint","urlTemplate":"https:\/\/myright.se\/?s={search_term_string}"},"query-input":{"@type":"PropertyValueSpecification","valueRequired":true,"valueName":"search_term_string"}}],"inLanguage":"en-GB"},{"@type":"Organization","@id":"https:\/\/myright.se\/#organization","name":"MyRight","url":"https:\/\/myright.se\/","logo":{"@type":"ImageObject","inLanguage":"en-GB","@id":"https:\/\/myright.se\/#\/schema\/logo\/image\/","url":"https:\/\/myright.se\/wp-content\/uploads\/2020\/02\/Myright_logo_no_text_bredvid.png","contentUrl":"https:\/\/myright.se\/wp-content\/uploads\/2020\/02\/Myright_logo_no_text_bredvid.png","width":2751,"height":816,"caption":"MyRight"},"image":{"@id":"https:\/\/myright.se\/#\/schema\/logo\/image\/"}}]}},"_links":{"self":[{"href":"https:\/\/myright.se\/en\/wp-json\/wp\/v2\/pages\/24246","targetHints":{"allow":["GET"]}}],"collection":[{"href":"https:\/\/myright.se\/en\/wp-json\/wp\/v2\/pages"}],"about":[{"href":"https:\/\/myright.se\/en\/wp-json\/wp\/v2\/types\/page"}],"author":[{"embeddable":true,"href":"https:\/\/myright.se\/en\/wp-json\/wp\/v2\/users\/2"}],"replies":[{"embeddable":true,"href":"https:\/\/myright.se\/en\/wp-json\/wp\/v2\/comments?post=24246"}],"version-history":[{"count":258,"href":"https:\/\/myright.se\/en\/wp-json\/wp\/v2\/pages\/24246\/revisions"}],"predecessor-version":[{"id":30807,"href":"https:\/\/myright.se\/en\/wp-json\/wp\/v2\/pages\/24246\/revisions\/30807"}],"wp:featuredmedia":[{"embeddable":true,"href":"https:\/\/myright.se\/en\/wp-json\/wp\/v2\/media\/17742"}],"wp:attachment":[{"href":"https:\/\/myright.se\/en\/wp-json\/wp\/v2\/media?parent=24246"}],"curies":[{"name":"wp","href":"https:\/\/api.w.org\/{rel}","templated":true}]}}