{"id":30272,"date":"2025-11-25T10:49:29","date_gmt":"2025-11-25T09:49:29","guid":{"rendered":"https:\/\/myright.se\/?page_id=30272"},"modified":"2025-11-25T11:40:22","modified_gmt":"2025-11-25T10:40:22","slug":"ett-bistand-for-alla","status":"publish","type":"page","link":"https:\/\/myright.se\/en\/ett-bistand-for-alla\/","title":{"rendered":"Ett bist\u00e5nd f\u00f6r alla"},"content":{"rendered":"\t\t<div data-elementor-type=\"wp-page\" data-elementor-id=\"30272\" class=\"elementor elementor-30272\" data-elementor-post-type=\"page\">\n\t\t\t\t\t\t<section class=\"elementor-section elementor-top-section elementor-element elementor-element-7b6fa420 elementor-section-content-middle elementor-section-boxed elementor-section-height-default elementor-section-height-default\" data-id=\"7b6fa420\" data-element_type=\"section\" data-e-type=\"section\" data-settings=\"{&quot;background_background&quot;:&quot;classic&quot;}\">\n\t\t\t\t\t\t<div class=\"elementor-container elementor-column-gap-no\">\n\t\t\t\t\t<div class=\"elementor-column elementor-col-50 elementor-top-column elementor-element elementor-element-22f9d95\" data-id=\"22f9d95\" data-element_type=\"column\" data-e-type=\"column\" data-settings=\"{&quot;background_background&quot;:&quot;classic&quot;}\">\n\t\t\t<div class=\"elementor-widget-wrap elementor-element-populated\">\n\t\t\t\t\t\t<div class=\"elementor-element elementor-element-173a33b4 elementor-widget elementor-widget-heading\" data-id=\"173a33b4\" data-element_type=\"widget\" data-e-type=\"widget\" data-widget_type=\"heading.default\">\n\t\t\t\t<div class=\"elementor-widget-container\">\n\t\t\t\t\t<h2 class=\"elementor-heading-title elementor-size-default\">Ta st\u00e4llning f\u00f6r ett bist\u00e5nd som n\u00e5r ALLA!<\/h2>\t\t\t\t<\/div>\n\t\t\t\t<\/div>\n\t\t\t\t<div class=\"elementor-element elementor-element-17371ca2 elementor-widget elementor-widget-text-editor\" data-id=\"17371ca2\" data-element_type=\"widget\" data-e-type=\"widget\" data-widget_type=\"text-editor.default\">\n\t\t\t\t<div class=\"elementor-widget-container\">\n\t\t\t\t\t\t\t\t\t<p><span data-olk-copy-source=\"MessageBody\">Sverige s\u00e4ger sig st\u00e5 upp f\u00f6r m\u00e4nskliga r\u00e4ttigheter och har skrivit under flera internationella konventioner. \u00c4nd\u00e5 l\u00e4mnas personer med funktionsneds\u00e4ttning g\u00e5ng p\u00e5 g\u00e5ng utanf\u00f6r.<\/span><\/p><p>Trots att de ofta drabbas h\u00e5rdast av kriser, krig och fattigdom, g\u00e5r bara 0,2 procent av Sveriges bist\u00e5ndsinsatser till personer med funktionsneds\u00e4ttning.\u00a0<strong style=\"font-size: inherit; text-align: inherit; letter-spacing: -0.015em;\">Det \u00e4r oacceptabelt.<\/strong><\/p><p>MyRight kr\u00e4ver att regeringen s\u00e4kerst\u00e4ller att allt svenskt bist\u00e5nd \u2013 b\u00e5de l\u00e5ngsiktigt utvecklingssamarbete och humanit\u00e4rt st\u00f6d \u2013 \u00e4r inkluderande och tillg\u00e4ngligt f\u00f6r alla.<\/p><p><strong>Vi vill ha ett bist\u00e5nd som:<\/strong><\/p><ul><li>n\u00e5r alla, oavsett funktionsneds\u00e4ttning<\/li><li>respekterar m\u00e4nskliga r\u00e4ttigheter<\/li><li>och lever upp till principen \u201dingen ska l\u00e4mnas utanf\u00f6r\u201d<\/li><\/ul><p><strong>Skriv under nu \u2013 och kr\u00e4v att Sverige lever som vi l\u00e4r.<\/strong><\/p>\t\t\t\t\t\t\t\t<\/div>\n\t\t\t\t<\/div>\n\t\t\t\t\t<\/div>\n\t\t<\/div>\n\t\t\t\t<div class=\"elementor-column elementor-col-50 elementor-top-column elementor-element elementor-element-4dd11753\" data-id=\"4dd11753\" data-element_type=\"column\" data-e-type=\"column\">\n\t\t\t<div class=\"elementor-widget-wrap elementor-element-populated\">\n\t\t\t\t\t\t<div class=\"elementor-element elementor-element-657ac10e elementor-widget elementor-widget-text-editor\" data-id=\"657ac10e\" data-element_type=\"widget\" data-e-type=\"widget\" data-widget_type=\"text-editor.default\">\n\t\t\t\t<div class=\"elementor-widget-container\">\n\t\t\t\t\t\t\t\t\t<p>Ja, jag tycker att bist\u00e5nd ska g\u00e5 till ALLA, <br \/>oavsett funktionsneds\u00e4ttning.<\/p>\t\t\t\t\t\t\t\t<\/div>\n\t\t\t\t<\/div>\n\t\t\t\t<div class=\"elementor-element elementor-element-630a0c8f elementor-button-align-stretch elementor-widget elementor-widget-form\" data-id=\"630a0c8f\" data-element_type=\"widget\" data-e-type=\"widget\" data-settings=\"{&quot;step_next_label&quot;:&quot;Next&quot;,&quot;step_previous_label&quot;:&quot;Previous&quot;,&quot;button_width&quot;:&quot;100&quot;,&quot;step_type&quot;:&quot;number_text&quot;,&quot;step_icon_shape&quot;:&quot;circle&quot;}\" data-widget_type=\"form.default\">\n\t\t\t\t<div class=\"elementor-widget-container\">\n\t\t\t\t\t\t\t<form class=\"elementor-form\" method=\"post\" name=\"Namninsamling\" aria-label=\"Namninsamling\">\n\t\t\t<input type=\"hidden\" name=\"post_id\" value=\"30272\"\/>\n\t\t\t<input type=\"hidden\" name=\"form_id\" value=\"630a0c8f\"\/>\n\t\t\t<input type=\"hidden\" name=\"referer_title\" value=\"Ett bist\u00e5nd f\u00f6r alla - MyRight\" \/>\n\n\t\t\t\t\t\t\t<input type=\"hidden\" name=\"queried_id\" value=\"30272\"\/>\n\t\t\t\n\t\t\t<div class=\"elementor-form-fields-wrapper elementor-labels-\">\n\t\t\t\t\t\t\t\t<div class=\"elementor-field-type-text elementor-field-group elementor-column elementor-field-group-name elementor-col-100\">\n\t\t\t\t\t\t\t\t\t\t\t\t<label for=\"form-field-name\" class=\"elementor-field-label elementor-screen-only\">\n\t\t\t\t\t\t\t\tNamn\t\t\t\t\t\t\t<\/label>\n\t\t\t\t\t\t\t\t\t\t\t\t\t\t<input size=\"1\" type=\"text\" name=\"form_fields[name]\" id=\"form-field-name\" class=\"elementor-field elementor-size-sm  elementor-field-textual\" placeholder=\"Namn\">\n\t\t\t\t\t\t\t\t\t\t\t<\/div>\n\t\t\t\t\t\t\t\t<div class=\"elementor-field-type-email elementor-field-group elementor-column elementor-field-group-email elementor-col-100 elementor-field-required\">\n\t\t\t\t\t\t\t\t\t\t\t\t<label for=\"form-field-email\" class=\"elementor-field-label elementor-screen-only\">\n\t\t\t\t\t\t\t\tE-post\t\t\t\t\t\t\t<\/label>\n\t\t\t\t\t\t\t\t\t\t\t\t\t\t<input size=\"1\" type=\"email\" name=\"form_fields[email]\" id=\"form-field-email\" class=\"elementor-field elementor-size-sm  elementor-field-textual\" placeholder=\"E-post\" required=\"required\">\n\t\t\t\t\t\t\t\t\t\t\t<\/div>\n\t\t\t\t\t\t\t\t<div class=\"elementor-field-group elementor-column elementor-field-type-submit elementor-col-100 e-form__buttons\">\n\t\t\t\t\t<button class=\"elementor-button elementor-size-sm elementor-animation-grow\" type=\"submit\">\n\t\t\t\t\t\t<span class=\"elementor-button-content-wrapper\">\n\t\t\t\t\t\t\t\t\t\t\t\t\t\t\t\t\t\t\t\t\t\t<span class=\"elementor-button-text\">Skriv under<\/span>\n\t\t\t\t\t\t\t\t\t\t\t\t\t<\/span>\n\t\t\t\t\t<\/button>\n\t\t\t\t<\/div>\n\t\t\t<\/div>\n\t\t<\/form>\n\t\t\t\t\t\t<\/div>\n\t\t\t\t<\/div>\n\t\t\t\t\t<\/div>\n\t\t<\/div>\n\t\t\t\t\t<\/div>\n\t\t<\/section>\n\t\t\t\t<section class=\"elementor-section elementor-top-section elementor-element elementor-element-564a360b elementor-section-content-middle elementor-reverse-mobile elementor-section-boxed elementor-section-height-default elementor-section-height-default\" data-id=\"564a360b\" data-element_type=\"section\" data-e-type=\"section\" data-settings=\"{&quot;background_background&quot;:&quot;classic&quot;}\">\n\t\t\t\t\t\t<div class=\"elementor-container elementor-column-gap-wider\">\n\t\t\t\t\t<div class=\"elementor-column elementor-col-50 elementor-top-column elementor-element elementor-element-6bf45b9a\" data-id=\"6bf45b9a\" data-element_type=\"column\" data-e-type=\"column\">\n\t\t\t<div class=\"elementor-widget-wrap elementor-element-populated\">\n\t\t\t\t\t\t<div class=\"elementor-element elementor-element-10c1d72d elementor-widget elementor-widget-heading\" data-id=\"10c1d72d\" data-element_type=\"widget\" data-e-type=\"widget\" data-widget_type=\"heading.default\">\n\t\t\t\t<div class=\"elementor-widget-container\">\n\t\t\t\t\t<p class=\"elementor-heading-title elementor-size-default\">F\u00f6rst att drabbas - sist att f\u00e5 hj\u00e4lp<\/p>\t\t\t\t<\/div>\n\t\t\t\t<\/div>\n\t\t\t\t<div class=\"elementor-element elementor-element-7bf360e3 elementor-widget elementor-widget-text-editor\" data-id=\"7bf360e3\" data-element_type=\"widget\" data-e-type=\"widget\" data-widget_type=\"text-editor.default\">\n\t\t\t\t<div class=\"elementor-widget-container\">\n\t\t\t\t\t\t\t\t\t<p>\u00d6ver h\u00e4lften av alla personer med funktionsneds\u00e4ttning lever i l\u00e4nder som p\u00e5verkas av krig och humanit\u00e4ra kriser. N\u00e4r katastrofen sl\u00e5r till drabbas de h\u00e5rdast \u2013 men f\u00e5r hj\u00e4lp sist.<\/p><p><strong>D\u00f6dligheten f\u00f6r personer med funktionsneds\u00e4ttning under kriser<\/strong>\u00a0\u00e4r\u00a0<strong>fyra g\u00e5nger h\u00f6gre<\/strong>\u00a0\u00e4n f\u00f6r de utan funktionsneds\u00e4ttning.<\/p><p>L\u00e4s mer hur personer med funktionsneds\u00e4ttnings drabbas f\u00f6rst och h\u00e5rdast i kriser och konflikt och hur MyRight arbetar f\u00f6r att f\u00f6r\u00e4ndra den.\u00a0<\/p>\t\t\t\t\t\t\t\t<\/div>\n\t\t\t\t<\/div>\n\t\t\t\t<div class=\"elementor-element elementor-element-3013fbea elementor-align-center elementor-widget elementor-widget-button\" data-id=\"3013fbea\" data-element_type=\"widget\" data-e-type=\"widget\" data-widget_type=\"button.default\">\n\t\t\t\t<div class=\"elementor-widget-container\">\n\t\t\t\t\t\t\t\t\t<div class=\"elementor-button-wrapper\">\n\t\t\t\t\t<a class=\"elementor-button elementor-button-link elementor-size-sm elementor-animation-grow\" href=\"https:\/\/myright.se\/de-drabbas-forst-men-far-hjalp-sist\/\">\n\t\t\t\t\t\t<span class=\"elementor-button-content-wrapper\">\n\t\t\t\t\t\t\t\t\t<span class=\"elementor-button-text\">L\u00e4s mer<\/span>\n\t\t\t\t\t<\/span>\n\t\t\t\t\t<\/a>\n\t\t\t\t<\/div>\n\t\t\t\t\t\t\t\t<\/div>\n\t\t\t\t<\/div>\n\t\t\t\t\t<\/div>\n\t\t<\/div>\n\t\t\t\t<div class=\"elementor-column elementor-col-50 elementor-top-column elementor-element elementor-element-2fce468e\" data-id=\"2fce468e\" data-element_type=\"column\" data-e-type=\"column\" data-settings=\"{&quot;background_background&quot;:&quot;classic&quot;}\">\n\t\t\t<div class=\"elementor-widget-wrap elementor-element-populated\">\n\t\t\t\t\t\t<div class=\"elementor-element elementor-element-7c89b05a elementor-widget elementor-widget-spacer\" data-id=\"7c89b05a\" data-element_type=\"widget\" data-e-type=\"widget\" data-widget_type=\"spacer.default\">\n\t\t\t\t<div class=\"elementor-widget-container\">\n\t\t\t\t\t\t\t<div class=\"elementor-spacer\">\n\t\t\t<div class=\"elementor-spacer-inner\"><\/div>\n\t\t<\/div>\n\t\t\t\t\t\t<\/div>\n\t\t\t\t<\/div>\n\t\t\t\t\t<\/div>\n\t\t<\/div>\n\t\t\t\t\t<\/div>\n\t\t<\/section>\n\t\t\t\t<\/div>\n\t\t","protected":false},"excerpt":{"rendered":"<p>Ta st\u00e4llning f\u00f6r ett bist\u00e5nd som n\u00e5r ALLA! Sverige s\u00e4ger sig st\u00e5 upp f\u00f6r m\u00e4nskliga r\u00e4ttigheter och har skrivit under flera internationella konventioner. \u00c4nd\u00e5 l\u00e4mnas personer med funktionsneds\u00e4ttning g\u00e5ng p\u00e5 g\u00e5ng utanf\u00f6r. Trots att de ofta drabbas h\u00e5rdast av kriser, krig och fattigdom, g\u00e5r bara 0,2 procent av Sveriges bist\u00e5ndsinsatser till personer med funktionsneds\u00e4ttning.\u00a0Det \u00e4r [&hellip;]<\/p>\n","protected":false},"author":2,"featured_media":29802,"parent":0,"menu_order":0,"comment_status":"closed","ping_status":"closed","template":"","meta":{"footnotes":""},"class_list":["post-30272","page","type-page","status-publish","has-post-thumbnail","hentry"],"yoast_head":"<!-- This site is optimized with the Yoast SEO plugin v27.4 - https:\/\/yoast.com\/product\/yoast-seo-wordpress\/ -->\n<title>Ett bist\u00e5nd f\u00f6r alla - MyRight<\/title>\n<meta name=\"robots\" content=\"index, follow, max-snippet:-1, max-image-preview:large, max-video-preview:-1\" \/>\n<link rel=\"canonical\" href=\"https:\/\/myright.se\/en\/ett-bistand-for-alla\/\" \/>\n<meta property=\"og:locale\" content=\"en_GB\" \/>\n<meta property=\"og:type\" content=\"article\" \/>\n<meta property=\"og:title\" content=\"Ett bist\u00e5nd f\u00f6r alla - MyRight\" \/>\n<meta property=\"og:description\" content=\"Ta st\u00e4llning f\u00f6r ett bist\u00e5nd som n\u00e5r ALLA! Sverige s\u00e4ger sig st\u00e5 upp f\u00f6r m\u00e4nskliga r\u00e4ttigheter och har skrivit under flera internationella konventioner. \u00c4nd\u00e5 l\u00e4mnas personer med funktionsneds\u00e4ttning g\u00e5ng p\u00e5 g\u00e5ng utanf\u00f6r. Trots att de ofta drabbas h\u00e5rdast av kriser, krig och fattigdom, g\u00e5r bara 0,2 procent av Sveriges bist\u00e5ndsinsatser till personer med funktionsneds\u00e4ttning.\u00a0Det \u00e4r [&hellip;]\" \/>\n<meta property=\"og:url\" content=\"https:\/\/myright.se\/en\/ett-bistand-for-alla\/\" \/>\n<meta property=\"og:site_name\" content=\"MyRight\" \/>\n<meta property=\"article:modified_time\" content=\"2025-11-25T10:40:22+00:00\" \/>\n<meta property=\"og:image\" content=\"https:\/\/myright.se\/wp-content\/uploads\/2025\/10\/Rwanda-Sada-Igikundiro-Masaka-center-2.jpg\" \/>\n\t<meta property=\"og:image:width\" content=\"1920\" \/>\n\t<meta property=\"og:image:height\" content=\"1000\" \/>\n\t<meta property=\"og:image:type\" content=\"image\/jpeg\" \/>\n<meta name=\"twitter:card\" content=\"summary_large_image\" \/>\n<meta name=\"twitter:label1\" content=\"Estimated reading time\" \/>\n\t<meta name=\"twitter:data1\" content=\"1 minute\" \/>\n<script type=\"application\/ld+json\" class=\"yoast-schema-graph\">{\"@context\":\"https:\\\/\\\/schema.org\",\"@graph\":[{\"@type\":\"WebPage\",\"@id\":\"https:\\\/\\\/myright.se\\\/ett-bistand-for-alla\\\/\",\"url\":\"https:\\\/\\\/myright.se\\\/ett-bistand-for-alla\\\/\",\"name\":\"Ett bist\u00e5nd f\u00f6r alla - MyRight\",\"isPartOf\":{\"@id\":\"https:\\\/\\\/myright.se\\\/#website\"},\"primaryImageOfPage\":{\"@id\":\"https:\\\/\\\/myright.se\\\/ett-bistand-for-alla\\\/#primaryimage\"},\"image\":{\"@id\":\"https:\\\/\\\/myright.se\\\/ett-bistand-for-alla\\\/#primaryimage\"},\"thumbnailUrl\":\"https:\\\/\\\/myright.se\\\/wp-content\\\/uploads\\\/2025\\\/10\\\/Rwanda-Sada-Igikundiro-Masaka-center-2.jpg\",\"datePublished\":\"2025-11-25T09:49:29+00:00\",\"dateModified\":\"2025-11-25T10:40:22+00:00\",\"breadcrumb\":{\"@id\":\"https:\\\/\\\/myright.se\\\/ett-bistand-for-alla\\\/#breadcrumb\"},\"inLanguage\":\"en-GB\",\"potentialAction\":[{\"@type\":\"ReadAction\",\"target\":[\"https:\\\/\\\/myright.se\\\/ett-bistand-for-alla\\\/\"]}]},{\"@type\":\"ImageObject\",\"inLanguage\":\"en-GB\",\"@id\":\"https:\\\/\\\/myright.se\\\/ett-bistand-for-alla\\\/#primaryimage\",\"url\":\"https:\\\/\\\/myright.se\\\/wp-content\\\/uploads\\\/2025\\\/10\\\/Rwanda-Sada-Igikundiro-Masaka-center-2.jpg\",\"contentUrl\":\"https:\\\/\\\/myright.se\\\/wp-content\\\/uploads\\\/2025\\\/10\\\/Rwanda-Sada-Igikundiro-Masaka-center-2.jpg\",\"width\":1920,\"height\":1000},{\"@type\":\"BreadcrumbList\",\"@id\":\"https:\\\/\\\/myright.se\\\/ett-bistand-for-alla\\\/#breadcrumb\",\"itemListElement\":[{\"@type\":\"ListItem\",\"position\":1,\"name\":\"Hem\",\"item\":\"https:\\\/\\\/myright.se\\\/\"},{\"@type\":\"ListItem\",\"position\":2,\"name\":\"Ett bist\u00e5nd f\u00f6r alla\"}]},{\"@type\":\"WebSite\",\"@id\":\"https:\\\/\\\/myright.se\\\/#website\",\"url\":\"https:\\\/\\\/myright.se\\\/\",\"name\":\"MyRight\",\"description\":\"\",\"publisher\":{\"@id\":\"https:\\\/\\\/myright.se\\\/#organization\"},\"potentialAction\":[{\"@type\":\"SearchAction\",\"target\":{\"@type\":\"EntryPoint\",\"urlTemplate\":\"https:\\\/\\\/myright.se\\\/?s={search_term_string}\"},\"query-input\":{\"@type\":\"PropertyValueSpecification\",\"valueRequired\":true,\"valueName\":\"search_term_string\"}}],\"inLanguage\":\"en-GB\"},{\"@type\":\"Organization\",\"@id\":\"https:\\\/\\\/myright.se\\\/#organization\",\"name\":\"MyRight\",\"url\":\"https:\\\/\\\/myright.se\\\/\",\"logo\":{\"@type\":\"ImageObject\",\"inLanguage\":\"en-GB\",\"@id\":\"https:\\\/\\\/myright.se\\\/#\\\/schema\\\/logo\\\/image\\\/\",\"url\":\"https:\\\/\\\/myright.se\\\/wp-content\\\/uploads\\\/2020\\\/02\\\/Myright_logo_no_text_bredvid.png\",\"contentUrl\":\"https:\\\/\\\/myright.se\\\/wp-content\\\/uploads\\\/2020\\\/02\\\/Myright_logo_no_text_bredvid.png\",\"width\":2751,\"height\":816,\"caption\":\"MyRight\"},\"image\":{\"@id\":\"https:\\\/\\\/myright.se\\\/#\\\/schema\\\/logo\\\/image\\\/\"}}]}<\/script>\n<!-- \/ Yoast SEO plugin. -->","yoast_head_json":{"title":"Ett bist\u00e5nd f\u00f6r alla - MyRight","robots":{"index":"index","follow":"follow","max-snippet":"max-snippet:-1","max-image-preview":"max-image-preview:large","max-video-preview":"max-video-preview:-1"},"canonical":"https:\/\/myright.se\/en\/ett-bistand-for-alla\/","og_locale":"en_GB","og_type":"article","og_title":"Ett bist\u00e5nd f\u00f6r alla - MyRight","og_description":"Ta st\u00e4llning f\u00f6r ett bist\u00e5nd som n\u00e5r ALLA! Sverige s\u00e4ger sig st\u00e5 upp f\u00f6r m\u00e4nskliga r\u00e4ttigheter och har skrivit under flera internationella konventioner. \u00c4nd\u00e5 l\u00e4mnas personer med funktionsneds\u00e4ttning g\u00e5ng p\u00e5 g\u00e5ng utanf\u00f6r. Trots att de ofta drabbas h\u00e5rdast av kriser, krig och fattigdom, g\u00e5r bara 0,2 procent av Sveriges bist\u00e5ndsinsatser till personer med funktionsneds\u00e4ttning.\u00a0Det \u00e4r [&hellip;]","og_url":"https:\/\/myright.se\/en\/ett-bistand-for-alla\/","og_site_name":"MyRight","article_modified_time":"2025-11-25T10:40:22+00:00","og_image":[{"width":1920,"height":1000,"url":"https:\/\/myright.se\/wp-content\/uploads\/2025\/10\/Rwanda-Sada-Igikundiro-Masaka-center-2.jpg","type":"image\/jpeg"}],"twitter_card":"summary_large_image","twitter_misc":{"Estimated reading time":"1 minute"},"schema":{"@context":"https:\/\/schema.org","@graph":[{"@type":"WebPage","@id":"https:\/\/myright.se\/ett-bistand-for-alla\/","url":"https:\/\/myright.se\/ett-bistand-for-alla\/","name":"Ett bist\u00e5nd f\u00f6r alla - MyRight","isPartOf":{"@id":"https:\/\/myright.se\/#website"},"primaryImageOfPage":{"@id":"https:\/\/myright.se\/ett-bistand-for-alla\/#primaryimage"},"image":{"@id":"https:\/\/myright.se\/ett-bistand-for-alla\/#primaryimage"},"thumbnailUrl":"https:\/\/myright.se\/wp-content\/uploads\/2025\/10\/Rwanda-Sada-Igikundiro-Masaka-center-2.jpg","datePublished":"2025-11-25T09:49:29+00:00","dateModified":"2025-11-25T10:40:22+00:00","breadcrumb":{"@id":"https:\/\/myright.se\/ett-bistand-for-alla\/#breadcrumb"},"inLanguage":"en-GB","potentialAction":[{"@type":"ReadAction","target":["https:\/\/myright.se\/ett-bistand-for-alla\/"]}]},{"@type":"ImageObject","inLanguage":"en-GB","@id":"https:\/\/myright.se\/ett-bistand-for-alla\/#primaryimage","url":"https:\/\/myright.se\/wp-content\/uploads\/2025\/10\/Rwanda-Sada-Igikundiro-Masaka-center-2.jpg","contentUrl":"https:\/\/myright.se\/wp-content\/uploads\/2025\/10\/Rwanda-Sada-Igikundiro-Masaka-center-2.jpg","width":1920,"height":1000},{"@type":"BreadcrumbList","@id":"https:\/\/myright.se\/ett-bistand-for-alla\/#breadcrumb","itemListElement":[{"@type":"ListItem","position":1,"name":"Hem","item":"https:\/\/myright.se\/"},{"@type":"ListItem","position":2,"name":"Ett bist\u00e5nd f\u00f6r alla"}]},{"@type":"WebSite","@id":"https:\/\/myright.se\/#website","url":"https:\/\/myright.se\/","name":"MyRight","description":"","publisher":{"@id":"https:\/\/myright.se\/#organization"},"potentialAction":[{"@type":"SearchAction","target":{"@type":"EntryPoint","urlTemplate":"https:\/\/myright.se\/?s={search_term_string}"},"query-input":{"@type":"PropertyValueSpecification","valueRequired":true,"valueName":"search_term_string"}}],"inLanguage":"en-GB"},{"@type":"Organization","@id":"https:\/\/myright.se\/#organization","name":"MyRight","url":"https:\/\/myright.se\/","logo":{"@type":"ImageObject","inLanguage":"en-GB","@id":"https:\/\/myright.se\/#\/schema\/logo\/image\/","url":"https:\/\/myright.se\/wp-content\/uploads\/2020\/02\/Myright_logo_no_text_bredvid.png","contentUrl":"https:\/\/myright.se\/wp-content\/uploads\/2020\/02\/Myright_logo_no_text_bredvid.png","width":2751,"height":816,"caption":"MyRight"},"image":{"@id":"https:\/\/myright.se\/#\/schema\/logo\/image\/"}}]}},"_links":{"self":[{"href":"https:\/\/myright.se\/en\/wp-json\/wp\/v2\/pages\/30272","targetHints":{"allow":["GET"]}}],"collection":[{"href":"https:\/\/myright.se\/en\/wp-json\/wp\/v2\/pages"}],"about":[{"href":"https:\/\/myright.se\/en\/wp-json\/wp\/v2\/types\/page"}],"author":[{"embeddable":true,"href":"https:\/\/myright.se\/en\/wp-json\/wp\/v2\/users\/2"}],"replies":[{"embeddable":true,"href":"https:\/\/myright.se\/en\/wp-json\/wp\/v2\/comments?post=30272"}],"version-history":[{"count":16,"href":"https:\/\/myright.se\/en\/wp-json\/wp\/v2\/pages\/30272\/revisions"}],"predecessor-version":[{"id":30306,"href":"https:\/\/myright.se\/en\/wp-json\/wp\/v2\/pages\/30272\/revisions\/30306"}],"wp:featuredmedia":[{"embeddable":true,"href":"https:\/\/myright.se\/en\/wp-json\/wp\/v2\/media\/29802"}],"wp:attachment":[{"href":"https:\/\/myright.se\/en\/wp-json\/wp\/v2\/media?parent=30272"}],"curies":[{"name":"wp","href":"https:\/\/api.w.org\/{rel}","templated":true}]}}