{"id":4286,"date":"2019-10-08T15:06:38","date_gmt":"2019-10-08T15:06:38","guid":{"rendered":"https:\/\/myright.se\/?post_type=product&#038;p=4286"},"modified":"2023-03-30T19:16:53","modified_gmt":"2023-03-30T18:16:53","slug":"foretagsgava","status":"publish","type":"product","link":"https:\/\/myright.se\/en\/produkt\/foretagsgava\/","title":{"rendered":"Corporate gift"},"content":{"rendered":"","protected":false},"excerpt":{"rendered":"<p>Er g\u00e5va st\u00f6djer MyRights arbete att st\u00e4rka m\u00e4nskliga r\u00e4ttigheter f\u00f6r personer med funktionsneds\u00e4ttning runt om i v\u00e4rlden. Pengarna anv\u00e4nds d\u00e4r behoven \u00e4r som st\u00f6rst.<\/p>\n<p>As a thank you for your gift, you will receive a digital diploma that you can share with your customers and employees.<\/p>\n<p><b>It is also possible to give a gift to our Plusgiro account: 90 01 10-8<\/b><\/p>\n<p><b>Tack f\u00f6r ert st\u00f6d!<\/b><\/p>","protected":false},"featured_media":2934,"template":"","meta":[],"product_brand":[],"product_cat":[66],"product_tag":[],"class_list":{"0":"post-4286","1":"product","2":"type-product","3":"status-publish","4":"has-post-thumbnail","6":"product_cat-foretagsgava","8":"first","9":"instock","10":"shipping-taxable","11":"purchasable","12":"product-type-variable","13":"has-default-attributes"},"yoast_head":"<!-- This site is optimized with the Yoast SEO plugin v27.5 - https:\/\/yoast.com\/product\/yoast-seo-wordpress\/ -->\n<title>F\u00f6retagsg\u00e5va - MyRight<\/title>\n<meta name=\"robots\" content=\"index, follow, max-snippet:-1, max-image-preview:large, max-video-preview:-1\" \/>\n<link rel=\"canonical\" href=\"https:\/\/myright.se\/en\/product-2\/foretagsgava\/\" \/>\n<meta property=\"og:locale\" content=\"en_GB\" \/>\n<meta property=\"og:type\" content=\"article\" \/>\n<meta property=\"og:title\" content=\"F\u00f6retagsg\u00e5va - MyRight\" \/>\n<meta property=\"og:description\" content=\"Er g\u00e5va st\u00f6djer MyRights arbete att st\u00e4rka m\u00e4nskliga r\u00e4ttigheter f\u00f6r personer med funktionsneds\u00e4ttning runt om i v\u00e4rlden. Pengarna anv\u00e4nds d\u00e4r behoven \u00e4r som st\u00f6rst.  Som tack f\u00f6r er g\u00e5va f\u00e5r ni ett digitalt diplom som ni kan dela med era kunder och anst\u00e4llda.  Det g\u00e5r ocks\u00e5 bra att ge en g\u00e5va till v\u00e5rt Plusgirokonto: 90 01 10-8  Tack f\u00f6r ert st\u00f6d!\" \/>\n<meta property=\"og:url\" content=\"https:\/\/myright.se\/en\/product-2\/foretagsgava\/\" \/>\n<meta property=\"og:site_name\" content=\"MyRight\" \/>\n<meta property=\"article:modified_time\" content=\"2023-03-30T18:16:53+00:00\" \/>\n<meta property=\"og:image\" content=\"https:\/\/myright.se\/wp-content\/uploads\/2019\/09\/MyRight.png\" \/>\n\t<meta property=\"og:image:width\" content=\"600\" \/>\n\t<meta property=\"og:image:height\" content=\"600\" \/>\n\t<meta property=\"og:image:type\" content=\"image\/png\" \/>\n<meta name=\"twitter:card\" content=\"summary_large_image\" \/>\n<script type=\"application\/ld+json\" class=\"yoast-schema-graph\">{\"@context\":\"https:\\\/\\\/schema.org\",\"@graph\":[{\"@type\":\"WebPage\",\"@id\":\"https:\\\/\\\/myright.se\\\/produkt\\\/foretagsgava\\\/\",\"url\":\"https:\\\/\\\/myright.se\\\/produkt\\\/foretagsgava\\\/\",\"name\":\"F\u00f6retagsg\u00e5va - MyRight\",\"isPartOf\":{\"@id\":\"https:\\\/\\\/myright.se\\\/#website\"},\"primaryImageOfPage\":{\"@id\":\"https:\\\/\\\/myright.se\\\/produkt\\\/foretagsgava\\\/#primaryimage\"},\"image\":{\"@id\":\"https:\\\/\\\/myright.se\\\/produkt\\\/foretagsgava\\\/#primaryimage\"},\"thumbnailUrl\":\"https:\\\/\\\/myright.se\\\/wp-content\\\/uploads\\\/2019\\\/09\\\/MyRight.png\",\"datePublished\":\"2019-10-08T15:06:38+00:00\",\"dateModified\":\"2023-03-30T18:16:53+00:00\",\"breadcrumb\":{\"@id\":\"https:\\\/\\\/myright.se\\\/produkt\\\/foretagsgava\\\/#breadcrumb\"},\"inLanguage\":\"en-GB\",\"potentialAction\":[{\"@type\":\"ReadAction\",\"target\":[\"https:\\\/\\\/myright.se\\\/produkt\\\/foretagsgava\\\/\"]}]},{\"@type\":\"ImageObject\",\"inLanguage\":\"en-GB\",\"@id\":\"https:\\\/\\\/myright.se\\\/produkt\\\/foretagsgava\\\/#primaryimage\",\"url\":\"https:\\\/\\\/myright.se\\\/wp-content\\\/uploads\\\/2019\\\/09\\\/MyRight.png\",\"contentUrl\":\"https:\\\/\\\/myright.se\\\/wp-content\\\/uploads\\\/2019\\\/09\\\/MyRight.png\",\"width\":600,\"height\":600,\"caption\":\"Logotyp f\u00f6r MyRight\"},{\"@type\":\"BreadcrumbList\",\"@id\":\"https:\\\/\\\/myright.se\\\/produkt\\\/foretagsgava\\\/#breadcrumb\",\"itemListElement\":[{\"@type\":\"ListItem\",\"position\":1,\"name\":\"Hem\",\"item\":\"https:\\\/\\\/myright.se\\\/\"},{\"@type\":\"ListItem\",\"position\":2,\"name\":\"Produkter\",\"item\":\"https:\\\/\\\/myright.se\\\/shop\\\/\"},{\"@type\":\"ListItem\",\"position\":3,\"name\":\"F\u00f6retagsg\u00e5va\"}]},{\"@type\":\"WebSite\",\"@id\":\"https:\\\/\\\/myright.se\\\/#website\",\"url\":\"https:\\\/\\\/myright.se\\\/\",\"name\":\"MyRight\",\"description\":\"\",\"publisher\":{\"@id\":\"https:\\\/\\\/myright.se\\\/#organization\"},\"potentialAction\":[{\"@type\":\"SearchAction\",\"target\":{\"@type\":\"EntryPoint\",\"urlTemplate\":\"https:\\\/\\\/myright.se\\\/?s={search_term_string}\"},\"query-input\":{\"@type\":\"PropertyValueSpecification\",\"valueRequired\":true,\"valueName\":\"search_term_string\"}}],\"inLanguage\":\"en-GB\"},{\"@type\":\"Organization\",\"@id\":\"https:\\\/\\\/myright.se\\\/#organization\",\"name\":\"MyRight\",\"url\":\"https:\\\/\\\/myright.se\\\/\",\"logo\":{\"@type\":\"ImageObject\",\"inLanguage\":\"en-GB\",\"@id\":\"https:\\\/\\\/myright.se\\\/#\\\/schema\\\/logo\\\/image\\\/\",\"url\":\"https:\\\/\\\/myright.se\\\/wp-content\\\/uploads\\\/2020\\\/02\\\/Myright_logo_no_text_bredvid.png\",\"contentUrl\":\"https:\\\/\\\/myright.se\\\/wp-content\\\/uploads\\\/2020\\\/02\\\/Myright_logo_no_text_bredvid.png\",\"width\":2751,\"height\":816,\"caption\":\"MyRight\"},\"image\":{\"@id\":\"https:\\\/\\\/myright.se\\\/#\\\/schema\\\/logo\\\/image\\\/\"}}]}<\/script>\n<!-- \/ Yoast SEO plugin. -->","yoast_head_json":{"title":"Corporate gift - MyRight","robots":{"index":"index","follow":"follow","max-snippet":"max-snippet:-1","max-image-preview":"max-image-preview:large","max-video-preview":"max-video-preview:-1"},"canonical":"https:\/\/myright.se\/en\/product-2\/foretagsgava\/","og_locale":"en_GB","og_type":"article","og_title":"F\u00f6retagsg\u00e5va - MyRight","og_description":"Er g\u00e5va st\u00f6djer MyRights arbete att st\u00e4rka m\u00e4nskliga r\u00e4ttigheter f\u00f6r personer med funktionsneds\u00e4ttning runt om i v\u00e4rlden. Pengarna anv\u00e4nds d\u00e4r behoven \u00e4r som st\u00f6rst.  Som tack f\u00f6r er g\u00e5va f\u00e5r ni ett digitalt diplom som ni kan dela med era kunder och anst\u00e4llda.  Det g\u00e5r ocks\u00e5 bra att ge en g\u00e5va till v\u00e5rt Plusgirokonto: 90 01 10-8  Tack f\u00f6r ert st\u00f6d!","og_url":"https:\/\/myright.se\/en\/product-2\/foretagsgava\/","og_site_name":"MyRight","article_modified_time":"2023-03-30T18:16:53+00:00","og_image":[{"width":600,"height":600,"url":"https:\/\/myright.se\/wp-content\/uploads\/2019\/09\/MyRight.png","type":"image\/png"}],"twitter_card":"summary_large_image","schema":{"@context":"https:\/\/schema.org","@graph":[{"@type":"WebPage","@id":"https:\/\/myright.se\/produkt\/foretagsgava\/","url":"https:\/\/myright.se\/produkt\/foretagsgava\/","name":"Corporate gift - MyRight","isPartOf":{"@id":"https:\/\/myright.se\/#website"},"primaryImageOfPage":{"@id":"https:\/\/myright.se\/produkt\/foretagsgava\/#primaryimage"},"image":{"@id":"https:\/\/myright.se\/produkt\/foretagsgava\/#primaryimage"},"thumbnailUrl":"https:\/\/myright.se\/wp-content\/uploads\/2019\/09\/MyRight.png","datePublished":"2019-10-08T15:06:38+00:00","dateModified":"2023-03-30T18:16:53+00:00","breadcrumb":{"@id":"https:\/\/myright.se\/produkt\/foretagsgava\/#breadcrumb"},"inLanguage":"en-GB","potentialAction":[{"@type":"ReadAction","target":["https:\/\/myright.se\/produkt\/foretagsgava\/"]}]},{"@type":"ImageObject","inLanguage":"en-GB","@id":"https:\/\/myright.se\/produkt\/foretagsgava\/#primaryimage","url":"https:\/\/myright.se\/wp-content\/uploads\/2019\/09\/MyRight.png","contentUrl":"https:\/\/myright.se\/wp-content\/uploads\/2019\/09\/MyRight.png","width":600,"height":600,"caption":"Logotyp f\u00f6r MyRight"},{"@type":"BreadcrumbList","@id":"https:\/\/myright.se\/produkt\/foretagsgava\/#breadcrumb","itemListElement":[{"@type":"ListItem","position":1,"name":"Hem","item":"https:\/\/myright.se\/"},{"@type":"ListItem","position":2,"name":"Produkter","item":"https:\/\/myright.se\/shop\/"},{"@type":"ListItem","position":3,"name":"F\u00f6retagsg\u00e5va"}]},{"@type":"WebSite","@id":"https:\/\/myright.se\/#website","url":"https:\/\/myright.se\/","name":"MyRight","description":"","publisher":{"@id":"https:\/\/myright.se\/#organization"},"potentialAction":[{"@type":"SearchAction","target":{"@type":"EntryPoint","urlTemplate":"https:\/\/myright.se\/?s={search_term_string}"},"query-input":{"@type":"PropertyValueSpecification","valueRequired":true,"valueName":"search_term_string"}}],"inLanguage":"en-GB"},{"@type":"Organization","@id":"https:\/\/myright.se\/#organization","name":"MyRight","url":"https:\/\/myright.se\/","logo":{"@type":"ImageObject","inLanguage":"en-GB","@id":"https:\/\/myright.se\/#\/schema\/logo\/image\/","url":"https:\/\/myright.se\/wp-content\/uploads\/2020\/02\/Myright_logo_no_text_bredvid.png","contentUrl":"https:\/\/myright.se\/wp-content\/uploads\/2020\/02\/Myright_logo_no_text_bredvid.png","width":2751,"height":816,"caption":"MyRight"},"image":{"@id":"https:\/\/myright.se\/#\/schema\/logo\/image\/"}}]}},"_links":{"self":[{"href":"https:\/\/myright.se\/en\/wp-json\/wp\/v2\/product\/4286","targetHints":{"allow":["GET"]}}],"collection":[{"href":"https:\/\/myright.se\/en\/wp-json\/wp\/v2\/product"}],"about":[{"href":"https:\/\/myright.se\/en\/wp-json\/wp\/v2\/types\/product"}],"wp:featuredmedia":[{"embeddable":true,"href":"https:\/\/myright.se\/en\/wp-json\/wp\/v2\/media\/2934"}],"wp:attachment":[{"href":"https:\/\/myright.se\/en\/wp-json\/wp\/v2\/media?parent=4286"}],"wp:term":[{"taxonomy":"product_brand","embeddable":true,"href":"https:\/\/myright.se\/en\/wp-json\/wp\/v2\/product_brand?post=4286"},{"taxonomy":"product_cat","embeddable":true,"href":"https:\/\/myright.se\/en\/wp-json\/wp\/v2\/product_cat?post=4286"},{"taxonomy":"product_tag","embeddable":true,"href":"https:\/\/myright.se\/en\/wp-json\/wp\/v2\/product_tag?post=4286"}],"curies":[{"name":"wp","href":"https:\/\/api.w.org\/{rel}","templated":true}]}}