{"id":12245,"date":"2020-12-21T13:03:40","date_gmt":"2020-12-21T13:03:40","guid":{"rendered":"https:\/\/myrightdev.funka.website\/?page_id=12245"},"modified":"2026-04-16T20:01:40","modified_gmt":"2026-04-16T19:01:40","slug":"hacer-un-regalo","status":"publish","type":"page","link":"https:\/\/myright.se\/es\/tenia-derechos-de-autor\/hacer-un-regalo\/","title":{"rendered":"Dar un regalo"},"content":{"rendered":"<div data-elementor-type=\"wp-page\" data-elementor-id=\"12245\" class=\"elementor elementor-12245\" data-elementor-post-type=\"page\">\n\t\t\t\t\t\t<section class=\"elementor-section elementor-top-section elementor-element elementor-element-64b9bdc elementor-section-boxed elementor-section-height-default elementor-section-height-default\" data-id=\"64b9bdc\" data-element_type=\"section\" data-e-type=\"section\" data-settings=\"{&quot;background_background&quot;:&quot;classic&quot;}\">\n\t\t\t\t\t\t<div class=\"elementor-container elementor-column-gap-default\">\n\t\t\t\t\t<div class=\"elementor-column elementor-col-100 elementor-top-column elementor-element elementor-element-e142405\" data-id=\"e142405\" data-element_type=\"column\" data-e-type=\"column\">\n\t\t\t<div class=\"elementor-widget-wrap elementor-element-populated\">\n\t\t\t\t\t\t<section class=\"elementor-section elementor-inner-section elementor-element elementor-element-3c59da9 elementor-section-boxed elementor-section-height-default elementor-section-height-default\" data-id=\"3c59da9\" data-element_type=\"section\" data-e-type=\"section\">\n\t\t\t\t\t\t<div class=\"elementor-container elementor-column-gap-default\">\n\t\t\t\t\t<div class=\"elementor-column elementor-col-50 elementor-inner-column elementor-element elementor-element-4603c57\" data-id=\"4603c57\" data-element_type=\"column\" data-e-type=\"column\">\n\t\t\t<div class=\"elementor-widget-wrap elementor-element-populated\">\n\t\t\t\t\t\t<div class=\"elementor-element elementor-element-451ae9a elementor-widget elementor-widget-heading\" data-id=\"451ae9a\" data-element_type=\"widget\" data-e-type=\"widget\" data-widget_type=\"heading.default\">\n\t\t\t\t<div class=\"elementor-widget-container\">\n\t\t\t\t\t<h2 class=\"elementor-heading-title elementor-size-default\">Dar un regalo<\/h2>\t\t\t\t<\/div>\n\t\t\t\t<\/div>\n\t\t\t\t<div class=\"elementor-element elementor-element-aca4e58 elementor-widget elementor-widget-text-editor\" data-id=\"aca4e58\" data-element_type=\"widget\" data-e-type=\"widget\" data-widget_type=\"text-editor.default\">\n\t\t\t\t<div class=\"elementor-widget-container\">\n\t\t\t\t\t\t\t\t\t<p data-start=\"186\" data-end=\"391\">Tu donativo marca la diferencia. Cada contribuci\u00f3n nos ayuda a defender los derechos humanos y a empoderar a las personas con discapacidad de todo el mundo. Gracias por defender la igualdad de derechos para todos.<\/p>\t\t\t\t\t\t\t\t<\/div>\n\t\t\t\t<\/div>\n\t\t\t\t<div class=\"elementor-element elementor-element-86b72d7 elementor-widget elementor-widget-image\" data-id=\"86b72d7\" data-element_type=\"widget\" data-e-type=\"widget\" data-widget_type=\"image.default\">\n\t\t\t\t<div class=\"elementor-widget-container\">\n\t\t\t\t\t\t\t\t\t\t\t\t\t\t\t<img fetchpriority=\"high\" decoding=\"async\" width=\"580\" height=\"435\" src=\"https:\/\/myright.se\/wp-content\/uploads\/2026\/04\/Media-1024x768.jpg\" class=\"attachment-large size-large wp-image-31075\" alt=\"\" srcset=\"https:\/\/myright.se\/wp-content\/uploads\/2026\/04\/Media-1024x768.jpg 1024w, https:\/\/myright.se\/wp-content\/uploads\/2026\/04\/Media-300x225.jpg 300w, https:\/\/myright.se\/wp-content\/uploads\/2026\/04\/Media-768x576.jpg 768w, https:\/\/myright.se\/wp-content\/uploads\/2026\/04\/Media-1536x1152.jpg 1536w, https:\/\/myright.se\/wp-content\/uploads\/2026\/04\/Media-16x12.jpg 16w, https:\/\/myright.se\/wp-content\/uploads\/2026\/04\/Media-1200x900.jpg 1200w, https:\/\/myright.se\/wp-content\/uploads\/2026\/04\/Media-600x450.jpg 600w, https:\/\/myright.se\/wp-content\/uploads\/2026\/04\/Media.jpg 1663w\" sizes=\"(max-width: 580px) 100vw, 580px\" \/>\t\t\t\t\t\t\t\t\t\t\t\t\t\t\t<\/div>\n\t\t\t\t<\/div>\n\t\t\t\t\t<\/div>\n\t\t<\/div>\n\t\t\t\t<div class=\"elementor-column elementor-col-50 elementor-inner-column elementor-element elementor-element-ebc930b\" data-id=\"ebc930b\" data-element_type=\"column\" data-e-type=\"column\">\n\t\t\t<div class=\"elementor-widget-wrap elementor-element-populated\">\n\t\t\t\t\t\t<div class=\"elementor-element elementor-element-7a7d79b elementor-widget elementor-widget-shortcode\" data-id=\"7a7d79b\" data-element_type=\"widget\" data-e-type=\"widget\" data-widget_type=\"shortcode.default\">\n\t\t\t\t<div class=\"elementor-widget-container\">\n\t\t\t\t\t\t\t<div class=\"elementor-shortcode\"><repejo-checkout short_code=\"YRKGf\" host=\"https:\/\/app.repejo.se\"><\/repejo-checkout><\/div>\n\t\t\t\t\t\t<\/div>\n\t\t\t\t<\/div>\n\t\t\t\t\t<\/div>\n\t\t<\/div>\n\t\t\t\t\t<\/div>\n\t\t<\/section>\n\t\t\t\t\t<\/div>\n\t\t<\/div>\n\t\t\t\t\t<\/div>\n\t\t<\/section>\n\t\t\t\t<section class=\"elementor-section elementor-top-section elementor-element elementor-element-cfc3b11 elementor-section-stretched elementor-section-boxed elementor-section-height-default elementor-section-height-default\" data-id=\"cfc3b11\" data-element_type=\"section\" data-e-type=\"section\" data-settings=\"{&quot;stretch_section&quot;:&quot;section-stretched&quot;,&quot;background_background&quot;:&quot;classic&quot;}\">\n\t\t\t\t\t\t<div class=\"elementor-container elementor-column-gap-wider\">\n\t\t\t\t\t<div class=\"elementor-column elementor-col-33 elementor-top-column elementor-element elementor-element-0a54467\" data-id=\"0a54467\" data-element_type=\"column\" data-e-type=\"column\">\n\t\t\t<div class=\"elementor-widget-wrap elementor-element-populated\">\n\t\t\t\t\t\t<div class=\"elementor-element elementor-element-7243632 elementor-widget elementor-widget-heading\" data-id=\"7243632\" data-element_type=\"widget\" data-e-type=\"widget\" data-widget_type=\"heading.default\">\n\t\t\t\t<div class=\"elementor-widget-container\">\n\t\t\t\t\t<h2 class=\"elementor-heading-title elementor-size-default\">\u00bfC\u00f3mo se usa el dinero?<\/h2>\t\t\t\t<\/div>\n\t\t\t\t<\/div>\n\t\t\t\t<div class=\"elementor-element elementor-element-329c9c8 elementor-widget elementor-widget-text-editor\" data-id=\"329c9c8\" data-element_type=\"widget\" data-e-type=\"widget\" data-widget_type=\"text-editor.default\">\n\t\t\t\t<div class=\"elementor-widget-container\">\n\t\t\t\t\t\t\t\t\t<p>El objetivo de MyRight es siempre trabajar con esfuerzos efectivos y de largo plazo. Usamos su dinero donde las necesidades son mayores, y donde nuestros expertos juzgan que hacen el mayor bien.<\/p><p>Tenemos una amplia experiencia en el trabajo con los derechos humanos de las personas con discapacidad en muchos pa\u00edses, y sabemos lo que se necesita para lograr mejoras duraderas en diversas \u00e1reas.\u00a0<\/p><p>No asignamos obsequios para fines espec\u00edficos, ya que es importante que siempre tengamos una reserva de dinero que podamos usar de inmediato.<\/p>\t\t\t\t\t\t\t\t<\/div>\n\t\t\t\t<\/div>\n\t\t\t\t\t<\/div>\n\t\t<\/div>\n\t\t\t\t<div class=\"elementor-column elementor-col-33 elementor-top-column elementor-element elementor-element-ec64555\" data-id=\"ec64555\" data-element_type=\"column\" data-e-type=\"column\">\n\t\t\t<div class=\"elementor-widget-wrap elementor-element-populated\">\n\t\t\t\t\t\t<div class=\"elementor-element elementor-element-71062b9 elementor-widget elementor-widget-heading\" data-id=\"71062b9\" data-element_type=\"widget\" data-e-type=\"widget\" data-widget_type=\"heading.default\">\n\t\t\t\t<div class=\"elementor-widget-container\">\n\t\t\t\t\t<h2 class=\"elementor-heading-title elementor-size-default\">\u00bfPuedo hacer un regalo?<\/h2>\t\t\t\t<\/div>\n\t\t\t\t<\/div>\n\t\t\t\t<div class=\"elementor-element elementor-element-ca9b987 elementor-widget elementor-widget-text-editor\" data-id=\"ca9b987\" data-element_type=\"widget\" data-e-type=\"widget\" data-widget_type=\"text-editor.default\">\n\t\t\t\t<div class=\"elementor-widget-container\">\n\t\t\t\t\t\t\t\t\t<p>S\u00ed, puede canjear una cantidad adicional de su elecci\u00f3n:<br \/>1 2 3\u00a0 \u00a09 0 0\u00a0 \u00a01 1\u00a0 \u00a00 8<\/p>\t\t\t\t\t\t\t\t<\/div>\n\t\t\t\t<\/div>\n\t\t\t\t\t<\/div>\n\t\t<\/div>\n\t\t\t\t<div class=\"elementor-column elementor-col-33 elementor-top-column elementor-element elementor-element-e11f72a\" data-id=\"e11f72a\" data-element_type=\"column\" data-e-type=\"column\">\n\t\t\t<div class=\"elementor-widget-wrap elementor-element-populated\">\n\t\t\t\t\t\t<div class=\"elementor-element elementor-element-a4c5198 elementor-widget elementor-widget-heading\" data-id=\"a4c5198\" data-element_type=\"widget\" data-e-type=\"widget\" data-widget_type=\"heading.default\">\n\t\t\t\t<div class=\"elementor-widget-container\">\n\t\t\t\t\t<h2 class=\"elementor-heading-title elementor-size-default\">Cont\u00e1ctenos<\/h2>\t\t\t\t<\/div>\n\t\t\t\t<\/div>\n\t\t\t\t<div class=\"elementor-element elementor-element-b16c6ed elementor-widget elementor-widget-text-editor\" data-id=\"b16c6ed\" data-element_type=\"widget\" data-e-type=\"widget\" data-widget_type=\"text-editor.default\">\n\t\t\t\t<div class=\"elementor-widget-container\">\n\t\t\t\t\t\t\t\t\t<p>Si tiene alguna duda, env\u00edenos un correo electr\u00f3nico a givarservice@myright.se y le ayudaremos.<\/p>\t\t\t\t\t\t\t\t<\/div>\n\t\t\t\t<\/div>\n\t\t\t\t\t<\/div>\n\t\t<\/div>\n\t\t\t\t\t<\/div>\n\t\t<\/section>\n\t\t\t\t<\/div>","protected":false},"excerpt":{"rendered":"<p>Ge en g\u00e5va Din g\u00e5va g\u00f6r skillnad. Varje bidrag hj\u00e4lper oss att f\u00f6rsvara m\u00e4nskliga r\u00e4ttigheter och st\u00e4rka personer med funktionsneds\u00e4ttning runt om i v\u00e4rlden. Tack f\u00f6r att du st\u00e5r upp f\u00f6r allas lika r\u00e4ttigheter. Hur anv\u00e4nds pengarna? MyRights m\u00e5l \u00e4r alltid att arbeta med effektiva och l\u00e5ngsiktiga insatser. Vi anv\u00e4nder dina pengar d\u00e4r behoven \u00e4r [&hellip;]<\/p>\n","protected":false},"author":2,"featured_media":20942,"parent":11987,"menu_order":0,"comment_status":"closed","ping_status":"closed","template":"elementor_header_footer","meta":{"footnotes":""},"class_list":["post-12245","page","type-page","status-publish","has-post-thumbnail","hentry"],"yoast_head":"<!-- This site is optimized with the Yoast SEO plugin v27.4 - https:\/\/yoast.com\/product\/yoast-seo-wordpress\/ -->\n<title>Ge en g\u00e5va - MyRight<\/title>\n<meta name=\"robots\" content=\"index, follow, max-snippet:-1, max-image-preview:large, max-video-preview:-1\" \/>\n<link rel=\"canonical\" href=\"https:\/\/myright.se\/es\/tenia-derechos-de-autor\/hacer-un-regalo\/\" \/>\n<meta property=\"og:locale\" content=\"es_ES\" \/>\n<meta property=\"og:type\" content=\"article\" \/>\n<meta property=\"og:title\" content=\"Ge en g\u00e5va - MyRight\" \/>\n<meta property=\"og:description\" content=\"Ge en g\u00e5va Din g\u00e5va g\u00f6r skillnad. Varje bidrag hj\u00e4lper oss att f\u00f6rsvara m\u00e4nskliga r\u00e4ttigheter och st\u00e4rka personer med funktionsneds\u00e4ttning runt om i v\u00e4rlden. Tack f\u00f6r att du st\u00e5r upp f\u00f6r allas lika r\u00e4ttigheter. Hur anv\u00e4nds pengarna? MyRights m\u00e5l \u00e4r alltid att arbeta med effektiva och l\u00e5ngsiktiga insatser. Vi anv\u00e4nder dina pengar d\u00e4r behoven \u00e4r [&hellip;]\" \/>\n<meta property=\"og:url\" content=\"https:\/\/myright.se\/es\/tenia-derechos-de-autor\/hacer-un-regalo\/\" \/>\n<meta property=\"og:site_name\" content=\"MyRight\" \/>\n<meta property=\"article:modified_time\" content=\"2026-04-16T19:01:40+00:00\" \/>\n<meta property=\"og:image\" content=\"https:\/\/myright.se\/wp-content\/uploads\/2022\/12\/Pojke_rullstol-scaled.jpg\" \/>\n\t<meta property=\"og:image:width\" content=\"2560\" \/>\n\t<meta property=\"og:image:height\" content=\"1707\" \/>\n\t<meta property=\"og:image:type\" content=\"image\/jpeg\" \/>\n<meta name=\"twitter:card\" content=\"summary_large_image\" \/>\n<meta name=\"twitter:label1\" content=\"Tiempo de lectura\" \/>\n\t<meta name=\"twitter:data1\" content=\"1 minuto\" \/>\n<script type=\"application\/ld+json\" class=\"yoast-schema-graph\">{\"@context\":\"https:\\\/\\\/schema.org\",\"@graph\":[{\"@type\":\"WebPage\",\"@id\":\"https:\\\/\\\/myright.se\\\/stod-myright\\\/ge-en-gava\\\/\",\"url\":\"https:\\\/\\\/myright.se\\\/stod-myright\\\/ge-en-gava\\\/\",\"name\":\"Ge en g\u00e5va - MyRight\",\"isPartOf\":{\"@id\":\"https:\\\/\\\/myright.se\\\/#website\"},\"primaryImageOfPage\":{\"@id\":\"https:\\\/\\\/myright.se\\\/stod-myright\\\/ge-en-gava\\\/#primaryimage\"},\"image\":{\"@id\":\"https:\\\/\\\/myright.se\\\/stod-myright\\\/ge-en-gava\\\/#primaryimage\"},\"thumbnailUrl\":\"https:\\\/\\\/myright.se\\\/wp-content\\\/uploads\\\/2022\\\/12\\\/Pojke_rullstol-scaled.jpg\",\"datePublished\":\"2020-12-21T13:03:40+00:00\",\"dateModified\":\"2026-04-16T19:01:40+00:00\",\"breadcrumb\":{\"@id\":\"https:\\\/\\\/myright.se\\\/stod-myright\\\/ge-en-gava\\\/#breadcrumb\"},\"inLanguage\":\"es\",\"potentialAction\":[{\"@type\":\"ReadAction\",\"target\":[\"https:\\\/\\\/myright.se\\\/stod-myright\\\/ge-en-gava\\\/\"]}]},{\"@type\":\"ImageObject\",\"inLanguage\":\"es\",\"@id\":\"https:\\\/\\\/myright.se\\\/stod-myright\\\/ge-en-gava\\\/#primaryimage\",\"url\":\"https:\\\/\\\/myright.se\\\/wp-content\\\/uploads\\\/2022\\\/12\\\/Pojke_rullstol-scaled.jpg\",\"contentUrl\":\"https:\\\/\\\/myright.se\\\/wp-content\\\/uploads\\\/2022\\\/12\\\/Pojke_rullstol-scaled.jpg\",\"width\":2560,\"height\":1707,\"caption\":\"13 March 2021, Lebanon, Aarsal: A Syrian boy stands with his wheelchair bound brother at the Barra refugee camp in the Lebanese town of Aarsal, located north-east of capital Beirut. UNICEF said that after 10 years since the start of the Syrian conflict, war has left the lives and futures of a generation of children hanging by a thread. The Syrian war remains one of the world's most complex humanitarian crises as it continues to ravage many areas in Syria. Photo: Marwan Naamani\\\/dpa\"},{\"@type\":\"BreadcrumbList\",\"@id\":\"https:\\\/\\\/myright.se\\\/stod-myright\\\/ge-en-gava\\\/#breadcrumb\",\"itemListElement\":[{\"@type\":\"ListItem\",\"position\":1,\"name\":\"Hem\",\"item\":\"https:\\\/\\\/myright.se\\\/\"},{\"@type\":\"ListItem\",\"position\":2,\"name\":\"St\u00f6d oss\",\"item\":\"https:\\\/\\\/myright.se\\\/stod-myright\\\/\"},{\"@type\":\"ListItem\",\"position\":3,\"name\":\"Ge en g\u00e5va\"}]},{\"@type\":\"WebSite\",\"@id\":\"https:\\\/\\\/myright.se\\\/#website\",\"url\":\"https:\\\/\\\/myright.se\\\/\",\"name\":\"MyRight\",\"description\":\"\",\"publisher\":{\"@id\":\"https:\\\/\\\/myright.se\\\/#organization\"},\"potentialAction\":[{\"@type\":\"SearchAction\",\"target\":{\"@type\":\"EntryPoint\",\"urlTemplate\":\"https:\\\/\\\/myright.se\\\/?s={search_term_string}\"},\"query-input\":{\"@type\":\"PropertyValueSpecification\",\"valueRequired\":true,\"valueName\":\"search_term_string\"}}],\"inLanguage\":\"es\"},{\"@type\":\"Organization\",\"@id\":\"https:\\\/\\\/myright.se\\\/#organization\",\"name\":\"MyRight\",\"url\":\"https:\\\/\\\/myright.se\\\/\",\"logo\":{\"@type\":\"ImageObject\",\"inLanguage\":\"es\",\"@id\":\"https:\\\/\\\/myright.se\\\/#\\\/schema\\\/logo\\\/image\\\/\",\"url\":\"https:\\\/\\\/myright.se\\\/wp-content\\\/uploads\\\/2020\\\/02\\\/Myright_logo_no_text_bredvid.png\",\"contentUrl\":\"https:\\\/\\\/myright.se\\\/wp-content\\\/uploads\\\/2020\\\/02\\\/Myright_logo_no_text_bredvid.png\",\"width\":2751,\"height\":816,\"caption\":\"MyRight\"},\"image\":{\"@id\":\"https:\\\/\\\/myright.se\\\/#\\\/schema\\\/logo\\\/image\\\/\"}}]}<\/script>\n<!-- \/ Yoast SEO plugin. -->","yoast_head_json":{"title":"Dar un regalo - MyRight","robots":{"index":"index","follow":"follow","max-snippet":"max-snippet:-1","max-image-preview":"max-image-preview:large","max-video-preview":"max-video-preview:-1"},"canonical":"https:\/\/myright.se\/es\/tenia-derechos-de-autor\/hacer-un-regalo\/","og_locale":"es_ES","og_type":"article","og_title":"Ge en g\u00e5va - MyRight","og_description":"Ge en g\u00e5va Din g\u00e5va g\u00f6r skillnad. Varje bidrag hj\u00e4lper oss att f\u00f6rsvara m\u00e4nskliga r\u00e4ttigheter och st\u00e4rka personer med funktionsneds\u00e4ttning runt om i v\u00e4rlden. Tack f\u00f6r att du st\u00e5r upp f\u00f6r allas lika r\u00e4ttigheter. Hur anv\u00e4nds pengarna? MyRights m\u00e5l \u00e4r alltid att arbeta med effektiva och l\u00e5ngsiktiga insatser. Vi anv\u00e4nder dina pengar d\u00e4r behoven \u00e4r [&hellip;]","og_url":"https:\/\/myright.se\/es\/tenia-derechos-de-autor\/hacer-un-regalo\/","og_site_name":"MyRight","article_modified_time":"2026-04-16T19:01:40+00:00","og_image":[{"width":2560,"height":1707,"url":"https:\/\/myright.se\/wp-content\/uploads\/2022\/12\/Pojke_rullstol-scaled.jpg","type":"image\/jpeg"}],"twitter_card":"summary_large_image","twitter_misc":{"Tiempo de lectura":"1 minuto"},"schema":{"@context":"https:\/\/schema.org","@graph":[{"@type":"WebPage","@id":"https:\/\/myright.se\/stod-myright\/ge-en-gava\/","url":"https:\/\/myright.se\/stod-myright\/ge-en-gava\/","name":"Dar un regalo - MyRight","isPartOf":{"@id":"https:\/\/myright.se\/#website"},"primaryImageOfPage":{"@id":"https:\/\/myright.se\/stod-myright\/ge-en-gava\/#primaryimage"},"image":{"@id":"https:\/\/myright.se\/stod-myright\/ge-en-gava\/#primaryimage"},"thumbnailUrl":"https:\/\/myright.se\/wp-content\/uploads\/2022\/12\/Pojke_rullstol-scaled.jpg","datePublished":"2020-12-21T13:03:40+00:00","dateModified":"2026-04-16T19:01:40+00:00","breadcrumb":{"@id":"https:\/\/myright.se\/stod-myright\/ge-en-gava\/#breadcrumb"},"inLanguage":"es","potentialAction":[{"@type":"ReadAction","target":["https:\/\/myright.se\/stod-myright\/ge-en-gava\/"]}]},{"@type":"ImageObject","inLanguage":"es","@id":"https:\/\/myright.se\/stod-myright\/ge-en-gava\/#primaryimage","url":"https:\/\/myright.se\/wp-content\/uploads\/2022\/12\/Pojke_rullstol-scaled.jpg","contentUrl":"https:\/\/myright.se\/wp-content\/uploads\/2022\/12\/Pojke_rullstol-scaled.jpg","width":2560,"height":1707,"caption":"13 March 2021, Lebanon, Aarsal: A Syrian boy stands with his wheelchair bound brother at the Barra refugee camp in the Lebanese town of Aarsal, located north-east of capital Beirut. UNICEF said that after 10 years since the start of the Syrian conflict, war has left the lives and futures of a generation of children hanging by a thread. The Syrian war remains one of the world's most complex humanitarian crises as it continues to ravage many areas in Syria. Photo: Marwan Naamani\/dpa"},{"@type":"BreadcrumbList","@id":"https:\/\/myright.se\/stod-myright\/ge-en-gava\/#breadcrumb","itemListElement":[{"@type":"ListItem","position":1,"name":"Hem","item":"https:\/\/myright.se\/"},{"@type":"ListItem","position":2,"name":"St\u00f6d oss","item":"https:\/\/myright.se\/stod-myright\/"},{"@type":"ListItem","position":3,"name":"Ge en g\u00e5va"}]},{"@type":"WebSite","@id":"https:\/\/myright.se\/#website","url":"https:\/\/myright.se\/","name":"Mi derecho","description":"","publisher":{"@id":"https:\/\/myright.se\/#organization"},"potentialAction":[{"@type":"SearchAction","target":{"@type":"EntryPoint","urlTemplate":"https:\/\/myright.se\/?s={search_term_string}"},"query-input":{"@type":"PropertyValueSpecification","valueRequired":true,"valueName":"search_term_string"}}],"inLanguage":"es"},{"@type":"Organization","@id":"https:\/\/myright.se\/#organization","name":"Mi derecho","url":"https:\/\/myright.se\/","logo":{"@type":"ImageObject","inLanguage":"es","@id":"https:\/\/myright.se\/#\/schema\/logo\/image\/","url":"https:\/\/myright.se\/wp-content\/uploads\/2020\/02\/Myright_logo_no_text_bredvid.png","contentUrl":"https:\/\/myright.se\/wp-content\/uploads\/2020\/02\/Myright_logo_no_text_bredvid.png","width":2751,"height":816,"caption":"MyRight"},"image":{"@id":"https:\/\/myright.se\/#\/schema\/logo\/image\/"}}]}},"_links":{"self":[{"href":"https:\/\/myright.se\/es\/wp-json\/wp\/v2\/pages\/12245","targetHints":{"allow":["GET"]}}],"collection":[{"href":"https:\/\/myright.se\/es\/wp-json\/wp\/v2\/pages"}],"about":[{"href":"https:\/\/myright.se\/es\/wp-json\/wp\/v2\/types\/page"}],"author":[{"embeddable":true,"href":"https:\/\/myright.se\/es\/wp-json\/wp\/v2\/users\/2"}],"replies":[{"embeddable":true,"href":"https:\/\/myright.se\/es\/wp-json\/wp\/v2\/comments?post=12245"}],"version-history":[{"count":187,"href":"https:\/\/myright.se\/es\/wp-json\/wp\/v2\/pages\/12245\/revisions"}],"predecessor-version":[{"id":31090,"href":"https:\/\/myright.se\/es\/wp-json\/wp\/v2\/pages\/12245\/revisions\/31090"}],"up":[{"embeddable":true,"href":"https:\/\/myright.se\/es\/wp-json\/wp\/v2\/pages\/11987"}],"wp:featuredmedia":[{"embeddable":true,"href":"https:\/\/myright.se\/es\/wp-json\/wp\/v2\/media\/20942"}],"wp:attachment":[{"href":"https:\/\/myright.se\/es\/wp-json\/wp\/v2\/media?parent=12245"}],"curies":[{"name":"wp","href":"https:\/\/api.w.org\/{rel}","templated":true}]}}