{"id":12348,"date":"2020-12-21T14:08:34","date_gmt":"2020-12-21T13:08:34","guid":{"rendered":"https:\/\/myrightdev.funka.website\/?page_id=12348"},"modified":"2026-04-16T11:03:22","modified_gmt":"2026-04-16T10:03:22","slug":"organizacion","status":"publish","type":"page","link":"https:\/\/myright.se\/es\/tenia-derechos-de-autor\/organizacion\/","title":{"rendered":"Regalo corporativo"},"content":{"rendered":"<div data-elementor-type=\"wp-page\" data-elementor-id=\"12348\" class=\"elementor elementor-12348\" data-elementor-post-type=\"page\">\n\t\t\t\t\t\t<section class=\"elementor-section elementor-top-section elementor-element elementor-element-6d55ddfc elementor-section-full_width elementor-section-stretched elementor-section-height-default elementor-section-height-default\" data-id=\"6d55ddfc\" data-element_type=\"section\" data-e-type=\"section\" data-settings=\"{&quot;stretch_section&quot;:&quot;section-stretched&quot;,&quot;background_background&quot;:&quot;classic&quot;}\">\n\t\t\t\t\t\t<div class=\"elementor-container elementor-column-gap-default\">\n\t\t\t\t\t<div class=\"elementor-column elementor-col-100 elementor-top-column elementor-element elementor-element-6a4b949d\" data-id=\"6a4b949d\" data-element_type=\"column\" data-e-type=\"column\">\n\t\t\t<div class=\"elementor-widget-wrap elementor-element-populated\">\n\t\t\t\t\t\t<div class=\"elementor-element elementor-element-7a0cc7be elementor-widget elementor-widget-breadcrumbs\" data-id=\"7a0cc7be\" data-element_type=\"widget\" data-e-type=\"widget\" data-widget_type=\"breadcrumbs.default\">\n\t\t\t\t<div class=\"elementor-widget-container\">\n\t\t\t\t\t<p id=\"breadcrumbs\"><span><span><a href=\"https:\/\/myright.se\/es\/\">Hogar<\/a><\/span><\/span><\/p>\t\t\t\t<\/div>\n\t\t\t\t<\/div>\n\t\t\t\t\t<\/div>\n\t\t<\/div>\n\t\t\t\t\t<\/div>\n\t\t<\/section>\n\t\t\t\t<section class=\"elementor-section elementor-top-section elementor-element elementor-element-87e7c8a elementor-section-boxed elementor-section-height-default elementor-section-height-default\" data-id=\"87e7c8a\" data-element_type=\"section\" data-e-type=\"section\" data-settings=\"{&quot;background_background&quot;:&quot;classic&quot;}\">\n\t\t\t\t\t\t<div class=\"elementor-container elementor-column-gap-default\">\n\t\t\t\t\t<div class=\"elementor-column elementor-col-100 elementor-top-column elementor-element elementor-element-bc71b4a\" data-id=\"bc71b4a\" data-element_type=\"column\" data-e-type=\"column\">\n\t\t\t<div class=\"elementor-widget-wrap elementor-element-populated\">\n\t\t\t\t\t\t<div class=\"elementor-element elementor-element-1f33851 elementor-widget elementor-widget-spacer\" data-id=\"1f33851\" data-element_type=\"widget\" data-e-type=\"widget\" data-widget_type=\"spacer.default\">\n\t\t\t\t<div class=\"elementor-widget-container\">\n\t\t\t\t\t\t\t<div class=\"elementor-spacer\">\n\t\t\t<div class=\"elementor-spacer-inner\"><\/div>\n\t\t<\/div>\n\t\t\t\t\t\t<\/div>\n\t\t\t\t<\/div>\n\t\t\t\t<div class=\"elementor-element elementor-element-84f8c17 elementor-widget elementor-widget-heading\" data-id=\"84f8c17\" data-element_type=\"widget\" data-e-type=\"widget\" data-widget_type=\"heading.default\">\n\t\t\t\t<div class=\"elementor-widget-container\">\n\t\t\t\t\t<h2 class=\"elementor-heading-title elementor-size-default\">Dar un regalo de empresa<\/h2>\t\t\t\t<\/div>\n\t\t\t\t<\/div>\n\t\t\t\t<div class=\"elementor-element elementor-element-668834f elementor-widget elementor-widget-text-editor\" data-id=\"668834f\" data-element_type=\"widget\" data-e-type=\"widget\" data-widget_type=\"text-editor.default\">\n\t\t\t\t<div class=\"elementor-widget-container\">\n\t\t\t\t\t\t\t\t\t<p>Med er f\u00f6retagsg\u00e5va bidrar ni till att f\u00f6r\u00e4ndra liv och st\u00e4rka r\u00e4ttigheter f\u00f6r personer med funktionsneds\u00e4ttning. Tillsammans kan vi se till att ingen l\u00e4mnas utanf\u00f6r.<\/p>\t\t\t\t\t\t\t\t<\/div>\n\t\t\t\t<\/div>\n\t\t\t\t\t<\/div>\n\t\t<\/div>\n\t\t\t\t\t<\/div>\n\t\t<\/section>\n\t\t\t\t<section class=\"elementor-section elementor-top-section elementor-element elementor-element-86b71b9 elementor-section-boxed elementor-section-height-default elementor-section-height-default\" data-id=\"86b71b9\" data-element_type=\"section\" data-e-type=\"section\" data-settings=\"{&quot;background_background&quot;:&quot;classic&quot;}\">\n\t\t\t\t\t\t<div class=\"elementor-container elementor-column-gap-default\">\n\t\t\t\t\t<div class=\"elementor-column elementor-col-50 elementor-top-column elementor-element elementor-element-5a9ae69\" data-id=\"5a9ae69\" data-element_type=\"column\" data-e-type=\"column\">\n\t\t\t<div class=\"elementor-widget-wrap elementor-element-populated\">\n\t\t\t\t\t\t<div class=\"elementor-element elementor-element-7b99504 elementor-widget elementor-widget-shortcode\" data-id=\"7b99504\" data-element_type=\"widget\" data-e-type=\"widget\" data-widget_type=\"shortcode.default\">\n\t\t\t\t<div class=\"elementor-widget-container\">\n\t\t\t\t\t\t\t<div class=\"elementor-shortcode\"><repejo-checkout short_code=\"9laan\" host=\"https:\/\/app.repejo.se\"><\/repejo-checkout><\/div>\n\t\t\t\t\t\t<\/div>\n\t\t\t\t<\/div>\n\t\t\t\t\t<\/div>\n\t\t<\/div>\n\t\t\t\t<div class=\"elementor-column elementor-col-50 elementor-top-column elementor-element elementor-element-07e0ac8\" data-id=\"07e0ac8\" data-element_type=\"column\" data-e-type=\"column\">\n\t\t\t<div class=\"elementor-widget-wrap elementor-element-populated\">\n\t\t\t\t\t\t<div class=\"elementor-element elementor-element-3e0ad0f elementor-widget elementor-widget-spacer\" data-id=\"3e0ad0f\" data-element_type=\"widget\" data-e-type=\"widget\" data-widget_type=\"spacer.default\">\n\t\t\t\t<div class=\"elementor-widget-container\">\n\t\t\t\t\t\t\t<div class=\"elementor-spacer\">\n\t\t\t<div class=\"elementor-spacer-inner\"><\/div>\n\t\t<\/div>\n\t\t\t\t\t\t<\/div>\n\t\t\t\t<\/div>\n\t\t\t\t<div class=\"elementor-element elementor-element-18faa14 elementor-widget elementor-widget-heading\" data-id=\"18faa14\" data-element_type=\"widget\" data-e-type=\"widget\" data-widget_type=\"heading.default\">\n\t\t\t\t<div class=\"elementor-widget-container\">\n\t\t\t\t\t<h2 class=\"elementor-heading-title elementor-size-default\">Tillsammans g\u00f6r vi skillnad<\/h2>\t\t\t\t<\/div>\n\t\t\t\t<\/div>\n\t\t\t\t<div class=\"elementor-element elementor-element-d102a21 elementor-widget elementor-widget-text-editor\" data-id=\"d102a21\" data-element_type=\"widget\" data-e-type=\"widget\" data-widget_type=\"text-editor.default\">\n\t\t\t\t<div class=\"elementor-widget-container\">\n\t\t\t\t\t\t\t\t\t<p>M\u00e1s de mil millones de personas viven con una discapacidad. Junto a las empresas podemos fortalecer los derechos humanos de las personas con discapacidad.\u00a0<\/p><p><span style=\"font-size: inherit; text-align: inherit; color: var( --e-global-color-text ); font-family: var( --e-global-typography-text-font-family ), Sans-serif; font-weight: var( --e-global-typography-text-font-weight ); background-color: var( --e-global-color-6a6b1866 ); letter-spacing: -0.015em;\">MyRight agradece los obsequios, grandes o peque\u00f1os. <br \/>\u00bfQuiz\u00e1s quiera dar a sus empleados un regalo que haga del mundo un lugar mejor?<\/span><\/p><p><span style=\"font-size: inherit; text-align: inherit; color: var( --e-global-color-text ); font-family: var( --e-global-typography-text-font-family ), Sans-serif; font-weight: var( --e-global-typography-text-font-weight ); background-color: var( --e-global-color-6a6b1866 ); letter-spacing: -0.015em;\">Tambi\u00e9n es posible hacer un regalo a nuestra cuenta de Plusgiro: 90 01 10-8<\/span><\/p>\t\t\t\t\t\t\t\t<\/div>\n\t\t\t\t<\/div>\n\t\t\t\t<div class=\"elementor-element elementor-element-19d24a8 elementor-widget elementor-widget-button\" data-id=\"19d24a8\" data-element_type=\"widget\" data-e-type=\"widget\" data-widget_type=\"button.default\">\n\t\t\t\t<div class=\"elementor-widget-container\">\n\t\t\t\t\t\t\t\t\t<div class=\"elementor-button-wrapper\">\n\t\t\t\t\t<a class=\"elementor-button elementor-button-link elementor-size-sm\" href=\"mailto:madeleine.jangard@myright.se\">\n\t\t\t\t\t\t<span class=\"elementor-button-content-wrapper\">\n\t\t\t\t\t\t\t\t\t<span class=\"elementor-button-text\">Cont\u00e1ctenos<\/span>\n\t\t\t\t\t<\/span>\n\t\t\t\t\t<\/a>\n\t\t\t\t<\/div>\n\t\t\t\t\t\t\t\t<\/div>\n\t\t\t\t<\/div>\n\t\t\t\t\t<\/div>\n\t\t<\/div>\n\t\t\t\t\t<\/div>\n\t\t<\/section>\n\t\t\t\t<section class=\"elementor-section elementor-top-section elementor-element elementor-element-2f891e18 elementor-section-boxed elementor-section-height-default elementor-section-height-default\" data-id=\"2f891e18\" data-element_type=\"section\" data-e-type=\"section\" data-settings=\"{&quot;background_background&quot;:&quot;classic&quot;}\">\n\t\t\t\t\t\t<div class=\"elementor-container elementor-column-gap-default\">\n\t\t\t\t\t<div class=\"elementor-column elementor-col-100 elementor-top-column elementor-element elementor-element-1b78357e\" data-id=\"1b78357e\" data-element_type=\"column\" data-e-type=\"column\">\n\t\t\t<div class=\"elementor-widget-wrap elementor-element-populated\">\n\t\t\t\t\t\t<div class=\"elementor-element elementor-element-644abe02 elementor-widget elementor-widget-heading\" data-id=\"644abe02\" data-element_type=\"widget\" data-e-type=\"widget\" data-widget_type=\"heading.default\">\n\t\t\t\t<div class=\"elementor-widget-container\">\n\t\t\t\t\t<h2 class=\"elementor-heading-title elementor-size-default\">Preguntas y respuestas frecuentes sobre regalos<\/h2>\t\t\t\t<\/div>\n\t\t\t\t<\/div>\n\t\t\t\t<div class=\"elementor-element elementor-element-396ca4e5 elementor-widget elementor-widget-accordion\" data-id=\"396ca4e5\" data-element_type=\"widget\" data-e-type=\"widget\" data-widget_type=\"accordion.default\">\n\t\t\t\t<div class=\"elementor-widget-container\">\n\t\t\t\t\t\t\t<div class=\"elementor-accordion\">\n\t\t\t\t\t\t\t<div class=\"elementor-accordion-item\">\n\t\t\t\t\t<div id=\"elementor-tab-title-9631\" class=\"elementor-tab-title\" data-tab=\"1\" role=\"button\" aria-controls=\"elementor-tab-content-9631\" aria-expanded=\"false\">\n\t\t\t\t\t\t\t\t\t\t\t\t\t<span class=\"elementor-accordion-icon elementor-accordion-icon-left\" aria-hidden=\"true\">\n\t\t\t\t\t\t\t\t\t\t\t\t\t\t\t<span class=\"elementor-accordion-icon-closed\"><i class=\"fas fa-plus\"><\/i><\/span>\n\t\t\t\t\t\t\t\t<span class=\"elementor-accordion-icon-opened\"><i class=\"fas fa-minus\"><\/i><\/span>\n\t\t\t\t\t\t\t\t\t\t\t\t\t\t<\/span>\n\t\t\t\t\t\t\t\t\t\t\t\t<a class=\"elementor-accordion-title\" tabindex=\"0\">\u00bfC\u00f3mo se usa el dinero?<\/a>\n\t\t\t\t\t<\/div>\n\t\t\t\t\t<div id=\"elementor-tab-content-9631\" class=\"elementor-tab-content elementor-clearfix\" data-tab=\"1\" role=\"region\" aria-labelledby=\"elementor-tab-title-9631\"><p>El objetivo de MyRight es siempre trabajar con esfuerzos efectivos y de largo plazo. Usamos su dinero donde las necesidades son mayores, y donde nuestros expertos juzgan que hacen el mayor bien.<\/p><p>Tenemos una amplia experiencia en el trabajo con los derechos humanos de las personas con discapacidad en muchos pa\u00edses, y sabemos lo que se necesita para lograr mejoras duraderas en diversas \u00e1reas.\u00a0<\/p><p>No asignamos obsequios para fines espec\u00edficos, ya que es importante que siempre tengamos una reserva de dinero que podamos usar de inmediato.<\/p><\/div>\n\t\t\t\t<\/div>\n\t\t\t\t\t\t\t<div class=\"elementor-accordion-item\">\n\t\t\t\t\t<div id=\"elementor-tab-title-9632\" class=\"elementor-tab-title\" data-tab=\"2\" role=\"button\" aria-controls=\"elementor-tab-content-9632\" aria-expanded=\"false\">\n\t\t\t\t\t\t\t\t\t\t\t\t\t<span class=\"elementor-accordion-icon elementor-accordion-icon-left\" aria-hidden=\"true\">\n\t\t\t\t\t\t\t\t\t\t\t\t\t\t\t<span class=\"elementor-accordion-icon-closed\"><i class=\"fas fa-plus\"><\/i><\/span>\n\t\t\t\t\t\t\t\t<span class=\"elementor-accordion-icon-opened\"><i class=\"fas fa-minus\"><\/i><\/span>\n\t\t\t\t\t\t\t\t\t\t\t\t\t\t<\/span>\n\t\t\t\t\t\t\t\t\t\t\t\t<a class=\"elementor-accordion-title\" tabindex=\"0\">\u00bfPodemos hacer una donaci\u00f3n a MyRight?<\/a>\n\t\t\t\t\t<\/div>\n\t\t\t\t\t<div id=\"elementor-tab-content-9632\" class=\"elementor-tab-content elementor-clearfix\" data-tab=\"2\" role=\"region\" aria-labelledby=\"elementor-tab-title-9632\"><p>S\u00ed, puedes enviar un donativo al 123 900 11 08.<\/p><\/div>\n\t\t\t\t<\/div>\n\t\t\t\t\t\t\t<div class=\"elementor-accordion-item\">\n\t\t\t\t\t<div id=\"elementor-tab-title-9633\" class=\"elementor-tab-title\" data-tab=\"3\" role=\"button\" aria-controls=\"elementor-tab-content-9633\" aria-expanded=\"false\">\n\t\t\t\t\t\t\t\t\t\t\t\t\t<span class=\"elementor-accordion-icon elementor-accordion-icon-left\" aria-hidden=\"true\">\n\t\t\t\t\t\t\t\t\t\t\t\t\t\t\t<span class=\"elementor-accordion-icon-closed\"><i class=\"fas fa-plus\"><\/i><\/span>\n\t\t\t\t\t\t\t\t<span class=\"elementor-accordion-icon-opened\"><i class=\"fas fa-minus\"><\/i><\/span>\n\t\t\t\t\t\t\t\t\t\t\t\t\t\t<\/span>\n\t\t\t\t\t\t\t\t\t\t\t\t<a class=\"elementor-accordion-title\" tabindex=\"0\">P\u00f3ngase en contacto con nosotros si tiene alguna pregunta<\/a>\n\t\t\t\t\t<\/div>\n\t\t\t\t\t<div id=\"elementor-tab-content-9633\" class=\"elementor-tab-content elementor-clearfix\" data-tab=\"3\" role=\"region\" aria-labelledby=\"elementor-tab-title-9633\"><p>Si tiene alguna pregunta o desea hablar de una posible cooperaci\u00f3n, p\u00f3ngase en contacto con nuestra responsable de recaudaci\u00f3n de fondos, Madeleine <a href=\"mailto:charlotta.johansson@myright.se\">madeleine.jangard@myright.se<\/a> o por tel\u00e9fono: 08-505 77 615.<\/p><\/div>\n\t\t\t\t<\/div>\n\t\t\t\t\t\t\t\t<\/div>\n\t\t\t\t\t\t<\/div>\n\t\t\t\t<\/div>\n\t\t\t\t\t<\/div>\n\t\t<\/div>\n\t\t\t\t\t<\/div>\n\t\t<\/section>\n\t\t\t\t<\/div>","protected":false},"excerpt":{"rendered":"<p>Ge en f\u00f6retagsg\u00e5va Med er f\u00f6retagsg\u00e5va bidrar ni till att f\u00f6r\u00e4ndra liv och st\u00e4rka r\u00e4ttigheter f\u00f6r personer med funktionsneds\u00e4ttning. Tillsammans kan vi se till att ingen l\u00e4mnas utanf\u00f6r. Tillsammans g\u00f6r vi skillnad \u00d6ver en miljard m\u00e4nniskor lever med funktionsneds\u00e4ttning. Tillsammans med f\u00f6retag kan vi st\u00e4rka m\u00e4nskliga r\u00e4ttigheter f\u00f6r personer med funktionsneds\u00e4ttning.\u00a0 MyRight \u00e4r tacksamma f\u00f6r [&hellip;]<\/p>\n","protected":false},"author":2,"featured_media":0,"parent":11987,"menu_order":0,"comment_status":"closed","ping_status":"closed","template":"","meta":{"footnotes":""},"class_list":["post-12348","page","type-page","status-publish","hentry"],"yoast_head":"<!-- This site is optimized with the Yoast SEO plugin v27.4 - https:\/\/yoast.com\/product\/yoast-seo-wordpress\/ -->\n<title>F\u00f6retagsg\u00e5va - MyRight<\/title>\n<meta name=\"robots\" content=\"index, follow, max-snippet:-1, max-image-preview:large, max-video-preview:-1\" \/>\n<link rel=\"canonical\" href=\"https:\/\/myright.se\/es\/tenia-derechos-de-autor\/organizacion\/\" \/>\n<meta property=\"og:locale\" content=\"es_ES\" \/>\n<meta property=\"og:type\" content=\"article\" \/>\n<meta property=\"og:title\" content=\"F\u00f6retagsg\u00e5va - MyRight\" \/>\n<meta property=\"og:description\" content=\"Ge en f\u00f6retagsg\u00e5va Med er f\u00f6retagsg\u00e5va bidrar ni till att f\u00f6r\u00e4ndra liv och st\u00e4rka r\u00e4ttigheter f\u00f6r personer med funktionsneds\u00e4ttning. Tillsammans kan vi se till att ingen l\u00e4mnas utanf\u00f6r. Tillsammans g\u00f6r vi skillnad \u00d6ver en miljard m\u00e4nniskor lever med funktionsneds\u00e4ttning. Tillsammans med f\u00f6retag kan vi st\u00e4rka m\u00e4nskliga r\u00e4ttigheter f\u00f6r personer med funktionsneds\u00e4ttning.\u00a0 MyRight \u00e4r tacksamma f\u00f6r [&hellip;]\" \/>\n<meta property=\"og:url\" content=\"https:\/\/myright.se\/es\/tenia-derechos-de-autor\/organizacion\/\" \/>\n<meta property=\"og:site_name\" content=\"MyRight\" \/>\n<meta property=\"article:modified_time\" content=\"2026-04-16T10:03:22+00:00\" \/>\n<meta name=\"twitter:card\" content=\"summary_large_image\" \/>\n<meta name=\"twitter:label1\" content=\"Tiempo de lectura\" \/>\n\t<meta name=\"twitter:data1\" content=\"2 minutos\" \/>\n<script type=\"application\/ld+json\" class=\"yoast-schema-graph\">{\"@context\":\"https:\\\/\\\/schema.org\",\"@graph\":[{\"@type\":\"WebPage\",\"@id\":\"https:\\\/\\\/myright.se\\\/stod-myright\\\/foretag\\\/\",\"url\":\"https:\\\/\\\/myright.se\\\/stod-myright\\\/foretag\\\/\",\"name\":\"F\u00f6retagsg\u00e5va - MyRight\",\"isPartOf\":{\"@id\":\"https:\\\/\\\/myright.se\\\/#website\"},\"datePublished\":\"2020-12-21T13:08:34+00:00\",\"dateModified\":\"2026-04-16T10:03:22+00:00\",\"breadcrumb\":{\"@id\":\"https:\\\/\\\/myright.se\\\/stod-myright\\\/foretag\\\/#breadcrumb\"},\"inLanguage\":\"es\",\"potentialAction\":[{\"@type\":\"ReadAction\",\"target\":[\"https:\\\/\\\/myright.se\\\/stod-myright\\\/foretag\\\/\"]}]},{\"@type\":\"BreadcrumbList\",\"@id\":\"https:\\\/\\\/myright.se\\\/stod-myright\\\/foretag\\\/#breadcrumb\",\"itemListElement\":[{\"@type\":\"ListItem\",\"position\":1,\"name\":\"Hem\",\"item\":\"https:\\\/\\\/myright.se\\\/\"},{\"@type\":\"ListItem\",\"position\":2,\"name\":\"St\u00f6d oss\",\"item\":\"https:\\\/\\\/myright.se\\\/stod-myright\\\/\"},{\"@type\":\"ListItem\",\"position\":3,\"name\":\"F\u00f6retagsg\u00e5va\"}]},{\"@type\":\"WebSite\",\"@id\":\"https:\\\/\\\/myright.se\\\/#website\",\"url\":\"https:\\\/\\\/myright.se\\\/\",\"name\":\"MyRight\",\"description\":\"\",\"publisher\":{\"@id\":\"https:\\\/\\\/myright.se\\\/#organization\"},\"potentialAction\":[{\"@type\":\"SearchAction\",\"target\":{\"@type\":\"EntryPoint\",\"urlTemplate\":\"https:\\\/\\\/myright.se\\\/?s={search_term_string}\"},\"query-input\":{\"@type\":\"PropertyValueSpecification\",\"valueRequired\":true,\"valueName\":\"search_term_string\"}}],\"inLanguage\":\"es\"},{\"@type\":\"Organization\",\"@id\":\"https:\\\/\\\/myright.se\\\/#organization\",\"name\":\"MyRight\",\"url\":\"https:\\\/\\\/myright.se\\\/\",\"logo\":{\"@type\":\"ImageObject\",\"inLanguage\":\"es\",\"@id\":\"https:\\\/\\\/myright.se\\\/#\\\/schema\\\/logo\\\/image\\\/\",\"url\":\"https:\\\/\\\/myright.se\\\/wp-content\\\/uploads\\\/2020\\\/02\\\/Myright_logo_no_text_bredvid.png\",\"contentUrl\":\"https:\\\/\\\/myright.se\\\/wp-content\\\/uploads\\\/2020\\\/02\\\/Myright_logo_no_text_bredvid.png\",\"width\":2751,\"height\":816,\"caption\":\"MyRight\"},\"image\":{\"@id\":\"https:\\\/\\\/myright.se\\\/#\\\/schema\\\/logo\\\/image\\\/\"}}]}<\/script>\n<!-- \/ Yoast SEO plugin. -->","yoast_head_json":{"title":"Regalo de empresa - MyRight","robots":{"index":"index","follow":"follow","max-snippet":"max-snippet:-1","max-image-preview":"max-image-preview:large","max-video-preview":"max-video-preview:-1"},"canonical":"https:\/\/myright.se\/es\/tenia-derechos-de-autor\/organizacion\/","og_locale":"es_ES","og_type":"article","og_title":"F\u00f6retagsg\u00e5va - MyRight","og_description":"Ge en f\u00f6retagsg\u00e5va Med er f\u00f6retagsg\u00e5va bidrar ni till att f\u00f6r\u00e4ndra liv och st\u00e4rka r\u00e4ttigheter f\u00f6r personer med funktionsneds\u00e4ttning. Tillsammans kan vi se till att ingen l\u00e4mnas utanf\u00f6r. Tillsammans g\u00f6r vi skillnad \u00d6ver en miljard m\u00e4nniskor lever med funktionsneds\u00e4ttning. Tillsammans med f\u00f6retag kan vi st\u00e4rka m\u00e4nskliga r\u00e4ttigheter f\u00f6r personer med funktionsneds\u00e4ttning.\u00a0 MyRight \u00e4r tacksamma f\u00f6r [&hellip;]","og_url":"https:\/\/myright.se\/es\/tenia-derechos-de-autor\/organizacion\/","og_site_name":"MyRight","article_modified_time":"2026-04-16T10:03:22+00:00","twitter_card":"summary_large_image","twitter_misc":{"Tiempo de lectura":"2 minutos"},"schema":{"@context":"https:\/\/schema.org","@graph":[{"@type":"WebPage","@id":"https:\/\/myright.se\/stod-myright\/foretag\/","url":"https:\/\/myright.se\/stod-myright\/foretag\/","name":"Regalo de empresa - MyRight","isPartOf":{"@id":"https:\/\/myright.se\/#website"},"datePublished":"2020-12-21T13:08:34+00:00","dateModified":"2026-04-16T10:03:22+00:00","breadcrumb":{"@id":"https:\/\/myright.se\/stod-myright\/foretag\/#breadcrumb"},"inLanguage":"es","potentialAction":[{"@type":"ReadAction","target":["https:\/\/myright.se\/stod-myright\/foretag\/"]}]},{"@type":"BreadcrumbList","@id":"https:\/\/myright.se\/stod-myright\/foretag\/#breadcrumb","itemListElement":[{"@type":"ListItem","position":1,"name":"Hem","item":"https:\/\/myright.se\/"},{"@type":"ListItem","position":2,"name":"St\u00f6d oss","item":"https:\/\/myright.se\/stod-myright\/"},{"@type":"ListItem","position":3,"name":"F\u00f6retagsg\u00e5va"}]},{"@type":"WebSite","@id":"https:\/\/myright.se\/#website","url":"https:\/\/myright.se\/","name":"Mi derecho","description":"","publisher":{"@id":"https:\/\/myright.se\/#organization"},"potentialAction":[{"@type":"SearchAction","target":{"@type":"EntryPoint","urlTemplate":"https:\/\/myright.se\/?s={search_term_string}"},"query-input":{"@type":"PropertyValueSpecification","valueRequired":true,"valueName":"search_term_string"}}],"inLanguage":"es"},{"@type":"Organization","@id":"https:\/\/myright.se\/#organization","name":"Mi derecho","url":"https:\/\/myright.se\/","logo":{"@type":"ImageObject","inLanguage":"es","@id":"https:\/\/myright.se\/#\/schema\/logo\/image\/","url":"https:\/\/myright.se\/wp-content\/uploads\/2020\/02\/Myright_logo_no_text_bredvid.png","contentUrl":"https:\/\/myright.se\/wp-content\/uploads\/2020\/02\/Myright_logo_no_text_bredvid.png","width":2751,"height":816,"caption":"MyRight"},"image":{"@id":"https:\/\/myright.se\/#\/schema\/logo\/image\/"}}]}},"_links":{"self":[{"href":"https:\/\/myright.se\/es\/wp-json\/wp\/v2\/pages\/12348","targetHints":{"allow":["GET"]}}],"collection":[{"href":"https:\/\/myright.se\/es\/wp-json\/wp\/v2\/pages"}],"about":[{"href":"https:\/\/myright.se\/es\/wp-json\/wp\/v2\/types\/page"}],"author":[{"embeddable":true,"href":"https:\/\/myright.se\/es\/wp-json\/wp\/v2\/users\/2"}],"replies":[{"embeddable":true,"href":"https:\/\/myright.se\/es\/wp-json\/wp\/v2\/comments?post=12348"}],"version-history":[{"count":155,"href":"https:\/\/myright.se\/es\/wp-json\/wp\/v2\/pages\/12348\/revisions"}],"predecessor-version":[{"id":31070,"href":"https:\/\/myright.se\/es\/wp-json\/wp\/v2\/pages\/12348\/revisions\/31070"}],"up":[{"embeddable":true,"href":"https:\/\/myright.se\/es\/wp-json\/wp\/v2\/pages\/11987"}],"wp:attachment":[{"href":"https:\/\/myright.se\/es\/wp-json\/wp\/v2\/media?parent=12348"}],"curies":[{"name":"wp","href":"https:\/\/api.w.org\/{rel}","templated":true}]}}