{"id":23804,"date":"2023-10-04T14:09:13","date_gmt":"2023-10-04T13:09:13","guid":{"rendered":"https:\/\/myright.se\/?page_id=23804"},"modified":"2024-02-14T11:04:10","modified_gmt":"2024-02-14T10:04:10","slug":"halsa-och-srhr","status":"publish","type":"page","link":"https:\/\/myright.se\/es\/nuestro-trabajo\/halsa-och-srhr\/","title":{"rendered":"Salud y SDSR"},"content":{"rendered":"<div data-elementor-type=\"wp-page\" data-elementor-id=\"23804\" class=\"elementor elementor-23804\" data-elementor-post-type=\"page\">\n\t\t\t\t\t\t<section class=\"elementor-section elementor-top-section elementor-element elementor-element-75715717 elementor-section-stretched elementor-section-boxed elementor-section-height-default elementor-section-height-default\" data-id=\"75715717\" data-element_type=\"section\" data-e-type=\"section\" data-settings=\"{&quot;stretch_section&quot;:&quot;section-stretched&quot;,&quot;background_background&quot;:&quot;classic&quot;}\">\n\t\t\t\t\t\t<div class=\"elementor-container elementor-column-gap-default\">\n\t\t\t\t\t<div class=\"elementor-column elementor-col-100 elementor-top-column elementor-element elementor-element-5d9c4a74\" data-id=\"5d9c4a74\" data-element_type=\"column\" data-e-type=\"column\">\n\t\t\t<div class=\"elementor-widget-wrap elementor-element-populated\">\n\t\t\t\t\t\t<div class=\"elementor-element elementor-element-775c9969 elementor-widget elementor-widget-breadcrumbs\" data-id=\"775c9969\" data-element_type=\"widget\" data-e-type=\"widget\" data-widget_type=\"breadcrumbs.default\">\n\t\t\t\t<div class=\"elementor-widget-container\">\n\t\t\t\t\t<p id=\"breadcrumbs\"><span><span><a href=\"https:\/\/myright.se\/es\/\">Hogar<\/a><\/span><\/span><\/p>\t\t\t\t<\/div>\n\t\t\t\t<\/div>\n\t\t\t\t\t<\/div>\n\t\t<\/div>\n\t\t\t\t\t<\/div>\n\t\t<\/section>\n\t\t\t\t<section class=\"elementor-section elementor-top-section elementor-element elementor-element-ccd74e0 elementor-section-boxed elementor-section-height-default elementor-section-height-default\" data-id=\"ccd74e0\" data-element_type=\"section\" data-e-type=\"section\" data-settings=\"{&quot;background_background&quot;:&quot;classic&quot;}\">\n\t\t\t\t\t\t<div class=\"elementor-container elementor-column-gap-default\">\n\t\t\t\t\t<div class=\"elementor-column elementor-col-50 elementor-top-column elementor-element elementor-element-dfb7901\" data-id=\"dfb7901\" data-element_type=\"column\" data-e-type=\"column\">\n\t\t\t<div class=\"elementor-widget-wrap elementor-element-populated\">\n\t\t\t\t\t\t<div class=\"elementor-element elementor-element-425d46a elementor-widget elementor-widget-heading\" data-id=\"425d46a\" data-element_type=\"widget\" data-e-type=\"widget\" data-widget_type=\"heading.default\">\n\t\t\t\t<div class=\"elementor-widget-container\">\n\t\t\t\t\t<h1 class=\"elementor-heading-title elementor-size-default\">Mayor necesidad pero menor acceso a la atenci\u00f3n<\/h1>\t\t\t\t<\/div>\n\t\t\t\t<\/div>\n\t\t\t\t<div class=\"elementor-element elementor-element-0888e8f elementor-widget elementor-widget-text-editor\" data-id=\"0888e8f\" data-element_type=\"widget\" data-e-type=\"widget\" data-widget_type=\"text-editor.default\">\n\t\t\t\t<div class=\"elementor-widget-container\">\n\t\t\t\t\t\t\t\t\t<p>A pesar de que las personas con discapacidad suelen tener una mayor necesidad de una buena atenci\u00f3n sanitaria, reciben menos atenci\u00f3n de la que se ofrece al resto de la poblaci\u00f3n. En varios pa\u00edses, m\u00e1s de la mitad de todas las personas con discapacidad carecen de acceso a la atenci\u00f3n y, en muchos casos, los obst\u00e1culos son a\u00fan mayores para las mujeres con discapacidad.<\/p><p>Un problema recurrente es que los centros de atenci\u00f3n a menudo no son accesibles para las personas con discapacidad. Las personas con discapacidad reportan cuatro veces m\u00e1s que fueron maltratadas y tres veces m\u00e1s que se les neg\u00f3 atenci\u00f3n.<\/p><p>Las personas con discapacidad, especialmente las ni\u00f1as y las mujeres con discapacidad, tienen menos acceso a la informaci\u00f3n y los servicios sexuales relacionados con la salud sexual y reproductiva que otras mujeres. Se les niega el derecho a tomar sus propias decisiones bien pensadas sobre las relaciones sexuales, la anticoncepci\u00f3n y otras formas de atenci\u00f3n de la salud reproductiva. Esto es particularmente claro en el caso de las ni\u00f1as con discapacidad intelectual. Esto significa que las ni\u00f1as y las mujeres corren un mayor riesgo de sufrir enfermedades de transmisi\u00f3n sexual y embarazos no deseados.<\/p><p>La ONU destaca una comparaci\u00f3n entre cinco pa\u00edses diferentes que muestra que las mujeres embarazadas con discapacidad en mayor medida que otras se ven obligadas a dar a luz sin la ayuda de una partera profesional. Esto se debe al hecho de que estas mujeres son generalmente m\u00e1s pobres, pero tambi\u00e9n a las actitudes negativas hacia estas mujeres en el cuidado de la salud.<\/p>\t\t\t\t\t\t\t\t<\/div>\n\t\t\t\t<\/div>\n\t\t\t\t<div class=\"elementor-element elementor-element-00797cb elementor-widget elementor-widget-heading\" data-id=\"00797cb\" data-element_type=\"widget\" data-e-type=\"widget\" data-widget_type=\"heading.default\">\n\t\t\t\t<div class=\"elementor-widget-container\">\n\t\t\t\t\t<h2 class=\"elementor-heading-title elementor-size-default\">R\u00e4tten \u00f6ver sin egen kropp och sexualitet<\/h2>\t\t\t\t<\/div>\n\t\t\t\t<\/div>\n\t\t\t\t<div class=\"elementor-element elementor-element-6f77603 elementor-widget elementor-widget-text-editor\" data-id=\"6f77603\" data-element_type=\"widget\" data-e-type=\"widget\" data-widget_type=\"text-editor.default\">\n\t\t\t\t<div class=\"elementor-widget-container\">\n\t\t\t\t\t\t\t\t\t<p>Toda persona tiene derecho a conocer sus derechos y recibir informaci\u00f3n veraz relacionada con la sexualidad y la salud. Muchas personas con discapacidad no tienen acceso a ninguna informaci\u00f3n sexual y son discriminadas en la maternidad y la atenci\u00f3n m\u00e9dica. La informaci\u00f3n rara vez est\u00e1 disponible en formatos accesibles para personas sordas, con dificultades auditivas, ciegas o con problemas de visi\u00f3n. Los locales rara vez est\u00e1n adaptados para personas con movilidad reducida y usuarios de sillas de ruedas. Las personas con discapacidad intelectual a menudo est\u00e1n completamente excluidas de la informaci\u00f3n sobre el cuerpo y la sexualidad y los derechos relacionados. Tambi\u00e9n es com\u00fan que las personas con discapacidad sean vistas como asexuales y, por lo tanto, deliberadamente excluidas de la educaci\u00f3n, la informaci\u00f3n y el apoyo sexual.<\/p>\t\t\t\t\t\t\t\t<\/div>\n\t\t\t\t<\/div>\n\t\t\t\t<div class=\"elementor-element elementor-element-97106d1 elementor-cta--skin-classic elementor-animated-content elementor-bg-transform elementor-bg-transform-zoom-in elementor-widget elementor-widget-call-to-action\" data-id=\"97106d1\" data-element_type=\"widget\" data-e-type=\"widget\" data-widget_type=\"call-to-action.default\">\n\t\t\t\t<div class=\"elementor-widget-container\">\n\t\t\t\t\t\t\t<div class=\"elementor-cta\">\n\t\t\t\t\t<div class=\"elementor-cta__bg-wrapper\">\n\t\t\t\t<div class=\"elementor-cta__bg elementor-bg\" style=\"background-image: url(https:\/\/myright.se\/wp-content\/uploads\/2022\/03\/O8C8875-1024x682.jpg);\" role=\"img\" aria-label=\"Sada se para con un bast\u00f3n blanco en una monta\u00f1a en el fondo se puede ver vegetaci\u00f3n y el cielo es amarillo desde la puesta del sol. Sada tiene una camiseta blanca y un chal negro alrededor de la cabeza.\"><\/div>\n\t\t\t\t<div class=\"elementor-cta__bg-overlay\"><\/div>\n\t\t\t<\/div>\n\t\t\t\t\t\t\t<div class=\"elementor-cta__content\">\n\t\t\t\t\n\t\t\t\t\t\t\t\t\t<h2 class=\"elementor-cta__title elementor-cta__content-item elementor-content-item\">\n\t\t\t\t\t\tSexuell och reproduktiv h\u00e4lsa och r\u00e4ttigheter (SRHR)\t\t\t\t\t<\/h2>\n\t\t\t\t\n\t\t\t\t\t\t\t\t\t<div class=\"elementor-cta__description elementor-cta__content-item elementor-content-item\">\n\t\t\t\t\t\tAlla m\u00e4nniskor, oavsett funktionsneds\u00e4ttning, har r\u00e4tt att best\u00e4mma \u00f6ver sin kropp och sexualitet.\t\t\t\t\t<\/div>\n\t\t\t\t\n\t\t\t\t\t\t\t\t\t<div class=\"elementor-cta__button-wrapper elementor-cta__content-item elementor-content-item\">\n\t\t\t\t\t<a class=\"elementor-cta__button elementor-button elementor-size-\" href=\"https:\/\/myright.se\/es\/control-sobre-su-cuerpo-y-su-sexualidad\/\">\n\t\t\t\t\t\tLee mas\t\t\t\t\t<\/a>\n\t\t\t\t\t<\/div>\n\t\t\t\t\t\t\t<\/div>\n\t\t\t\t\t\t<\/div>\n\t\t\t\t\t\t<\/div>\n\t\t\t\t<\/div>\n\t\t\t\t\t<\/div>\n\t\t<\/div>\n\t\t\t\t<div class=\"elementor-column elementor-col-50 elementor-top-column elementor-element elementor-element-527843e\" data-id=\"527843e\" data-element_type=\"column\" data-e-type=\"column\" data-settings=\"{&quot;background_background&quot;:&quot;classic&quot;}\">\n\t\t\t<div class=\"elementor-widget-wrap elementor-element-populated\">\n\t\t\t\t\t\t<div class=\"elementor-element elementor-element-7719143 elementor-widget elementor-widget-heading\" data-id=\"7719143\" data-element_type=\"widget\" data-e-type=\"widget\" data-widget_type=\"heading.default\">\n\t\t\t\t<div class=\"elementor-widget-container\">\n\t\t\t\t\t<h2 class=\"elementor-heading-title elementor-size-default\">Brevemente<\/h2>\t\t\t\t<\/div>\n\t\t\t\t<\/div>\n\t\t\t\t<div class=\"elementor-element elementor-element-8067809 elementor-widget elementor-widget-text-editor\" data-id=\"8067809\" data-element_type=\"widget\" data-e-type=\"widget\" data-widget_type=\"text-editor.default\">\n\t\t\t\t<div class=\"elementor-widget-container\">\n\t\t\t\t\t\t\t\t\t<div class=\"elementor-element elementor-element-0d702a1 elementor-widget elementor-widget-text-editor\" data-id=\"0d702a1\" data-element_type=\"widget\" data-widget_type=\"text-editor.default\"><div class=\"elementor-widget-container\"><ul><li>Las personas con discapacidad a menudo no tienen acceso a informaci\u00f3n sexual y son discriminadas en la maternidad y la atenci\u00f3n de la salud.<\/li><li>A las personas con discapacidad a veces se las considera asexuales y, por lo tanto, se las excluye deliberadamente de la educaci\u00f3n y el apoyo sexuales.<\/li><li>La falta de derechos y acceso a la atenci\u00f3n aumenta la pobreza y los riesgos de abortos inseguros y la falta de atenci\u00f3n materna.<\/li><li>Las personas con discapacidad tienen menos acceso a anticonceptivos, abortos seguros y apoyo en relaci\u00f3n con el embarazo y el parto.<\/li><li>Las personas con discapacidad tienen menos acceso a la atenci\u00f3n y enfrentan barreras dentro del sistema de atenci\u00f3n m\u00e9dica, lo que resulta en discriminaci\u00f3n y falta de atenci\u00f3n.<\/li><li>Las personas con discapacidad corren un mayor riesgo de violencia y abuso sexual, especialmente los ni\u00f1os y las mujeres j\u00f3venes con discapacidad intelectual.<\/li><\/ul><\/div><\/div>\t\t\t\t\t\t\t\t<\/div>\n\t\t\t\t<\/div>\n\t\t\t\t\t<\/div>\n\t\t<\/div>\n\t\t\t\t\t<\/div>\n\t\t<\/section>\n\t\t\t\t<\/div>","protected":false},"excerpt":{"rendered":"<p>St\u00f6rre behov men s\u00e4mre tillg\u00e5ng till v\u00e5rd Trots att personer med funktionsneds\u00e4ttning ofta har st\u00f6rre behov av god h\u00e4lsov\u00e5rd f\u00e5r de i mindre grad ta del av den v\u00e5rd som erbjuds den \u00f6vriga befolkningen. I flera l\u00e4nder saknar \u00f6ver h\u00e4lften av alla med funktionsneds\u00e4ttning tillg\u00e5ng till v\u00e5rd och hindren \u00e4r i m\u00e5nga fall \u00e4nnu fler [&hellip;]<\/p>\n","protected":false},"author":2,"featured_media":12502,"parent":12,"menu_order":0,"comment_status":"closed","ping_status":"closed","template":"","meta":{"footnotes":""},"class_list":["post-23804","page","type-page","status-publish","has-post-thumbnail","hentry"],"yoast_head":"<!-- This site is optimized with the Yoast SEO plugin v27.4 - https:\/\/yoast.com\/product\/yoast-seo-wordpress\/ -->\n<title>H\u00e4lsa och SRHR - MyRight<\/title>\n<meta name=\"robots\" content=\"index, follow, max-snippet:-1, max-image-preview:large, max-video-preview:-1\" \/>\n<link rel=\"canonical\" href=\"https:\/\/myright.se\/es\/nuestro-trabajo\/halsa-och-srhr\/\" \/>\n<meta property=\"og:locale\" content=\"es_ES\" \/>\n<meta property=\"og:type\" content=\"article\" \/>\n<meta property=\"og:title\" content=\"H\u00e4lsa och SRHR - MyRight\" \/>\n<meta property=\"og:description\" content=\"St\u00f6rre behov men s\u00e4mre tillg\u00e5ng till v\u00e5rd Trots att personer med funktionsneds\u00e4ttning ofta har st\u00f6rre behov av god h\u00e4lsov\u00e5rd f\u00e5r de i mindre grad ta del av den v\u00e5rd som erbjuds den \u00f6vriga befolkningen. I flera l\u00e4nder saknar \u00f6ver h\u00e4lften av alla med funktionsneds\u00e4ttning tillg\u00e5ng till v\u00e5rd och hindren \u00e4r i m\u00e5nga fall \u00e4nnu fler [&hellip;]\" \/>\n<meta property=\"og:url\" content=\"https:\/\/myright.se\/es\/nuestro-trabajo\/halsa-och-srhr\/\" \/>\n<meta property=\"og:site_name\" content=\"MyRight\" \/>\n<meta property=\"article:modified_time\" content=\"2024-02-14T10:04:10+00:00\" \/>\n<meta property=\"og:image\" content=\"https:\/\/myright.se\/wp-content\/uploads\/2020\/02\/TUSPO3.jpg\" \/>\n\t<meta property=\"og:image:width\" content=\"800\" \/>\n\t<meta property=\"og:image:height\" content=\"533\" \/>\n\t<meta property=\"og:image:type\" content=\"image\/jpeg\" \/>\n<meta name=\"twitter:card\" content=\"summary_large_image\" \/>\n<meta name=\"twitter:label1\" content=\"Tiempo de lectura\" \/>\n\t<meta name=\"twitter:data1\" content=\"3 minutos\" \/>\n<script type=\"application\/ld+json\" class=\"yoast-schema-graph\">{\"@context\":\"https:\\\/\\\/schema.org\",\"@graph\":[{\"@type\":\"WebPage\",\"@id\":\"https:\\\/\\\/myright.se\\\/vart-arbete\\\/halsa-och-srhr\\\/\",\"url\":\"https:\\\/\\\/myright.se\\\/vart-arbete\\\/halsa-och-srhr\\\/\",\"name\":\"H\u00e4lsa och SRHR - MyRight\",\"isPartOf\":{\"@id\":\"https:\\\/\\\/myright.se\\\/#website\"},\"primaryImageOfPage\":{\"@id\":\"https:\\\/\\\/myright.se\\\/vart-arbete\\\/halsa-och-srhr\\\/#primaryimage\"},\"image\":{\"@id\":\"https:\\\/\\\/myright.se\\\/vart-arbete\\\/halsa-och-srhr\\\/#primaryimage\"},\"thumbnailUrl\":\"https:\\\/\\\/myright.se\\\/wp-content\\\/uploads\\\/2020\\\/02\\\/TUSPO3.jpg\",\"datePublished\":\"2023-10-04T13:09:13+00:00\",\"dateModified\":\"2024-02-14T10:04:10+00:00\",\"breadcrumb\":{\"@id\":\"https:\\\/\\\/myright.se\\\/vart-arbete\\\/halsa-och-srhr\\\/#breadcrumb\"},\"inLanguage\":\"es\",\"potentialAction\":[{\"@type\":\"ReadAction\",\"target\":[\"https:\\\/\\\/myright.se\\\/vart-arbete\\\/halsa-och-srhr\\\/\"]}]},{\"@type\":\"ImageObject\",\"inLanguage\":\"es\",\"@id\":\"https:\\\/\\\/myright.se\\\/vart-arbete\\\/halsa-och-srhr\\\/#primaryimage\",\"url\":\"https:\\\/\\\/myright.se\\\/wp-content\\\/uploads\\\/2020\\\/02\\\/TUSPO3.jpg\",\"contentUrl\":\"https:\\\/\\\/myright.se\\\/wp-content\\\/uploads\\\/2020\\\/02\\\/TUSPO3.jpg\",\"width\":800,\"height\":533,\"caption\":\"Flera personer st\u00e5r i en ring och h\u00e5ller varandra i handen.\"},{\"@type\":\"BreadcrumbList\",\"@id\":\"https:\\\/\\\/myright.se\\\/vart-arbete\\\/halsa-och-srhr\\\/#breadcrumb\",\"itemListElement\":[{\"@type\":\"ListItem\",\"position\":1,\"name\":\"Hem\",\"item\":\"https:\\\/\\\/myright.se\\\/\"},{\"@type\":\"ListItem\",\"position\":2,\"name\":\"V\u00e5rt arbete\",\"item\":\"https:\\\/\\\/myright.se\\\/vart-arbete\\\/\"},{\"@type\":\"ListItem\",\"position\":3,\"name\":\"H\u00e4lsa och SRHR\"}]},{\"@type\":\"WebSite\",\"@id\":\"https:\\\/\\\/myright.se\\\/#website\",\"url\":\"https:\\\/\\\/myright.se\\\/\",\"name\":\"MyRight\",\"description\":\"\",\"publisher\":{\"@id\":\"https:\\\/\\\/myright.se\\\/#organization\"},\"potentialAction\":[{\"@type\":\"SearchAction\",\"target\":{\"@type\":\"EntryPoint\",\"urlTemplate\":\"https:\\\/\\\/myright.se\\\/?s={search_term_string}\"},\"query-input\":{\"@type\":\"PropertyValueSpecification\",\"valueRequired\":true,\"valueName\":\"search_term_string\"}}],\"inLanguage\":\"es\"},{\"@type\":\"Organization\",\"@id\":\"https:\\\/\\\/myright.se\\\/#organization\",\"name\":\"MyRight\",\"url\":\"https:\\\/\\\/myright.se\\\/\",\"logo\":{\"@type\":\"ImageObject\",\"inLanguage\":\"es\",\"@id\":\"https:\\\/\\\/myright.se\\\/#\\\/schema\\\/logo\\\/image\\\/\",\"url\":\"https:\\\/\\\/myright.se\\\/wp-content\\\/uploads\\\/2020\\\/02\\\/Myright_logo_no_text_bredvid.png\",\"contentUrl\":\"https:\\\/\\\/myright.se\\\/wp-content\\\/uploads\\\/2020\\\/02\\\/Myright_logo_no_text_bredvid.png\",\"width\":2751,\"height\":816,\"caption\":\"MyRight\"},\"image\":{\"@id\":\"https:\\\/\\\/myright.se\\\/#\\\/schema\\\/logo\\\/image\\\/\"}}]}<\/script>\n<!-- \/ Yoast SEO plugin. -->","yoast_head_json":{"title":"H\u00e4lsa och SRHR - MyRight","robots":{"index":"index","follow":"follow","max-snippet":"max-snippet:-1","max-image-preview":"max-image-preview:large","max-video-preview":"max-video-preview:-1"},"canonical":"https:\/\/myright.se\/es\/nuestro-trabajo\/halsa-och-srhr\/","og_locale":"es_ES","og_type":"article","og_title":"H\u00e4lsa och SRHR - MyRight","og_description":"St\u00f6rre behov men s\u00e4mre tillg\u00e5ng till v\u00e5rd Trots att personer med funktionsneds\u00e4ttning ofta har st\u00f6rre behov av god h\u00e4lsov\u00e5rd f\u00e5r de i mindre grad ta del av den v\u00e5rd som erbjuds den \u00f6vriga befolkningen. I flera l\u00e4nder saknar \u00f6ver h\u00e4lften av alla med funktionsneds\u00e4ttning tillg\u00e5ng till v\u00e5rd och hindren \u00e4r i m\u00e5nga fall \u00e4nnu fler [&hellip;]","og_url":"https:\/\/myright.se\/es\/nuestro-trabajo\/halsa-och-srhr\/","og_site_name":"MyRight","article_modified_time":"2024-02-14T10:04:10+00:00","og_image":[{"width":800,"height":533,"url":"https:\/\/myright.se\/wp-content\/uploads\/2020\/02\/TUSPO3.jpg","type":"image\/jpeg"}],"twitter_card":"summary_large_image","twitter_misc":{"Tiempo de lectura":"3 minutos"},"schema":{"@context":"https:\/\/schema.org","@graph":[{"@type":"WebPage","@id":"https:\/\/myright.se\/vart-arbete\/halsa-och-srhr\/","url":"https:\/\/myright.se\/vart-arbete\/halsa-och-srhr\/","name":"H\u00e4lsa och SRHR - MyRight","isPartOf":{"@id":"https:\/\/myright.se\/#website"},"primaryImageOfPage":{"@id":"https:\/\/myright.se\/vart-arbete\/halsa-och-srhr\/#primaryimage"},"image":{"@id":"https:\/\/myright.se\/vart-arbete\/halsa-och-srhr\/#primaryimage"},"thumbnailUrl":"https:\/\/myright.se\/wp-content\/uploads\/2020\/02\/TUSPO3.jpg","datePublished":"2023-10-04T13:09:13+00:00","dateModified":"2024-02-14T10:04:10+00:00","breadcrumb":{"@id":"https:\/\/myright.se\/vart-arbete\/halsa-och-srhr\/#breadcrumb"},"inLanguage":"es","potentialAction":[{"@type":"ReadAction","target":["https:\/\/myright.se\/vart-arbete\/halsa-och-srhr\/"]}]},{"@type":"ImageObject","inLanguage":"es","@id":"https:\/\/myright.se\/vart-arbete\/halsa-och-srhr\/#primaryimage","url":"https:\/\/myright.se\/wp-content\/uploads\/2020\/02\/TUSPO3.jpg","contentUrl":"https:\/\/myright.se\/wp-content\/uploads\/2020\/02\/TUSPO3.jpg","width":800,"height":533,"caption":"Flera personer st\u00e5r i en ring och h\u00e5ller varandra i handen."},{"@type":"BreadcrumbList","@id":"https:\/\/myright.se\/vart-arbete\/halsa-och-srhr\/#breadcrumb","itemListElement":[{"@type":"ListItem","position":1,"name":"Hem","item":"https:\/\/myright.se\/"},{"@type":"ListItem","position":2,"name":"V\u00e5rt arbete","item":"https:\/\/myright.se\/vart-arbete\/"},{"@type":"ListItem","position":3,"name":"H\u00e4lsa och SRHR"}]},{"@type":"WebSite","@id":"https:\/\/myright.se\/#website","url":"https:\/\/myright.se\/","name":"Mi derecho","description":"","publisher":{"@id":"https:\/\/myright.se\/#organization"},"potentialAction":[{"@type":"SearchAction","target":{"@type":"EntryPoint","urlTemplate":"https:\/\/myright.se\/?s={search_term_string}"},"query-input":{"@type":"PropertyValueSpecification","valueRequired":true,"valueName":"search_term_string"}}],"inLanguage":"es"},{"@type":"Organization","@id":"https:\/\/myright.se\/#organization","name":"Mi derecho","url":"https:\/\/myright.se\/","logo":{"@type":"ImageObject","inLanguage":"es","@id":"https:\/\/myright.se\/#\/schema\/logo\/image\/","url":"https:\/\/myright.se\/wp-content\/uploads\/2020\/02\/Myright_logo_no_text_bredvid.png","contentUrl":"https:\/\/myright.se\/wp-content\/uploads\/2020\/02\/Myright_logo_no_text_bredvid.png","width":2751,"height":816,"caption":"MyRight"},"image":{"@id":"https:\/\/myright.se\/#\/schema\/logo\/image\/"}}]}},"_links":{"self":[{"href":"https:\/\/myright.se\/es\/wp-json\/wp\/v2\/pages\/23804","targetHints":{"allow":["GET"]}}],"collection":[{"href":"https:\/\/myright.se\/es\/wp-json\/wp\/v2\/pages"}],"about":[{"href":"https:\/\/myright.se\/es\/wp-json\/wp\/v2\/types\/page"}],"author":[{"embeddable":true,"href":"https:\/\/myright.se\/es\/wp-json\/wp\/v2\/users\/2"}],"replies":[{"embeddable":true,"href":"https:\/\/myright.se\/es\/wp-json\/wp\/v2\/comments?post=23804"}],"version-history":[{"count":16,"href":"https:\/\/myright.se\/es\/wp-json\/wp\/v2\/pages\/23804\/revisions"}],"predecessor-version":[{"id":26254,"href":"https:\/\/myright.se\/es\/wp-json\/wp\/v2\/pages\/23804\/revisions\/26254"}],"up":[{"embeddable":true,"href":"https:\/\/myright.se\/es\/wp-json\/wp\/v2\/pages\/12"}],"wp:featuredmedia":[{"embeddable":true,"href":"https:\/\/myright.se\/es\/wp-json\/wp\/v2\/media\/12502"}],"wp:attachment":[{"href":"https:\/\/myright.se\/es\/wp-json\/wp\/v2\/media?parent=23804"}],"curies":[{"name":"wp","href":"https:\/\/api.w.org\/{rel}","templated":true}]}}