{"id":24308,"date":"2023-11-13T15:17:30","date_gmt":"2023-11-13T14:17:30","guid":{"rendered":"https:\/\/myright.se\/?page_id=24308"},"modified":"2026-01-27T10:43:23","modified_gmt":"2026-01-27T09:43:23","slug":"tips","status":"publish","type":"page","link":"https:\/\/myright.se\/es\/engagera-dig\/tips\/","title":{"rendered":"Vad kan du g\u00f6ra?"},"content":{"rendered":"<div data-elementor-type=\"wp-page\" data-elementor-id=\"24308\" class=\"elementor elementor-24308\" data-elementor-post-type=\"page\">\n\t\t\t\t\t\t<section class=\"elementor-section elementor-top-section elementor-element elementor-element-9e0eae2 elementor-section-boxed elementor-section-height-default elementor-section-height-default\" data-id=\"9e0eae2\" data-element_type=\"section\" data-e-type=\"section\" data-settings=\"{&quot;background_background&quot;:&quot;classic&quot;}\">\n\t\t\t\t\t\t<div class=\"elementor-container elementor-column-gap-default\">\n\t\t\t\t\t<div class=\"elementor-column elementor-col-100 elementor-top-column elementor-element elementor-element-89ae6f5\" data-id=\"89ae6f5\" data-element_type=\"column\" data-e-type=\"column\">\n\t\t\t<div class=\"elementor-widget-wrap elementor-element-populated\">\n\t\t\t\t\t\t<div class=\"elementor-element elementor-element-e0fd4be elementor-widget__width-initial elementor-widget elementor-widget-heading\" data-id=\"e0fd4be\" data-element_type=\"widget\" data-e-type=\"widget\" data-widget_type=\"heading.default\">\n\t\t\t\t<div class=\"elementor-widget-container\">\n\t\t\t\t\t<h1 class=\"elementor-heading-title elementor-size-default\">M\u00e5nga v\u00e4gar till engagemang<\/h1>\t\t\t\t<\/div>\n\t\t\t\t<\/div>\n\t\t\t\t<div class=\"elementor-element elementor-element-2ffdac8 elementor-widget__width-initial elementor-widget-mobile__width-initial elementor-widget elementor-widget-text-editor\" data-id=\"2ffdac8\" data-element_type=\"widget\" data-e-type=\"widget\" data-widget_type=\"text-editor.default\">\n\t\t\t\t<div class=\"elementor-widget-container\">\n\t\t\t\t\t\t\t\t\tDet finns m\u00e5nga s\u00e4tt att engagera sig i internationella fr\u00e5gor. Det kan vara ett heltidsjobb eller n\u00e5got du g\u00f6r p\u00e5 din fritid. Du kan g\u00f6ra\ndet genom en organisation eller som individ vid enstaka tillf\u00e4llen. Det\ninternationella engagemanget kan handla om s\u00e5v\u00e4l p\u00e5verkansarbete\noch samarbeten som erfarenhetsutbyten och kommunikation.\t\t\t\t\t\t\t\t<\/div>\n\t\t\t\t<\/div>\n\t\t\t\t\t<\/div>\n\t\t<\/div>\n\t\t\t\t\t<\/div>\n\t\t<\/section>\n\t\t\t\t<section class=\"elementor-section elementor-top-section elementor-element elementor-element-dc65cd0 elementor-section-boxed elementor-section-height-default elementor-section-height-default\" data-id=\"dc65cd0\" data-element_type=\"section\" data-e-type=\"section\" data-settings=\"{&quot;background_background&quot;:&quot;classic&quot;}\">\n\t\t\t\t\t\t<div class=\"elementor-container elementor-column-gap-default\">\n\t\t\t<a class=\"eael-wrapper-link-3423d4f --eael-wrapper-link-tag\" href=\"https:\/\/myright.se\/es\/engagera-dig\/vad-kan-du-gora\/bli-medlem-och-aktiv-i-ett-projekt\/\"><\/a>\t\t<div data-eael-wrapper-link=\"eael-wrapper-link-3423d4f\" class=\"elementor-column elementor-col-50 elementor-top-column elementor-element elementor-element-3423d4f jok-outline\" data-id=\"3423d4f\" data-element_type=\"column\" data-e-type=\"column\" data-settings=\"{&quot;background_background&quot;:&quot;classic&quot;}\" tabindex=\"0\">\n\t\t\t<div class=\"elementor-widget-wrap elementor-element-populated\">\n\t\t\t\t\t\t<div class=\"elementor-element elementor-element-1df83b7 elementor-widget elementor-widget-heading\" data-id=\"1df83b7\" data-element_type=\"widget\" data-e-type=\"widget\" data-widget_type=\"heading.default\">\n\t\t\t\t<div class=\"elementor-widget-container\">\n\t\t\t\t\t<h2 class=\"elementor-heading-title elementor-size-default\">Bli medlem och aktiv <br>\ni ett projekt<\/h2>\t\t\t\t<\/div>\n\t\t\t\t<\/div>\n\t\t\t\t\t<\/div>\n\t\t<\/div>\n\t\t\t\t<div class=\"elementor-column elementor-col-50 elementor-top-column elementor-element elementor-element-19d33d4\" data-id=\"19d33d4\" data-element_type=\"column\" data-e-type=\"column\">\n\t\t\t<div class=\"elementor-widget-wrap elementor-element-populated\">\n\t\t\t\t\t\t<div class=\"elementor-element elementor-element-ba0607c elementor-widget elementor-widget-heading\" data-id=\"ba0607c\" data-element_type=\"widget\" data-e-type=\"widget\" data-widget_type=\"heading.default\">\n\t\t\t\t<div class=\"elementor-widget-container\">\n\t\t\t\t\t<h2 class=\"elementor-heading-title elementor-size-default\">Vill din f\u00f6rening bli medlem i MyRight?<\/h2>\t\t\t\t<\/div>\n\t\t\t\t<\/div>\n\t\t\t\t<div class=\"elementor-element elementor-element-477fd80 elementor-widget elementor-widget-text-editor\" data-id=\"477fd80\" data-element_type=\"widget\" data-e-type=\"widget\" data-widget_type=\"text-editor.default\">\n\t\t\t\t<div class=\"elementor-widget-container\">\n\t\t\t\t\t\t\t\t\t<p>Rikst\u00e4ckande funktionsr\u00e4ttsorganisationer som bedriver verksamhet och har lokalf\u00f6reningar p\u00e5 flera st\u00e4llen i Sverige kan ans\u00f6ka om medlemskap eller st\u00f6dmedlemskap i MyRight.\u00a0Alla organisationer som ans\u00f6ker om projektbidrag hos MyRight m\u00e5ste vara medlemmar.\u00a0Alla medlemmar m\u00e5ste st\u00e4lla sig bakom MyRights m\u00e5l och bedriva en verksamhet som \u00e4r f\u00f6renlig med MyRights vision, verksamhetsid\u00e9 och v\u00e4rdegrund.<\/p><p><strong>F\u00f6r mer information om medlemskap kontakta MyRight via\u00a0info@myright.se\u00a0<\/strong><\/p>\t\t\t\t\t\t\t\t<\/div>\n\t\t\t\t<\/div>\n\t\t\t\t\t<\/div>\n\t\t<\/div>\n\t\t\t\t\t<\/div>\n\t\t<\/section>\n\t\t\t\t<section class=\"elementor-section elementor-top-section elementor-element elementor-element-d6181b7 elementor-section-boxed elementor-section-height-default elementor-section-height-default\" data-id=\"d6181b7\" data-element_type=\"section\" data-e-type=\"section\" data-settings=\"{&quot;background_background&quot;:&quot;classic&quot;}\">\n\t\t\t\t\t\t<div class=\"elementor-container elementor-column-gap-default\">\n\t\t\t\t\t<div class=\"elementor-column elementor-col-50 elementor-top-column elementor-element elementor-element-9518de8\" data-id=\"9518de8\" data-element_type=\"column\" data-e-type=\"column\">\n\t\t\t<div class=\"elementor-widget-wrap elementor-element-populated\">\n\t\t\t\t\t\t<div class=\"elementor-element elementor-element-2219f86 elementor-widget elementor-widget-heading\" data-id=\"2219f86\" data-element_type=\"widget\" data-e-type=\"widget\" data-widget_type=\"heading.default\">\n\t\t\t\t<div class=\"elementor-widget-container\">\n\t\t\t\t\t<h2 class=\"elementor-heading-title elementor-size-default\">Utbildning och praktik<\/h2>\t\t\t\t<\/div>\n\t\t\t\t<\/div>\n\t\t\t\t<div class=\"elementor-element elementor-element-f26ba41 elementor-widget elementor-widget-text-editor\" data-id=\"f26ba41\" data-element_type=\"widget\" data-e-type=\"widget\" data-widget_type=\"text-editor.default\">\n\t\t\t\t<div class=\"elementor-widget-container\">\n\t\t\t\t\t\t\t\t\t<p data-start=\"83\" data-end=\"290\">Vill du arbeta f\u00f6r att f\u00f6rb\u00e4ttra livet f\u00f6r m\u00e4nniskor runt om i v\u00e4rlden kan utbildningar inom utveckling, bist\u00e5nd eller m\u00e4nskliga r\u00e4ttigheter vara en bra v\u00e4g. En studiev\u00e4gledare kan hj\u00e4lpa dig att hitta r\u00e4tt.<\/p><p data-start=\"292\" data-end=\"411\">F\u00f6reningen f\u00f6r utvecklingsfr\u00e5gor (FUF) f\u00f6rmedlar praktikplatser i Sverige f\u00f6r studenter inom globala utvecklingsfr\u00e5gor.<\/p><p data-start=\"413\" data-end=\"577\">Globalportalen samlar fakta och tips f\u00f6r dig som vill engagera dig och erbjuder informationstr\u00e4ffar, kurser samt en platsbank f\u00f6r volont\u00e4ruppdrag, praktik och jobb.<\/p>\t\t\t\t\t\t\t\t<\/div>\n\t\t\t\t<\/div>\n\t\t\t\t\t<\/div>\n\t\t<\/div>\n\t\t\t\t<div class=\"elementor-column elementor-col-50 elementor-top-column elementor-element elementor-element-8ab4af0\" data-id=\"8ab4af0\" data-element_type=\"column\" data-e-type=\"column\">\n\t\t\t<div class=\"elementor-widget-wrap elementor-element-populated\">\n\t\t\t\t\t\t<div class=\"elementor-element elementor-element-9486487 elementor-widget elementor-widget-image\" data-id=\"9486487\" data-element_type=\"widget\" data-e-type=\"widget\" data-widget_type=\"image.default\">\n\t\t\t\t<div class=\"elementor-widget-container\">\n\t\t\t\t\t\t\t\t\t\t\t\t\t\t\t<img fetchpriority=\"high\" decoding=\"async\" width=\"580\" height=\"386\" src=\"https:\/\/myright.se\/wp-content\/uploads\/2022\/10\/annie-spratt-feU8G7E5ODI-unsplash-1024x682.jpg\" class=\"attachment-large size-large wp-image-20263\" alt=\"los ni\u00f1os en los pupitres de la escuela miran a la c\u00e1mara que est\u00e1 a su lado.\" srcset=\"https:\/\/myright.se\/wp-content\/uploads\/2022\/10\/annie-spratt-feU8G7E5ODI-unsplash-1024x682.jpg 1024w, https:\/\/myright.se\/wp-content\/uploads\/2022\/10\/annie-spratt-feU8G7E5ODI-unsplash-300x200.jpg 300w, https:\/\/myright.se\/wp-content\/uploads\/2022\/10\/annie-spratt-feU8G7E5ODI-unsplash-768x511.jpg 768w, https:\/\/myright.se\/wp-content\/uploads\/2022\/10\/annie-spratt-feU8G7E5ODI-unsplash-1536x1022.jpg 1536w, https:\/\/myright.se\/wp-content\/uploads\/2022\/10\/annie-spratt-feU8G7E5ODI-unsplash-2048x1363.jpg 2048w, https:\/\/myright.se\/wp-content\/uploads\/2022\/10\/annie-spratt-feU8G7E5ODI-unsplash-18x12.jpg 18w, https:\/\/myright.se\/wp-content\/uploads\/2022\/10\/annie-spratt-feU8G7E5ODI-unsplash-1200x799.jpg 1200w, https:\/\/myright.se\/wp-content\/uploads\/2022\/10\/annie-spratt-feU8G7E5ODI-unsplash-1980x1318.jpg 1980w, https:\/\/myright.se\/wp-content\/uploads\/2022\/10\/annie-spratt-feU8G7E5ODI-unsplash-600x399.jpg 600w\" sizes=\"(max-width: 580px) 100vw, 580px\" \/>\t\t\t\t\t\t\t\t\t\t\t\t\t\t\t<\/div>\n\t\t\t\t<\/div>\n\t\t\t\t\t<\/div>\n\t\t<\/div>\n\t\t\t\t\t<\/div>\n\t\t<\/section>\n\t\t\t\t<section class=\"elementor-section elementor-top-section elementor-element elementor-element-b981357 elementor-section-boxed elementor-section-height-default elementor-section-height-default\" data-id=\"b981357\" data-element_type=\"section\" data-e-type=\"section\" data-settings=\"{&quot;background_background&quot;:&quot;classic&quot;}\">\n\t\t\t\t\t\t<div class=\"elementor-container elementor-column-gap-default\">\n\t\t\t<a class=\"eael-wrapper-link-2cd3efc --eael-wrapper-link-tag\" href=\"https:\/\/myright.se\/es\/engagera-dig\/vad-kan-du-gora\/tipslista-vad-kan-du-gora\/\"><\/a>\t\t<div data-eael-wrapper-link=\"eael-wrapper-link-2cd3efc\" class=\"elementor-column elementor-col-100 elementor-top-column elementor-element elementor-element-2cd3efc jok-outline\" data-id=\"2cd3efc\" data-element_type=\"column\" data-e-type=\"column\" data-settings=\"{&quot;background_background&quot;:&quot;classic&quot;}\" tabindex=\"0\">\n\t\t\t<div class=\"elementor-widget-wrap elementor-element-populated\">\n\t\t\t\t\t\t<div class=\"elementor-element elementor-element-201cb56 elementor-widget elementor-widget-heading\" data-id=\"201cb56\" data-element_type=\"widget\" data-e-type=\"widget\" data-widget_type=\"heading.default\">\n\t\t\t\t<div class=\"elementor-widget-container\">\n\t\t\t\t\t<h2 class=\"elementor-heading-title elementor-size-default\">Engagera dig inom MyRight<\/h2>\t\t\t\t<\/div>\n\t\t\t\t<\/div>\n\t\t\t\t<div class=\"elementor-element elementor-element-9fe4992 elementor-widget elementor-widget-text-editor\" data-id=\"9fe4992\" data-element_type=\"widget\" data-e-type=\"widget\" data-widget_type=\"text-editor.default\">\n\t\t\t\t<div class=\"elementor-widget-container\">\n\t\t\t\t\t\t\t\t\t<ul><li>\u00a0<strong>F\u00f6lj MyRight p\u00e5 sociala medier.<\/strong>\u00a0Comparte nuestras publicaciones y difunde el conocimiento a otros.<\/li><li><strong>L\u00e4r dig mer och ber\u00e4tta f\u00f6r andra.<\/strong>\u00a0L\u00e4s mer p\u00e5 v\u00e5r hemsida eller ta del av v\u00e5rt informationsmaterial. F\u00f6r att f\u00f6r\u00e4ndra v\u00e4rlden kr\u00e4vs kunskap och engagemang.<\/li><li><strong>Prenumerera p\u00e5 v\u00e5rt\u00a0<\/strong><a href=\"https:\/\/myright.se\/es\/boletin\/\" target=\"_blank\" rel=\"noopener\"><b><u>bolet\u00edn\u00a0<\/u><\/b><\/a>och dela det med andra.\u00a0<\/li><li><strong>Fr\u00e5ga hur andra jobbar.<\/strong>\u00a0Om du vill st\u00f6tta en annan organisation \u2013 fr\u00e5ga hur de arbetar f\u00f6r att tillvarata r\u00e4ttigheter f\u00f6r personer med funktionsneds\u00e4ttning. M\u00e4ter de huruvida personer med funktionsneds\u00e4ttning tar del av deras insatser?<\/li><li><strong>Bli medlem och aktiv i ett projekt.<\/strong>\u00a0Det \u00e4r MyRights medlemsorganisationer som kan s\u00f6ka pengar f\u00f6r att driva ett projekt tillsammans med en partnerorganisation. Mejla info@myright.se f\u00f6r mer information.<\/li><\/ul><div class=\"elementor-element elementor-element-682bd39 elementor-widget__width-initial elementor-widget elementor-widget-text-editor\" data-id=\"682bd39\" data-element_type=\"widget\" data-widget_type=\"text-editor.default\"><div class=\"elementor-widget-container\">\u00a0<\/div><\/div>\t\t\t\t\t\t\t\t<\/div>\n\t\t\t\t<\/div>\n\t\t\t\t\t<\/div>\n\t\t<\/div>\n\t\t\t\t\t<\/div>\n\t\t<\/section>\n\t\t\t\t<\/div>","protected":false},"excerpt":{"rendered":"<p>M\u00e5nga v\u00e4gar till engagemang Det finns m\u00e5nga s\u00e4tt att engagera sig i internationella fr\u00e5gor. Det kan vara ett heltidsjobb eller n\u00e5got du g\u00f6r p\u00e5 din fritid. Du kan g\u00f6ra det genom en organisation eller som individ vid enstaka tillf\u00e4llen. Det internationella engagemanget kan handla om s\u00e5v\u00e4l p\u00e5verkansarbete och samarbeten som erfarenhetsutbyten och kommunikation. Bli medlem [&hellip;]<\/p>\n","protected":false},"author":2,"featured_media":0,"parent":24246,"menu_order":0,"comment_status":"closed","ping_status":"closed","template":"","meta":{"footnotes":""},"class_list":["post-24308","page","type-page","status-publish","hentry"],"yoast_head":"<!-- This site is optimized with the Yoast SEO plugin v27.4 - https:\/\/yoast.com\/product\/yoast-seo-wordpress\/ -->\n<title>Vad kan du g\u00f6ra? - MyRight<\/title>\n<meta name=\"robots\" content=\"index, follow, max-snippet:-1, max-image-preview:large, max-video-preview:-1\" \/>\n<link rel=\"canonical\" href=\"https:\/\/myright.se\/es\/engagera-dig\/tips\/\" \/>\n<meta property=\"og:locale\" content=\"es_ES\" \/>\n<meta property=\"og:type\" content=\"article\" \/>\n<meta property=\"og:title\" content=\"Vad kan du g\u00f6ra? - MyRight\" \/>\n<meta property=\"og:description\" content=\"M\u00e5nga v\u00e4gar till engagemang Det finns m\u00e5nga s\u00e4tt att engagera sig i internationella fr\u00e5gor. Det kan vara ett heltidsjobb eller n\u00e5got du g\u00f6r p\u00e5 din fritid. Du kan g\u00f6ra det genom en organisation eller som individ vid enstaka tillf\u00e4llen. Det internationella engagemanget kan handla om s\u00e5v\u00e4l p\u00e5verkansarbete och samarbeten som erfarenhetsutbyten och kommunikation. Bli medlem [&hellip;]\" \/>\n<meta property=\"og:url\" content=\"https:\/\/myright.se\/es\/engagera-dig\/tips\/\" \/>\n<meta property=\"og:site_name\" content=\"MyRight\" \/>\n<meta property=\"article:modified_time\" content=\"2026-01-27T09:43:23+00:00\" \/>\n<meta property=\"og:image\" content=\"https:\/\/myright.se\/wp-content\/uploads\/2022\/10\/annie-spratt-feU8G7E5ODI-unsplash-scaled.jpg\" \/>\n\t<meta property=\"og:image:width\" content=\"2560\" \/>\n\t<meta property=\"og:image:height\" content=\"1704\" \/>\n\t<meta property=\"og:image:type\" content=\"image\/jpeg\" \/>\n<meta name=\"twitter:card\" content=\"summary_large_image\" \/>\n<meta name=\"twitter:label1\" content=\"Tiempo de lectura\" \/>\n\t<meta name=\"twitter:data1\" content=\"2 minutos\" \/>\n<script type=\"application\/ld+json\" class=\"yoast-schema-graph\">{\"@context\":\"https:\\\/\\\/schema.org\",\"@graph\":[{\"@type\":\"WebPage\",\"@id\":\"https:\\\/\\\/myright.se\\\/engagera-dig\\\/tips\\\/\",\"url\":\"https:\\\/\\\/myright.se\\\/engagera-dig\\\/tips\\\/\",\"name\":\"Vad kan du g\u00f6ra? - MyRight\",\"isPartOf\":{\"@id\":\"https:\\\/\\\/myright.se\\\/#website\"},\"primaryImageOfPage\":{\"@id\":\"https:\\\/\\\/myright.se\\\/engagera-dig\\\/tips\\\/#primaryimage\"},\"image\":{\"@id\":\"https:\\\/\\\/myright.se\\\/engagera-dig\\\/tips\\\/#primaryimage\"},\"thumbnailUrl\":\"https:\\\/\\\/myright.se\\\/wp-content\\\/uploads\\\/2022\\\/10\\\/annie-spratt-feU8G7E5ODI-unsplash-1024x682.jpg\",\"datePublished\":\"2023-11-13T14:17:30+00:00\",\"dateModified\":\"2026-01-27T09:43:23+00:00\",\"breadcrumb\":{\"@id\":\"https:\\\/\\\/myright.se\\\/engagera-dig\\\/tips\\\/#breadcrumb\"},\"inLanguage\":\"es\",\"potentialAction\":[{\"@type\":\"ReadAction\",\"target\":[\"https:\\\/\\\/myright.se\\\/engagera-dig\\\/tips\\\/\"]}]},{\"@type\":\"ImageObject\",\"inLanguage\":\"es\",\"@id\":\"https:\\\/\\\/myright.se\\\/engagera-dig\\\/tips\\\/#primaryimage\",\"url\":\"https:\\\/\\\/myright.se\\\/wp-content\\\/uploads\\\/2022\\\/10\\\/annie-spratt-feU8G7E5ODI-unsplash-1024x682.jpg\",\"contentUrl\":\"https:\\\/\\\/myright.se\\\/wp-content\\\/uploads\\\/2022\\\/10\\\/annie-spratt-feU8G7E5ODI-unsplash-1024x682.jpg\"},{\"@type\":\"BreadcrumbList\",\"@id\":\"https:\\\/\\\/myright.se\\\/engagera-dig\\\/tips\\\/#breadcrumb\",\"itemListElement\":[{\"@type\":\"ListItem\",\"position\":1,\"name\":\"Hem\",\"item\":\"https:\\\/\\\/myright.se\\\/\"},{\"@type\":\"ListItem\",\"position\":2,\"name\":\"Engagera dig\",\"item\":\"https:\\\/\\\/myright.se\\\/engagera-dig\\\/\"},{\"@type\":\"ListItem\",\"position\":3,\"name\":\"Vad kan du g\u00f6ra?\"}]},{\"@type\":\"WebSite\",\"@id\":\"https:\\\/\\\/myright.se\\\/#website\",\"url\":\"https:\\\/\\\/myright.se\\\/\",\"name\":\"MyRight\",\"description\":\"\",\"publisher\":{\"@id\":\"https:\\\/\\\/myright.se\\\/#organization\"},\"potentialAction\":[{\"@type\":\"SearchAction\",\"target\":{\"@type\":\"EntryPoint\",\"urlTemplate\":\"https:\\\/\\\/myright.se\\\/?s={search_term_string}\"},\"query-input\":{\"@type\":\"PropertyValueSpecification\",\"valueRequired\":true,\"valueName\":\"search_term_string\"}}],\"inLanguage\":\"es\"},{\"@type\":\"Organization\",\"@id\":\"https:\\\/\\\/myright.se\\\/#organization\",\"name\":\"MyRight\",\"url\":\"https:\\\/\\\/myright.se\\\/\",\"logo\":{\"@type\":\"ImageObject\",\"inLanguage\":\"es\",\"@id\":\"https:\\\/\\\/myright.se\\\/#\\\/schema\\\/logo\\\/image\\\/\",\"url\":\"https:\\\/\\\/myright.se\\\/wp-content\\\/uploads\\\/2020\\\/02\\\/Myright_logo_no_text_bredvid.png\",\"contentUrl\":\"https:\\\/\\\/myright.se\\\/wp-content\\\/uploads\\\/2020\\\/02\\\/Myright_logo_no_text_bredvid.png\",\"width\":2751,\"height\":816,\"caption\":\"MyRight\"},\"image\":{\"@id\":\"https:\\\/\\\/myright.se\\\/#\\\/schema\\\/logo\\\/image\\\/\"}}]}<\/script>\n<!-- \/ Yoast SEO plugin. -->","yoast_head_json":{"title":"Vad kan du g\u00f6ra? - MyRight","robots":{"index":"index","follow":"follow","max-snippet":"max-snippet:-1","max-image-preview":"max-image-preview:large","max-video-preview":"max-video-preview:-1"},"canonical":"https:\/\/myright.se\/es\/engagera-dig\/tips\/","og_locale":"es_ES","og_type":"article","og_title":"Vad kan du g\u00f6ra? - MyRight","og_description":"M\u00e5nga v\u00e4gar till engagemang Det finns m\u00e5nga s\u00e4tt att engagera sig i internationella fr\u00e5gor. Det kan vara ett heltidsjobb eller n\u00e5got du g\u00f6r p\u00e5 din fritid. Du kan g\u00f6ra det genom en organisation eller som individ vid enstaka tillf\u00e4llen. Det internationella engagemanget kan handla om s\u00e5v\u00e4l p\u00e5verkansarbete och samarbeten som erfarenhetsutbyten och kommunikation. Bli medlem [&hellip;]","og_url":"https:\/\/myright.se\/es\/engagera-dig\/tips\/","og_site_name":"MyRight","article_modified_time":"2026-01-27T09:43:23+00:00","og_image":[{"width":2560,"height":1704,"url":"https:\/\/myright.se\/wp-content\/uploads\/2022\/10\/annie-spratt-feU8G7E5ODI-unsplash-scaled.jpg","type":"image\/jpeg"}],"twitter_card":"summary_large_image","twitter_misc":{"Tiempo de lectura":"2 minutos"},"schema":{"@context":"https:\/\/schema.org","@graph":[{"@type":"WebPage","@id":"https:\/\/myright.se\/engagera-dig\/tips\/","url":"https:\/\/myright.se\/engagera-dig\/tips\/","name":"Vad kan du g\u00f6ra? - MyRight","isPartOf":{"@id":"https:\/\/myright.se\/#website"},"primaryImageOfPage":{"@id":"https:\/\/myright.se\/engagera-dig\/tips\/#primaryimage"},"image":{"@id":"https:\/\/myright.se\/engagera-dig\/tips\/#primaryimage"},"thumbnailUrl":"https:\/\/myright.se\/wp-content\/uploads\/2022\/10\/annie-spratt-feU8G7E5ODI-unsplash-1024x682.jpg","datePublished":"2023-11-13T14:17:30+00:00","dateModified":"2026-01-27T09:43:23+00:00","breadcrumb":{"@id":"https:\/\/myright.se\/engagera-dig\/tips\/#breadcrumb"},"inLanguage":"es","potentialAction":[{"@type":"ReadAction","target":["https:\/\/myright.se\/engagera-dig\/tips\/"]}]},{"@type":"ImageObject","inLanguage":"es","@id":"https:\/\/myright.se\/engagera-dig\/tips\/#primaryimage","url":"https:\/\/myright.se\/wp-content\/uploads\/2022\/10\/annie-spratt-feU8G7E5ODI-unsplash-1024x682.jpg","contentUrl":"https:\/\/myright.se\/wp-content\/uploads\/2022\/10\/annie-spratt-feU8G7E5ODI-unsplash-1024x682.jpg"},{"@type":"BreadcrumbList","@id":"https:\/\/myright.se\/engagera-dig\/tips\/#breadcrumb","itemListElement":[{"@type":"ListItem","position":1,"name":"Hem","item":"https:\/\/myright.se\/"},{"@type":"ListItem","position":2,"name":"Engagera dig","item":"https:\/\/myright.se\/engagera-dig\/"},{"@type":"ListItem","position":3,"name":"Vad kan du g\u00f6ra?"}]},{"@type":"WebSite","@id":"https:\/\/myright.se\/#website","url":"https:\/\/myright.se\/","name":"Mi derecho","description":"","publisher":{"@id":"https:\/\/myright.se\/#organization"},"potentialAction":[{"@type":"SearchAction","target":{"@type":"EntryPoint","urlTemplate":"https:\/\/myright.se\/?s={search_term_string}"},"query-input":{"@type":"PropertyValueSpecification","valueRequired":true,"valueName":"search_term_string"}}],"inLanguage":"es"},{"@type":"Organization","@id":"https:\/\/myright.se\/#organization","name":"Mi derecho","url":"https:\/\/myright.se\/","logo":{"@type":"ImageObject","inLanguage":"es","@id":"https:\/\/myright.se\/#\/schema\/logo\/image\/","url":"https:\/\/myright.se\/wp-content\/uploads\/2020\/02\/Myright_logo_no_text_bredvid.png","contentUrl":"https:\/\/myright.se\/wp-content\/uploads\/2020\/02\/Myright_logo_no_text_bredvid.png","width":2751,"height":816,"caption":"MyRight"},"image":{"@id":"https:\/\/myright.se\/#\/schema\/logo\/image\/"}}]}},"_links":{"self":[{"href":"https:\/\/myright.se\/es\/wp-json\/wp\/v2\/pages\/24308","targetHints":{"allow":["GET"]}}],"collection":[{"href":"https:\/\/myright.se\/es\/wp-json\/wp\/v2\/pages"}],"about":[{"href":"https:\/\/myright.se\/es\/wp-json\/wp\/v2\/types\/page"}],"author":[{"embeddable":true,"href":"https:\/\/myright.se\/es\/wp-json\/wp\/v2\/users\/2"}],"replies":[{"embeddable":true,"href":"https:\/\/myright.se\/es\/wp-json\/wp\/v2\/comments?post=24308"}],"version-history":[{"count":96,"href":"https:\/\/myright.se\/es\/wp-json\/wp\/v2\/pages\/24308\/revisions"}],"predecessor-version":[{"id":30492,"href":"https:\/\/myright.se\/es\/wp-json\/wp\/v2\/pages\/24308\/revisions\/30492"}],"up":[{"embeddable":true,"href":"https:\/\/myright.se\/es\/wp-json\/wp\/v2\/pages\/24246"}],"wp:attachment":[{"href":"https:\/\/myright.se\/es\/wp-json\/wp\/v2\/media?parent=24308"}],"curies":[{"name":"wp","href":"https:\/\/api.w.org\/{rel}","templated":true}]}}