{"id":28368,"date":"2025-04-25T10:24:16","date_gmt":"2025-04-25T09:24:16","guid":{"rendered":"https:\/\/myright.se\/?page_id=28368"},"modified":"2025-12-18T15:12:37","modified_gmt":"2025-12-18T14:12:37","slug":"om-projektet","status":"publish","type":"page","link":"https:\/\/myright.se\/es\/visados-rueda-climatica\/om-projektet\/","title":{"rendered":"Sobre el proyecto"},"content":{"rendered":"<div data-elementor-type=\"wp-page\" data-elementor-id=\"28368\" class=\"elementor elementor-28368\" data-elementor-post-type=\"page\">\n\t\t\t\t\t\t<section class=\"elementor-section elementor-top-section elementor-element elementor-element-fcaa5a4 elementor-section-boxed elementor-section-height-default elementor-section-height-default\" data-id=\"fcaa5a4\" data-element_type=\"section\" data-e-type=\"section\" data-settings=\"{&quot;background_background&quot;:&quot;classic&quot;}\">\n\t\t\t\t\t\t<div class=\"elementor-container elementor-column-gap-wider\">\n\t\t\t\t\t<div class=\"elementor-column elementor-col-50 elementor-top-column elementor-element elementor-element-4753857\" data-id=\"4753857\" data-element_type=\"column\" data-e-type=\"column\">\n\t\t\t<div class=\"elementor-widget-wrap elementor-element-populated\">\n\t\t\t\t\t\t<div class=\"elementor-element elementor-element-4f6dc9e elementor-widget elementor-widget-heading\" data-id=\"4f6dc9e\" data-element_type=\"widget\" data-e-type=\"widget\" data-widget_type=\"heading.default\">\n\t\t\t\t<div class=\"elementor-widget-container\">\n\t\t\t\t\t<h2 class=\"elementor-heading-title elementor-size-default\">Varf\u00f6r beh\u00f6vs projektet?<\/h2>\t\t\t\t<\/div>\n\t\t\t\t<\/div>\n\t\t\t\t<div class=\"elementor-element elementor-element-aa01840 elementor-widget elementor-widget-text-editor\" data-id=\"aa01840\" data-element_type=\"widget\" data-e-type=\"widget\" data-widget_type=\"text-editor.default\">\n\t\t\t\t<div class=\"elementor-widget-container\">\n\t\t\t\t\t\t\t\t\t<p><span data-contrast=\"none\"><strong>Vi vet<\/strong> idag att olika former av klimatkatastrofer s\u00e5 som v\u00e4rmeb\u00f6ljor, \u00f6versv\u00e4mningar och missv\u00e4xt \u00f6kar fattigdom och oj\u00e4mlikhet. I m\u00e5nga samh\u00e4llen \u00e4r det personer med funktionsneds\u00e4ttning som drabbas h\u00e5rdast. Ofta saknas anpassade evakueringsplaner och krisberedskap, vilket g\u00f6r att personer med funktionsneds\u00e4ttning l\u00e4mnas utan st\u00f6d vid kriser.<\/span><\/p><p>Mer att l\u00e4sa hittar du h\u00e4r: <span style=\"text-decoration: underline;\"><a href=\"https:\/\/myright.se\/es\/nuestro-trabajo\/medio-ambiente-y-clima\/\">Milj\u00f6 och klimat &#8211; MyRight<\/a><\/span><\/p><p><span data-contrast=\"none\"><strong>Vi vill<\/strong> att personer med funktionsneds\u00e4ttning inkluderas och involveras i det breda klimatarbetet s\u00e5 att ingen missas, inga behov gl\u00f6ms bort. Idag g\u00f6rs det alltf\u00f6r s\u00e4llan. Fr\u00e5gan handlar inte bara om katastrofer \u2013 \u00e4ven i det l\u00e5ngsiktiga klimatarbetet m\u00e5ste alla inkluderas.<\/span><span data-ccp-props=\"{&quot;134233117&quot;:false,&quot;134233118&quot;:false,&quot;201341983&quot;:0,&quot;335559738&quot;:240,&quot;335559739&quot;:240,&quot;335559740&quot;:465}\">\u00a0<\/span><\/p><p>Projektet arbetar f\u00f6r att d\u00f6va och h\u00f6rselskadade ungdomar som anv\u00e4nder teckenspr\u00e5k ska f\u00e5 \u00f6kad m\u00f6jlighet att engagera sig i svenska klimatr\u00e4ttviseorganisationer.\u00a0<\/p><p><b>Blir vi fler, kan vi g\u00f6ra mer. Alla beh\u00f6vs.<\/b><\/p>\t\t\t\t\t\t\t\t<\/div>\n\t\t\t\t<\/div>\n\t\t\t\t\t<\/div>\n\t\t<\/div>\n\t\t\t\t<div class=\"elementor-column elementor-col-50 elementor-top-column elementor-element elementor-element-8f1e63a\" data-id=\"8f1e63a\" data-element_type=\"column\" data-e-type=\"column\">\n\t\t\t<div class=\"elementor-widget-wrap elementor-element-populated\">\n\t\t\t\t\t\t<div class=\"elementor-element elementor-element-1b2e0a0 elementor-widget elementor-widget-video\" data-id=\"1b2e0a0\" data-element_type=\"widget\" data-e-type=\"widget\" data-settings=\"{&quot;youtube_url&quot;:&quot;https:\\\/\\\/youtu.be\\\/D0XoP9_DJDQ&quot;,&quot;video_type&quot;:&quot;youtube&quot;,&quot;controls&quot;:&quot;yes&quot;}\" data-widget_type=\"video.default\">\n\t\t\t\t<div class=\"elementor-widget-container\">\n\t\t\t\t\t\t\t<div class=\"elementor-wrapper elementor-open-inline\">\n\t\t\t<div class=\"elementor-video\"><\/div>\t\t<\/div>\n\t\t\t\t\t\t<\/div>\n\t\t\t\t<\/div>\n\t\t\t\t<section class=\"elementor-section elementor-inner-section elementor-element elementor-element-cb7b3c1 elementor-section-boxed elementor-section-height-default elementor-section-height-default\" data-id=\"cb7b3c1\" data-element_type=\"section\" data-e-type=\"section\">\n\t\t\t\t\t\t<div class=\"elementor-container elementor-column-gap-default\">\n\t\t\t\t\t<div class=\"elementor-column elementor-col-50 elementor-inner-column elementor-element elementor-element-d05c996\" data-id=\"d05c996\" data-element_type=\"column\" data-e-type=\"column\">\n\t\t\t<div class=\"elementor-widget-wrap elementor-element-populated\">\n\t\t\t\t\t\t<div class=\"elementor-element elementor-element-5fb3048 elementor-widget elementor-widget-text-editor\" data-id=\"5fb3048\" data-element_type=\"widget\" data-e-type=\"widget\" data-widget_type=\"text-editor.default\">\n\t\t\t\t<div class=\"elementor-widget-container\">\n\t\t\t\t\t\t\t\t\t<p>Texten tolkad till svenskt teckenspr\u00e5k<\/p>\t\t\t\t\t\t\t\t<\/div>\n\t\t\t\t<\/div>\n\t\t\t\t\t<\/div>\n\t\t<\/div>\n\t\t\t\t<div class=\"elementor-column elementor-col-50 elementor-inner-column elementor-element elementor-element-d067df8\" data-id=\"d067df8\" data-element_type=\"column\" data-e-type=\"column\">\n\t\t\t<div class=\"elementor-widget-wrap elementor-element-populated\">\n\t\t\t\t\t\t<div class=\"elementor-element elementor-element-fe923a8 elementor-widget elementor-widget-text-editor\" data-id=\"fe923a8\" data-element_type=\"widget\" data-e-type=\"widget\" data-widget_type=\"text-editor.default\">\n\t\t\t\t<div class=\"elementor-widget-container\">\n\t\t\t\t\t\t\t\t\t<p>Tolk: Johanna Ferm Blomberg<\/p>\t\t\t\t\t\t\t\t<\/div>\n\t\t\t\t<\/div>\n\t\t\t\t\t<\/div>\n\t\t<\/div>\n\t\t\t\t\t<\/div>\n\t\t<\/section>\n\t\t\t\t\t<\/div>\n\t\t<\/div>\n\t\t\t\t\t<\/div>\n\t\t<\/section>\n\t\t\t\t<section class=\"elementor-section elementor-top-section elementor-element elementor-element-7efd789 elementor-section-boxed elementor-section-height-default elementor-section-height-default\" data-id=\"7efd789\" data-element_type=\"section\" data-e-type=\"section\" data-settings=\"{&quot;background_background&quot;:&quot;classic&quot;}\">\n\t\t\t\t\t\t<div class=\"elementor-container elementor-column-gap-default\">\n\t\t\t\t\t<div class=\"elementor-column elementor-col-100 elementor-top-column elementor-element elementor-element-d321bbd\" data-id=\"d321bbd\" data-element_type=\"column\" data-e-type=\"column\">\n\t\t\t<div class=\"elementor-widget-wrap elementor-element-populated\">\n\t\t\t\t\t\t<div class=\"elementor-element elementor-element-d79b8e4 elementor-widget elementor-widget-heading\" data-id=\"d79b8e4\" data-element_type=\"widget\" data-e-type=\"widget\" data-widget_type=\"heading.default\">\n\t\t\t\t<div class=\"elementor-widget-container\">\n\t\t\t\t\t<h2 class=\"elementor-heading-title elementor-size-default\">Cont\u00e1ctenos<\/h2>\t\t\t\t<\/div>\n\t\t\t\t<\/div>\n\t\t\t\t<div class=\"elementor-element elementor-element-b73a6b2 elementor-widget elementor-widget-text-editor\" data-id=\"b73a6b2\" data-element_type=\"widget\" data-e-type=\"widget\" data-widget_type=\"text-editor.default\">\n\t\t\t\t<div class=\"elementor-widget-container\">\n\t\t\t\t\t\t\t\t\t<p>Johanna Ferm Blomberg, Jefa de Proyecto y responsable de Climate Inspirers<br \/>klimatrattvisa@sduf.se<\/p><p>\u00a0<\/p>\t\t\t\t\t\t\t\t<\/div>\n\t\t\t\t<\/div>\n\t\t\t\t\t<\/div>\n\t\t<\/div>\n\t\t\t\t\t<\/div>\n\t\t<\/section>\n\t\t\t\t<section class=\"elementor-section elementor-top-section elementor-element elementor-element-f57514e elementor-section-boxed elementor-section-height-default elementor-section-height-default\" data-id=\"f57514e\" data-element_type=\"section\" data-e-type=\"section\">\n\t\t\t\t\t\t<div class=\"elementor-container elementor-column-gap-default\">\n\t\t\t\t\t<div class=\"elementor-column elementor-col-100 elementor-top-column elementor-element elementor-element-6e8e195\" data-id=\"6e8e195\" data-element_type=\"column\" data-e-type=\"column\">\n\t\t\t<div class=\"elementor-widget-wrap\">\n\t\t\t\t\t\t\t<\/div>\n\t\t<\/div>\n\t\t\t\t\t<\/div>\n\t\t<\/section>\n\t\t\t\t<\/div>","protected":false},"excerpt":{"rendered":"<p>Varf\u00f6r beh\u00f6vs projektet? Vi vet idag att olika former av klimatkatastrofer s\u00e5 som v\u00e4rmeb\u00f6ljor, \u00f6versv\u00e4mningar och missv\u00e4xt \u00f6kar fattigdom och oj\u00e4mlikhet. I m\u00e5nga samh\u00e4llen \u00e4r det personer med funktionsneds\u00e4ttning som drabbas h\u00e5rdast. Ofta saknas anpassade evakueringsplaner och krisberedskap, vilket g\u00f6r att personer med funktionsneds\u00e4ttning l\u00e4mnas utan st\u00f6d vid kriser. Mer att l\u00e4sa hittar du h\u00e4r: [&hellip;]<\/p>\n","protected":false},"author":23,"featured_media":0,"parent":28236,"menu_order":0,"comment_status":"closed","ping_status":"closed","template":"","meta":{"footnotes":""},"class_list":["post-28368","page","type-page","status-publish","hentry"],"yoast_head":"<!-- This site is optimized with the Yoast SEO plugin v27.3 - https:\/\/yoast.com\/product\/yoast-seo-wordpress\/ -->\n<title>Om projektet - MyRight<\/title>\n<meta name=\"robots\" content=\"index, follow, max-snippet:-1, max-image-preview:large, max-video-preview:-1\" \/>\n<link rel=\"canonical\" href=\"https:\/\/myright.se\/es\/visados-rueda-climatica\/om-projektet\/\" \/>\n<meta property=\"og:locale\" content=\"es_ES\" \/>\n<meta property=\"og:type\" content=\"article\" \/>\n<meta property=\"og:title\" content=\"Om projektet - MyRight\" \/>\n<meta property=\"og:description\" content=\"Varf\u00f6r beh\u00f6vs projektet? Vi vet idag att olika former av klimatkatastrofer s\u00e5 som v\u00e4rmeb\u00f6ljor, \u00f6versv\u00e4mningar och missv\u00e4xt \u00f6kar fattigdom och oj\u00e4mlikhet. I m\u00e5nga samh\u00e4llen \u00e4r det personer med funktionsneds\u00e4ttning som drabbas h\u00e5rdast. Ofta saknas anpassade evakueringsplaner och krisberedskap, vilket g\u00f6r att personer med funktionsneds\u00e4ttning l\u00e4mnas utan st\u00f6d vid kriser. Mer att l\u00e4sa hittar du h\u00e4r: [&hellip;]\" \/>\n<meta property=\"og:url\" content=\"https:\/\/myright.se\/es\/visados-rueda-climatica\/om-projektet\/\" \/>\n<meta property=\"og:site_name\" content=\"MyRight\" \/>\n<meta property=\"article:modified_time\" content=\"2025-12-18T14:12:37+00:00\" \/>\n<meta name=\"twitter:card\" content=\"summary_large_image\" \/>\n<meta name=\"twitter:label1\" content=\"Tiempo de lectura\" \/>\n\t<meta name=\"twitter:data1\" content=\"1 minuto\" \/>\n<script type=\"application\/ld+json\" class=\"yoast-schema-graph\">{\"@context\":\"https:\\\/\\\/schema.org\",\"@graph\":[{\"@type\":\"WebPage\",\"@id\":\"https:\\\/\\\/myright.se\\\/klimatrattvisa\\\/om-projektet\\\/\",\"url\":\"https:\\\/\\\/myright.se\\\/klimatrattvisa\\\/om-projektet\\\/\",\"name\":\"Om projektet - MyRight\",\"isPartOf\":{\"@id\":\"https:\\\/\\\/myright.se\\\/#website\"},\"datePublished\":\"2025-04-25T09:24:16+00:00\",\"dateModified\":\"2025-12-18T14:12:37+00:00\",\"breadcrumb\":{\"@id\":\"https:\\\/\\\/myright.se\\\/klimatrattvisa\\\/om-projektet\\\/#breadcrumb\"},\"inLanguage\":\"es\",\"potentialAction\":[{\"@type\":\"ReadAction\",\"target\":[\"https:\\\/\\\/myright.se\\\/klimatrattvisa\\\/om-projektet\\\/\"]}]},{\"@type\":\"BreadcrumbList\",\"@id\":\"https:\\\/\\\/myright.se\\\/klimatrattvisa\\\/om-projektet\\\/#breadcrumb\",\"itemListElement\":[{\"@type\":\"ListItem\",\"position\":1,\"name\":\"Hem\",\"item\":\"https:\\\/\\\/myright.se\\\/\"},{\"@type\":\"ListItem\",\"position\":2,\"name\":\"Klimatr\u00e4ttvisa\",\"item\":\"https:\\\/\\\/myright.se\\\/klimatrattvisa\\\/\"},{\"@type\":\"ListItem\",\"position\":3,\"name\":\"Om projektet\"}]},{\"@type\":\"WebSite\",\"@id\":\"https:\\\/\\\/myright.se\\\/#website\",\"url\":\"https:\\\/\\\/myright.se\\\/\",\"name\":\"MyRight\",\"description\":\"\",\"publisher\":{\"@id\":\"https:\\\/\\\/myright.se\\\/#organization\"},\"potentialAction\":[{\"@type\":\"SearchAction\",\"target\":{\"@type\":\"EntryPoint\",\"urlTemplate\":\"https:\\\/\\\/myright.se\\\/?s={search_term_string}\"},\"query-input\":{\"@type\":\"PropertyValueSpecification\",\"valueRequired\":true,\"valueName\":\"search_term_string\"}}],\"inLanguage\":\"es\"},{\"@type\":\"Organization\",\"@id\":\"https:\\\/\\\/myright.se\\\/#organization\",\"name\":\"MyRight\",\"url\":\"https:\\\/\\\/myright.se\\\/\",\"logo\":{\"@type\":\"ImageObject\",\"inLanguage\":\"es\",\"@id\":\"https:\\\/\\\/myright.se\\\/#\\\/schema\\\/logo\\\/image\\\/\",\"url\":\"https:\\\/\\\/myright.se\\\/wp-content\\\/uploads\\\/2020\\\/02\\\/Myright_logo_no_text_bredvid.png\",\"contentUrl\":\"https:\\\/\\\/myright.se\\\/wp-content\\\/uploads\\\/2020\\\/02\\\/Myright_logo_no_text_bredvid.png\",\"width\":2751,\"height\":816,\"caption\":\"MyRight\"},\"image\":{\"@id\":\"https:\\\/\\\/myright.se\\\/#\\\/schema\\\/logo\\\/image\\\/\"}}]}<\/script>\n<!-- \/ Yoast SEO plugin. -->","yoast_head_json":{"title":"Om projektet - MyRight","robots":{"index":"index","follow":"follow","max-snippet":"max-snippet:-1","max-image-preview":"max-image-preview:large","max-video-preview":"max-video-preview:-1"},"canonical":"https:\/\/myright.se\/es\/visados-rueda-climatica\/om-projektet\/","og_locale":"es_ES","og_type":"article","og_title":"Om projektet - MyRight","og_description":"Varf\u00f6r beh\u00f6vs projektet? Vi vet idag att olika former av klimatkatastrofer s\u00e5 som v\u00e4rmeb\u00f6ljor, \u00f6versv\u00e4mningar och missv\u00e4xt \u00f6kar fattigdom och oj\u00e4mlikhet. I m\u00e5nga samh\u00e4llen \u00e4r det personer med funktionsneds\u00e4ttning som drabbas h\u00e5rdast. Ofta saknas anpassade evakueringsplaner och krisberedskap, vilket g\u00f6r att personer med funktionsneds\u00e4ttning l\u00e4mnas utan st\u00f6d vid kriser. Mer att l\u00e4sa hittar du h\u00e4r: [&hellip;]","og_url":"https:\/\/myright.se\/es\/visados-rueda-climatica\/om-projektet\/","og_site_name":"MyRight","article_modified_time":"2025-12-18T14:12:37+00:00","twitter_card":"summary_large_image","twitter_misc":{"Tiempo de lectura":"1 minuto"},"schema":{"@context":"https:\/\/schema.org","@graph":[{"@type":"WebPage","@id":"https:\/\/myright.se\/klimatrattvisa\/om-projektet\/","url":"https:\/\/myright.se\/klimatrattvisa\/om-projektet\/","name":"Om projektet - MyRight","isPartOf":{"@id":"https:\/\/myright.se\/#website"},"datePublished":"2025-04-25T09:24:16+00:00","dateModified":"2025-12-18T14:12:37+00:00","breadcrumb":{"@id":"https:\/\/myright.se\/klimatrattvisa\/om-projektet\/#breadcrumb"},"inLanguage":"es","potentialAction":[{"@type":"ReadAction","target":["https:\/\/myright.se\/klimatrattvisa\/om-projektet\/"]}]},{"@type":"BreadcrumbList","@id":"https:\/\/myright.se\/klimatrattvisa\/om-projektet\/#breadcrumb","itemListElement":[{"@type":"ListItem","position":1,"name":"Hem","item":"https:\/\/myright.se\/"},{"@type":"ListItem","position":2,"name":"Klimatr\u00e4ttvisa","item":"https:\/\/myright.se\/klimatrattvisa\/"},{"@type":"ListItem","position":3,"name":"Om projektet"}]},{"@type":"WebSite","@id":"https:\/\/myright.se\/#website","url":"https:\/\/myright.se\/","name":"Mi derecho","description":"","publisher":{"@id":"https:\/\/myright.se\/#organization"},"potentialAction":[{"@type":"SearchAction","target":{"@type":"EntryPoint","urlTemplate":"https:\/\/myright.se\/?s={search_term_string}"},"query-input":{"@type":"PropertyValueSpecification","valueRequired":true,"valueName":"search_term_string"}}],"inLanguage":"es"},{"@type":"Organization","@id":"https:\/\/myright.se\/#organization","name":"Mi derecho","url":"https:\/\/myright.se\/","logo":{"@type":"ImageObject","inLanguage":"es","@id":"https:\/\/myright.se\/#\/schema\/logo\/image\/","url":"https:\/\/myright.se\/wp-content\/uploads\/2020\/02\/Myright_logo_no_text_bredvid.png","contentUrl":"https:\/\/myright.se\/wp-content\/uploads\/2020\/02\/Myright_logo_no_text_bredvid.png","width":2751,"height":816,"caption":"MyRight"},"image":{"@id":"https:\/\/myright.se\/#\/schema\/logo\/image\/"}}]}},"_links":{"self":[{"href":"https:\/\/myright.se\/es\/wp-json\/wp\/v2\/pages\/28368","targetHints":{"allow":["GET"]}}],"collection":[{"href":"https:\/\/myright.se\/es\/wp-json\/wp\/v2\/pages"}],"about":[{"href":"https:\/\/myright.se\/es\/wp-json\/wp\/v2\/types\/page"}],"author":[{"embeddable":true,"href":"https:\/\/myright.se\/es\/wp-json\/wp\/v2\/users\/23"}],"replies":[{"embeddable":true,"href":"https:\/\/myright.se\/es\/wp-json\/wp\/v2\/comments?post=28368"}],"version-history":[{"count":82,"href":"https:\/\/myright.se\/es\/wp-json\/wp\/v2\/pages\/28368\/revisions"}],"predecessor-version":[{"id":30451,"href":"https:\/\/myright.se\/es\/wp-json\/wp\/v2\/pages\/28368\/revisions\/30451"}],"up":[{"embeddable":true,"href":"https:\/\/myright.se\/es\/wp-json\/wp\/v2\/pages\/28236"}],"wp:attachment":[{"href":"https:\/\/myright.se\/es\/wp-json\/wp\/v2\/media?parent=28368"}],"curies":[{"name":"wp","href":"https:\/\/api.w.org\/{rel}","templated":true}]}}