{"id":30282,"date":"2025-11-25T11:27:05","date_gmt":"2025-11-25T10:27:05","guid":{"rendered":"https:\/\/myright.se\/?page_id=30282"},"modified":"2025-11-25T11:30:14","modified_gmt":"2025-11-25T10:30:14","slug":"ett-bistand-for-alla-tack","status":"publish","type":"page","link":"https:\/\/myright.se\/es\/ett-bistand-for-alla-tack\/","title":{"rendered":"Ett bist\u00e5nd f\u00f6r alla &#8211; tack"},"content":{"rendered":"<div data-elementor-type=\"wp-page\" data-elementor-id=\"30282\" class=\"elementor elementor-30282\" data-elementor-post-type=\"page\">\n\t\t\t\t\t\t<section class=\"elementor-section elementor-top-section elementor-element elementor-element-7b6fa420 elementor-section-content-middle elementor-section-boxed elementor-section-height-default elementor-section-height-default\" data-id=\"7b6fa420\" data-element_type=\"section\" data-e-type=\"section\" data-settings=\"{&quot;background_background&quot;:&quot;classic&quot;}\">\n\t\t\t\t\t\t<div class=\"elementor-container elementor-column-gap-no\">\n\t\t\t\t\t<div class=\"elementor-column elementor-col-50 elementor-top-column elementor-element elementor-element-22f9d95\" data-id=\"22f9d95\" data-element_type=\"column\" data-e-type=\"column\" data-settings=\"{&quot;background_background&quot;:&quot;classic&quot;}\">\n\t\t\t<div class=\"elementor-widget-wrap elementor-element-populated\">\n\t\t\t\t\t\t<div class=\"elementor-element elementor-element-173a33b4 elementor-widget elementor-widget-heading\" data-id=\"173a33b4\" data-element_type=\"widget\" data-e-type=\"widget\" data-widget_type=\"heading.default\">\n\t\t\t\t<div class=\"elementor-widget-container\">\n\t\t\t\t\t<h2 class=\"elementor-heading-title elementor-size-default\">Tack f\u00f6r att du tar st\u00e4llning f\u00f6r ett bist\u00e5nd som n\u00e5r ALLA!<\/h2>\t\t\t\t<\/div>\n\t\t\t\t<\/div>\n\t\t\t\t<div class=\"elementor-element elementor-element-10c1d72d elementor-widget elementor-widget-heading\" data-id=\"10c1d72d\" data-element_type=\"widget\" data-e-type=\"widget\" data-widget_type=\"heading.default\">\n\t\t\t\t<div class=\"elementor-widget-container\">\n\t\t\t\t\t<p class=\"elementor-heading-title elementor-size-default\">Convi\u00e9rtete en donante mensual<\/p>\t\t\t\t<\/div>\n\t\t\t\t<\/div>\n\t\t\t\t<div class=\"elementor-element elementor-element-7bf360e3 elementor-widget elementor-widget-text-editor\" data-id=\"7bf360e3\" data-element_type=\"widget\" data-e-type=\"widget\" data-widget_type=\"text-editor.default\">\n\t\t\t\t<div class=\"elementor-widget-container\">\n\t\t\t\t\t\t\t\t\t<p>MyRight es la \u00fanica organizaci\u00f3n en Suecia que trabaja exclusivamente por los derechos de las personas con discapacidad y la reducci\u00f3n de la pobreza. Somos una organizaci\u00f3n sin fines de lucro y necesitamos tu apoyo para seguir trabajando por las personas con discapacidad. Cada aporte hace la diferencia.<\/p><p>Como donante mensual, defiendes la igualdad de derechos de todos y ayudas a las personas con discapacidad a vivir con seguridad, incluso en tiempos de crisis y conflicto.<br \/>Din g\u00e5va g\u00f6r att vi kan agera d\u00e4r behoven \u00e4r som st\u00f6rst och arbeta l\u00e5ngsiktigt f\u00f6r en mer r\u00e4ttvis och tillg\u00e4nglig v\u00e4rld.<\/p>\t\t\t\t\t\t\t\t<\/div>\n\t\t\t\t<\/div>\n\t\t\t\t<div class=\"elementor-element elementor-element-3013fbea elementor-align-center elementor-widget elementor-widget-button\" data-id=\"3013fbea\" data-element_type=\"widget\" data-e-type=\"widget\" data-widget_type=\"button.default\">\n\t\t\t\t<div class=\"elementor-widget-container\">\n\t\t\t\t\t\t\t\t\t<div class=\"elementor-button-wrapper\">\n\t\t\t\t\t<a class=\"elementor-button elementor-button-link elementor-size-sm elementor-animation-grow\" href=\"https:\/\/myright.se\/es\/tenia-derechos-de-autor\/conviertase-en-asesor\/\">\n\t\t\t\t\t\t<span class=\"elementor-button-content-wrapper\">\n\t\t\t\t\t\t\t\t\t<span class=\"elementor-button-text\">Jag vill vara med!<\/span>\n\t\t\t\t\t<\/span>\n\t\t\t\t\t<\/a>\n\t\t\t\t<\/div>\n\t\t\t\t\t\t\t\t<\/div>\n\t\t\t\t<\/div>\n\t\t\t\t\t<\/div>\n\t\t<\/div>\n\t\t\t\t<div class=\"elementor-column elementor-col-50 elementor-top-column elementor-element elementor-element-2fce468e\" data-id=\"2fce468e\" data-element_type=\"column\" data-e-type=\"column\" data-settings=\"{&quot;background_background&quot;:&quot;classic&quot;}\">\n\t\t\t<div class=\"elementor-widget-wrap elementor-element-populated\">\n\t\t\t\t\t\t<div class=\"elementor-element elementor-element-7c89b05a elementor-widget elementor-widget-spacer\" data-id=\"7c89b05a\" data-element_type=\"widget\" data-e-type=\"widget\" data-widget_type=\"spacer.default\">\n\t\t\t\t<div class=\"elementor-widget-container\">\n\t\t\t\t\t\t\t<div class=\"elementor-spacer\">\n\t\t\t<div class=\"elementor-spacer-inner\"><\/div>\n\t\t<\/div>\n\t\t\t\t\t\t<\/div>\n\t\t\t\t<\/div>\n\t\t\t\t\t<\/div>\n\t\t<\/div>\n\t\t\t\t\t<\/div>\n\t\t<\/section>\n\t\t\t\t<\/div>","protected":false},"excerpt":{"rendered":"<p>Tack f\u00f6r att du tar st\u00e4llning f\u00f6r ett bist\u00e5nd som n\u00e5r ALLA! Bli m\u00e5nadsgivare MyRight \u00e4r den enda organisationen i Sverige som uteslutande arbetar f\u00f6r r\u00e4ttigheter f\u00f6r personer med funktionsneds\u00e4ttning och fattigdomsbek\u00e4mpning. Vi \u00e4r en ideell organisation och beh\u00f6ver ditt st\u00f6d f\u00f6r att forts\u00e4tta arbetet f\u00f6r personer med funktionsneds\u00e4ttning. Varje bidrag g\u00f6r skillnad. Som m\u00e5nadsgivare [&hellip;]<\/p>\n","protected":false},"author":2,"featured_media":29802,"parent":0,"menu_order":0,"comment_status":"closed","ping_status":"closed","template":"","meta":{"footnotes":""},"class_list":["post-30282","page","type-page","status-publish","has-post-thumbnail","hentry"],"yoast_head":"<!-- This site is optimized with the Yoast SEO plugin v27.4 - https:\/\/yoast.com\/product\/yoast-seo-wordpress\/ -->\n<title>Ett bist\u00e5nd f\u00f6r alla - tack - MyRight<\/title>\n<meta name=\"robots\" content=\"index, follow, max-snippet:-1, max-image-preview:large, max-video-preview:-1\" \/>\n<link rel=\"canonical\" href=\"https:\/\/myright.se\/es\/ett-bistand-for-alla-tack\/\" \/>\n<meta property=\"og:locale\" content=\"es_ES\" \/>\n<meta property=\"og:type\" content=\"article\" \/>\n<meta property=\"og:title\" content=\"Ett bist\u00e5nd f\u00f6r alla - tack - MyRight\" \/>\n<meta property=\"og:description\" content=\"Tack f\u00f6r att du tar st\u00e4llning f\u00f6r ett bist\u00e5nd som n\u00e5r ALLA! Bli m\u00e5nadsgivare MyRight \u00e4r den enda organisationen i Sverige som uteslutande arbetar f\u00f6r r\u00e4ttigheter f\u00f6r personer med funktionsneds\u00e4ttning och fattigdomsbek\u00e4mpning. Vi \u00e4r en ideell organisation och beh\u00f6ver ditt st\u00f6d f\u00f6r att forts\u00e4tta arbetet f\u00f6r personer med funktionsneds\u00e4ttning. Varje bidrag g\u00f6r skillnad. Som m\u00e5nadsgivare [&hellip;]\" \/>\n<meta property=\"og:url\" content=\"https:\/\/myright.se\/es\/ett-bistand-for-alla-tack\/\" \/>\n<meta property=\"og:site_name\" content=\"MyRight\" \/>\n<meta property=\"article:modified_time\" content=\"2025-11-25T10:30:14+00:00\" \/>\n<meta property=\"og:image\" content=\"https:\/\/myright.se\/wp-content\/uploads\/2025\/10\/Rwanda-Sada-Igikundiro-Masaka-center-2.jpg\" \/>\n\t<meta property=\"og:image:width\" content=\"1920\" \/>\n\t<meta property=\"og:image:height\" content=\"1000\" \/>\n\t<meta property=\"og:image:type\" content=\"image\/jpeg\" \/>\n<meta name=\"twitter:card\" content=\"summary_large_image\" \/>\n<meta name=\"twitter:label1\" content=\"Tiempo de lectura\" \/>\n\t<meta name=\"twitter:data1\" content=\"1 minuto\" \/>\n<script type=\"application\/ld+json\" class=\"yoast-schema-graph\">{\"@context\":\"https:\\\/\\\/schema.org\",\"@graph\":[{\"@type\":\"WebPage\",\"@id\":\"https:\\\/\\\/myright.se\\\/ett-bistand-for-alla-tack\\\/\",\"url\":\"https:\\\/\\\/myright.se\\\/ett-bistand-for-alla-tack\\\/\",\"name\":\"Ett bist\u00e5nd f\u00f6r alla - tack - MyRight\",\"isPartOf\":{\"@id\":\"https:\\\/\\\/myright.se\\\/#website\"},\"primaryImageOfPage\":{\"@id\":\"https:\\\/\\\/myright.se\\\/ett-bistand-for-alla-tack\\\/#primaryimage\"},\"image\":{\"@id\":\"https:\\\/\\\/myright.se\\\/ett-bistand-for-alla-tack\\\/#primaryimage\"},\"thumbnailUrl\":\"https:\\\/\\\/myright.se\\\/wp-content\\\/uploads\\\/2025\\\/10\\\/Rwanda-Sada-Igikundiro-Masaka-center-2.jpg\",\"datePublished\":\"2025-11-25T10:27:05+00:00\",\"dateModified\":\"2025-11-25T10:30:14+00:00\",\"breadcrumb\":{\"@id\":\"https:\\\/\\\/myright.se\\\/ett-bistand-for-alla-tack\\\/#breadcrumb\"},\"inLanguage\":\"es\",\"potentialAction\":[{\"@type\":\"ReadAction\",\"target\":[\"https:\\\/\\\/myright.se\\\/ett-bistand-for-alla-tack\\\/\"]}]},{\"@type\":\"ImageObject\",\"inLanguage\":\"es\",\"@id\":\"https:\\\/\\\/myright.se\\\/ett-bistand-for-alla-tack\\\/#primaryimage\",\"url\":\"https:\\\/\\\/myright.se\\\/wp-content\\\/uploads\\\/2025\\\/10\\\/Rwanda-Sada-Igikundiro-Masaka-center-2.jpg\",\"contentUrl\":\"https:\\\/\\\/myright.se\\\/wp-content\\\/uploads\\\/2025\\\/10\\\/Rwanda-Sada-Igikundiro-Masaka-center-2.jpg\",\"width\":1920,\"height\":1000},{\"@type\":\"BreadcrumbList\",\"@id\":\"https:\\\/\\\/myright.se\\\/ett-bistand-for-alla-tack\\\/#breadcrumb\",\"itemListElement\":[{\"@type\":\"ListItem\",\"position\":1,\"name\":\"Hem\",\"item\":\"https:\\\/\\\/myright.se\\\/\"},{\"@type\":\"ListItem\",\"position\":2,\"name\":\"Ett bist\u00e5nd f\u00f6r alla &#8211; tack\"}]},{\"@type\":\"WebSite\",\"@id\":\"https:\\\/\\\/myright.se\\\/#website\",\"url\":\"https:\\\/\\\/myright.se\\\/\",\"name\":\"MyRight\",\"description\":\"\",\"publisher\":{\"@id\":\"https:\\\/\\\/myright.se\\\/#organization\"},\"potentialAction\":[{\"@type\":\"SearchAction\",\"target\":{\"@type\":\"EntryPoint\",\"urlTemplate\":\"https:\\\/\\\/myright.se\\\/?s={search_term_string}\"},\"query-input\":{\"@type\":\"PropertyValueSpecification\",\"valueRequired\":true,\"valueName\":\"search_term_string\"}}],\"inLanguage\":\"es\"},{\"@type\":\"Organization\",\"@id\":\"https:\\\/\\\/myright.se\\\/#organization\",\"name\":\"MyRight\",\"url\":\"https:\\\/\\\/myright.se\\\/\",\"logo\":{\"@type\":\"ImageObject\",\"inLanguage\":\"es\",\"@id\":\"https:\\\/\\\/myright.se\\\/#\\\/schema\\\/logo\\\/image\\\/\",\"url\":\"https:\\\/\\\/myright.se\\\/wp-content\\\/uploads\\\/2020\\\/02\\\/Myright_logo_no_text_bredvid.png\",\"contentUrl\":\"https:\\\/\\\/myright.se\\\/wp-content\\\/uploads\\\/2020\\\/02\\\/Myright_logo_no_text_bredvid.png\",\"width\":2751,\"height\":816,\"caption\":\"MyRight\"},\"image\":{\"@id\":\"https:\\\/\\\/myright.se\\\/#\\\/schema\\\/logo\\\/image\\\/\"}}]}<\/script>\n<!-- \/ Yoast SEO plugin. -->","yoast_head_json":{"title":"Ett bist\u00e5nd f\u00f6r alla - tack - MyRight","robots":{"index":"index","follow":"follow","max-snippet":"max-snippet:-1","max-image-preview":"max-image-preview:large","max-video-preview":"max-video-preview:-1"},"canonical":"https:\/\/myright.se\/es\/ett-bistand-for-alla-tack\/","og_locale":"es_ES","og_type":"article","og_title":"Ett bist\u00e5nd f\u00f6r alla - tack - MyRight","og_description":"Tack f\u00f6r att du tar st\u00e4llning f\u00f6r ett bist\u00e5nd som n\u00e5r ALLA! Bli m\u00e5nadsgivare MyRight \u00e4r den enda organisationen i Sverige som uteslutande arbetar f\u00f6r r\u00e4ttigheter f\u00f6r personer med funktionsneds\u00e4ttning och fattigdomsbek\u00e4mpning. Vi \u00e4r en ideell organisation och beh\u00f6ver ditt st\u00f6d f\u00f6r att forts\u00e4tta arbetet f\u00f6r personer med funktionsneds\u00e4ttning. Varje bidrag g\u00f6r skillnad. Som m\u00e5nadsgivare [&hellip;]","og_url":"https:\/\/myright.se\/es\/ett-bistand-for-alla-tack\/","og_site_name":"MyRight","article_modified_time":"2025-11-25T10:30:14+00:00","og_image":[{"width":1920,"height":1000,"url":"https:\/\/myright.se\/wp-content\/uploads\/2025\/10\/Rwanda-Sada-Igikundiro-Masaka-center-2.jpg","type":"image\/jpeg"}],"twitter_card":"summary_large_image","twitter_misc":{"Tiempo de lectura":"1 minuto"},"schema":{"@context":"https:\/\/schema.org","@graph":[{"@type":"WebPage","@id":"https:\/\/myright.se\/ett-bistand-for-alla-tack\/","url":"https:\/\/myright.se\/ett-bistand-for-alla-tack\/","name":"Ett bist\u00e5nd f\u00f6r alla - tack - MyRight","isPartOf":{"@id":"https:\/\/myright.se\/#website"},"primaryImageOfPage":{"@id":"https:\/\/myright.se\/ett-bistand-for-alla-tack\/#primaryimage"},"image":{"@id":"https:\/\/myright.se\/ett-bistand-for-alla-tack\/#primaryimage"},"thumbnailUrl":"https:\/\/myright.se\/wp-content\/uploads\/2025\/10\/Rwanda-Sada-Igikundiro-Masaka-center-2.jpg","datePublished":"2025-11-25T10:27:05+00:00","dateModified":"2025-11-25T10:30:14+00:00","breadcrumb":{"@id":"https:\/\/myright.se\/ett-bistand-for-alla-tack\/#breadcrumb"},"inLanguage":"es","potentialAction":[{"@type":"ReadAction","target":["https:\/\/myright.se\/ett-bistand-for-alla-tack\/"]}]},{"@type":"ImageObject","inLanguage":"es","@id":"https:\/\/myright.se\/ett-bistand-for-alla-tack\/#primaryimage","url":"https:\/\/myright.se\/wp-content\/uploads\/2025\/10\/Rwanda-Sada-Igikundiro-Masaka-center-2.jpg","contentUrl":"https:\/\/myright.se\/wp-content\/uploads\/2025\/10\/Rwanda-Sada-Igikundiro-Masaka-center-2.jpg","width":1920,"height":1000},{"@type":"BreadcrumbList","@id":"https:\/\/myright.se\/ett-bistand-for-alla-tack\/#breadcrumb","itemListElement":[{"@type":"ListItem","position":1,"name":"Hem","item":"https:\/\/myright.se\/"},{"@type":"ListItem","position":2,"name":"Ett bist\u00e5nd f\u00f6r alla &#8211; tack"}]},{"@type":"WebSite","@id":"https:\/\/myright.se\/#website","url":"https:\/\/myright.se\/","name":"Mi derecho","description":"","publisher":{"@id":"https:\/\/myright.se\/#organization"},"potentialAction":[{"@type":"SearchAction","target":{"@type":"EntryPoint","urlTemplate":"https:\/\/myright.se\/?s={search_term_string}"},"query-input":{"@type":"PropertyValueSpecification","valueRequired":true,"valueName":"search_term_string"}}],"inLanguage":"es"},{"@type":"Organization","@id":"https:\/\/myright.se\/#organization","name":"Mi derecho","url":"https:\/\/myright.se\/","logo":{"@type":"ImageObject","inLanguage":"es","@id":"https:\/\/myright.se\/#\/schema\/logo\/image\/","url":"https:\/\/myright.se\/wp-content\/uploads\/2020\/02\/Myright_logo_no_text_bredvid.png","contentUrl":"https:\/\/myright.se\/wp-content\/uploads\/2020\/02\/Myright_logo_no_text_bredvid.png","width":2751,"height":816,"caption":"MyRight"},"image":{"@id":"https:\/\/myright.se\/#\/schema\/logo\/image\/"}}]}},"_links":{"self":[{"href":"https:\/\/myright.se\/es\/wp-json\/wp\/v2\/pages\/30282","targetHints":{"allow":["GET"]}}],"collection":[{"href":"https:\/\/myright.se\/es\/wp-json\/wp\/v2\/pages"}],"about":[{"href":"https:\/\/myright.se\/es\/wp-json\/wp\/v2\/types\/page"}],"author":[{"embeddable":true,"href":"https:\/\/myright.se\/es\/wp-json\/wp\/v2\/users\/2"}],"replies":[{"embeddable":true,"href":"https:\/\/myright.se\/es\/wp-json\/wp\/v2\/comments?post=30282"}],"version-history":[{"count":7,"href":"https:\/\/myright.se\/es\/wp-json\/wp\/v2\/pages\/30282\/revisions"}],"predecessor-version":[{"id":30294,"href":"https:\/\/myright.se\/es\/wp-json\/wp\/v2\/pages\/30282\/revisions\/30294"}],"wp:featuredmedia":[{"embeddable":true,"href":"https:\/\/myright.se\/es\/wp-json\/wp\/v2\/media\/29802"}],"wp:attachment":[{"href":"https:\/\/myright.se\/es\/wp-json\/wp\/v2\/media?parent=30282"}],"curies":[{"name":"wp","href":"https:\/\/api.w.org\/{rel}","templated":true}]}}