{"id":3132,"date":"2019-09-20T14:24:59","date_gmt":"2019-09-20T13:24:59","guid":{"rendered":"http:\/\/myright.se\/?page_id=3132"},"modified":"2025-12-18T16:39:31","modified_gmt":"2025-12-18T15:39:31","slug":"politica-de-privacidad","status":"publish","type":"page","link":"https:\/\/myright.se\/es\/sobre-mi-derecho\/politica-de-privacidad\/","title":{"rendered":"Pol\u00edtica de privacidad"},"content":{"rendered":"<div data-elementor-type=\"wp-page\" data-elementor-id=\"3132\" class=\"elementor elementor-3132\" data-elementor-post-type=\"page\">\n\t\t\t\t\t\t<section class=\"elementor-section elementor-top-section elementor-element elementor-element-0bc3df9 elementor-section-full_width elementor-section-height-default elementor-section-height-default\" data-id=\"0bc3df9\" data-element_type=\"section\" data-e-type=\"section\" data-settings=\"{&quot;background_background&quot;:&quot;classic&quot;}\">\n\t\t\t\t\t\t<div class=\"elementor-container elementor-column-gap-default\">\n\t\t\t\t\t<div class=\"elementor-column elementor-col-100 elementor-top-column elementor-element elementor-element-26f9fa5\" data-id=\"26f9fa5\" data-element_type=\"column\" data-e-type=\"column\">\n\t\t\t<div class=\"elementor-widget-wrap elementor-element-populated\">\n\t\t\t\t\t\t<div class=\"elementor-element elementor-element-904a2d7 elementor-widget elementor-widget-breadcrumbs\" data-id=\"904a2d7\" data-element_type=\"widget\" data-e-type=\"widget\" data-widget_type=\"breadcrumbs.default\">\n\t\t\t\t<div class=\"elementor-widget-container\">\n\t\t\t\t\t<p id=\"breadcrumbs\"><span><span><a href=\"https:\/\/myright.se\/es\/\">Hogar<\/a><\/span><\/span><\/p>\t\t\t\t<\/div>\n\t\t\t\t<\/div>\n\t\t\t\t\t<\/div>\n\t\t<\/div>\n\t\t\t\t\t<\/div>\n\t\t<\/section>\n\t\t\t\t<section class=\"elementor-section elementor-top-section elementor-element elementor-element-57d36fd3 elementor-section-stretched elementor-section-boxed elementor-section-height-default elementor-section-height-default\" data-id=\"57d36fd3\" data-element_type=\"section\" data-e-type=\"section\" data-settings=\"{&quot;stretch_section&quot;:&quot;section-stretched&quot;,&quot;background_background&quot;:&quot;classic&quot;}\">\n\t\t\t\t\t\t<div class=\"elementor-container elementor-column-gap-wider\">\n\t\t\t\t\t<div class=\"elementor-column elementor-col-66 elementor-top-column elementor-element elementor-element-795e1223\" data-id=\"795e1223\" data-element_type=\"column\" data-e-type=\"column\">\n\t\t\t<div class=\"elementor-widget-wrap elementor-element-populated\">\n\t\t\t\t\t\t<div class=\"elementor-element elementor-element-f6a5aba elementor-widget elementor-widget-heading\" data-id=\"f6a5aba\" data-element_type=\"widget\" data-e-type=\"widget\" data-widget_type=\"heading.default\">\n\t\t\t\t<div class=\"elementor-widget-container\">\n\t\t\t\t\t<h1 class=\"elementor-heading-title elementor-size-default\">Pol\u00edtica de privacidad<\/h1>\t\t\t\t<\/div>\n\t\t\t\t<\/div>\n\t\t\t\t<div class=\"elementor-element elementor-element-f743be6 elementor-widget elementor-widget-text-editor\" data-id=\"f743be6\" data-element_type=\"widget\" data-e-type=\"widget\" data-widget_type=\"text-editor.default\">\n\t\t\t\t<div class=\"elementor-widget-container\">\n\t\t\t\t\t\t\t\t\t<div class=\"et_pb_module et_pb_text et_pb_text_1 et_pb_text_align_left et_pb_bg_layout_light\"><div class=\"et_pb_text_inner\">Queremos que se sienta seguro en sus contactos con nosotros. Por eso hemos adaptado nuestro tratamiento de datos personales al Reglamento General de Protecci\u00f3n de Datos (RGPD). Aqu\u00ed puede leer c\u00f3mo.<\/div><div>\u00a0<\/div><div class=\"et_pb_text_inner\">Nuestra pol\u00edtica de privacidad explica claramente qu\u00e9 datos recogemos, por qu\u00e9 los recogemos y c\u00f3mo se utilizan, almacenan y protegen.<\/div><\/div>\t\t\t\t\t\t\t\t<\/div>\n\t\t\t\t<\/div>\n\t\t\t\t<div class=\"elementor-element elementor-element-5ce4402 elementor-widget elementor-widget-button\" data-id=\"5ce4402\" data-element_type=\"widget\" data-e-type=\"widget\" data-widget_type=\"button.default\">\n\t\t\t\t<div class=\"elementor-widget-container\">\n\t\t\t\t\t\t\t\t\t<div class=\"elementor-button-wrapper\">\n\t\t\t\t\t<a class=\"elementor-button elementor-button-link elementor-size-sm elementor-animation-grow\" href=\"https:\/\/myright579.sharepoint.com\/:b:\/s\/MyRight\/EQhUj3-TXrhAkeXYiySlrPQBi90hPy8yWPPpadaFI2hwnA?e=CZmbAB\" target=\"_blank\">\n\t\t\t\t\t\t<span class=\"elementor-button-content-wrapper\">\n\t\t\t\t\t\t\t\t\t<span class=\"elementor-button-text\">Pol\u00edtica de privacidad de MyRight<\/span>\n\t\t\t\t\t<\/span>\n\t\t\t\t\t<\/a>\n\t\t\t\t<\/div>\n\t\t\t\t\t\t\t\t<\/div>\n\t\t\t\t<\/div>\n\t\t\t\t<div class=\"elementor-element elementor-element-1bad41e elementor-widget elementor-widget-heading\" data-id=\"1bad41e\" data-element_type=\"widget\" data-e-type=\"widget\" data-widget_type=\"heading.default\">\n\t\t\t\t<div class=\"elementor-widget-container\">\n\t\t\t\t\t<h2 class=\"elementor-heading-title elementor-size-default\">\u00bfCu\u00e1ndo recogemos sus datos?<\/h2>\t\t\t\t<\/div>\n\t\t\t\t<\/div>\n\t\t\t\t<div class=\"elementor-element elementor-element-473688b elementor-widget elementor-widget-text-editor\" data-id=\"473688b\" data-element_type=\"widget\" data-e-type=\"widget\" data-widget_type=\"text-editor.default\">\n\t\t\t\t<div class=\"elementor-widget-container\">\n\t\t\t\t\t\t\t\t\t<div class=\"et_pb_module et_pb_text et_pb_text_1 et_pb_text_align_left et_pb_bg_layout_light\"><div class=\"et_pb_text_inner\"><p data-start=\"120\" data-end=\"509\">Recogemos la mayor\u00eda de los datos personales directamente de usted, por ejemplo, cuando hace una donaci\u00f3n, se suscribe a un bolet\u00edn o participa en uno de nuestros actos o campa\u00f1as. Estos datos pueden incluir informaci\u00f3n como su nombre, direcci\u00f3n o n\u00famero de tel\u00e9fono.<\/p><p data-start=\"511\" data-end=\"774\">Utilizamos sus datos personales para enviarle boletines e informaci\u00f3n, y para analizar y desarrollar nuestras iniciativas de recaudaci\u00f3n de fondos, de modo que podamos llegar a m\u00e1s donantes y reforzar nuestra labor en favor de los derechos humanos de las personas con discapacidad.<\/p><\/div><\/div>\t\t\t\t\t\t\t\t<\/div>\n\t\t\t\t<\/div>\n\t\t\t\t<div class=\"elementor-element elementor-element-f082779 elementor-widget elementor-widget-heading\" data-id=\"f082779\" data-element_type=\"widget\" data-e-type=\"widget\" data-widget_type=\"heading.default\">\n\t\t\t\t<div class=\"elementor-widget-container\">\n\t\t\t\t\t<h2 class=\"elementor-heading-title elementor-size-default\">Sus datos personales no se comparten<\/h2>\t\t\t\t<\/div>\n\t\t\t\t<\/div>\n\t\t\t\t<div class=\"elementor-element elementor-element-7e652ad elementor-widget elementor-widget-text-editor\" data-id=\"7e652ad\" data-element_type=\"widget\" data-e-type=\"widget\" data-widget_type=\"text-editor.default\">\n\t\t\t\t<div class=\"elementor-widget-container\">\n\t\t\t\t\t\t\t\t\t<div class=\"et_pb_module et_pb_text et_pb_text_1 et_pb_text_align_left et_pb_bg_layout_light\"><div class=\"et_pb_text_inner\"><p data-start=\"163\" data-end=\"525\">No compartimos sus datos personales con terceros. Permanecen con nosotros, excepto cuando trabajamos con proveedores cuidadosamente seleccionados que procesan datos en nuestro nombre y con el mismo alto nivel de protecci\u00f3n que nosotros.<\/p><p data-start=\"684\" data-end=\"837\">Usted siempre tiene derecho a saber qu\u00e9 datos tenemos sobre usted, a solicitar su rectificaci\u00f3n o supresi\u00f3n y a optar por que no le enviemos publicidad directa.<\/p><\/div><\/div>\t\t\t\t\t\t\t\t<\/div>\n\t\t\t\t<\/div>\n\t\t\t\t<div class=\"elementor-element elementor-element-adb4c4b elementor-widget elementor-widget-heading\" data-id=\"adb4c4b\" data-element_type=\"widget\" data-e-type=\"widget\" data-widget_type=\"heading.default\">\n\t\t\t\t<div class=\"elementor-widget-container\">\n\t\t\t\t\t<h2 class=\"elementor-heading-title elementor-size-default\">\u00bfC\u00f3mo consigo que se borren mis datos personales?<\/h2>\t\t\t\t<\/div>\n\t\t\t\t<\/div>\n\t\t\t\t<div class=\"elementor-element elementor-element-59e657c elementor-widget elementor-widget-text-editor\" data-id=\"59e657c\" data-element_type=\"widget\" data-e-type=\"widget\" data-widget_type=\"text-editor.default\">\n\t\t\t\t<div class=\"elementor-widget-container\">\n\t\t\t\t\t\t\t\t\t<div><div><p>Si desea actualizar o corregir sus datos personales, o si tiene alguna pregunta o duda sobre nuestros servicios, los datos personales que recopilamos o sus derechos, p\u00f3ngase en contacto con nosotros.<\/p><p>Correo electr\u00f3nico: <span style=\"text-decoration: underline;\"><a href=\"mailto:gdpr@myright.se\">gdpr@myright.se<\/a><\/span><\/p><\/div><\/div>\t\t\t\t\t\t\t\t<\/div>\n\t\t\t\t<\/div>\n\t\t\t\t\t<\/div>\n\t\t<\/div>\n\t\t\t\t<div class=\"elementor-column elementor-col-33 elementor-top-column elementor-element elementor-element-43b0060b\" data-id=\"43b0060b\" data-element_type=\"column\" data-e-type=\"column\">\n\t\t\t<div class=\"elementor-widget-wrap elementor-element-populated\">\n\t\t\t\t\t\t<div class=\"elementor-element elementor-element-7628ccfd elementor-widget elementor-widget-spacer\" data-id=\"7628ccfd\" data-element_type=\"widget\" data-e-type=\"widget\" data-widget_type=\"spacer.default\">\n\t\t\t\t<div class=\"elementor-widget-container\">\n\t\t\t\t\t\t\t<div class=\"elementor-spacer\">\n\t\t\t<div class=\"elementor-spacer-inner\"><\/div>\n\t\t<\/div>\n\t\t\t\t\t\t<\/div>\n\t\t\t\t<\/div>\n\t\t\t\t\t<\/div>\n\t\t<\/div>\n\t\t\t\t\t<\/div>\n\t\t<\/section>\n\t\t\t\t<section class=\"elementor-section elementor-top-section elementor-element elementor-element-cab97e3 elementor-section-boxed elementor-section-height-default elementor-section-height-default\" data-id=\"cab97e3\" data-element_type=\"section\" data-e-type=\"section\" data-settings=\"{&quot;background_background&quot;:&quot;classic&quot;}\">\n\t\t\t\t\t\t<div class=\"elementor-container elementor-column-gap-default\">\n\t\t\t\t\t<div class=\"elementor-column elementor-col-100 elementor-top-column elementor-element elementor-element-414d3e3\" data-id=\"414d3e3\" data-element_type=\"column\" data-e-type=\"column\">\n\t\t\t<div class=\"elementor-widget-wrap elementor-element-populated\">\n\t\t\t\t\t\t<div class=\"elementor-element elementor-element-926a2d7 elementor-widget elementor-widget-heading\" data-id=\"926a2d7\" data-element_type=\"widget\" data-e-type=\"widget\" data-widget_type=\"heading.default\">\n\t\t\t\t<div class=\"elementor-widget-container\">\n\t\t\t\t\t<h2 class=\"elementor-heading-title elementor-size-default\">Lee mas<\/h2>\t\t\t\t<\/div>\n\t\t\t\t<\/div>\n\t\t\t\t<div class=\"elementor-element elementor-element-42ff31c elementor-grid-3 elementor-grid-tablet-2 elementor-grid-mobile-1 elementor-posts--thumbnail-top elementor-widget elementor-widget-posts\" data-id=\"42ff31c\" data-element_type=\"widget\" data-e-type=\"widget\" data-settings=\"{&quot;classic_columns&quot;:&quot;3&quot;,&quot;classic_columns_tablet&quot;:&quot;2&quot;,&quot;classic_columns_mobile&quot;:&quot;1&quot;,&quot;classic_row_gap&quot;:{&quot;unit&quot;:&quot;px&quot;,&quot;size&quot;:35,&quot;sizes&quot;:[]},&quot;classic_row_gap_tablet&quot;:{&quot;unit&quot;:&quot;px&quot;,&quot;size&quot;:&quot;&quot;,&quot;sizes&quot;:[]},&quot;classic_row_gap_mobile&quot;:{&quot;unit&quot;:&quot;px&quot;,&quot;size&quot;:&quot;&quot;,&quot;sizes&quot;:[]}}\" data-widget_type=\"posts.classic\">\n\t\t\t\t<div class=\"elementor-widget-container\">\n\t\t\t\t\t\t\t<div class=\"elementor-posts-container elementor-posts elementor-posts--skin-classic elementor-grid\" role=\"list\">\n\t\t\t\t<article class=\"elementor-post elementor-grid-item post-31009 post type-post status-publish format-standard has-post-thumbnail hentry category-aktuellt category-berattelser category-bosnien-hercegovina\" role=\"listitem\">\n\t\t\t\t<a class=\"elementor-post__thumbnail__link\" href=\"https:\/\/myright.se\/es\/bosnien-och-hercegovina-kvinnor-med-funktionsnedsattning-starker-sina-roster\/\" tabindex=\"-1\" >\n\t\t\t<div class=\"elementor-post__thumbnail\"><img fetchpriority=\"high\" decoding=\"async\" width=\"300\" height=\"225\" src=\"https:\/\/myright.se\/wp-content\/uploads\/2026\/04\/Muhida-Karalija_From-participant-of-MyRight-first-cycle-Economic-Empowerment-Programme-to-entrepreneur-300x225.jpg\" class=\"attachment-medium size-medium wp-image-31010\" alt=\"Muhida sitter p\u00e5 huk framf\u00f6r ett h\u00f6nshus\u00f6 Hon har m\u00f6rkt l\u00e5ngt h\u00e5r och glas\u00f6gon.\" srcset=\"https:\/\/myright.se\/wp-content\/uploads\/2026\/04\/Muhida-Karalija_From-participant-of-MyRight-first-cycle-Economic-Empowerment-Programme-to-entrepreneur-300x225.jpg 300w, https:\/\/myright.se\/wp-content\/uploads\/2026\/04\/Muhida-Karalija_From-participant-of-MyRight-first-cycle-Economic-Empowerment-Programme-to-entrepreneur-1024x768.jpg 1024w, https:\/\/myright.se\/wp-content\/uploads\/2026\/04\/Muhida-Karalija_From-participant-of-MyRight-first-cycle-Economic-Empowerment-Programme-to-entrepreneur-768x576.jpg 768w, https:\/\/myright.se\/wp-content\/uploads\/2026\/04\/Muhida-Karalija_From-participant-of-MyRight-first-cycle-Economic-Empowerment-Programme-to-entrepreneur-1536x1152.jpg 1536w, https:\/\/myright.se\/wp-content\/uploads\/2026\/04\/Muhida-Karalija_From-participant-of-MyRight-first-cycle-Economic-Empowerment-Programme-to-entrepreneur-16x12.jpg 16w, https:\/\/myright.se\/wp-content\/uploads\/2026\/04\/Muhida-Karalija_From-participant-of-MyRight-first-cycle-Economic-Empowerment-Programme-to-entrepreneur-1200x900.jpg 1200w, https:\/\/myright.se\/wp-content\/uploads\/2026\/04\/Muhida-Karalija_From-participant-of-MyRight-first-cycle-Economic-Empowerment-Programme-to-entrepreneur-600x450.jpg 600w, https:\/\/myright.se\/wp-content\/uploads\/2026\/04\/Muhida-Karalija_From-participant-of-MyRight-first-cycle-Economic-Empowerment-Programme-to-entrepreneur.jpg 1600w\" sizes=\"(max-width: 300px) 100vw, 300px\" \/><\/div>\n\t\t<\/a>\n\t\t\t\t<div class=\"elementor-post__text\">\n\t\t\t\t<h3 class=\"elementor-post__title\">\n\t\t\t<a href=\"https:\/\/myright.se\/es\/bosnien-och-hercegovina-kvinnor-med-funktionsnedsattning-starker-sina-roster\/\" >\n\t\t\t\tBosnien och Hercegovina: Kvinnor med funktionsneds\u00e4ttning st\u00e4rker sina r\u00f6ster\t\t\t<\/a>\n\t\t<\/h3>\n\t\t\n\t\t<a class=\"elementor-post__read-more\" href=\"https:\/\/myright.se\/es\/bosnien-och-hercegovina-kvinnor-med-funktionsnedsattning-starker-sina-roster\/\" aria-label=\"M\u00e1s informaci\u00f3n sobre Bosnien och Hercegovina: Kvinnor med funktionsneds\u00e4ttning st\u00e4rker sina r\u00f6ster\" tabindex=\"-1\" >\n\t\t\tLee mas\t\t<\/a>\n\n\t\t\t\t<\/div>\n\t\t\t\t<\/article>\n\t\t\t\t<article class=\"elementor-post elementor-grid-item post-30968 post type-post status-publish format-standard has-post-thumbnail hentry category-aktuellt category-berattelser category-tanzania\" role=\"listitem\">\n\t\t\t\t<a class=\"elementor-post__thumbnail__link\" href=\"https:\/\/myright.se\/es\/abdalah-kameta\/\" tabindex=\"-1\" >\n\t\t\t<div class=\"elementor-post__thumbnail\"><img decoding=\"async\" width=\"300\" height=\"200\" src=\"https:\/\/myright.se\/wp-content\/uploads\/2026\/03\/IMG_5868-300x200.jpg\" class=\"attachment-medium size-medium wp-image-30976\" alt=\"\" srcset=\"https:\/\/myright.se\/wp-content\/uploads\/2026\/03\/IMG_5868-300x200.jpg 300w, https:\/\/myright.se\/wp-content\/uploads\/2026\/03\/IMG_5868-1024x683.jpg 1024w, https:\/\/myright.se\/wp-content\/uploads\/2026\/03\/IMG_5868-768x512.jpg 768w, https:\/\/myright.se\/wp-content\/uploads\/2026\/03\/IMG_5868-1536x1024.jpg 1536w, https:\/\/myright.se\/wp-content\/uploads\/2026\/03\/IMG_5868-2048x1365.jpg 2048w, https:\/\/myright.se\/wp-content\/uploads\/2026\/03\/IMG_5868-18x12.jpg 18w, https:\/\/myright.se\/wp-content\/uploads\/2026\/03\/IMG_5868-1200x800.jpg 1200w, https:\/\/myright.se\/wp-content\/uploads\/2026\/03\/IMG_5868-1980x1320.jpg 1980w, https:\/\/myright.se\/wp-content\/uploads\/2026\/03\/IMG_5868-600x400.jpg 600w\" sizes=\"(max-width: 300px) 100vw, 300px\" \/><\/div>\n\t\t<\/a>\n\t\t\t\t<div class=\"elementor-post__text\">\n\t\t\t\t<h3 class=\"elementor-post__title\">\n\t\t\t<a href=\"https:\/\/myright.se\/es\/abdalah-kameta\/\" >\n\t\t\t\tFr\u00e5n utanf\u00f6rskap till politiskt deltagande \u2013 Abdalahs v\u00e4g till att st\u00e4lla upp i val\t\t\t<\/a>\n\t\t<\/h3>\n\t\t\n\t\t<a class=\"elementor-post__read-more\" href=\"https:\/\/myright.se\/es\/abdalah-kameta\/\" aria-label=\"M\u00e1s informaci\u00f3n sobre Fr\u00e5n utanf\u00f6rskap till politiskt deltagande \u2013 Abdalahs v\u00e4g till att st\u00e4lla upp i val\" tabindex=\"-1\" >\n\t\t\tLee mas\t\t<\/a>\n\n\t\t\t\t<\/div>\n\t\t\t\t<\/article>\n\t\t\t\t<article class=\"elementor-post elementor-grid-item post-30919 post type-post status-publish format-standard has-post-thumbnail hentry category-aktuellt\" role=\"listitem\">\n\t\t\t\t<a class=\"elementor-post__thumbnail__link\" href=\"https:\/\/myright.se\/es\/hur-inkluderande-ar-humanitara-insatser-i-kriser-svara-pa-var-enkat\/\" tabindex=\"-1\" >\n\t\t\t<div class=\"elementor-post__thumbnail\"><img decoding=\"async\" width=\"300\" height=\"169\" src=\"https:\/\/myright.se\/wp-content\/uploads\/2025\/11\/Untitled-design-1-300x169.png\" class=\"attachment-medium size-medium wp-image-30094\" alt=\"En man i rullstol tittar p\u00e5 ett s\u00f6nderraserat hus.\" srcset=\"https:\/\/myright.se\/wp-content\/uploads\/2025\/11\/Untitled-design-1-300x169.png 300w, https:\/\/myright.se\/wp-content\/uploads\/2025\/11\/Untitled-design-1-768x432.png 768w, https:\/\/myright.se\/wp-content\/uploads\/2025\/11\/Untitled-design-1-18x10.png 18w, https:\/\/myright.se\/wp-content\/uploads\/2025\/11\/Untitled-design-1-600x337.png 600w, https:\/\/myright.se\/wp-content\/uploads\/2025\/11\/Untitled-design-1.png 1025w\" sizes=\"(max-width: 300px) 100vw, 300px\" \/><\/div>\n\t\t<\/a>\n\t\t\t\t<div class=\"elementor-post__text\">\n\t\t\t\t<h3 class=\"elementor-post__title\">\n\t\t\t<a href=\"https:\/\/myright.se\/es\/hur-inkluderande-ar-humanitara-insatser-i-kriser-svara-pa-var-enkat\/\" >\n\t\t\t\tHur inkluderande \u00e4r humanit\u00e4ra insatser i kriser? Svara p\u00e5 v\u00e5r enk\u00e4t!\t\t\t<\/a>\n\t\t<\/h3>\n\t\t\n\t\t<a class=\"elementor-post__read-more\" href=\"https:\/\/myright.se\/es\/hur-inkluderande-ar-humanitara-insatser-i-kriser-svara-pa-var-enkat\/\" aria-label=\"M\u00e1s informaci\u00f3n sobre Hur inkluderande \u00e4r humanit\u00e4ra insatser i kriser? Svara p\u00e5 v\u00e5r enk\u00e4t!\" tabindex=\"-1\" >\n\t\t\tLee mas\t\t<\/a>\n\n\t\t\t\t<\/div>\n\t\t\t\t<\/article>\n\t\t\t\t<\/div>\n\t\t\n\t\t\t\t\t\t<\/div>\n\t\t\t\t<\/div>\n\t\t\t\t\t<\/div>\n\t\t<\/div>\n\t\t\t\t\t<\/div>\n\t\t<\/section>\n\t\t\t\t<\/div>","protected":false},"excerpt":{"rendered":"<p>Integritetspolicy Vi \u00e4r m\u00e5na om att du ska k\u00e4nna dig trygg i dina kontakter med oss. D\u00e4rf\u00f6r har vi anpassat v\u00e5r hantering av personuppgifter till<\/p>","protected":false},"author":2,"featured_media":0,"parent":8,"menu_order":0,"comment_status":"closed","ping_status":"closed","template":"elementor_header_footer","meta":{"footnotes":""},"class_list":["post-3132","page","type-page","status-publish","hentry"],"yoast_head":"<!-- This site is optimized with the Yoast SEO plugin v27.4 - https:\/\/yoast.com\/product\/yoast-seo-wordpress\/ -->\n<title>Integritetspolicy - MyRight<\/title>\n<meta name=\"robots\" content=\"index, follow, max-snippet:-1, max-image-preview:large, max-video-preview:-1\" \/>\n<link rel=\"canonical\" href=\"https:\/\/myright.se\/es\/sobre-mi-derecho\/politica-de-privacidad\/\" \/>\n<meta property=\"og:locale\" content=\"es_ES\" \/>\n<meta property=\"og:type\" content=\"article\" \/>\n<meta property=\"og:title\" content=\"Integritetspolicy - MyRight\" \/>\n<meta property=\"og:description\" content=\"Integritetspolicy Vi \u00e4r m\u00e5na om att du ska k\u00e4nna dig trygg i dina kontakter med oss. D\u00e4rf\u00f6r har vi anpassat v\u00e5r hantering av personuppgifter till\" \/>\n<meta property=\"og:url\" content=\"https:\/\/myright.se\/es\/sobre-mi-derecho\/politica-de-privacidad\/\" \/>\n<meta property=\"og:site_name\" content=\"MyRight\" \/>\n<meta property=\"article:modified_time\" content=\"2025-12-18T15:39:31+00:00\" \/>\n<meta name=\"twitter:card\" content=\"summary_large_image\" \/>\n<meta name=\"twitter:label1\" content=\"Tiempo de lectura\" \/>\n\t<meta name=\"twitter:data1\" content=\"2 minutos\" \/>\n<script type=\"application\/ld+json\" class=\"yoast-schema-graph\">{\"@context\":\"https:\\\/\\\/schema.org\",\"@graph\":[{\"@type\":\"WebPage\",\"@id\":\"https:\\\/\\\/myright.se\\\/om-myright\\\/integritetspolicy\\\/\",\"url\":\"https:\\\/\\\/myright.se\\\/om-myright\\\/integritetspolicy\\\/\",\"name\":\"Integritetspolicy - MyRight\",\"isPartOf\":{\"@id\":\"https:\\\/\\\/myright.se\\\/#website\"},\"datePublished\":\"2019-09-20T13:24:59+00:00\",\"dateModified\":\"2025-12-18T15:39:31+00:00\",\"breadcrumb\":{\"@id\":\"https:\\\/\\\/myright.se\\\/om-myright\\\/integritetspolicy\\\/#breadcrumb\"},\"inLanguage\":\"es\",\"potentialAction\":[{\"@type\":\"ReadAction\",\"target\":[\"https:\\\/\\\/myright.se\\\/om-myright\\\/integritetspolicy\\\/\"]}]},{\"@type\":\"BreadcrumbList\",\"@id\":\"https:\\\/\\\/myright.se\\\/om-myright\\\/integritetspolicy\\\/#breadcrumb\",\"itemListElement\":[{\"@type\":\"ListItem\",\"position\":1,\"name\":\"Hem\",\"item\":\"https:\\\/\\\/myright.se\\\/\"},{\"@type\":\"ListItem\",\"position\":2,\"name\":\"Om MyRight\",\"item\":\"https:\\\/\\\/myright.se\\\/om-myright\\\/\"},{\"@type\":\"ListItem\",\"position\":3,\"name\":\"Integritetspolicy\"}]},{\"@type\":\"WebSite\",\"@id\":\"https:\\\/\\\/myright.se\\\/#website\",\"url\":\"https:\\\/\\\/myright.se\\\/\",\"name\":\"MyRight\",\"description\":\"\",\"publisher\":{\"@id\":\"https:\\\/\\\/myright.se\\\/#organization\"},\"potentialAction\":[{\"@type\":\"SearchAction\",\"target\":{\"@type\":\"EntryPoint\",\"urlTemplate\":\"https:\\\/\\\/myright.se\\\/?s={search_term_string}\"},\"query-input\":{\"@type\":\"PropertyValueSpecification\",\"valueRequired\":true,\"valueName\":\"search_term_string\"}}],\"inLanguage\":\"es\"},{\"@type\":\"Organization\",\"@id\":\"https:\\\/\\\/myright.se\\\/#organization\",\"name\":\"MyRight\",\"url\":\"https:\\\/\\\/myright.se\\\/\",\"logo\":{\"@type\":\"ImageObject\",\"inLanguage\":\"es\",\"@id\":\"https:\\\/\\\/myright.se\\\/#\\\/schema\\\/logo\\\/image\\\/\",\"url\":\"https:\\\/\\\/myright.se\\\/wp-content\\\/uploads\\\/2020\\\/02\\\/Myright_logo_no_text_bredvid.png\",\"contentUrl\":\"https:\\\/\\\/myright.se\\\/wp-content\\\/uploads\\\/2020\\\/02\\\/Myright_logo_no_text_bredvid.png\",\"width\":2751,\"height\":816,\"caption\":\"MyRight\"},\"image\":{\"@id\":\"https:\\\/\\\/myright.se\\\/#\\\/schema\\\/logo\\\/image\\\/\"}}]}<\/script>\n<!-- \/ Yoast SEO plugin. -->","yoast_head_json":{"title":"Pol\u00edtica de privacidad - MiDerecho","robots":{"index":"index","follow":"follow","max-snippet":"max-snippet:-1","max-image-preview":"max-image-preview:large","max-video-preview":"max-video-preview:-1"},"canonical":"https:\/\/myright.se\/es\/sobre-mi-derecho\/politica-de-privacidad\/","og_locale":"es_ES","og_type":"article","og_title":"Integritetspolicy - MyRight","og_description":"Integritetspolicy Vi \u00e4r m\u00e5na om att du ska k\u00e4nna dig trygg i dina kontakter med oss. D\u00e4rf\u00f6r har vi anpassat v\u00e5r hantering av personuppgifter till","og_url":"https:\/\/myright.se\/es\/sobre-mi-derecho\/politica-de-privacidad\/","og_site_name":"MyRight","article_modified_time":"2025-12-18T15:39:31+00:00","twitter_card":"summary_large_image","twitter_misc":{"Tiempo de lectura":"2 minutos"},"schema":{"@context":"https:\/\/schema.org","@graph":[{"@type":"WebPage","@id":"https:\/\/myright.se\/om-myright\/integritetspolicy\/","url":"https:\/\/myright.se\/om-myright\/integritetspolicy\/","name":"Pol\u00edtica de privacidad - MiDerecho","isPartOf":{"@id":"https:\/\/myright.se\/#website"},"datePublished":"2019-09-20T13:24:59+00:00","dateModified":"2025-12-18T15:39:31+00:00","breadcrumb":{"@id":"https:\/\/myright.se\/om-myright\/integritetspolicy\/#breadcrumb"},"inLanguage":"es","potentialAction":[{"@type":"ReadAction","target":["https:\/\/myright.se\/om-myright\/integritetspolicy\/"]}]},{"@type":"BreadcrumbList","@id":"https:\/\/myright.se\/om-myright\/integritetspolicy\/#breadcrumb","itemListElement":[{"@type":"ListItem","position":1,"name":"Hem","item":"https:\/\/myright.se\/"},{"@type":"ListItem","position":2,"name":"Om MyRight","item":"https:\/\/myright.se\/om-myright\/"},{"@type":"ListItem","position":3,"name":"Integritetspolicy"}]},{"@type":"WebSite","@id":"https:\/\/myright.se\/#website","url":"https:\/\/myright.se\/","name":"Mi derecho","description":"","publisher":{"@id":"https:\/\/myright.se\/#organization"},"potentialAction":[{"@type":"SearchAction","target":{"@type":"EntryPoint","urlTemplate":"https:\/\/myright.se\/?s={search_term_string}"},"query-input":{"@type":"PropertyValueSpecification","valueRequired":true,"valueName":"search_term_string"}}],"inLanguage":"es"},{"@type":"Organization","@id":"https:\/\/myright.se\/#organization","name":"Mi derecho","url":"https:\/\/myright.se\/","logo":{"@type":"ImageObject","inLanguage":"es","@id":"https:\/\/myright.se\/#\/schema\/logo\/image\/","url":"https:\/\/myright.se\/wp-content\/uploads\/2020\/02\/Myright_logo_no_text_bredvid.png","contentUrl":"https:\/\/myright.se\/wp-content\/uploads\/2020\/02\/Myright_logo_no_text_bredvid.png","width":2751,"height":816,"caption":"MyRight"},"image":{"@id":"https:\/\/myright.se\/#\/schema\/logo\/image\/"}}]}},"_links":{"self":[{"href":"https:\/\/myright.se\/es\/wp-json\/wp\/v2\/pages\/3132","targetHints":{"allow":["GET"]}}],"collection":[{"href":"https:\/\/myright.se\/es\/wp-json\/wp\/v2\/pages"}],"about":[{"href":"https:\/\/myright.se\/es\/wp-json\/wp\/v2\/types\/page"}],"author":[{"embeddable":true,"href":"https:\/\/myright.se\/es\/wp-json\/wp\/v2\/users\/2"}],"replies":[{"embeddable":true,"href":"https:\/\/myright.se\/es\/wp-json\/wp\/v2\/comments?post=3132"}],"version-history":[{"count":51,"href":"https:\/\/myright.se\/es\/wp-json\/wp\/v2\/pages\/3132\/revisions"}],"predecessor-version":[{"id":30466,"href":"https:\/\/myright.se\/es\/wp-json\/wp\/v2\/pages\/3132\/revisions\/30466"}],"up":[{"embeddable":true,"href":"https:\/\/myright.se\/es\/wp-json\/wp\/v2\/pages\/8"}],"wp:attachment":[{"href":"https:\/\/myright.se\/es\/wp-json\/wp\/v2\/media?parent=3132"}],"curies":[{"name":"wp","href":"https:\/\/api.w.org\/{rel}","templated":true}]}}