{"id":475,"date":"2019-05-07T12:33:30","date_gmt":"2019-05-07T11:33:30","guid":{"rendered":"http:\/\/myright.se\/?page_id=475"},"modified":"2026-04-07T08:31:50","modified_gmt":"2026-04-07T07:31:50","slug":"empleo-y-formacion","status":"publish","type":"page","link":"https:\/\/myright.se\/es\/sobre-mi-derecho\/empleo-y-formacion\/","title":{"rendered":"Puestos disponibles"},"content":{"rendered":"<div data-elementor-type=\"wp-page\" data-elementor-id=\"475\" class=\"elementor elementor-475\" data-elementor-post-type=\"page\">\n\t\t\t\t\t\t<section class=\"elementor-section elementor-top-section elementor-element elementor-element-468ac07 elementor-section-boxed elementor-section-height-default elementor-section-height-default\" data-id=\"468ac07\" data-element_type=\"section\" data-e-type=\"section\" data-settings=\"{&quot;background_background&quot;:&quot;classic&quot;}\">\n\t\t\t\t\t\t<div class=\"elementor-container elementor-column-gap-default\">\n\t\t\t\t\t<div class=\"elementor-column elementor-col-100 elementor-top-column elementor-element elementor-element-2b8b93c\" data-id=\"2b8b93c\" data-element_type=\"column\" data-e-type=\"column\">\n\t\t\t<div class=\"elementor-widget-wrap elementor-element-populated\">\n\t\t\t\t\t\t<div class=\"elementor-element elementor-element-35ad74b elementor-widget elementor-widget-breadcrumbs\" data-id=\"35ad74b\" data-element_type=\"widget\" data-e-type=\"widget\" data-widget_type=\"breadcrumbs.default\">\n\t\t\t\t<div class=\"elementor-widget-container\">\n\t\t\t\t\t<p id=\"breadcrumbs\"><span><span><a href=\"https:\/\/myright.se\/es\/\">Hogar<\/a><\/span><\/span><\/p>\t\t\t\t<\/div>\n\t\t\t\t<\/div>\n\t\t\t\t\t<\/div>\n\t\t<\/div>\n\t\t\t\t\t<\/div>\n\t\t<\/section>\n\t\t\t\t<section class=\"elementor-section elementor-top-section elementor-element elementor-element-96ed6f elementor-section-stretched elementor-section-boxed elementor-section-height-default elementor-section-height-default\" data-id=\"96ed6f\" data-element_type=\"section\" data-e-type=\"section\" data-settings=\"{&quot;stretch_section&quot;:&quot;section-stretched&quot;,&quot;background_background&quot;:&quot;classic&quot;}\">\n\t\t\t\t\t\t<div class=\"elementor-container elementor-column-gap-wider\">\n\t\t\t\t\t<div class=\"elementor-column elementor-col-100 elementor-top-column elementor-element elementor-element-1251e485\" data-id=\"1251e485\" data-element_type=\"column\" data-e-type=\"column\">\n\t\t\t<div class=\"elementor-widget-wrap elementor-element-populated\">\n\t\t\t\t\t\t<div class=\"elementor-element elementor-element-90bc5f4 elementor-widget elementor-widget-heading\" data-id=\"90bc5f4\" data-element_type=\"widget\" data-e-type=\"widget\" data-widget_type=\"heading.default\">\n\t\t\t\t<div class=\"elementor-widget-container\">\n\t\t\t\t\t<h1 class=\"elementor-heading-title elementor-size-default\">Trabaja en MiDerecho<\/h1>\t\t\t\t<\/div>\n\t\t\t\t<\/div>\n\t\t\t\t<div class=\"elementor-element elementor-element-fb70fdb elementor-widget elementor-widget-text-editor\" data-id=\"fb70fdb\" data-element_type=\"widget\" data-e-type=\"widget\" data-widget_type=\"text-editor.default\">\n\t\t\t\t<div class=\"elementor-widget-container\">\n\t\t\t\t\t\t\t\t\t<p><span style=\"font-size: inherit; text-align: inherit; color: var( --e-global-color-text ); font-family: var( --e-global-typography-text-font-family ), Sans-serif; font-weight: var( --e-global-typography-text-font-weight ); letter-spacing: -0.015em;\">Aqu\u00ed encontrar\u00e1 informaci\u00f3n sobre vacantes, asignaciones y pasant\u00edas con nosotros.<\/span><\/p><p><span style=\"letter-spacing: -0.27px;\">Las pasant\u00edas se brindan principalmente a trav\u00e9s de la organizaci\u00f3n FUF - The Association for Development Issues.\u00a0<\/span><a style=\"letter-spacing: -0.27px;\" href=\"https:\/\/fuf.se\/karriar\/\" target=\"_blank\" rel=\"noopener noreferrer\"><span style=\"font-weight: bold;\">Lea m\u00e1s sobre FUF aqu\u00ed<\/span><\/a><\/p>\t\t\t\t\t\t\t\t<\/div>\n\t\t\t\t<\/div>\n\t\t\t\t<div class=\"elementor-element elementor-element-4aa8a03 elementor-widget elementor-widget-heading\" data-id=\"4aa8a03\" data-element_type=\"widget\" data-e-type=\"widget\" data-widget_type=\"heading.default\">\n\t\t\t\t<div class=\"elementor-widget-container\">\n\t\t\t\t\t<h2 class=\"elementor-heading-title elementor-size-default\">Posiciones disponibles: <\/h2>\t\t\t\t<\/div>\n\t\t\t\t<\/div>\n\t\t\t\t<div class=\"elementor-element elementor-element-65c5041 elementor-widget elementor-widget-text-editor\" data-id=\"65c5041\" data-element_type=\"widget\" data-e-type=\"widget\" data-widget_type=\"text-editor.default\">\n\t\t\t\t<div class=\"elementor-widget-container\">\n\t\t\t\t\t\t\t\t\t<p>Actualmente no hay vacantes.<\/p>\t\t\t\t\t\t\t\t<\/div>\n\t\t\t\t<\/div>\n\t\t\t\t<section class=\"elementor-section elementor-inner-section elementor-element elementor-element-202de91 elementor-section-boxed elementor-section-height-default elementor-section-height-default\" data-id=\"202de91\" data-element_type=\"section\" data-e-type=\"section\">\n\t\t\t\t\t\t<div class=\"elementor-container elementor-column-gap-default\">\n\t\t\t\t\t<div class=\"elementor-column elementor-col-33 elementor-inner-column elementor-element elementor-element-98c6670\" data-id=\"98c6670\" data-element_type=\"column\" data-e-type=\"column\">\n\t\t\t<div class=\"elementor-widget-wrap\">\n\t\t\t\t\t\t\t<\/div>\n\t\t<\/div>\n\t\t\t\t<div class=\"elementor-column elementor-col-33 elementor-inner-column elementor-element elementor-element-7c7366c\" data-id=\"7c7366c\" data-element_type=\"column\" data-e-type=\"column\">\n\t\t\t<div class=\"elementor-widget-wrap\">\n\t\t\t\t\t\t\t<\/div>\n\t\t<\/div>\n\t\t\t\t<div class=\"elementor-column elementor-col-33 elementor-inner-column elementor-element elementor-element-a96a2f2\" data-id=\"a96a2f2\" data-element_type=\"column\" data-e-type=\"column\">\n\t\t\t<div class=\"elementor-widget-wrap\">\n\t\t\t\t\t\t\t<\/div>\n\t\t<\/div>\n\t\t\t\t\t<\/div>\n\t\t<\/section>\n\t\t\t\t\t<\/div>\n\t\t<\/div>\n\t\t\t\t\t<\/div>\n\t\t<\/section>\n\t\t\t\t<\/div>","protected":false},"excerpt":{"rendered":"<p>Jobba hos MyRight H\u00e4r hittar du information om lediga tj\u00e4nster, uppdrag och praktikplatser hos oss. Praktikplatser f\u00f6rmedlas framf\u00f6r allt via organisationen FUF \u2013 F\u00f6reningen f\u00f6r utvecklingsfr\u00e5gor.\u00a0L\u00e4s mer om FUF h\u00e4r Lediga tj\u00e4nster: Just nu finns det inga lediga tj\u00e4nster.<\/p>","protected":false},"author":2,"featured_media":14590,"parent":8,"menu_order":0,"comment_status":"closed","ping_status":"closed","template":"elementor_header_footer","meta":{"footnotes":""},"class_list":["post-475","page","type-page","status-publish","has-post-thumbnail","hentry"],"yoast_head":"<!-- This site is optimized with the Yoast SEO plugin v27.4 - https:\/\/yoast.com\/product\/yoast-seo-wordpress\/ -->\n<title>Lediga tj\u00e4nster - MyRight<\/title>\n<meta name=\"description\" content=\"Vill du jobba eller praktisera med m\u00e4nskliga r\u00e4ttigheter? H\u00e4r hittar du v\u00e5ra lediga tj\u00e4nster. V\u00e4lkommen med din ans\u00f6kan!\" \/>\n<meta name=\"robots\" content=\"index, follow, max-snippet:-1, max-image-preview:large, max-video-preview:-1\" \/>\n<link rel=\"canonical\" href=\"https:\/\/myright.se\/es\/sobre-mi-derecho\/empleo-y-formacion\/\" \/>\n<meta property=\"og:locale\" content=\"es_ES\" \/>\n<meta property=\"og:type\" content=\"article\" \/>\n<meta property=\"og:title\" content=\"Lediga tj\u00e4nster - MyRight\" \/>\n<meta property=\"og:description\" content=\"Vill du jobba eller praktisera med m\u00e4nskliga r\u00e4ttigheter? H\u00e4r hittar du v\u00e5ra lediga tj\u00e4nster. V\u00e4lkommen med din ans\u00f6kan!\" \/>\n<meta property=\"og:url\" content=\"https:\/\/myright.se\/es\/sobre-mi-derecho\/empleo-y-formacion\/\" \/>\n<meta property=\"og:site_name\" content=\"MyRight\" \/>\n<meta property=\"article:modified_time\" content=\"2026-04-07T07:31:50+00:00\" \/>\n<meta property=\"og:image\" content=\"https:\/\/myright.se\/wp-content\/uploads\/2021\/03\/Youtube.jpg\" \/>\n\t<meta property=\"og:image:width\" content=\"2200\" \/>\n\t<meta property=\"og:image:height\" content=\"1242\" \/>\n\t<meta property=\"og:image:type\" content=\"image\/jpeg\" \/>\n<meta name=\"twitter:card\" content=\"summary_large_image\" \/>\n<meta name=\"twitter:label1\" content=\"Tiempo de lectura\" \/>\n\t<meta name=\"twitter:data1\" content=\"1 minuto\" \/>\n<script type=\"application\/ld+json\" class=\"yoast-schema-graph\">{\"@context\":\"https:\\\/\\\/schema.org\",\"@graph\":[{\"@type\":\"WebPage\",\"@id\":\"https:\\\/\\\/myright.se\\\/om-myright\\\/jobb-och-praktik\\\/\",\"url\":\"https:\\\/\\\/myright.se\\\/om-myright\\\/jobb-och-praktik\\\/\",\"name\":\"Lediga tj\u00e4nster - MyRight\",\"isPartOf\":{\"@id\":\"https:\\\/\\\/myright.se\\\/#website\"},\"primaryImageOfPage\":{\"@id\":\"https:\\\/\\\/myright.se\\\/om-myright\\\/jobb-och-praktik\\\/#primaryimage\"},\"image\":{\"@id\":\"https:\\\/\\\/myright.se\\\/om-myright\\\/jobb-och-praktik\\\/#primaryimage\"},\"thumbnailUrl\":\"https:\\\/\\\/myright.se\\\/wp-content\\\/uploads\\\/2021\\\/03\\\/Youtube.jpg\",\"datePublished\":\"2019-05-07T11:33:30+00:00\",\"dateModified\":\"2026-04-07T07:31:50+00:00\",\"description\":\"Vill du jobba eller praktisera med m\u00e4nskliga r\u00e4ttigheter? H\u00e4r hittar du v\u00e5ra lediga tj\u00e4nster. V\u00e4lkommen med din ans\u00f6kan!\",\"breadcrumb\":{\"@id\":\"https:\\\/\\\/myright.se\\\/om-myright\\\/jobb-och-praktik\\\/#breadcrumb\"},\"inLanguage\":\"es\",\"potentialAction\":[{\"@type\":\"ReadAction\",\"target\":[\"https:\\\/\\\/myright.se\\\/om-myright\\\/jobb-och-praktik\\\/\"]}]},{\"@type\":\"ImageObject\",\"inLanguage\":\"es\",\"@id\":\"https:\\\/\\\/myright.se\\\/om-myright\\\/jobb-och-praktik\\\/#primaryimage\",\"url\":\"https:\\\/\\\/myright.se\\\/wp-content\\\/uploads\\\/2021\\\/03\\\/Youtube.jpg\",\"contentUrl\":\"https:\\\/\\\/myright.se\\\/wp-content\\\/uploads\\\/2021\\\/03\\\/Youtube.jpg\",\"width\":2200,\"height\":1242,\"caption\":\"En kvinna st\u00e5r med ryggen mot kameran, text som lyder Empowers people with disabilities.\"},{\"@type\":\"BreadcrumbList\",\"@id\":\"https:\\\/\\\/myright.se\\\/om-myright\\\/jobb-och-praktik\\\/#breadcrumb\",\"itemListElement\":[{\"@type\":\"ListItem\",\"position\":1,\"name\":\"Hem\",\"item\":\"https:\\\/\\\/myright.se\\\/\"},{\"@type\":\"ListItem\",\"position\":2,\"name\":\"Om MyRight\",\"item\":\"https:\\\/\\\/myright.se\\\/om-myright\\\/\"},{\"@type\":\"ListItem\",\"position\":3,\"name\":\"Lediga tj\u00e4nster\"}]},{\"@type\":\"WebSite\",\"@id\":\"https:\\\/\\\/myright.se\\\/#website\",\"url\":\"https:\\\/\\\/myright.se\\\/\",\"name\":\"MyRight\",\"description\":\"\",\"publisher\":{\"@id\":\"https:\\\/\\\/myright.se\\\/#organization\"},\"potentialAction\":[{\"@type\":\"SearchAction\",\"target\":{\"@type\":\"EntryPoint\",\"urlTemplate\":\"https:\\\/\\\/myright.se\\\/?s={search_term_string}\"},\"query-input\":{\"@type\":\"PropertyValueSpecification\",\"valueRequired\":true,\"valueName\":\"search_term_string\"}}],\"inLanguage\":\"es\"},{\"@type\":\"Organization\",\"@id\":\"https:\\\/\\\/myright.se\\\/#organization\",\"name\":\"MyRight\",\"url\":\"https:\\\/\\\/myright.se\\\/\",\"logo\":{\"@type\":\"ImageObject\",\"inLanguage\":\"es\",\"@id\":\"https:\\\/\\\/myright.se\\\/#\\\/schema\\\/logo\\\/image\\\/\",\"url\":\"https:\\\/\\\/myright.se\\\/wp-content\\\/uploads\\\/2020\\\/02\\\/Myright_logo_no_text_bredvid.png\",\"contentUrl\":\"https:\\\/\\\/myright.se\\\/wp-content\\\/uploads\\\/2020\\\/02\\\/Myright_logo_no_text_bredvid.png\",\"width\":2751,\"height\":816,\"caption\":\"MyRight\"},\"image\":{\"@id\":\"https:\\\/\\\/myright.se\\\/#\\\/schema\\\/logo\\\/image\\\/\"}}]}<\/script>\n<!-- \/ Yoast SEO plugin. -->","yoast_head_json":{"title":"Vacantes - Mi Derecho","description":"\u00bfQuieres trabajar o practicar con los derechos humanos? Aqu\u00ed encontrar\u00e1s nuestras vacantes. \u00a1Bienvenido con tu aplicaci\u00f3n!","robots":{"index":"index","follow":"follow","max-snippet":"max-snippet:-1","max-image-preview":"max-image-preview:large","max-video-preview":"max-video-preview:-1"},"canonical":"https:\/\/myright.se\/es\/sobre-mi-derecho\/empleo-y-formacion\/","og_locale":"es_ES","og_type":"article","og_title":"Lediga tj\u00e4nster - MyRight","og_description":"Vill du jobba eller praktisera med m\u00e4nskliga r\u00e4ttigheter? H\u00e4r hittar du v\u00e5ra lediga tj\u00e4nster. V\u00e4lkommen med din ans\u00f6kan!","og_url":"https:\/\/myright.se\/es\/sobre-mi-derecho\/empleo-y-formacion\/","og_site_name":"MyRight","article_modified_time":"2026-04-07T07:31:50+00:00","og_image":[{"width":2200,"height":1242,"url":"https:\/\/myright.se\/wp-content\/uploads\/2021\/03\/Youtube.jpg","type":"image\/jpeg"}],"twitter_card":"summary_large_image","twitter_misc":{"Tiempo de lectura":"1 minuto"},"schema":{"@context":"https:\/\/schema.org","@graph":[{"@type":"WebPage","@id":"https:\/\/myright.se\/om-myright\/jobb-och-praktik\/","url":"https:\/\/myright.se\/om-myright\/jobb-och-praktik\/","name":"Vacantes - Mi Derecho","isPartOf":{"@id":"https:\/\/myright.se\/#website"},"primaryImageOfPage":{"@id":"https:\/\/myright.se\/om-myright\/jobb-och-praktik\/#primaryimage"},"image":{"@id":"https:\/\/myright.se\/om-myright\/jobb-och-praktik\/#primaryimage"},"thumbnailUrl":"https:\/\/myright.se\/wp-content\/uploads\/2021\/03\/Youtube.jpg","datePublished":"2019-05-07T11:33:30+00:00","dateModified":"2026-04-07T07:31:50+00:00","description":"\u00bfQuieres trabajar o practicar con los derechos humanos? Aqu\u00ed encontrar\u00e1s nuestras vacantes. \u00a1Bienvenido con tu aplicaci\u00f3n!","breadcrumb":{"@id":"https:\/\/myright.se\/om-myright\/jobb-och-praktik\/#breadcrumb"},"inLanguage":"es","potentialAction":[{"@type":"ReadAction","target":["https:\/\/myright.se\/om-myright\/jobb-och-praktik\/"]}]},{"@type":"ImageObject","inLanguage":"es","@id":"https:\/\/myright.se\/om-myright\/jobb-och-praktik\/#primaryimage","url":"https:\/\/myright.se\/wp-content\/uploads\/2021\/03\/Youtube.jpg","contentUrl":"https:\/\/myright.se\/wp-content\/uploads\/2021\/03\/Youtube.jpg","width":2200,"height":1242,"caption":"En kvinna st\u00e5r med ryggen mot kameran, text som lyder Empowers people with disabilities."},{"@type":"BreadcrumbList","@id":"https:\/\/myright.se\/om-myright\/jobb-och-praktik\/#breadcrumb","itemListElement":[{"@type":"ListItem","position":1,"name":"Hem","item":"https:\/\/myright.se\/"},{"@type":"ListItem","position":2,"name":"Om MyRight","item":"https:\/\/myright.se\/om-myright\/"},{"@type":"ListItem","position":3,"name":"Lediga tj\u00e4nster"}]},{"@type":"WebSite","@id":"https:\/\/myright.se\/#website","url":"https:\/\/myright.se\/","name":"Mi derecho","description":"","publisher":{"@id":"https:\/\/myright.se\/#organization"},"potentialAction":[{"@type":"SearchAction","target":{"@type":"EntryPoint","urlTemplate":"https:\/\/myright.se\/?s={search_term_string}"},"query-input":{"@type":"PropertyValueSpecification","valueRequired":true,"valueName":"search_term_string"}}],"inLanguage":"es"},{"@type":"Organization","@id":"https:\/\/myright.se\/#organization","name":"Mi derecho","url":"https:\/\/myright.se\/","logo":{"@type":"ImageObject","inLanguage":"es","@id":"https:\/\/myright.se\/#\/schema\/logo\/image\/","url":"https:\/\/myright.se\/wp-content\/uploads\/2020\/02\/Myright_logo_no_text_bredvid.png","contentUrl":"https:\/\/myright.se\/wp-content\/uploads\/2020\/02\/Myright_logo_no_text_bredvid.png","width":2751,"height":816,"caption":"MyRight"},"image":{"@id":"https:\/\/myright.se\/#\/schema\/logo\/image\/"}}]}},"_links":{"self":[{"href":"https:\/\/myright.se\/es\/wp-json\/wp\/v2\/pages\/475","targetHints":{"allow":["GET"]}}],"collection":[{"href":"https:\/\/myright.se\/es\/wp-json\/wp\/v2\/pages"}],"about":[{"href":"https:\/\/myright.se\/es\/wp-json\/wp\/v2\/types\/page"}],"author":[{"embeddable":true,"href":"https:\/\/myright.se\/es\/wp-json\/wp\/v2\/users\/2"}],"replies":[{"embeddable":true,"href":"https:\/\/myright.se\/es\/wp-json\/wp\/v2\/comments?post=475"}],"version-history":[{"count":315,"href":"https:\/\/myright.se\/es\/wp-json\/wp\/v2\/pages\/475\/revisions"}],"predecessor-version":[{"id":31004,"href":"https:\/\/myright.se\/es\/wp-json\/wp\/v2\/pages\/475\/revisions\/31004"}],"up":[{"embeddable":true,"href":"https:\/\/myright.se\/es\/wp-json\/wp\/v2\/pages\/8"}],"wp:featuredmedia":[{"embeddable":true,"href":"https:\/\/myright.se\/es\/wp-json\/wp\/v2\/media\/14590"}],"wp:attachment":[{"href":"https:\/\/myright.se\/es\/wp-json\/wp\/v2\/media?parent=475"}],"curies":[{"name":"wp","href":"https:\/\/api.w.org\/{rel}","templated":true}]}}