{"id":565,"date":"2019-06-14T12:20:54","date_gmt":"2019-06-14T11:20:54","guid":{"rendered":"http:\/\/myright.se\/kassan\/"},"modified":"2022-12-09T13:37:52","modified_gmt":"2022-12-09T12:37:52","slug":"kassan","status":"publish","type":"page","link":"https:\/\/myright.se\/es\/tenia-derechos-de-autor\/kassan\/","title":{"rendered":"Para revisar"},"content":{"rendered":"<div data-elementor-type=\"wp-page\" data-elementor-id=\"565\" class=\"elementor elementor-565\" data-elementor-post-type=\"page\">\n\t\t\t\t\t\t<section class=\"elementor-section elementor-top-section elementor-element elementor-element-90eb121 elementor-section-full_width elementor-section-height-default elementor-section-height-default\" data-id=\"90eb121\" data-element_type=\"section\" data-e-type=\"section\" data-settings=\"{&quot;background_background&quot;:&quot;classic&quot;}\">\n\t\t\t\t\t\t<div class=\"elementor-container elementor-column-gap-default\">\n\t\t\t\t\t<div class=\"elementor-column elementor-col-100 elementor-top-column elementor-element elementor-element-3830dcf\" data-id=\"3830dcf\" data-element_type=\"column\" data-e-type=\"column\" data-settings=\"{&quot;background_background&quot;:&quot;classic&quot;}\">\n\t\t\t<div class=\"elementor-widget-wrap elementor-element-populated\">\n\t\t\t\t\t\t<div class=\"elementor-element elementor-element-d3fd51b elementor-widget elementor-widget-heading\" data-id=\"d3fd51b\" data-element_type=\"widget\" data-e-type=\"widget\" data-widget_type=\"heading.default\">\n\t\t\t\t<div class=\"elementor-widget-container\">\n\t\t\t\t\t<h2 class=\"elementor-heading-title elementor-size-default\">Betalning - MyRights g\u00e5voshop<\/h2>\t\t\t\t<\/div>\n\t\t\t\t<\/div>\n\t\t\t\t<div class=\"elementor-element elementor-element-66d7b27 elementor-widget elementor-widget-text-editor\" data-id=\"66d7b27\" data-element_type=\"widget\" data-e-type=\"widget\" data-widget_type=\"text-editor.default\">\n\t\t\t\t<div class=\"elementor-widget-container\">\n\t\t\t\t\t\t\t\t\t<p>V\u00e4lj mellan att betala med Swish eller kort.<\/p>\n<p>Har du k\u00f6pt ett g\u00e5vobevis eller minnesg\u00e5va skickas det till din e-post, eller s\u00e5 kan du ladda ned det p\u00e5 sidan som kommer upp efter att du har betalat.<\/p>\t\t\t\t\t\t\t\t<\/div>\n\t\t\t\t<\/div>\n\t\t\t\t<div class=\"elementor-element elementor-element-6e25f3e7 elementor-widget elementor-widget-text-editor\" data-id=\"6e25f3e7\" data-element_type=\"widget\" data-e-type=\"widget\" data-widget_type=\"text-editor.default\">\n\t\t\t\t<div class=\"elementor-widget-container\">\n\t\t\t\t\t\t\t\t\t<div class=\"woocommerce\">\n<div class=\"woocommerce-notices-wrapper\"><\/div>\n<\/div>\n\t\t\t\t\t\t\t\t<\/div>\n\t\t\t\t<\/div>\n\t\t\t\t\t<\/div>\n\t\t<\/div>\n\t\t\t\t\t<\/div>\n\t\t<\/section>\n\t\t\t\t<\/div>","protected":false},"excerpt":{"rendered":"<p>Betalning &#8211; MyRights g\u00e5voshop V\u00e4lj mellan att betala med Swish eller kort. Har du k\u00f6pt ett g\u00e5vobevis eller minnesg\u00e5va skickas det till din e-post, eller s\u00e5 kan du ladda ned det p\u00e5 sidan som kommer upp efter att du har betalat.<\/p>","protected":false},"author":1,"featured_media":0,"parent":11987,"menu_order":0,"comment_status":"closed","ping_status":"closed","template":"","meta":{"footnotes":""},"class_list":["post-565","page","type-page","status-publish","hentry"],"yoast_head":"<!-- This site is optimized with the Yoast SEO plugin v27.4 - https:\/\/yoast.com\/product\/yoast-seo-wordpress\/ -->\n<title>Till kassan - MyRight<\/title>\n<meta name=\"robots\" content=\"index, follow, max-snippet:-1, max-image-preview:large, max-video-preview:-1\" \/>\n<link rel=\"canonical\" href=\"https:\/\/myright.se\/es\/tenia-derechos-de-autor\/kassan\/\" \/>\n<meta property=\"og:locale\" content=\"es_ES\" \/>\n<meta property=\"og:type\" content=\"article\" \/>\n<meta property=\"og:title\" content=\"Till kassan - MyRight\" \/>\n<meta property=\"og:description\" content=\"Betalning &#8211; MyRights g\u00e5voshop V\u00e4lj mellan att betala med Swish eller kort. Har du k\u00f6pt ett g\u00e5vobevis eller minnesg\u00e5va skickas det till din e-post, eller s\u00e5 kan du ladda ned det p\u00e5 sidan som kommer upp efter att du har betalat.\" \/>\n<meta property=\"og:url\" content=\"https:\/\/myright.se\/es\/tenia-derechos-de-autor\/kassan\/\" \/>\n<meta property=\"og:site_name\" content=\"MyRight\" \/>\n<meta property=\"article:modified_time\" content=\"2022-12-09T12:37:52+00:00\" \/>\n<meta name=\"twitter:card\" content=\"summary_large_image\" \/>\n<meta name=\"twitter:label1\" content=\"Tiempo de lectura\" \/>\n\t<meta name=\"twitter:data1\" content=\"3 minutos\" \/>\n<script type=\"application\/ld+json\" class=\"yoast-schema-graph\">{\"@context\":\"https:\\\/\\\/schema.org\",\"@graph\":[{\"@type\":\"WebPage\",\"@id\":\"https:\\\/\\\/myright.se\\\/stod-myright\\\/kassan\\\/\",\"url\":\"https:\\\/\\\/myright.se\\\/stod-myright\\\/kassan\\\/\",\"name\":\"Till kassan - MyRight\",\"isPartOf\":{\"@id\":\"https:\\\/\\\/myright.se\\\/#website\"},\"datePublished\":\"2019-06-14T11:20:54+00:00\",\"dateModified\":\"2022-12-09T12:37:52+00:00\",\"breadcrumb\":{\"@id\":\"https:\\\/\\\/myright.se\\\/stod-myright\\\/kassan\\\/#breadcrumb\"},\"inLanguage\":\"es\",\"potentialAction\":[{\"@type\":\"ReadAction\",\"target\":[\"https:\\\/\\\/myright.se\\\/stod-myright\\\/kassan\\\/\"]}]},{\"@type\":\"BreadcrumbList\",\"@id\":\"https:\\\/\\\/myright.se\\\/stod-myright\\\/kassan\\\/#breadcrumb\",\"itemListElement\":[{\"@type\":\"ListItem\",\"position\":1,\"name\":\"Hem\",\"item\":\"https:\\\/\\\/myright.se\\\/\"},{\"@type\":\"ListItem\",\"position\":2,\"name\":\"St\u00f6d oss\",\"item\":\"https:\\\/\\\/myright.se\\\/stod-myright\\\/\"},{\"@type\":\"ListItem\",\"position\":3,\"name\":\"Till kassan\"}]},{\"@type\":\"WebSite\",\"@id\":\"https:\\\/\\\/myright.se\\\/#website\",\"url\":\"https:\\\/\\\/myright.se\\\/\",\"name\":\"MyRight\",\"description\":\"\",\"publisher\":{\"@id\":\"https:\\\/\\\/myright.se\\\/#organization\"},\"potentialAction\":[{\"@type\":\"SearchAction\",\"target\":{\"@type\":\"EntryPoint\",\"urlTemplate\":\"https:\\\/\\\/myright.se\\\/?s={search_term_string}\"},\"query-input\":{\"@type\":\"PropertyValueSpecification\",\"valueRequired\":true,\"valueName\":\"search_term_string\"}}],\"inLanguage\":\"es\"},{\"@type\":\"Organization\",\"@id\":\"https:\\\/\\\/myright.se\\\/#organization\",\"name\":\"MyRight\",\"url\":\"https:\\\/\\\/myright.se\\\/\",\"logo\":{\"@type\":\"ImageObject\",\"inLanguage\":\"es\",\"@id\":\"https:\\\/\\\/myright.se\\\/#\\\/schema\\\/logo\\\/image\\\/\",\"url\":\"https:\\\/\\\/myright.se\\\/wp-content\\\/uploads\\\/2020\\\/02\\\/Myright_logo_no_text_bredvid.png\",\"contentUrl\":\"https:\\\/\\\/myright.se\\\/wp-content\\\/uploads\\\/2020\\\/02\\\/Myright_logo_no_text_bredvid.png\",\"width\":2751,\"height\":816,\"caption\":\"MyRight\"},\"image\":{\"@id\":\"https:\\\/\\\/myright.se\\\/#\\\/schema\\\/logo\\\/image\\\/\"}}]}<\/script>\n<!-- \/ Yoast SEO plugin. -->","yoast_head_json":{"title":"Till kassan - MyRight","robots":{"index":"index","follow":"follow","max-snippet":"max-snippet:-1","max-image-preview":"max-image-preview:large","max-video-preview":"max-video-preview:-1"},"canonical":"https:\/\/myright.se\/es\/tenia-derechos-de-autor\/kassan\/","og_locale":"es_ES","og_type":"article","og_title":"Till kassan - MyRight","og_description":"Betalning &#8211; MyRights g\u00e5voshop V\u00e4lj mellan att betala med Swish eller kort. Har du k\u00f6pt ett g\u00e5vobevis eller minnesg\u00e5va skickas det till din e-post, eller s\u00e5 kan du ladda ned det p\u00e5 sidan som kommer upp efter att du har betalat.","og_url":"https:\/\/myright.se\/es\/tenia-derechos-de-autor\/kassan\/","og_site_name":"MyRight","article_modified_time":"2022-12-09T12:37:52+00:00","twitter_card":"summary_large_image","twitter_misc":{"Tiempo de lectura":"3 minutos"},"schema":{"@context":"https:\/\/schema.org","@graph":[{"@type":"WebPage","@id":"https:\/\/myright.se\/stod-myright\/kassan\/","url":"https:\/\/myright.se\/stod-myright\/kassan\/","name":"Till kassan - MyRight","isPartOf":{"@id":"https:\/\/myright.se\/#website"},"datePublished":"2019-06-14T11:20:54+00:00","dateModified":"2022-12-09T12:37:52+00:00","breadcrumb":{"@id":"https:\/\/myright.se\/stod-myright\/kassan\/#breadcrumb"},"inLanguage":"es","potentialAction":[{"@type":"ReadAction","target":["https:\/\/myright.se\/stod-myright\/kassan\/"]}]},{"@type":"BreadcrumbList","@id":"https:\/\/myright.se\/stod-myright\/kassan\/#breadcrumb","itemListElement":[{"@type":"ListItem","position":1,"name":"Hem","item":"https:\/\/myright.se\/"},{"@type":"ListItem","position":2,"name":"St\u00f6d oss","item":"https:\/\/myright.se\/stod-myright\/"},{"@type":"ListItem","position":3,"name":"Till kassan"}]},{"@type":"WebSite","@id":"https:\/\/myright.se\/#website","url":"https:\/\/myright.se\/","name":"Mi derecho","description":"","publisher":{"@id":"https:\/\/myright.se\/#organization"},"potentialAction":[{"@type":"SearchAction","target":{"@type":"EntryPoint","urlTemplate":"https:\/\/myright.se\/?s={search_term_string}"},"query-input":{"@type":"PropertyValueSpecification","valueRequired":true,"valueName":"search_term_string"}}],"inLanguage":"es"},{"@type":"Organization","@id":"https:\/\/myright.se\/#organization","name":"Mi derecho","url":"https:\/\/myright.se\/","logo":{"@type":"ImageObject","inLanguage":"es","@id":"https:\/\/myright.se\/#\/schema\/logo\/image\/","url":"https:\/\/myright.se\/wp-content\/uploads\/2020\/02\/Myright_logo_no_text_bredvid.png","contentUrl":"https:\/\/myright.se\/wp-content\/uploads\/2020\/02\/Myright_logo_no_text_bredvid.png","width":2751,"height":816,"caption":"MyRight"},"image":{"@id":"https:\/\/myright.se\/#\/schema\/logo\/image\/"}}]}},"_links":{"self":[{"href":"https:\/\/myright.se\/es\/wp-json\/wp\/v2\/pages\/565","targetHints":{"allow":["GET"]}}],"collection":[{"href":"https:\/\/myright.se\/es\/wp-json\/wp\/v2\/pages"}],"about":[{"href":"https:\/\/myright.se\/es\/wp-json\/wp\/v2\/types\/page"}],"author":[{"embeddable":true,"href":"https:\/\/myright.se\/es\/wp-json\/wp\/v2\/users\/1"}],"replies":[{"embeddable":true,"href":"https:\/\/myright.se\/es\/wp-json\/wp\/v2\/comments?post=565"}],"version-history":[{"count":33,"href":"https:\/\/myright.se\/es\/wp-json\/wp\/v2\/pages\/565\/revisions"}],"predecessor-version":[{"id":26357,"href":"https:\/\/myright.se\/es\/wp-json\/wp\/v2\/pages\/565\/revisions\/26357"}],"up":[{"embeddable":true,"href":"https:\/\/myright.se\/es\/wp-json\/wp\/v2\/pages\/11987"}],"wp:attachment":[{"href":"https:\/\/myright.se\/es\/wp-json\/wp\/v2\/media?parent=565"}],"curies":[{"name":"wp","href":"https:\/\/api.w.org\/{rel}","templated":true}]}}