{"id":893,"date":"2019-06-28T11:57:09","date_gmt":"2019-06-28T11:57:09","guid":{"rendered":"http:\/\/myright.se\/?page_id=893"},"modified":"2026-02-05T12:37:37","modified_gmt":"2026-02-05T11:37:37","slug":"visselblasartjanst","status":"publish","type":"page","link":"https:\/\/myright.se\/es\/om-myright\/kontakta-oss\/visselblasartjanst\/","title":{"rendered":"Funci\u00f3n de denuncia"},"content":{"rendered":"\t\t<div data-elementor-type=\"wp-page\" data-elementor-id=\"893\" class=\"elementor elementor-893\" data-elementor-post-type=\"page\">\n\t\t\t\t\t\t<section class=\"elementor-section elementor-top-section elementor-element elementor-element-3454bcfd elementor-section-boxed elementor-section-height-default elementor-section-height-default\" data-id=\"3454bcfd\" data-element_type=\"section\" data-e-type=\"section\" data-settings=\"{&quot;background_background&quot;:&quot;classic&quot;}\">\n\t\t\t\t\t\t<div class=\"elementor-container elementor-column-gap-default\">\n\t\t\t\t\t<div class=\"elementor-column elementor-col-100 elementor-top-column elementor-element elementor-element-5a7b89ec\" data-id=\"5a7b89ec\" data-element_type=\"column\" data-e-type=\"column\">\n\t\t\t<div class=\"elementor-widget-wrap elementor-element-populated\">\n\t\t\t\t\t\t<div class=\"elementor-element elementor-element-737faf02 elementor-widget elementor-widget-heading\" data-id=\"737faf02\" data-element_type=\"widget\" data-e-type=\"widget\" data-widget_type=\"heading.default\">\n\t\t\t\t<div class=\"elementor-widget-container\">\n\t\t\t\t\t<h1 class=\"elementor-heading-title elementor-size-default\">Visselbl\u00e5sartj\u00e4nst<\/h1>\t\t\t\t<\/div>\n\t\t\t\t<\/div>\n\t\t\t\t\t<\/div>\n\t\t<\/div>\n\t\t\t\t\t<\/div>\n\t\t<\/section>\n\t\t\t\t<section class=\"elementor-section elementor-top-section elementor-element elementor-element-9342e17 elementor-section-stretched elementor-section-boxed elementor-section-height-default elementor-section-height-default\" data-id=\"9342e17\" data-element_type=\"section\" data-e-type=\"section\" data-settings=\"{&quot;stretch_section&quot;:&quot;section-stretched&quot;,&quot;background_background&quot;:&quot;classic&quot;}\">\n\t\t\t\t\t\t<div class=\"elementor-container elementor-column-gap-wider\">\n\t\t\t\t\t<div class=\"elementor-column elementor-col-66 elementor-top-column elementor-element elementor-element-67675715\" data-id=\"67675715\" data-element_type=\"column\" data-e-type=\"column\">\n\t\t\t<div class=\"elementor-widget-wrap elementor-element-populated\">\n\t\t\t\t\t\t<div class=\"elementor-element elementor-element-02f1f8d elementor-widget elementor-widget-heading\" data-id=\"02f1f8d\" data-element_type=\"widget\" data-e-type=\"widget\" data-widget_type=\"heading.default\">\n\t\t\t\t<div class=\"elementor-widget-container\">\n\t\t\t\t\t<h2 class=\"elementor-heading-title elementor-size-default\">Rapportera om misstankar om korruption<\/h2>\t\t\t\t<\/div>\n\t\t\t\t<\/div>\n\t\t\t\t<div class=\"elementor-element elementor-element-55f5e7e elementor-widget elementor-widget-text-editor\" data-id=\"55f5e7e\" data-element_type=\"widget\" data-e-type=\"widget\" data-widget_type=\"text-editor.default\">\n\t\t\t\t<div class=\"elementor-widget-container\">\n\t\t\t\t\t\t\t\t\t<p>MyRight har en visselbl\u00e5sartj\u00e4nst. Det \u00e4r en kanal f\u00f6r att sl\u00e5 larm om avvikelser fr\u00e5n v\u00e5ra policyer och riktlinjer.<\/p><p>Syftet med tj\u00e4nsten \u00e4r att uppmuntra allm\u00e4nhet, medarbetare och samarbetspartners att kommunicera misst\u00e4nkta oegentligheter utan risk f\u00f6r repressalier och att s\u00e4kerst\u00e4lla en s\u00e4ker utredningsprocess. Tj\u00e4nsten minskar risken f\u00f6r att ett missf\u00f6rh\u00e5llande ska uppst\u00e5 och \u00e4r ett led i v\u00e5rt arbete mot korruption och andra oegentligheter.<\/p><p><b>Har du misstankar om korruption och oegentligheter kopplat till v\u00e5r verksamhet?\u00a0<br \/><\/b><span style=\"font-size: inherit; text-align: inherit; color: var( --e-global-color-text ); font-family: var( --e-global-typography-text-font-family ), Sans-serif; font-weight: var( --e-global-typography-text-font-weight ); letter-spacing: -0.015em;\">D\u00e5 kan du anm\u00e4la dina misstankar h\u00e4r. V\u00e5r visselbl\u00e5sarfunktion finns \u00e4ven till f\u00f6r dig som har misstanke om att n\u00e5gon far illa inom MyRights verksamhet. Du kan ocks\u00e5 g\u00f6ra en anm\u00e4lan om du sj\u00e4lv \u00e4r utsatt f\u00f6r kr\u00e4nkningar eller \u00f6vergrepp inom verksamheten.<\/span><\/p><p>MyRight har nolltolerans mot all form av korruption, kr\u00e4nkningar och \u00f6vergrepp.<\/p><p>Fattigdom och korruption g\u00e5r hand i hand. De fattigaste m\u00e4nniskorna p\u00e5verkas ofta mest av korruption och kr\u00e4nkande s\u00e4rbehandling vilket skapar en ond cirkel. Korruption utg\u00f6r ett allvarligt hot mot utveckling och motverkar allt MyRight st\u00e5r f\u00f6r och str\u00e4var efter.<\/p><p>MyRights strategi f\u00f6r att bek\u00e4mpa korruption \u00e4r d\u00e4rf\u00f6r att alltid f\u00f6rhindra, aldrig acceptera, alltid informera och alltid agera. Om du misst\u00e4nker korruption v\u00e4nligen anm\u00e4l via formul\u00e4ret nedan eller kontakta oss via <a href=\"mailto:antikorruption@myright.se\">antikorruption@myright.se<\/a>. Bara verksamhet finansierad av MyRight kan utredas.<\/p><p>Du har m\u00f6jlighet att vara anonym och alla f\u00e4lt i formul\u00e4ret beh\u00f6ver inte fyllas i. Din anm\u00e4lan behandlas konfidentiellt, oavsett om anm\u00e4lan \u00e4r anonym eller inte.\u00a0<\/p><p>Som en del i det viktiga arbetet att uppr\u00e4tth\u00e5lla s\u00e4kerhet och trygghet inom organisationen, s\u00e5 har all personal inom MyRight rapporteringsplikt kring eventuella oegentligheter (l\u00e4nk MyRights uppf\u00f6randekod)\u00a0<\/p><p><b>Vad h\u00e4nder sen?<br \/><\/b><span style=\"font-size: inherit; text-align: inherit; color: var( --e-global-color-text ); font-family: var( --e-global-typography-text-font-family ), Sans-serif; font-weight: var( --e-global-typography-text-font-weight ); letter-spacing: -0.015em;\">Vid information om misstanke om korruption och oegentligheter kopplat till v\u00e5r verksamhet handlar vi alltid i enlighet med relevanta lagar och regelverk. Beroende p\u00e5 misstankens karakt\u00e4r vidtar vi de \u00e5tg\u00e4rder som kr\u00e4vs, internt men \u00e4ven externt genom rapportering till polis och andra relevanta myndigheter.<\/span><\/p><p>Du kan v\u00e4lja att vara anonym under hela processen, men om du k\u00e4nner dig bekv\u00e4m med att l\u00e4mna dina personuppgifter uppmuntrar vi dig till att g\u00f6ra det, f\u00f6r att \u00e4nnu b\u00e4ttre kunna hantera din anm\u00e4lan.<\/p><p>Tack vare din anm\u00e4lan kan MyRight f\u00e5 k\u00e4nnedom om missf\u00f6rh\u00e5llanden i ett tidigt skede och vidta effektiva \u00e5tg\u00e4rder.\u00a0<\/p><p>Tack f\u00f6r ditt engagemang!<\/p>\t\t\t\t\t\t\t\t<\/div>\n\t\t\t\t<\/div>\n\t\t\t\t<div class=\"elementor-element elementor-element-d0911d6 elementor-button-align-stretch elementor-widget elementor-widget-form\" data-id=\"d0911d6\" data-element_type=\"widget\" data-e-type=\"widget\" data-settings=\"{&quot;step_next_label&quot;:&quot;Next&quot;,&quot;step_previous_label&quot;:&quot;Previous&quot;,&quot;button_width&quot;:&quot;40&quot;,&quot;step_type&quot;:&quot;number_text&quot;,&quot;step_icon_shape&quot;:&quot;circle&quot;}\" data-widget_type=\"form.default\">\n\t\t\t\t<div class=\"elementor-widget-container\">\n\t\t\t\t\t\t\t<form class=\"elementor-form\" method=\"post\" name=\"Visselbl\u00e5sartj\u00e4nst\" aria-label=\"Visselbl\u00e5sartj\u00e4nst\">\n\t\t\t<input type=\"hidden\" name=\"post_id\" value=\"893\"\/>\n\t\t\t<input type=\"hidden\" name=\"form_id\" value=\"d0911d6\"\/>\n\t\t\t<input type=\"hidden\" name=\"referer_title\" value=\"MyRight\" \/>\n\n\t\t\t\n\t\t\t<div class=\"elementor-form-fields-wrapper elementor-labels-above\">\n\t\t\t\t\t\t\t\t<div class=\"elementor-field-type-text elementor-field-group elementor-column elementor-field-group-name elementor-col-100\">\n\t\t\t\t\t\t\t\t\t\t\t\t<label for=\"form-field-name\" class=\"elementor-field-label\">\n\t\t\t\t\t\t\t\tVilka misstankar om korruption\/oegentligheter vill du informera MyRight om?\t\t\t\t\t\t\t<\/label>\n\t\t\t\t\t\t\t\t\t\t\t\t\t\t<input size=\"1\" type=\"text\" name=\"form_fields[name]\" id=\"form-field-name\" class=\"elementor-field elementor-size-sm  elementor-field-textual\" placeholder=\"...\">\n\t\t\t\t\t\t\t\t\t\t\t<\/div>\n\t\t\t\t\t\t\t\t<div class=\"elementor-field-type-text elementor-field-group elementor-column elementor-field-group-email elementor-col-100\">\n\t\t\t\t\t\t\t\t\t\t\t\t<label for=\"form-field-email\" class=\"elementor-field-label\">\n\t\t\t\t\t\t\t\t\u00c4r detta f\u00f6rstahandsinformation eller h\u00f6rs\u00e4gen?\t\t\t\t\t\t\t<\/label>\n\t\t\t\t\t\t\t\t\t\t\t\t\t\t<input size=\"1\" type=\"text\" name=\"form_fields[email]\" id=\"form-field-email\" class=\"elementor-field elementor-size-sm  elementor-field-textual\" placeholder=\"...\">\n\t\t\t\t\t\t\t\t\t\t\t<\/div>\n\t\t\t\t\t\t\t\t<div class=\"elementor-field-type-text elementor-field-group elementor-column elementor-field-group-message elementor-col-100\">\n\t\t\t\t\t\t\t\t\t\t\t\t<label for=\"form-field-message\" class=\"elementor-field-label\">\n\t\t\t\t\t\t\t\t Inom vilket land och organisation har detta \u00e4gt rum?\t\t\t\t\t\t\t<\/label>\n\t\t\t\t\t\t\t\t\t\t\t\t\t\t<input size=\"1\" type=\"text\" name=\"form_fields[message]\" id=\"form-field-message\" class=\"elementor-field elementor-size-sm  elementor-field-textual\" placeholder=\"...\">\n\t\t\t\t\t\t\t\t\t\t\t<\/div>\n\t\t\t\t\t\t\t\t<div class=\"elementor-field-type-text elementor-field-group elementor-column elementor-field-group-when elementor-col-100\">\n\t\t\t\t\t\t\t\t\t\t\t\t<label for=\"form-field-when\" class=\"elementor-field-label\">\n\t\t\t\t\t\t\t\t N\u00e4r h\u00e4nde det? Ange datum och om det \u00e4r n\u00e5got \u00e5terkommande.\t\t\t\t\t\t\t<\/label>\n\t\t\t\t\t\t\t\t\t\t\t\t\t\t<input size=\"1\" type=\"text\" name=\"form_fields[when]\" id=\"form-field-when\" class=\"elementor-field elementor-size-sm  elementor-field-textual\" placeholder=\"...\">\n\t\t\t\t\t\t\t\t\t\t\t<\/div>\n\t\t\t\t\t\t\t\t<div class=\"elementor-field-type-text elementor-field-group elementor-column elementor-field-group-who elementor-col-100\">\n\t\t\t\t\t\t\t\t\t\t\t\t<label for=\"form-field-who\" class=\"elementor-field-label\">\n\t\t\t\t\t\t\t\t Vem eller vilka \u00e4r inblandade? (Namn och\/eller funktion)\t\t\t\t\t\t\t<\/label>\n\t\t\t\t\t\t\t\t\t\t\t\t\t\t<input size=\"1\" type=\"text\" name=\"form_fields[who]\" id=\"form-field-who\" class=\"elementor-field elementor-size-sm  elementor-field-textual\" placeholder=\"...\">\n\t\t\t\t\t\t\t\t\t\t\t<\/div>\n\t\t\t\t\t\t\t\t<div class=\"elementor-field-type-upload elementor-field-group elementor-column elementor-field-group-doc elementor-col-100\">\n\t\t\t\t\t\t\t\t\t\t\t\t<label for=\"form-field-doc\" class=\"elementor-field-label\">\n\t\t\t\t\t\t\t\tHar du tillg\u00e5ng till n\u00e5gon dokumentation?\t\t\t\t\t\t\t<\/label>\n\t\t\t\t\t\t\t\t<input type=\"file\" name=\"form_fields[doc]\" id=\"form-field-doc\" class=\"elementor-field elementor-size-sm  elementor-upload-field\">\n\n\t\t\t\t\t\t<\/div>\n\t\t\t\t\t\t\t\t<div class=\"elementor-field-type-text elementor-field-group elementor-column elementor-field-group-action elementor-col-100\">\n\t\t\t\t\t\t\t\t\t\t\t\t<label for=\"form-field-action\" class=\"elementor-field-label\">\n\t\t\t\t\t\t\t\tHar du vidtagit n\u00e5gra andra \u00e5tg\u00e4rder?\t\t\t\t\t\t\t<\/label>\n\t\t\t\t\t\t\t\t\t\t\t\t\t\t<input size=\"1\" type=\"text\" name=\"form_fields[action]\" id=\"form-field-action\" class=\"elementor-field elementor-size-sm  elementor-field-textual\" placeholder=\"...\">\n\t\t\t\t\t\t\t\t\t\t\t<\/div>\n\t\t\t\t\t\t\t\t<div class=\"elementor-field-type-text elementor-field-group elementor-column elementor-field-group-you elementor-col-100\">\n\t\t\t\t\t\t\t\t\t\t\t\t<label for=\"form-field-you\" class=\"elementor-field-label\">\n\t\t\t\t\t\t\t\tDitt namn (frivilligt)\t\t\t\t\t\t\t<\/label>\n\t\t\t\t\t\t\t\t\t\t\t\t\t\t<input size=\"1\" type=\"text\" name=\"form_fields[you]\" id=\"form-field-you\" class=\"elementor-field elementor-size-sm  elementor-field-textual\" placeholder=\"...\">\n\t\t\t\t\t\t\t\t\t\t\t<\/div>\n\t\t\t\t\t\t\t\t<div class=\"elementor-field-type-text elementor-field-group elementor-column elementor-field-group-contact elementor-col-100\">\n\t\t\t\t\t\t\t\t\t\t\t\t<label for=\"form-field-contact\" class=\"elementor-field-label\">\n\t\t\t\t\t\t\t\t Kontaktinformation (e-post eller telefonnummer. frivilligt)\t\t\t\t\t\t\t<\/label>\n\t\t\t\t\t\t\t\t\t\t\t\t\t\t<input size=\"1\" type=\"text\" name=\"form_fields[contact]\" id=\"form-field-contact\" class=\"elementor-field elementor-size-sm  elementor-field-textual\" placeholder=\"...\">\n\t\t\t\t\t\t\t\t\t\t\t<\/div>\n\t\t\t\t\t\t\t\t<div class=\"elementor-field-group elementor-column elementor-field-type-submit elementor-col-40 e-form__buttons\">\n\t\t\t\t\t<button class=\"elementor-button elementor-size-sm\" type=\"submit\">\n\t\t\t\t\t\t<span class=\"elementor-button-content-wrapper\">\n\t\t\t\t\t\t\t\t\t\t\t\t\t\t\t\t\t\t\t\t\t\t<span class=\"elementor-button-text\">Skicka<\/span>\n\t\t\t\t\t\t\t\t\t\t\t\t\t<\/span>\n\t\t\t\t\t<\/button>\n\t\t\t\t<\/div>\n\t\t\t<\/div>\n\t\t<\/form>\n\t\t\t\t\t\t<\/div>\n\t\t\t\t<\/div>\n\t\t\t\t\t<\/div>\n\t\t<\/div>\n\t\t\t\t<div class=\"elementor-column elementor-col-33 elementor-top-column elementor-element elementor-element-56914d1b\" data-id=\"56914d1b\" data-element_type=\"column\" data-e-type=\"column\">\n\t\t\t<div class=\"elementor-widget-wrap elementor-element-populated\">\n\t\t\t\t\t\t<div class=\"elementor-element elementor-element-43e67ef2 elementor-widget elementor-widget-spacer\" data-id=\"43e67ef2\" data-element_type=\"widget\" data-e-type=\"widget\" data-widget_type=\"spacer.default\">\n\t\t\t\t<div class=\"elementor-widget-container\">\n\t\t\t\t\t\t\t<div class=\"elementor-spacer\">\n\t\t\t<div class=\"elementor-spacer-inner\"><\/div>\n\t\t<\/div>\n\t\t\t\t\t\t<\/div>\n\t\t\t\t<\/div>\n\t\t\t\t\t<\/div>\n\t\t<\/div>\n\t\t\t\t\t<\/div>\n\t\t<\/section>\n\t\t\t\t<\/div>\n\t\t","protected":false},"excerpt":{"rendered":"<p>Visselbl\u00e5sartj\u00e4nst Rapportera om misstankar om korruption MyRight har en visselbl\u00e5sartj\u00e4nst. Det \u00e4r en kanal f\u00f6r att sl\u00e5 larm om avvikelser fr\u00e5n v\u00e5ra policyer och riktlinjer. Syftet med tj\u00e4nsten \u00e4r att uppmuntra allm\u00e4nhet, medarbetare och samarbetspartners att kommunicera misst\u00e4nkta oegentligheter utan risk f\u00f6r repressalier och att s\u00e4kerst\u00e4lla en s\u00e4ker utredningsprocess. Tj\u00e4nsten minskar risken f\u00f6r att ett [&hellip;]<\/p>\n","protected":false},"author":2,"featured_media":0,"parent":89,"menu_order":0,"comment_status":"closed","ping_status":"closed","template":"","meta":{"footnotes":""},"class_list":["post-893","page","type-page","status-publish","hentry"],"yoast_head":"<!-- This site is optimized with the Yoast SEO plugin v27.5 - https:\/\/yoast.com\/product\/yoast-seo-wordpress\/ -->\n<title>Visselbl\u00e5sarfunktion - MyRight<\/title>\n<meta name=\"robots\" content=\"index, follow, max-snippet:-1, max-image-preview:large, max-video-preview:-1\" \/>\n<link rel=\"canonical\" href=\"https:\/\/myright.se\/es\/sobre-mi-derecho\/contacto\/visselblasartjanst\/\" \/>\n<meta property=\"og:locale\" content=\"es_ES\" \/>\n<meta property=\"og:type\" content=\"article\" \/>\n<meta property=\"og:title\" content=\"Visselbl\u00e5sarfunktion - MyRight\" \/>\n<meta property=\"og:description\" content=\"Visselbl\u00e5sartj\u00e4nst Rapportera om misstankar om korruption MyRight har en visselbl\u00e5sartj\u00e4nst. Det \u00e4r en kanal f\u00f6r att sl\u00e5 larm om avvikelser fr\u00e5n v\u00e5ra policyer och riktlinjer. Syftet med tj\u00e4nsten \u00e4r att uppmuntra allm\u00e4nhet, medarbetare och samarbetspartners att kommunicera misst\u00e4nkta oegentligheter utan risk f\u00f6r repressalier och att s\u00e4kerst\u00e4lla en s\u00e4ker utredningsprocess. Tj\u00e4nsten minskar risken f\u00f6r att ett [&hellip;]\" \/>\n<meta property=\"og:url\" content=\"https:\/\/myright.se\/es\/sobre-mi-derecho\/contacto\/visselblasartjanst\/\" \/>\n<meta property=\"og:site_name\" content=\"MyRight\" \/>\n<meta property=\"article:modified_time\" content=\"2026-02-05T11:37:37+00:00\" \/>\n<meta name=\"twitter:card\" content=\"summary_large_image\" \/>\n<meta name=\"twitter:label1\" content=\"Tiempo de lectura\" \/>\n\t<meta name=\"twitter:data1\" content=\"2 minutos\" \/>\n<script type=\"application\/ld+json\" class=\"yoast-schema-graph\">{\"@context\":\"https:\\\/\\\/schema.org\",\"@graph\":[{\"@type\":\"WebPage\",\"@id\":\"https:\\\/\\\/myright.se\\\/om-myright\\\/kontakta-oss\\\/visselblasartjanst\\\/\",\"url\":\"https:\\\/\\\/myright.se\\\/om-myright\\\/kontakta-oss\\\/visselblasartjanst\\\/\",\"name\":\"Visselbl\u00e5sarfunktion - MyRight\",\"isPartOf\":{\"@id\":\"https:\\\/\\\/myright.se\\\/#website\"},\"datePublished\":\"2019-06-28T11:57:09+00:00\",\"dateModified\":\"2026-02-05T11:37:37+00:00\",\"breadcrumb\":{\"@id\":\"https:\\\/\\\/myright.se\\\/om-myright\\\/kontakta-oss\\\/visselblasartjanst\\\/#breadcrumb\"},\"inLanguage\":\"es\",\"potentialAction\":[{\"@type\":\"ReadAction\",\"target\":[\"https:\\\/\\\/myright.se\\\/om-myright\\\/kontakta-oss\\\/visselblasartjanst\\\/\"]}]},{\"@type\":\"BreadcrumbList\",\"@id\":\"https:\\\/\\\/myright.se\\\/om-myright\\\/kontakta-oss\\\/visselblasartjanst\\\/#breadcrumb\",\"itemListElement\":[{\"@type\":\"ListItem\",\"position\":1,\"name\":\"Hem\",\"item\":\"https:\\\/\\\/myright.se\\\/\"},{\"@type\":\"ListItem\",\"position\":2,\"name\":\"Om MyRight\",\"item\":\"https:\\\/\\\/myright.se\\\/om-myright\\\/\"},{\"@type\":\"ListItem\",\"position\":3,\"name\":\"Kontakta oss\",\"item\":\"https:\\\/\\\/myright.se\\\/om-myright\\\/kontakta-oss\\\/\"},{\"@type\":\"ListItem\",\"position\":4,\"name\":\"Visselbl\u00e5sarfunktion\"}]},{\"@type\":\"WebSite\",\"@id\":\"https:\\\/\\\/myright.se\\\/#website\",\"url\":\"https:\\\/\\\/myright.se\\\/\",\"name\":\"MyRight\",\"description\":\"\",\"publisher\":{\"@id\":\"https:\\\/\\\/myright.se\\\/#organization\"},\"potentialAction\":[{\"@type\":\"SearchAction\",\"target\":{\"@type\":\"EntryPoint\",\"urlTemplate\":\"https:\\\/\\\/myright.se\\\/?s={search_term_string}\"},\"query-input\":{\"@type\":\"PropertyValueSpecification\",\"valueRequired\":true,\"valueName\":\"search_term_string\"}}],\"inLanguage\":\"es\"},{\"@type\":\"Organization\",\"@id\":\"https:\\\/\\\/myright.se\\\/#organization\",\"name\":\"MyRight\",\"url\":\"https:\\\/\\\/myright.se\\\/\",\"logo\":{\"@type\":\"ImageObject\",\"inLanguage\":\"es\",\"@id\":\"https:\\\/\\\/myright.se\\\/#\\\/schema\\\/logo\\\/image\\\/\",\"url\":\"https:\\\/\\\/myright.se\\\/wp-content\\\/uploads\\\/2020\\\/02\\\/Myright_logo_no_text_bredvid.png\",\"contentUrl\":\"https:\\\/\\\/myright.se\\\/wp-content\\\/uploads\\\/2020\\\/02\\\/Myright_logo_no_text_bredvid.png\",\"width\":2751,\"height\":816,\"caption\":\"MyRight\"},\"image\":{\"@id\":\"https:\\\/\\\/myright.se\\\/#\\\/schema\\\/logo\\\/image\\\/\"}}]}<\/script>\n<!-- \/ Yoast SEO plugin. -->","yoast_head_json":{"title":"Funci\u00f3n de denuncia - MyRight","robots":{"index":"index","follow":"follow","max-snippet":"max-snippet:-1","max-image-preview":"max-image-preview:large","max-video-preview":"max-video-preview:-1"},"canonical":"https:\/\/myright.se\/es\/sobre-mi-derecho\/contacto\/visselblasartjanst\/","og_locale":"es_ES","og_type":"article","og_title":"Visselbl\u00e5sarfunktion - MyRight","og_description":"Visselbl\u00e5sartj\u00e4nst Rapportera om misstankar om korruption MyRight har en visselbl\u00e5sartj\u00e4nst. Det \u00e4r en kanal f\u00f6r att sl\u00e5 larm om avvikelser fr\u00e5n v\u00e5ra policyer och riktlinjer. Syftet med tj\u00e4nsten \u00e4r att uppmuntra allm\u00e4nhet, medarbetare och samarbetspartners att kommunicera misst\u00e4nkta oegentligheter utan risk f\u00f6r repressalier och att s\u00e4kerst\u00e4lla en s\u00e4ker utredningsprocess. Tj\u00e4nsten minskar risken f\u00f6r att ett [&hellip;]","og_url":"https:\/\/myright.se\/es\/sobre-mi-derecho\/contacto\/visselblasartjanst\/","og_site_name":"MyRight","article_modified_time":"2026-02-05T11:37:37+00:00","twitter_card":"summary_large_image","twitter_misc":{"Tiempo de lectura":"2 minutos"},"schema":{"@context":"https:\/\/schema.org","@graph":[{"@type":"WebPage","@id":"https:\/\/myright.se\/om-myright\/kontakta-oss\/visselblasartjanst\/","url":"https:\/\/myright.se\/om-myright\/kontakta-oss\/visselblasartjanst\/","name":"Funci\u00f3n de denuncia - MyRight","isPartOf":{"@id":"https:\/\/myright.se\/#website"},"datePublished":"2019-06-28T11:57:09+00:00","dateModified":"2026-02-05T11:37:37+00:00","breadcrumb":{"@id":"https:\/\/myright.se\/om-myright\/kontakta-oss\/visselblasartjanst\/#breadcrumb"},"inLanguage":"es","potentialAction":[{"@type":"ReadAction","target":["https:\/\/myright.se\/om-myright\/kontakta-oss\/visselblasartjanst\/"]}]},{"@type":"BreadcrumbList","@id":"https:\/\/myright.se\/om-myright\/kontakta-oss\/visselblasartjanst\/#breadcrumb","itemListElement":[{"@type":"ListItem","position":1,"name":"Hem","item":"https:\/\/myright.se\/"},{"@type":"ListItem","position":2,"name":"Om MyRight","item":"https:\/\/myright.se\/om-myright\/"},{"@type":"ListItem","position":3,"name":"Kontakta oss","item":"https:\/\/myright.se\/om-myright\/kontakta-oss\/"},{"@type":"ListItem","position":4,"name":"Visselbl\u00e5sarfunktion"}]},{"@type":"WebSite","@id":"https:\/\/myright.se\/#website","url":"https:\/\/myright.se\/","name":"Mi derecho","description":"","publisher":{"@id":"https:\/\/myright.se\/#organization"},"potentialAction":[{"@type":"SearchAction","target":{"@type":"EntryPoint","urlTemplate":"https:\/\/myright.se\/?s={search_term_string}"},"query-input":{"@type":"PropertyValueSpecification","valueRequired":true,"valueName":"search_term_string"}}],"inLanguage":"es"},{"@type":"Organization","@id":"https:\/\/myright.se\/#organization","name":"Mi derecho","url":"https:\/\/myright.se\/","logo":{"@type":"ImageObject","inLanguage":"es","@id":"https:\/\/myright.se\/#\/schema\/logo\/image\/","url":"https:\/\/myright.se\/wp-content\/uploads\/2020\/02\/Myright_logo_no_text_bredvid.png","contentUrl":"https:\/\/myright.se\/wp-content\/uploads\/2020\/02\/Myright_logo_no_text_bredvid.png","width":2751,"height":816,"caption":"MyRight"},"image":{"@id":"https:\/\/myright.se\/#\/schema\/logo\/image\/"}}]}},"_links":{"self":[{"href":"https:\/\/myright.se\/es\/wp-json\/wp\/v2\/pages\/893","targetHints":{"allow":["GET"]}}],"collection":[{"href":"https:\/\/myright.se\/es\/wp-json\/wp\/v2\/pages"}],"about":[{"href":"https:\/\/myright.se\/es\/wp-json\/wp\/v2\/types\/page"}],"author":[{"embeddable":true,"href":"https:\/\/myright.se\/es\/wp-json\/wp\/v2\/users\/2"}],"replies":[{"embeddable":true,"href":"https:\/\/myright.se\/es\/wp-json\/wp\/v2\/comments?post=893"}],"version-history":[{"count":137,"href":"https:\/\/myright.se\/es\/wp-json\/wp\/v2\/pages\/893\/revisions"}],"predecessor-version":[{"id":30597,"href":"https:\/\/myright.se\/es\/wp-json\/wp\/v2\/pages\/893\/revisions\/30597"}],"up":[{"embeddable":true,"href":"https:\/\/myright.se\/es\/wp-json\/wp\/v2\/pages\/89"}],"wp:attachment":[{"href":"https:\/\/myright.se\/es\/wp-json\/wp\/v2\/media?parent=893"}],"curies":[{"name":"wp","href":"https:\/\/api.w.org\/{rel}","templated":true}]}}