{"id":12251,"date":"2020-12-21T13:15:03","date_gmt":"2020-12-21T13:15:03","guid":{"rendered":"https:\/\/myrightdev.funka.website\/?post_type=product&#038;p=12251"},"modified":"2024-02-16T10:45:38","modified_gmt":"2024-02-16T09:45:38","slug":"gava","status":"publish","type":"product","link":"https:\/\/myright.se\/es\/producto\/gava\/","title":{"rendered":"G\u00e5va"},"content":{"rendered":"","protected":false},"excerpt":{"rendered":"","protected":false},"featured_media":6329,"template":"","meta":[],"product_brand":[],"product_cat":[60],"product_tag":[],"class_list":{"0":"post-12251","1":"product","2":"type-product","3":"status-publish","4":"has-post-thumbnail","6":"product_cat-ge-en-gava","8":"first","9":"instock","10":"shipping-taxable","11":"purchasable","12":"product-type-variable"},"yoast_head":"<!-- This site is optimized with the Yoast SEO plugin v27.4 - https:\/\/yoast.com\/product\/yoast-seo-wordpress\/ -->\n<title>G\u00e5va - MyRight<\/title>\n<meta name=\"description\" content=\"St\u00f6d MyRights arbete med en valfri g\u00e5va som st\u00e4rker m\u00e4nskliga r\u00e4ttigheter f\u00f6r personer med funktionsneds\u00e4ttning v\u00e4rlden \u00f6ver.\" \/>\n<meta name=\"robots\" content=\"index, follow, max-snippet:-1, max-image-preview:large, max-video-preview:-1\" \/>\n<link rel=\"canonical\" href=\"https:\/\/myright.se\/es\/producto\/gava\/\" \/>\n<meta property=\"og:locale\" content=\"es_ES\" \/>\n<meta property=\"og:type\" content=\"article\" \/>\n<meta property=\"og:title\" content=\"G\u00e5va - MyRight\" \/>\n<meta property=\"og:description\" content=\"St\u00f6d MyRights arbete med en valfri g\u00e5va som st\u00e4rker m\u00e4nskliga r\u00e4ttigheter f\u00f6r personer med funktionsneds\u00e4ttning v\u00e4rlden \u00f6ver.\" \/>\n<meta property=\"og:url\" content=\"https:\/\/myright.se\/es\/producto\/gava\/\" \/>\n<meta property=\"og:site_name\" content=\"MyRight\" \/>\n<meta property=\"article:modified_time\" content=\"2024-02-16T09:45:38+00:00\" \/>\n<meta property=\"og:image\" content=\"https:\/\/myright.se\/wp-content\/uploads\/2019\/11\/Myright_logo.png\" \/>\n\t<meta property=\"og:image:width\" content=\"2362\" \/>\n\t<meta property=\"og:image:height\" content=\"1680\" \/>\n\t<meta property=\"og:image:type\" content=\"image\/png\" \/>\n<meta name=\"twitter:card\" content=\"summary_large_image\" \/>\n<meta name=\"twitter:label1\" content=\"Tiempo de lectura\" \/>\n\t<meta name=\"twitter:data1\" content=\"1 minuto\" \/>\n<script type=\"application\/ld+json\" class=\"yoast-schema-graph\">{\"@context\":\"https:\\\/\\\/schema.org\",\"@graph\":[{\"@type\":\"WebPage\",\"@id\":\"https:\\\/\\\/myright.se\\\/produkt\\\/gava\\\/\",\"url\":\"https:\\\/\\\/myright.se\\\/produkt\\\/gava\\\/\",\"name\":\"G\u00e5va - MyRight\",\"isPartOf\":{\"@id\":\"https:\\\/\\\/myright.se\\\/#website\"},\"primaryImageOfPage\":{\"@id\":\"https:\\\/\\\/myright.se\\\/produkt\\\/gava\\\/#primaryimage\"},\"image\":{\"@id\":\"https:\\\/\\\/myright.se\\\/produkt\\\/gava\\\/#primaryimage\"},\"thumbnailUrl\":\"https:\\\/\\\/myright.se\\\/wp-content\\\/uploads\\\/2019\\\/11\\\/Myright_logo.png\",\"datePublished\":\"2020-12-21T13:15:03+00:00\",\"dateModified\":\"2024-02-16T09:45:38+00:00\",\"description\":\"St\u00f6d MyRights arbete med en valfri g\u00e5va som st\u00e4rker m\u00e4nskliga r\u00e4ttigheter f\u00f6r personer med funktionsneds\u00e4ttning v\u00e4rlden \u00f6ver.\",\"breadcrumb\":{\"@id\":\"https:\\\/\\\/myright.se\\\/produkt\\\/gava\\\/#breadcrumb\"},\"inLanguage\":\"es\",\"potentialAction\":[{\"@type\":\"ReadAction\",\"target\":[\"https:\\\/\\\/myright.se\\\/produkt\\\/gava\\\/\"]}]},{\"@type\":\"ImageObject\",\"inLanguage\":\"es\",\"@id\":\"https:\\\/\\\/myright.se\\\/produkt\\\/gava\\\/#primaryimage\",\"url\":\"https:\\\/\\\/myright.se\\\/wp-content\\\/uploads\\\/2019\\\/11\\\/Myright_logo.png\",\"contentUrl\":\"https:\\\/\\\/myright.se\\\/wp-content\\\/uploads\\\/2019\\\/11\\\/Myright_logo.png\",\"width\":2362,\"height\":1680,\"caption\":\"MyRight logotyp\"},{\"@type\":\"BreadcrumbList\",\"@id\":\"https:\\\/\\\/myright.se\\\/produkt\\\/gava\\\/#breadcrumb\",\"itemListElement\":[{\"@type\":\"ListItem\",\"position\":1,\"name\":\"Hem\",\"item\":\"https:\\\/\\\/myright.se\\\/\"},{\"@type\":\"ListItem\",\"position\":2,\"name\":\"Produkter\",\"item\":\"https:\\\/\\\/myright.se\\\/shop\\\/\"},{\"@type\":\"ListItem\",\"position\":3,\"name\":\"G\u00e5va\"}]},{\"@type\":\"WebSite\",\"@id\":\"https:\\\/\\\/myright.se\\\/#website\",\"url\":\"https:\\\/\\\/myright.se\\\/\",\"name\":\"MyRight\",\"description\":\"\",\"publisher\":{\"@id\":\"https:\\\/\\\/myright.se\\\/#organization\"},\"potentialAction\":[{\"@type\":\"SearchAction\",\"target\":{\"@type\":\"EntryPoint\",\"urlTemplate\":\"https:\\\/\\\/myright.se\\\/?s={search_term_string}\"},\"query-input\":{\"@type\":\"PropertyValueSpecification\",\"valueRequired\":true,\"valueName\":\"search_term_string\"}}],\"inLanguage\":\"es\"},{\"@type\":\"Organization\",\"@id\":\"https:\\\/\\\/myright.se\\\/#organization\",\"name\":\"MyRight\",\"url\":\"https:\\\/\\\/myright.se\\\/\",\"logo\":{\"@type\":\"ImageObject\",\"inLanguage\":\"es\",\"@id\":\"https:\\\/\\\/myright.se\\\/#\\\/schema\\\/logo\\\/image\\\/\",\"url\":\"https:\\\/\\\/myright.se\\\/wp-content\\\/uploads\\\/2020\\\/02\\\/Myright_logo_no_text_bredvid.png\",\"contentUrl\":\"https:\\\/\\\/myright.se\\\/wp-content\\\/uploads\\\/2020\\\/02\\\/Myright_logo_no_text_bredvid.png\",\"width\":2751,\"height\":816,\"caption\":\"MyRight\"},\"image\":{\"@id\":\"https:\\\/\\\/myright.se\\\/#\\\/schema\\\/logo\\\/image\\\/\"}}]}<\/script>\n<!-- \/ Yoast SEO plugin. -->","yoast_head_json":{"title":"G\u00e5va - MyRight","description":"St\u00f6d MyRights arbete med en valfri g\u00e5va som st\u00e4rker m\u00e4nskliga r\u00e4ttigheter f\u00f6r personer med funktionsneds\u00e4ttning v\u00e4rlden \u00f6ver.","robots":{"index":"index","follow":"follow","max-snippet":"max-snippet:-1","max-image-preview":"max-image-preview:large","max-video-preview":"max-video-preview:-1"},"canonical":"https:\/\/myright.se\/es\/producto\/gava\/","og_locale":"es_ES","og_type":"article","og_title":"G\u00e5va - MyRight","og_description":"St\u00f6d MyRights arbete med en valfri g\u00e5va som st\u00e4rker m\u00e4nskliga r\u00e4ttigheter f\u00f6r personer med funktionsneds\u00e4ttning v\u00e4rlden \u00f6ver.","og_url":"https:\/\/myright.se\/es\/producto\/gava\/","og_site_name":"MyRight","article_modified_time":"2024-02-16T09:45:38+00:00","og_image":[{"width":2362,"height":1680,"url":"https:\/\/myright.se\/wp-content\/uploads\/2019\/11\/Myright_logo.png","type":"image\/png"}],"twitter_card":"summary_large_image","twitter_misc":{"Tiempo de lectura":"1 minuto"},"schema":{"@context":"https:\/\/schema.org","@graph":[{"@type":"WebPage","@id":"https:\/\/myright.se\/produkt\/gava\/","url":"https:\/\/myright.se\/produkt\/gava\/","name":"G\u00e5va - MyRight","isPartOf":{"@id":"https:\/\/myright.se\/#website"},"primaryImageOfPage":{"@id":"https:\/\/myright.se\/produkt\/gava\/#primaryimage"},"image":{"@id":"https:\/\/myright.se\/produkt\/gava\/#primaryimage"},"thumbnailUrl":"https:\/\/myright.se\/wp-content\/uploads\/2019\/11\/Myright_logo.png","datePublished":"2020-12-21T13:15:03+00:00","dateModified":"2024-02-16T09:45:38+00:00","description":"St\u00f6d MyRights arbete med en valfri g\u00e5va som st\u00e4rker m\u00e4nskliga r\u00e4ttigheter f\u00f6r personer med funktionsneds\u00e4ttning v\u00e4rlden \u00f6ver.","breadcrumb":{"@id":"https:\/\/myright.se\/produkt\/gava\/#breadcrumb"},"inLanguage":"es","potentialAction":[{"@type":"ReadAction","target":["https:\/\/myright.se\/produkt\/gava\/"]}]},{"@type":"ImageObject","inLanguage":"es","@id":"https:\/\/myright.se\/produkt\/gava\/#primaryimage","url":"https:\/\/myright.se\/wp-content\/uploads\/2019\/11\/Myright_logo.png","contentUrl":"https:\/\/myright.se\/wp-content\/uploads\/2019\/11\/Myright_logo.png","width":2362,"height":1680,"caption":"MyRight logotyp"},{"@type":"BreadcrumbList","@id":"https:\/\/myright.se\/produkt\/gava\/#breadcrumb","itemListElement":[{"@type":"ListItem","position":1,"name":"Hem","item":"https:\/\/myright.se\/"},{"@type":"ListItem","position":2,"name":"Produkter","item":"https:\/\/myright.se\/shop\/"},{"@type":"ListItem","position":3,"name":"G\u00e5va"}]},{"@type":"WebSite","@id":"https:\/\/myright.se\/#website","url":"https:\/\/myright.se\/","name":"Mi derecho","description":"","publisher":{"@id":"https:\/\/myright.se\/#organization"},"potentialAction":[{"@type":"SearchAction","target":{"@type":"EntryPoint","urlTemplate":"https:\/\/myright.se\/?s={search_term_string}"},"query-input":{"@type":"PropertyValueSpecification","valueRequired":true,"valueName":"search_term_string"}}],"inLanguage":"es"},{"@type":"Organization","@id":"https:\/\/myright.se\/#organization","name":"Mi derecho","url":"https:\/\/myright.se\/","logo":{"@type":"ImageObject","inLanguage":"es","@id":"https:\/\/myright.se\/#\/schema\/logo\/image\/","url":"https:\/\/myright.se\/wp-content\/uploads\/2020\/02\/Myright_logo_no_text_bredvid.png","contentUrl":"https:\/\/myright.se\/wp-content\/uploads\/2020\/02\/Myright_logo_no_text_bredvid.png","width":2751,"height":816,"caption":"MyRight"},"image":{"@id":"https:\/\/myright.se\/#\/schema\/logo\/image\/"}}]}},"_links":{"self":[{"href":"https:\/\/myright.se\/es\/wp-json\/wp\/v2\/product\/12251","targetHints":{"allow":["GET"]}}],"collection":[{"href":"https:\/\/myright.se\/es\/wp-json\/wp\/v2\/product"}],"about":[{"href":"https:\/\/myright.se\/es\/wp-json\/wp\/v2\/types\/product"}],"wp:featuredmedia":[{"embeddable":true,"href":"https:\/\/myright.se\/es\/wp-json\/wp\/v2\/media\/6329"}],"wp:attachment":[{"href":"https:\/\/myright.se\/es\/wp-json\/wp\/v2\/media?parent=12251"}],"wp:term":[{"taxonomy":"product_brand","embeddable":true,"href":"https:\/\/myright.se\/es\/wp-json\/wp\/v2\/product_brand?post=12251"},{"taxonomy":"product_cat","embeddable":true,"href":"https:\/\/myright.se\/es\/wp-json\/wp\/v2\/product_cat?post=12251"},{"taxonomy":"product_tag","embeddable":true,"href":"https:\/\/myright.se\/es\/wp-json\/wp\/v2\/product_tag?post=12251"}],"curies":[{"name":"wp","href":"https:\/\/api.w.org\/{rel}","templated":true}]}}