{"id":4238,"date":"2019-10-08T09:43:43","date_gmt":"2019-10-08T09:43:43","guid":{"rendered":"https:\/\/myright.se\/?post_type=product&#038;p=4238"},"modified":"2024-01-24T13:20:52","modified_gmt":"2024-01-24T12:20:52","slug":"regalo-conmemorativo","status":"publish","type":"product","link":"https:\/\/myright.se\/es\/producto\/regalo-conmemorativo\/","title":{"rendered":"Regalo conmemorativo"},"content":{"rendered":"","protected":false},"excerpt":{"rendered":"<p>Honre la memoria de un querido pariente o amigo que falleci\u00f3 con un regalo a MyRight.<\/p>","protected":false},"featured_media":12029,"template":"","meta":[],"product_brand":[],"product_cat":[59],"product_tag":[],"class_list":{"0":"post-4238","1":"product","2":"type-product","3":"status-publish","4":"has-post-thumbnail","6":"product_cat-minnesgava","8":"first","9":"instock","10":"shipping-taxable","11":"purchasable","12":"product-type-variable"},"yoast_head":"<!-- This site is optimized with the Yoast SEO plugin v27.4 - https:\/\/yoast.com\/product\/yoast-seo-wordpress\/ -->\n<title>Minnesg\u00e5va - MyRight<\/title>\n<meta name=\"robots\" content=\"index, follow, max-snippet:-1, max-image-preview:large, max-video-preview:-1\" \/>\n<link rel=\"canonical\" href=\"https:\/\/myright.se\/es\/producto\/regalo-conmemorativo\/\" \/>\n<meta property=\"og:locale\" content=\"es_ES\" \/>\n<meta property=\"og:type\" content=\"article\" \/>\n<meta property=\"og:title\" content=\"Minnesg\u00e5va - MyRight\" \/>\n<meta property=\"og:description\" content=\"Hedra minnet av en k\u00e4r anh\u00f6rig eller v\u00e4n som har g\u00e5tt bort med en g\u00e5va till MyRight.\" \/>\n<meta property=\"og:url\" content=\"https:\/\/myright.se\/es\/producto\/regalo-conmemorativo\/\" \/>\n<meta property=\"og:site_name\" content=\"MyRight\" \/>\n<meta property=\"article:modified_time\" content=\"2024-01-24T12:20:52+00:00\" \/>\n<meta property=\"og:image\" content=\"https:\/\/myright.se\/wp-content\/uploads\/2020\/12\/Minnesgava-bild-scaled.jpg\" \/>\n\t<meta property=\"og:image:width\" content=\"2547\" \/>\n\t<meta property=\"og:image:height\" content=\"2560\" \/>\n\t<meta property=\"og:image:type\" content=\"image\/jpeg\" \/>\n<meta name=\"twitter:card\" content=\"summary_large_image\" \/>\n<meta name=\"twitter:label1\" content=\"Tiempo de lectura\" \/>\n\t<meta name=\"twitter:data1\" content=\"1 minuto\" \/>\n<script type=\"application\/ld+json\" class=\"yoast-schema-graph\">{\"@context\":\"https:\\\/\\\/schema.org\",\"@graph\":[{\"@type\":\"WebPage\",\"@id\":\"https:\\\/\\\/myright.se\\\/produkt\\\/minnesgava\\\/\",\"url\":\"https:\\\/\\\/myright.se\\\/produkt\\\/minnesgava\\\/\",\"name\":\"Minnesg\u00e5va - MyRight\",\"isPartOf\":{\"@id\":\"https:\\\/\\\/myright.se\\\/#website\"},\"primaryImageOfPage\":{\"@id\":\"https:\\\/\\\/myright.se\\\/produkt\\\/minnesgava\\\/#primaryimage\"},\"image\":{\"@id\":\"https:\\\/\\\/myright.se\\\/produkt\\\/minnesgava\\\/#primaryimage\"},\"thumbnailUrl\":\"https:\\\/\\\/myright.se\\\/wp-content\\\/uploads\\\/2020\\\/12\\\/Minnesgava-bild-scaled-e1775730651984.jpg\",\"datePublished\":\"2019-10-08T09:43:43+00:00\",\"dateModified\":\"2024-01-24T12:20:52+00:00\",\"breadcrumb\":{\"@id\":\"https:\\\/\\\/myright.se\\\/produkt\\\/minnesgava\\\/#breadcrumb\"},\"inLanguage\":\"es\",\"potentialAction\":[{\"@type\":\"ReadAction\",\"target\":[\"https:\\\/\\\/myright.se\\\/produkt\\\/minnesgava\\\/\"]}]},{\"@type\":\"ImageObject\",\"inLanguage\":\"es\",\"@id\":\"https:\\\/\\\/myright.se\\\/produkt\\\/minnesgava\\\/#primaryimage\",\"url\":\"https:\\\/\\\/myright.se\\\/wp-content\\\/uploads\\\/2020\\\/12\\\/Minnesgava-bild-scaled-e1775730651984.jpg\",\"contentUrl\":\"https:\\\/\\\/myright.se\\\/wp-content\\\/uploads\\\/2020\\\/12\\\/Minnesgava-bild-scaled-e1775730651984.jpg\",\"width\":2543,\"height\":1506,\"caption\":\"Vita blommor.\"},{\"@type\":\"BreadcrumbList\",\"@id\":\"https:\\\/\\\/myright.se\\\/produkt\\\/minnesgava\\\/#breadcrumb\",\"itemListElement\":[{\"@type\":\"ListItem\",\"position\":1,\"name\":\"Hem\",\"item\":\"https:\\\/\\\/myright.se\\\/\"},{\"@type\":\"ListItem\",\"position\":2,\"name\":\"Produkter\",\"item\":\"https:\\\/\\\/myright.se\\\/shop\\\/\"},{\"@type\":\"ListItem\",\"position\":3,\"name\":\"Minnesg\u00e5va\"}]},{\"@type\":\"WebSite\",\"@id\":\"https:\\\/\\\/myright.se\\\/#website\",\"url\":\"https:\\\/\\\/myright.se\\\/\",\"name\":\"MyRight\",\"description\":\"\",\"publisher\":{\"@id\":\"https:\\\/\\\/myright.se\\\/#organization\"},\"potentialAction\":[{\"@type\":\"SearchAction\",\"target\":{\"@type\":\"EntryPoint\",\"urlTemplate\":\"https:\\\/\\\/myright.se\\\/?s={search_term_string}\"},\"query-input\":{\"@type\":\"PropertyValueSpecification\",\"valueRequired\":true,\"valueName\":\"search_term_string\"}}],\"inLanguage\":\"es\"},{\"@type\":\"Organization\",\"@id\":\"https:\\\/\\\/myright.se\\\/#organization\",\"name\":\"MyRight\",\"url\":\"https:\\\/\\\/myright.se\\\/\",\"logo\":{\"@type\":\"ImageObject\",\"inLanguage\":\"es\",\"@id\":\"https:\\\/\\\/myright.se\\\/#\\\/schema\\\/logo\\\/image\\\/\",\"url\":\"https:\\\/\\\/myright.se\\\/wp-content\\\/uploads\\\/2020\\\/02\\\/Myright_logo_no_text_bredvid.png\",\"contentUrl\":\"https:\\\/\\\/myright.se\\\/wp-content\\\/uploads\\\/2020\\\/02\\\/Myright_logo_no_text_bredvid.png\",\"width\":2751,\"height\":816,\"caption\":\"MyRight\"},\"image\":{\"@id\":\"https:\\\/\\\/myright.se\\\/#\\\/schema\\\/logo\\\/image\\\/\"}}]}<\/script>\n<!-- \/ Yoast SEO plugin. -->","yoast_head_json":{"title":"Regalo conmemorativo - MyRight","robots":{"index":"index","follow":"follow","max-snippet":"max-snippet:-1","max-image-preview":"max-image-preview:large","max-video-preview":"max-video-preview:-1"},"canonical":"https:\/\/myright.se\/es\/producto\/regalo-conmemorativo\/","og_locale":"es_ES","og_type":"article","og_title":"Minnesg\u00e5va - MyRight","og_description":"Hedra minnet av en k\u00e4r anh\u00f6rig eller v\u00e4n som har g\u00e5tt bort med en g\u00e5va till MyRight.","og_url":"https:\/\/myright.se\/es\/producto\/regalo-conmemorativo\/","og_site_name":"MyRight","article_modified_time":"2024-01-24T12:20:52+00:00","og_image":[{"width":2547,"height":2560,"url":"https:\/\/myright.se\/wp-content\/uploads\/2020\/12\/Minnesgava-bild-scaled.jpg","type":"image\/jpeg"}],"twitter_card":"summary_large_image","twitter_misc":{"Tiempo de lectura":"1 minuto"},"schema":{"@context":"https:\/\/schema.org","@graph":[{"@type":"WebPage","@id":"https:\/\/myright.se\/produkt\/minnesgava\/","url":"https:\/\/myright.se\/produkt\/minnesgava\/","name":"Regalo conmemorativo - MyRight","isPartOf":{"@id":"https:\/\/myright.se\/#website"},"primaryImageOfPage":{"@id":"https:\/\/myright.se\/produkt\/minnesgava\/#primaryimage"},"image":{"@id":"https:\/\/myright.se\/produkt\/minnesgava\/#primaryimage"},"thumbnailUrl":"https:\/\/myright.se\/wp-content\/uploads\/2020\/12\/Minnesgava-bild-scaled-e1775730651984.jpg","datePublished":"2019-10-08T09:43:43+00:00","dateModified":"2024-01-24T12:20:52+00:00","breadcrumb":{"@id":"https:\/\/myright.se\/produkt\/minnesgava\/#breadcrumb"},"inLanguage":"es","potentialAction":[{"@type":"ReadAction","target":["https:\/\/myright.se\/produkt\/minnesgava\/"]}]},{"@type":"ImageObject","inLanguage":"es","@id":"https:\/\/myright.se\/produkt\/minnesgava\/#primaryimage","url":"https:\/\/myright.se\/wp-content\/uploads\/2020\/12\/Minnesgava-bild-scaled-e1775730651984.jpg","contentUrl":"https:\/\/myright.se\/wp-content\/uploads\/2020\/12\/Minnesgava-bild-scaled-e1775730651984.jpg","width":2543,"height":1506,"caption":"Vita blommor."},{"@type":"BreadcrumbList","@id":"https:\/\/myright.se\/produkt\/minnesgava\/#breadcrumb","itemListElement":[{"@type":"ListItem","position":1,"name":"Hem","item":"https:\/\/myright.se\/"},{"@type":"ListItem","position":2,"name":"Produkter","item":"https:\/\/myright.se\/shop\/"},{"@type":"ListItem","position":3,"name":"Minnesg\u00e5va"}]},{"@type":"WebSite","@id":"https:\/\/myright.se\/#website","url":"https:\/\/myright.se\/","name":"Mi derecho","description":"","publisher":{"@id":"https:\/\/myright.se\/#organization"},"potentialAction":[{"@type":"SearchAction","target":{"@type":"EntryPoint","urlTemplate":"https:\/\/myright.se\/?s={search_term_string}"},"query-input":{"@type":"PropertyValueSpecification","valueRequired":true,"valueName":"search_term_string"}}],"inLanguage":"es"},{"@type":"Organization","@id":"https:\/\/myright.se\/#organization","name":"Mi derecho","url":"https:\/\/myright.se\/","logo":{"@type":"ImageObject","inLanguage":"es","@id":"https:\/\/myright.se\/#\/schema\/logo\/image\/","url":"https:\/\/myright.se\/wp-content\/uploads\/2020\/02\/Myright_logo_no_text_bredvid.png","contentUrl":"https:\/\/myright.se\/wp-content\/uploads\/2020\/02\/Myright_logo_no_text_bredvid.png","width":2751,"height":816,"caption":"MyRight"},"image":{"@id":"https:\/\/myright.se\/#\/schema\/logo\/image\/"}}]}},"_links":{"self":[{"href":"https:\/\/myright.se\/es\/wp-json\/wp\/v2\/product\/4238","targetHints":{"allow":["GET"]}}],"collection":[{"href":"https:\/\/myright.se\/es\/wp-json\/wp\/v2\/product"}],"about":[{"href":"https:\/\/myright.se\/es\/wp-json\/wp\/v2\/types\/product"}],"wp:featuredmedia":[{"embeddable":true,"href":"https:\/\/myright.se\/es\/wp-json\/wp\/v2\/media\/12029"}],"wp:attachment":[{"href":"https:\/\/myright.se\/es\/wp-json\/wp\/v2\/media?parent=4238"}],"wp:term":[{"taxonomy":"product_brand","embeddable":true,"href":"https:\/\/myright.se\/es\/wp-json\/wp\/v2\/product_brand?post=4238"},{"taxonomy":"product_cat","embeddable":true,"href":"https:\/\/myright.se\/es\/wp-json\/wp\/v2\/product_cat?post=4238"},{"taxonomy":"product_tag","embeddable":true,"href":"https:\/\/myright.se\/es\/wp-json\/wp\/v2\/product_tag?post=4238"}],"curies":[{"name":"wp","href":"https:\/\/api.w.org\/{rel}","templated":true}]}}